{"id":15113,"date":"2024-11-12T21:19:10","date_gmt":"2024-11-12T21:19:10","guid":{"rendered":"https:\/\/www.billard-club-sottevillais.com\/?page_id=15113"},"modified":"2024-11-19T17:31:38","modified_gmt":"2024-11-19T17:31:38","slug":"libre-r4-t1-17-novembre-2024","status":"publish","type":"page","link":"https:\/\/www.billard-club-sottevillais.com\/?page_id=15113","title":{"rendered":"Libre R4 T1 &#8211; 17 Novembre 2024"},"content":{"rendered":"<p style=\"text-align: justify;\">R\u00e9sultats des Tournois, vous trouverez ici toutes les informations concernant les rencontres sportives auxquelles participe le Billard Club Sottevillais.<\/p>\n<p style=\"text-align: center;\"><!--more--><img loading=\"lazy\" decoding=\"async\" class=\"aligncenter size-full wp-image-59\" title=\"sport\" src=\"http:\/\/billardcf.cluster010.ovh.net\/wp-content\/uploads\/2011\/07\/sport.jpg\" alt=\"\" width=\"231\" height=\"116\" \/><\/p>\n<p style=\"text-align: justify;\">Le 1er tour de libre R4 s&rsquo;est d\u00e9roul\u00e9 le 17 Novembre 2024. Les joueurs de R4 \u00e9taient repartis en 4 poules. Tous les joueurs d&rsquo;une m\u00eame poule se rencontrent.<\/p>\n<p style=\"text-align: justify;\">Michel Guillaume \u00e9tait dans la poule A \u00e0 Cany-Barville (5 joueurs). Xavier Sauvage et S\u00e9bastien Hid\u00e9e \u00e9taient dans la poule B \u00e0 Cany-Barville (5 joueurs). Francine Burgot et Serge Petit \u00e9taient dans la poule C \u00e0 F\u00e9camp (5 joueurs). La poule D \u00e9tait \u00e0 Rouen sans repr\u00e9sentants sottevillais.<\/p>\n<p style=\"text-align: justify;\">Dans la poule A, Michel termine 3\u00e8me avec 2 victoires et 2 d\u00e9faites.<\/p>\n<p>Dans la poule B, Xavier termine 2\u00e8me avec deux victoires dont une bonifi\u00e9e. S\u00e9bastien prend la 1\u00e8re place avec 3 victoires dont deux bonifi\u00e9es.<\/p>\n<p style=\"text-align: justify;\">Dans la poule C, Francine avec 2 victoires et 2 d\u00e9faites prend la 4\u00e8me place. Serge finit \u00e0 la 2\u00e8me place (3 victoires et une d\u00e9faite).<\/p>\n<p><em>Poule A,<\/em><\/p>\n<p><img loading=\"lazy\" decoding=\"async\" class=\"aligncenter wp-image-15135\" src=\"http:\/\/www.billard-club-sottevillais.com\/wp-content\/uploads\/2024\/11\/T1_LIBRE-R4_17-11-2024_CANY-C1-1024x724.jpg\" alt=\"\" width=\"750\" height=\"530\" srcset=\"https:\/\/www.billard-club-sottevillais.com\/wp-content\/uploads\/2024\/11\/T1_LIBRE-R4_17-11-2024_CANY-C1-1024x724.jpg 1024w, https:\/\/www.billard-club-sottevillais.com\/wp-content\/uploads\/2024\/11\/T1_LIBRE-R4_17-11-2024_CANY-C1-300x212.jpg 300w, https:\/\/www.billard-club-sottevillais.com\/wp-content\/uploads\/2024\/11\/T1_LIBRE-R4_17-11-2024_CANY-C1-768x543.jpg 768w, https:\/\/www.billard-club-sottevillais.com\/wp-content\/uploads\/2024\/11\/T1_LIBRE-R4_17-11-2024_CANY-C1-1536x1086.jpg 1536w, https:\/\/www.billard-club-sottevillais.com\/wp-content\/uploads\/2024\/11\/T1_LIBRE-R4_17-11-2024_CANY-C1-rotated.jpg 1754w\" sizes=\"auto, (max-width: 706px) 89vw, (max-width: 767px) 82vw, 740px\" \/><\/p>\n<p><em>Poule B,<\/em><\/p>\n<p><img loading=\"lazy\" decoding=\"async\" class=\"aligncenter wp-image-15137\" src=\"http:\/\/www.billard-club-sottevillais.com\/wp-content\/uploads\/2024\/11\/T1_LIBRE-R4_17-11-2024_CANY-C2-1024x724.jpg\" alt=\"\" width=\"750\" height=\"530\" srcset=\"https:\/\/www.billard-club-sottevillais.com\/wp-content\/uploads\/2024\/11\/T1_LIBRE-R4_17-11-2024_CANY-C2-1024x724.jpg 1024w, https:\/\/www.billard-club-sottevillais.com\/wp-content\/uploads\/2024\/11\/T1_LIBRE-R4_17-11-2024_CANY-C2-300x212.jpg 300w, https:\/\/www.billard-club-sottevillais.com\/wp-content\/uploads\/2024\/11\/T1_LIBRE-R4_17-11-2024_CANY-C2-768x543.jpg 768w, https:\/\/www.billard-club-sottevillais.com\/wp-content\/uploads\/2024\/11\/T1_LIBRE-R4_17-11-2024_CANY-C2-1536x1086.jpg 1536w, https:\/\/www.billard-club-sottevillais.com\/wp-content\/uploads\/2024\/11\/T1_LIBRE-R4_17-11-2024_CANY-C2-rotated.jpg 1754w\" sizes=\"auto, (max-width: 706px) 89vw, (max-width: 767px) 82vw, 740px\" \/><\/p>\n<p><em>Poule C,<\/em><\/p>\n<p><img loading=\"lazy\" decoding=\"async\" class=\"aligncenter wp-image-15149\" src=\"http:\/\/www.billard-club-sottevillais.com\/wp-content\/uploads\/2024\/11\/FM_T1_LIBRE-R4_17-11-2024_FECAMP_C3-1024x724.jpg\" alt=\"\" width=\"750\" height=\"530\" srcset=\"https:\/\/www.billard-club-sottevillais.com\/wp-content\/uploads\/2024\/11\/FM_T1_LIBRE-R4_17-11-2024_FECAMP_C3-1024x724.jpg 1024w, https:\/\/www.billard-club-sottevillais.com\/wp-content\/uploads\/2024\/11\/FM_T1_LIBRE-R4_17-11-2024_FECAMP_C3-300x212.jpg 300w, https:\/\/www.billard-club-sottevillais.com\/wp-content\/uploads\/2024\/11\/FM_T1_LIBRE-R4_17-11-2024_FECAMP_C3-768x543.jpg 768w, https:\/\/www.billard-club-sottevillais.com\/wp-content\/uploads\/2024\/11\/FM_T1_LIBRE-R4_17-11-2024_FECAMP_C3-1536x1086.jpg 1536w, https:\/\/www.billard-club-sottevillais.com\/wp-content\/uploads\/2024\/11\/FM_T1_LIBRE-R4_17-11-2024_FECAMP_C3-rotated.jpg 1754w\" sizes=\"auto, (max-width: 706px) 89vw, (max-width: 767px) 82vw, 740px\" \/><\/p>\n<h4 style=\"padding-left: 30px;\">Le pdf ici : <a href=\"http:\/\/www.billard-club-sottevillais.com\/wp-content\/uploads\/2024\/11\/T1_LIBRE-R4_17-11-2024_CANY-C1.pdf\">T1_LIBRE R4_17-11-2024_CANY C1<\/a><\/h4>\n<h4 style=\"padding-left: 30px;\">Le pdf ici :<a href=\"http:\/\/www.billard-club-sottevillais.com\/wp-content\/uploads\/2024\/11\/T1_LIBRE-R4_17-11-2024_CANY-C2.pdf\"> T1_LIBRE R4_17-11-2024_CANY C2<\/a><\/h4>\n<h4 style=\"padding-left: 30px;\">Le pdf ici : <a href=\"http:\/\/www.billard-club-sottevillais.com\/wp-content\/uploads\/2024\/11\/FM_T1_LIBRE-R4_17-11-2024_FECAMP_C3.pdf\">FM_T1_LIBRE R4_17-11-2024_FECAMP_C3<\/a><\/h4>\n","protected":false},"excerpt":{"rendered":"<p>R\u00e9sultats des Tournois, vous trouverez ici toutes les informations concernant les rencontres sportives auxquelles participe le Billard Club Sottevillais.<\/p>\n","protected":false},"author":7,"featured_media":0,"parent":0,"menu_order":0,"comment_status":"closed","ping_status":"closed","template":"","meta":{"footnotes":""},"class_list":["post-15113","page","type-page","status-publish","hentry"],"_links":{"self":[{"href":"https:\/\/www.billard-club-sottevillais.com\/index.php?rest_route=\/wp\/v2\/pages\/15113","targetHints":{"allow":["GET"]}}],"collection":[{"href":"https:\/\/www.billard-club-sottevillais.com\/index.php?rest_route=\/wp\/v2\/pages"}],"about":[{"href":"https:\/\/www.billard-club-sottevillais.com\/index.php?rest_route=\/wp\/v2\/types\/page"}],"author":[{"embeddable":true,"href":"https:\/\/www.billard-club-sottevillais.com\/index.php?rest_route=\/wp\/v2\/users\/7"}],"replies":[{"embeddable":true,"href":"https:\/\/www.billard-club-sottevillais.com\/index.php?rest_route=%2Fwp%2Fv2%2Fcomments&post=15113"}],"version-history":[{"count":9,"href":"https:\/\/www.billard-club-sottevillais.com\/index.php?rest_route=\/wp\/v2\/pages\/15113\/revisions"}],"predecessor-version":[{"id":15150,"href":"https:\/\/www.billard-club-sottevillais.com\/index.php?rest_route=\/wp\/v2\/pages\/15113\/revisions\/15150"}],"wp:attachment":[{"href":"https:\/\/www.billard-club-sottevillais.com\/index.php?rest_route=%2Fwp%2Fv2%2Fmedia&parent=15113"}],"curies":[{"name":"wp","href":"https:\/\/api.w.org\/{rel}","templated":true}]}}