{"id":15060,"date":"2024-11-11T10:15:18","date_gmt":"2024-11-11T10:15:18","guid":{"rendered":"https:\/\/www.billard-club-sottevillais.com\/?page_id=15060"},"modified":"2024-11-11T10:16:04","modified_gmt":"2024-11-11T10:16:04","slug":"libre-r3-t1-10-novembre-2024","status":"publish","type":"page","link":"https:\/\/www.billard-club-sottevillais.com\/?page_id=15060","title":{"rendered":"Libre R3 T1 &#8211; 10 Novembre 2024"},"content":{"rendered":"<p style=\"text-align: justify;\">R\u00e9sultats des Tournois, vous trouverez ici toutes les informations concernant les rencontres sportives auxquelles participe le Billard Club Sottevillais.<\/p>\n<p style=\"text-align: center;\"><!--more--><img loading=\"lazy\" decoding=\"async\" class=\"aligncenter size-full wp-image-59\" title=\"sport\" src=\"http:\/\/billardcf.cluster010.ovh.net\/wp-content\/uploads\/2011\/07\/sport.jpg\" alt=\"\" width=\"231\" height=\"116\" \/><\/p>\n<p style=\"text-align: justify;\">Le 1er tour de libre R3 s&rsquo;est d\u00e9roul\u00e9 le 10 Novembre 2024. Les joueurs de R3 \u00e9taient repartis en 3 poules. Tous les joueurs d&rsquo;une m\u00eame poule se rencontrent. Alain Rachet repr\u00e9sentait le club \u00e0 St Nicolas d&rsquo;Aliermont dans la poule C (6 joueurs).<\/p>\n<p>Alain prend la 3\u00e8me place avec 3 victoires et deux d\u00e9faite. Ahamd Abduzalil de Oissel termine 1er.<\/p>\n<p><img loading=\"lazy\" decoding=\"async\" class=\"aligncenter wp-image-15089\" src=\"http:\/\/www.billard-club-sottevillais.com\/wp-content\/uploads\/2024\/11\/FM-T1-Libre-R3-Poule-C-St-Nicolas-10-11-2024-1024x724.jpg\" alt=\"\" width=\"750\" height=\"530\" srcset=\"https:\/\/www.billard-club-sottevillais.com\/wp-content\/uploads\/2024\/11\/FM-T1-Libre-R3-Poule-C-St-Nicolas-10-11-2024-1024x724.jpg 1024w, https:\/\/www.billard-club-sottevillais.com\/wp-content\/uploads\/2024\/11\/FM-T1-Libre-R3-Poule-C-St-Nicolas-10-11-2024-300x212.jpg 300w, https:\/\/www.billard-club-sottevillais.com\/wp-content\/uploads\/2024\/11\/FM-T1-Libre-R3-Poule-C-St-Nicolas-10-11-2024-768x543.jpg 768w, https:\/\/www.billard-club-sottevillais.com\/wp-content\/uploads\/2024\/11\/FM-T1-Libre-R3-Poule-C-St-Nicolas-10-11-2024-1536x1086.jpg 1536w, https:\/\/www.billard-club-sottevillais.com\/wp-content\/uploads\/2024\/11\/FM-T1-Libre-R3-Poule-C-St-Nicolas-10-11-2024-rotated.jpg 1754w\" sizes=\"auto, (max-width: 706px) 89vw, (max-width: 767px) 82vw, 740px\" \/><\/p>\n<h4 style=\"padding-left: 30px;\"><a href=\"http:\/\/www.billard-club-sottevillais.com\/wp-content\/uploads\/2024\/11\/FM-T1-Libre-R3-Poule-C-St-Nicolas-10-11-2024.pdf\">FM T1 Libre R3 Poule C St Nicolas 10-11-2024<\/a><\/h4>\n","protected":false},"excerpt":{"rendered":"<p>R\u00e9sultats des Tournois, vous trouverez ici toutes les informations concernant les rencontres sportives auxquelles participe le Billard Club Sottevillais.<\/p>\n","protected":false},"author":7,"featured_media":0,"parent":0,"menu_order":0,"comment_status":"closed","ping_status":"closed","template":"","meta":{"footnotes":""},"class_list":["post-15060","page","type-page","status-publish","hentry"],"_links":{"self":[{"href":"https:\/\/www.billard-club-sottevillais.com\/index.php?rest_route=\/wp\/v2\/pages\/15060","targetHints":{"allow":["GET"]}}],"collection":[{"href":"https:\/\/www.billard-club-sottevillais.com\/index.php?rest_route=\/wp\/v2\/pages"}],"about":[{"href":"https:\/\/www.billard-club-sottevillais.com\/index.php?rest_route=\/wp\/v2\/types\/page"}],"author":[{"embeddable":true,"href":"https:\/\/www.billard-club-sottevillais.com\/index.php?rest_route=\/wp\/v2\/users\/7"}],"replies":[{"embeddable":true,"href":"https:\/\/www.billard-club-sottevillais.com\/index.php?rest_route=%2Fwp%2Fv2%2Fcomments&post=15060"}],"version-history":[{"count":3,"href":"https:\/\/www.billard-club-sottevillais.com\/index.php?rest_route=\/wp\/v2\/pages\/15060\/revisions"}],"predecessor-version":[{"id":15092,"href":"https:\/\/www.billard-club-sottevillais.com\/index.php?rest_route=\/wp\/v2\/pages\/15060\/revisions\/15092"}],"wp:attachment":[{"href":"https:\/\/www.billard-club-sottevillais.com\/index.php?rest_route=%2Fwp%2Fv2%2Fmedia&parent=15060"}],"curies":[{"name":"wp","href":"https:\/\/api.w.org\/{rel}","templated":true}]}}