{"id":15058,"date":"2024-11-11T10:02:19","date_gmt":"2024-11-11T10:02:19","guid":{"rendered":"https:\/\/www.billard-club-sottevillais.com\/?page_id=15058"},"modified":"2024-11-11T10:03:23","modified_gmt":"2024-11-11T10:03:23","slug":"libre-r1-t2-10-novembre-2024","status":"publish","type":"page","link":"https:\/\/www.billard-club-sottevillais.com\/?page_id=15058","title":{"rendered":"Libre R1 T2 &#8211; 10 Novembre 2024"},"content":{"rendered":"<p style=\"text-align: justify;\">Le 2\u00e8me tour de libre R1 s&rsquo;est d\u00e9roul\u00e9 le 10 Novembre 2024 \u00e0 La Saussaye. Les joueurs de R1 \u00e9taient repartis en 2 poules. Tous les joueurs d&rsquo;une m\u00eame poule se rencontrent.\u00a0 Cedric Legendre et Bruno Pierrel \u00e9taient dans la poule A (4 joueurs), J\u00e9r\u00f4me Staigre \u00e9tait dans la poule B (5 joueurs).<\/p>\n<p>Dans la poule A, Cedric gagne 1 match avec 1 pt de bonus, il termine 3\u00e8me. Bruno gagne 2 matchs dont 1 avec le point de bonus. Il termine 2\u00e8me derri\u00e8re Laurent Lefevre de Oissel.<\/p>\n<p>Dans la poule B, Jerome gagne ces 4 matches dont 3 avec le point de bonus. Il prend la 1ere place.<\/p>\n<p><em>Poule A :<\/em><\/p>\n<p><img loading=\"lazy\" decoding=\"async\" class=\"aligncenter wp-image-15081\" src=\"http:\/\/www.billard-club-sottevillais.com\/wp-content\/uploads\/2024\/11\/FM-T2-Libre-R1-Poule-A-La-Saussaye-10-11-24-1024x724.jpg\" alt=\"\" width=\"750\" height=\"530\" srcset=\"https:\/\/www.billard-club-sottevillais.com\/wp-content\/uploads\/2024\/11\/FM-T2-Libre-R1-Poule-A-La-Saussaye-10-11-24-1024x724.jpg 1024w, https:\/\/www.billard-club-sottevillais.com\/wp-content\/uploads\/2024\/11\/FM-T2-Libre-R1-Poule-A-La-Saussaye-10-11-24-300x212.jpg 300w, https:\/\/www.billard-club-sottevillais.com\/wp-content\/uploads\/2024\/11\/FM-T2-Libre-R1-Poule-A-La-Saussaye-10-11-24-768x543.jpg 768w, https:\/\/www.billard-club-sottevillais.com\/wp-content\/uploads\/2024\/11\/FM-T2-Libre-R1-Poule-A-La-Saussaye-10-11-24-1536x1086.jpg 1536w, https:\/\/www.billard-club-sottevillais.com\/wp-content\/uploads\/2024\/11\/FM-T2-Libre-R1-Poule-A-La-Saussaye-10-11-24-rotated.jpg 1754w\" sizes=\"auto, (max-width: 706px) 89vw, (max-width: 767px) 82vw, 740px\" \/><em>Poule B :<\/em><\/p>\n<p><img loading=\"lazy\" decoding=\"async\" class=\"aligncenter wp-image-15082\" src=\"http:\/\/www.billard-club-sottevillais.com\/wp-content\/uploads\/2024\/11\/FM-T2-Libre-R1-Poule-B-La-Saussaye-10-11-24-1024x724.jpg\" alt=\"\" width=\"750\" height=\"530\" srcset=\"https:\/\/www.billard-club-sottevillais.com\/wp-content\/uploads\/2024\/11\/FM-T2-Libre-R1-Poule-B-La-Saussaye-10-11-24-1024x724.jpg 1024w, https:\/\/www.billard-club-sottevillais.com\/wp-content\/uploads\/2024\/11\/FM-T2-Libre-R1-Poule-B-La-Saussaye-10-11-24-300x212.jpg 300w, https:\/\/www.billard-club-sottevillais.com\/wp-content\/uploads\/2024\/11\/FM-T2-Libre-R1-Poule-B-La-Saussaye-10-11-24-768x543.jpg 768w, https:\/\/www.billard-club-sottevillais.com\/wp-content\/uploads\/2024\/11\/FM-T2-Libre-R1-Poule-B-La-Saussaye-10-11-24-1536x1086.jpg 1536w, https:\/\/www.billard-club-sottevillais.com\/wp-content\/uploads\/2024\/11\/FM-T2-Libre-R1-Poule-B-La-Saussaye-10-11-24-rotated.jpg 1754w\" sizes=\"auto, (max-width: 706px) 89vw, (max-width: 767px) 82vw, 740px\" \/><\/p>\n<h4 style=\"padding-left: 30px;\">Le pdf ici :\u00a0<a href=\"http:\/\/www.billard-club-sottevillais.com\/wp-content\/uploads\/2024\/11\/FM-T2-Libre-R1-Poule-A-La-Saussaye-10-11-24.pdf\">FM T2 Libre R1 Poule A La Saussaye 10-11-24<\/a><\/h4>\n<h4 style=\"padding-left: 30px;\">Le pdf ici :<a href=\"http:\/\/www.billard-club-sottevillais.com\/wp-content\/uploads\/2024\/11\/FM-T2-Libre-R1-Poule-B-La-Saussaye-10-11-24.pdf\">FM T2 Libre R1 Poule B La Saussaye 10-11-24<\/a><\/h4>\n\n\n<p><\/p>\n","protected":false},"excerpt":{"rendered":"<p>Le 2\u00e8me tour de libre R1 s&rsquo;est d\u00e9roul\u00e9 le 10 Novembre 2024 \u00e0 La Saussaye. Les joueurs de R1 \u00e9taient repartis en 2 poules. Tous les joueurs d&rsquo;une m\u00eame poule se rencontrent.\u00a0 Cedric Legendre et Bruno Pierrel \u00e9taient dans la poule A (4 joueurs), J\u00e9r\u00f4me Staigre \u00e9tait dans la poule B (5 joueurs). Dans la &hellip; <\/p>\n<p class=\"link-more\"><a href=\"https:\/\/www.billard-club-sottevillais.com\/?page_id=15058\" class=\"more-link\">Continuer la lecture<span class=\"screen-reader-text\"> de &laquo;&nbsp;Libre R1 T2 &#8211; 10 Novembre 2024&nbsp;&raquo;<\/span><\/a><\/p>\n","protected":false},"author":7,"featured_media":0,"parent":0,"menu_order":0,"comment_status":"closed","ping_status":"closed","template":"","meta":{"footnotes":""},"class_list":["post-15058","page","type-page","status-publish","hentry"],"_links":{"self":[{"href":"https:\/\/www.billard-club-sottevillais.com\/index.php?rest_route=\/wp\/v2\/pages\/15058","targetHints":{"allow":["GET"]}}],"collection":[{"href":"https:\/\/www.billard-club-sottevillais.com\/index.php?rest_route=\/wp\/v2\/pages"}],"about":[{"href":"https:\/\/www.billard-club-sottevillais.com\/index.php?rest_route=\/wp\/v2\/types\/page"}],"author":[{"embeddable":true,"href":"https:\/\/www.billard-club-sottevillais.com\/index.php?rest_route=\/wp\/v2\/users\/7"}],"replies":[{"embeddable":true,"href":"https:\/\/www.billard-club-sottevillais.com\/index.php?rest_route=%2Fwp%2Fv2%2Fcomments&post=15058"}],"version-history":[{"count":4,"href":"https:\/\/www.billard-club-sottevillais.com\/index.php?rest_route=\/wp\/v2\/pages\/15058\/revisions"}],"predecessor-version":[{"id":15086,"href":"https:\/\/www.billard-club-sottevillais.com\/index.php?rest_route=\/wp\/v2\/pages\/15058\/revisions\/15086"}],"wp:attachment":[{"href":"https:\/\/www.billard-club-sottevillais.com\/index.php?rest_route=%2Fwp%2Fv2%2Fmedia&parent=15058"}],"curies":[{"name":"wp","href":"https:\/\/api.w.org\/{rel}","templated":true}]}}