{"id":15016,"date":"2024-10-22T17:49:27","date_gmt":"2024-10-22T17:49:27","guid":{"rendered":"https:\/\/www.billard-club-sottevillais.com\/?page_id=15016"},"modified":"2024-10-23T17:44:36","modified_gmt":"2024-10-23T17:44:36","slug":"equipe-d4-22-octobre-2024","status":"publish","type":"page","link":"https:\/\/www.billard-club-sottevillais.com\/?page_id=15016","title":{"rendered":"Equipe D4 &#8211; 22 octobre 2024"},"content":{"rendered":"<p style=\"text-align: justify;\">Le 22 Octobre 2024, notre \u00e9quipe D4 compos\u00e9e d&rsquo;Alain Rachet, Pascal Ippolito et Dominique Gueroult recevait St Marcel A.<\/p>\n<p style=\"text-align: justify;\">L&rsquo;\u00e9quipe de Sotteville s&rsquo;impose 10 \u00e0 8.<\/p>\n<p style=\"text-align: center;\"><img loading=\"lazy\" decoding=\"async\" class=\"aligncenter wp-image-15018 size-large\" src=\"http:\/\/www.billard-club-sottevillais.com\/wp-content\/uploads\/2024\/10\/Pierre-Lescaut-D4-Sotteville-St-Marcel-22-10-24-724x1024.jpg\" alt=\"\" width=\"525\" height=\"743\" srcset=\"https:\/\/www.billard-club-sottevillais.com\/wp-content\/uploads\/2024\/10\/Pierre-Lescaut-D4-Sotteville-St-Marcel-22-10-24-724x1024.jpg 724w, https:\/\/www.billard-club-sottevillais.com\/wp-content\/uploads\/2024\/10\/Pierre-Lescaut-D4-Sotteville-St-Marcel-22-10-24-212x300.jpg 212w, https:\/\/www.billard-club-sottevillais.com\/wp-content\/uploads\/2024\/10\/Pierre-Lescaut-D4-Sotteville-St-Marcel-22-10-24-768x1086.jpg 768w, https:\/\/www.billard-club-sottevillais.com\/wp-content\/uploads\/2024\/10\/Pierre-Lescaut-D4-Sotteville-St-Marcel-22-10-24-1086x1536.jpg 1086w, https:\/\/www.billard-club-sottevillais.com\/wp-content\/uploads\/2024\/10\/Pierre-Lescaut-D4-Sotteville-St-Marcel-22-10-24.jpg 1240w\" sizes=\"auto, (max-width: 525px) 100vw, 525px\" \/><\/p>\n<h4 style=\"padding-left: 30px;\">Le pdf ici : <a href=\"http:\/\/www.billard-club-sottevillais.com\/wp-content\/uploads\/2024\/10\/Pierre-Lescaut-D4-Sotteville-St-Marcel-22-10-24.pdf\">Pierre Lescaut D4 Sotteville-St Marcel 22-10-24<\/a><\/h4>\n\n\n<p><\/p>\n","protected":false},"excerpt":{"rendered":"<p>Le 22 Octobre 2024, notre \u00e9quipe D4 compos\u00e9e d&rsquo;Alain Rachet, Pascal Ippolito et Dominique Gueroult recevait St Marcel A. L&rsquo;\u00e9quipe de Sotteville s&rsquo;impose 10 \u00e0 8. Le pdf ici : Pierre Lescaut D4 Sotteville-St Marcel 22-10-24<\/p>\n","protected":false},"author":7,"featured_media":0,"parent":0,"menu_order":0,"comment_status":"closed","ping_status":"closed","template":"","meta":{"footnotes":""},"class_list":["post-15016","page","type-page","status-publish","hentry"],"_links":{"self":[{"href":"https:\/\/www.billard-club-sottevillais.com\/index.php?rest_route=\/wp\/v2\/pages\/15016","targetHints":{"allow":["GET"]}}],"collection":[{"href":"https:\/\/www.billard-club-sottevillais.com\/index.php?rest_route=\/wp\/v2\/pages"}],"about":[{"href":"https:\/\/www.billard-club-sottevillais.com\/index.php?rest_route=\/wp\/v2\/types\/page"}],"author":[{"embeddable":true,"href":"https:\/\/www.billard-club-sottevillais.com\/index.php?rest_route=\/wp\/v2\/users\/7"}],"replies":[{"embeddable":true,"href":"https:\/\/www.billard-club-sottevillais.com\/index.php?rest_route=%2Fwp%2Fv2%2Fcomments&post=15016"}],"version-history":[{"count":3,"href":"https:\/\/www.billard-club-sottevillais.com\/index.php?rest_route=\/wp\/v2\/pages\/15016\/revisions"}],"predecessor-version":[{"id":15028,"href":"https:\/\/www.billard-club-sottevillais.com\/index.php?rest_route=\/wp\/v2\/pages\/15016\/revisions\/15028"}],"wp:attachment":[{"href":"https:\/\/www.billard-club-sottevillais.com\/index.php?rest_route=%2Fwp%2Fv2%2Fmedia&parent=15016"}],"curies":[{"name":"wp","href":"https:\/\/api.w.org\/{rel}","templated":true}]}}