{"id":15005,"date":"2024-10-20T18:28:51","date_gmt":"2024-10-20T18:28:51","guid":{"rendered":"https:\/\/www.billard-club-sottevillais.com\/?page_id=15005"},"modified":"2024-10-23T17:41:31","modified_gmt":"2024-10-23T17:41:31","slug":"libre-r1-t1-20-octobre-2024","status":"publish","type":"page","link":"https:\/\/www.billard-club-sottevillais.com\/?page_id=15005","title":{"rendered":"Libre R1 T1 &#8211; 20 Octobre 2024"},"content":{"rendered":"<p style=\"text-align: justify;\">Le 1er tour de libre R1 s&rsquo;est d\u00e9roul\u00e9 le 20 Octobre 2024 \u00e0 Sotteville-l\u00e8s-Rouen. Les joueurs de R1 \u00e9taient repartis en 2 poules. Tous les joueurs d&rsquo;une m\u00eame poule se rencontrent.\u00a0 Cedric Legendre et Bruno Pierrel \u00e9taient dans la poule A (5 joueurs), J\u00e9r\u00f4me Staigre \u00e9tait dans la poule A (4 joueurs).<\/p>\n<p>Dans la poule A, Bruno gagne 3 matchs avec 1 pt de bonus. Il termine 2\u00e8me derri\u00e8re Cedric qui gagne ces 4 matchs avec 2 pts de bonus.<\/p>\n<p>Dans la poule B, Jerome gagne 2 matches dont 1 avec le pt de bonus. Il prend la 1ere place.<\/p>\n<p><em>Poule A :<\/em><\/p>\n<p><img loading=\"lazy\" decoding=\"async\" class=\"aligncenter wp-image-15010\" src=\"http:\/\/www.billard-club-sottevillais.com\/wp-content\/uploads\/2024\/10\/FM-T1-Libre-R1-Sotteville-20-10-2024-poule-A-1-1024x724.jpg\" alt=\"\" width=\"750\" height=\"530\" srcset=\"https:\/\/www.billard-club-sottevillais.com\/wp-content\/uploads\/2024\/10\/FM-T1-Libre-R1-Sotteville-20-10-2024-poule-A-1-1024x724.jpg 1024w, https:\/\/www.billard-club-sottevillais.com\/wp-content\/uploads\/2024\/10\/FM-T1-Libre-R1-Sotteville-20-10-2024-poule-A-1-300x212.jpg 300w, https:\/\/www.billard-club-sottevillais.com\/wp-content\/uploads\/2024\/10\/FM-T1-Libre-R1-Sotteville-20-10-2024-poule-A-1-768x543.jpg 768w, https:\/\/www.billard-club-sottevillais.com\/wp-content\/uploads\/2024\/10\/FM-T1-Libre-R1-Sotteville-20-10-2024-poule-A-1-1536x1086.jpg 1536w, https:\/\/www.billard-club-sottevillais.com\/wp-content\/uploads\/2024\/10\/FM-T1-Libre-R1-Sotteville-20-10-2024-poule-A-1-rotated.jpg 1754w\" sizes=\"auto, (max-width: 706px) 89vw, (max-width: 767px) 82vw, 740px\" \/><em>Poule B :<\/em><\/p>\n<p><img loading=\"lazy\" decoding=\"async\" class=\"aligncenter wp-image-15011\" src=\"http:\/\/www.billard-club-sottevillais.com\/wp-content\/uploads\/2024\/10\/FM-T1-Libre-R1-Sotteville-20-10-2024-poule-B-1024x724.jpg\" alt=\"\" width=\"750\" height=\"530\" srcset=\"https:\/\/www.billard-club-sottevillais.com\/wp-content\/uploads\/2024\/10\/FM-T1-Libre-R1-Sotteville-20-10-2024-poule-B-1024x724.jpg 1024w, https:\/\/www.billard-club-sottevillais.com\/wp-content\/uploads\/2024\/10\/FM-T1-Libre-R1-Sotteville-20-10-2024-poule-B-300x212.jpg 300w, https:\/\/www.billard-club-sottevillais.com\/wp-content\/uploads\/2024\/10\/FM-T1-Libre-R1-Sotteville-20-10-2024-poule-B-768x543.jpg 768w, https:\/\/www.billard-club-sottevillais.com\/wp-content\/uploads\/2024\/10\/FM-T1-Libre-R1-Sotteville-20-10-2024-poule-B-1536x1086.jpg 1536w, https:\/\/www.billard-club-sottevillais.com\/wp-content\/uploads\/2024\/10\/FM-T1-Libre-R1-Sotteville-20-10-2024-poule-B-rotated.jpg 1754w\" sizes=\"auto, (max-width: 706px) 89vw, (max-width: 767px) 82vw, 740px\" \/><\/p>\n<h4 style=\"padding-left: 30px;\">Le pdf ici :\u00a0<a href=\"http:\/\/www.billard-club-sottevillais.com\/wp-content\/uploads\/2024\/10\/FM-T1-Libre-R1-Sotteville-20-10-2024-poule-A.pdf\">FM T1 Libre R1 Sotteville 20-10-2024 poule A<\/a><\/h4>\n<h4 style=\"padding-left: 30px;\">Le pdf ici :<a href=\"http:\/\/www.billard-club-sottevillais.com\/wp-content\/uploads\/2024\/10\/FM-T1-Libre-R1-Sotteville-20-10-2024-poule-B.pdf\">FM T1 Libre R1 Sotteville 20-10-2024 poule B<\/a><\/h4>\n","protected":false},"excerpt":{"rendered":"<p>Le 1er tour de libre R1 s&rsquo;est d\u00e9roul\u00e9 le 20 Octobre 2024 \u00e0 Sotteville-l\u00e8s-Rouen. Les joueurs de R1 \u00e9taient repartis en 2 poules. Tous les joueurs d&rsquo;une m\u00eame poule se rencontrent.\u00a0 Cedric Legendre et Bruno Pierrel \u00e9taient dans la poule A (5 joueurs), J\u00e9r\u00f4me Staigre \u00e9tait dans la poule A (4 joueurs). Dans la poule &hellip; <\/p>\n<p class=\"link-more\"><a href=\"https:\/\/www.billard-club-sottevillais.com\/?page_id=15005\" class=\"more-link\">Continuer la lecture<span class=\"screen-reader-text\"> de &laquo;&nbsp;Libre R1 T1 &#8211; 20 Octobre 2024&nbsp;&raquo;<\/span><\/a><\/p>\n","protected":false},"author":7,"featured_media":0,"parent":0,"menu_order":0,"comment_status":"closed","ping_status":"closed","template":"","meta":{"footnotes":""},"class_list":["post-15005","page","type-page","status-publish","hentry"],"_links":{"self":[{"href":"https:\/\/www.billard-club-sottevillais.com\/index.php?rest_route=\/wp\/v2\/pages\/15005","targetHints":{"allow":["GET"]}}],"collection":[{"href":"https:\/\/www.billard-club-sottevillais.com\/index.php?rest_route=\/wp\/v2\/pages"}],"about":[{"href":"https:\/\/www.billard-club-sottevillais.com\/index.php?rest_route=\/wp\/v2\/types\/page"}],"author":[{"embeddable":true,"href":"https:\/\/www.billard-club-sottevillais.com\/index.php?rest_route=\/wp\/v2\/users\/7"}],"replies":[{"embeddable":true,"href":"https:\/\/www.billard-club-sottevillais.com\/index.php?rest_route=%2Fwp%2Fv2%2Fcomments&post=15005"}],"version-history":[{"count":4,"href":"https:\/\/www.billard-club-sottevillais.com\/index.php?rest_route=\/wp\/v2\/pages\/15005\/revisions"}],"predecessor-version":[{"id":15026,"href":"https:\/\/www.billard-club-sottevillais.com\/index.php?rest_route=\/wp\/v2\/pages\/15005\/revisions\/15026"}],"wp:attachment":[{"href":"https:\/\/www.billard-club-sottevillais.com\/index.php?rest_route=%2Fwp%2Fv2%2Fmedia&parent=15005"}],"curies":[{"name":"wp","href":"https:\/\/api.w.org\/{rel}","templated":true}]}}