{"id":15000,"date":"2024-10-15T16:43:46","date_gmt":"2024-10-15T16:43:46","guid":{"rendered":"https:\/\/www.billard-club-sottevillais.com\/?page_id=15000"},"modified":"2024-10-23T17:50:03","modified_gmt":"2024-10-23T17:50:03","slug":"equipe-d4-15-octobre-2024","status":"publish","type":"page","link":"https:\/\/www.billard-club-sottevillais.com\/?page_id=15000","title":{"rendered":"\u00c9quipe D4 &#8211; 15 Octobre 2024"},"content":{"rendered":"<p style=\"text-align: justify;\">Le 15 Octobre 2024, notre \u00e9quipe D4 compos\u00e9e d&rsquo;Alain Rachet, Serge Petit et Dominique Gueroult recevait Cormelles C.<\/p>\n<p style=\"text-align: justify;\">L&rsquo;\u00e9quipe de Sotteville s&rsquo;impose 10 \u00e0 8.<\/p>\n<p style=\"text-align: center;\"><img loading=\"lazy\" decoding=\"async\" class=\"aligncenter size-large wp-image-15001\" src=\"http:\/\/www.billard-club-sottevillais.com\/wp-content\/uploads\/2024\/10\/P-Lescaut-D4-15-10-24-Sotteville-Cormelles-724x1024.jpg\" alt=\"\" width=\"525\" height=\"743\" srcset=\"https:\/\/www.billard-club-sottevillais.com\/wp-content\/uploads\/2024\/10\/P-Lescaut-D4-15-10-24-Sotteville-Cormelles-724x1024.jpg 724w, https:\/\/www.billard-club-sottevillais.com\/wp-content\/uploads\/2024\/10\/P-Lescaut-D4-15-10-24-Sotteville-Cormelles-212x300.jpg 212w, https:\/\/www.billard-club-sottevillais.com\/wp-content\/uploads\/2024\/10\/P-Lescaut-D4-15-10-24-Sotteville-Cormelles-768x1086.jpg 768w, https:\/\/www.billard-club-sottevillais.com\/wp-content\/uploads\/2024\/10\/P-Lescaut-D4-15-10-24-Sotteville-Cormelles-1086x1536.jpg 1086w, https:\/\/www.billard-club-sottevillais.com\/wp-content\/uploads\/2024\/10\/P-Lescaut-D4-15-10-24-Sotteville-Cormelles.jpg 1240w\" sizes=\"auto, (max-width: 525px) 100vw, 525px\" \/><\/p>\n<h4 style=\"padding-left: 30px;\">Le pdf ici : <a href=\"http:\/\/www.billard-club-sottevillais.com\/wp-content\/uploads\/2024\/10\/P-Lescaut-D4-15-10-24-Sotteville-Cormelles.pdf\">P Lescaut D4 15-10-24 Sotteville-Cormelles<\/a><\/h4>\n\n\n<p><\/p>\n","protected":false},"excerpt":{"rendered":"<p>Le 15 Octobre 2024, notre \u00e9quipe D4 compos\u00e9e d&rsquo;Alain Rachet, Serge Petit et Dominique Gueroult recevait Cormelles C. L&rsquo;\u00e9quipe de Sotteville s&rsquo;impose 10 \u00e0 8. Le pdf ici : P Lescaut D4 15-10-24 Sotteville-Cormelles<\/p>\n","protected":false},"author":7,"featured_media":0,"parent":0,"menu_order":0,"comment_status":"closed","ping_status":"closed","template":"","meta":{"footnotes":""},"class_list":["post-15000","page","type-page","status-publish","hentry"],"_links":{"self":[{"href":"https:\/\/www.billard-club-sottevillais.com\/index.php?rest_route=\/wp\/v2\/pages\/15000","targetHints":{"allow":["GET"]}}],"collection":[{"href":"https:\/\/www.billard-club-sottevillais.com\/index.php?rest_route=\/wp\/v2\/pages"}],"about":[{"href":"https:\/\/www.billard-club-sottevillais.com\/index.php?rest_route=\/wp\/v2\/types\/page"}],"author":[{"embeddable":true,"href":"https:\/\/www.billard-club-sottevillais.com\/index.php?rest_route=\/wp\/v2\/users\/7"}],"replies":[{"embeddable":true,"href":"https:\/\/www.billard-club-sottevillais.com\/index.php?rest_route=%2Fwp%2Fv2%2Fcomments&post=15000"}],"version-history":[{"count":2,"href":"https:\/\/www.billard-club-sottevillais.com\/index.php?rest_route=\/wp\/v2\/pages\/15000\/revisions"}],"predecessor-version":[{"id":15029,"href":"https:\/\/www.billard-club-sottevillais.com\/index.php?rest_route=\/wp\/v2\/pages\/15000\/revisions\/15029"}],"wp:attachment":[{"href":"https:\/\/www.billard-club-sottevillais.com\/index.php?rest_route=%2Fwp%2Fv2%2Fmedia&parent=15000"}],"curies":[{"name":"wp","href":"https:\/\/api.w.org\/{rel}","templated":true}]}}