{"id":14875,"date":"2024-09-22T09:37:52","date_gmt":"2024-09-22T09:37:52","guid":{"rendered":"https:\/\/www.billard-club-sottevillais.com\/?page_id=14875"},"modified":"2024-11-09T10:33:57","modified_gmt":"2024-11-09T10:33:57","slug":"resultats-sportifs-saison-2023-2024","status":"publish","type":"page","link":"https:\/\/www.billard-club-sottevillais.com\/?page_id=14875","title":{"rendered":"R\u00e9sultats sportifs &#8211; Saison 2023 2024"},"content":{"rendered":"<p style=\"text-align: justify;\">R\u00e9sultats des Comp\u00e9titions, vous trouverez ici toutes les informations concernant\u00a0les rencontres sportives auxquelles participe le Billard Club Sottevillais.<\/p>\n<p style=\"text-align: center;\"><!--more--><img loading=\"lazy\" decoding=\"async\" class=\"aligncenter size-full wp-image-8398\" title=\"Res-Sport\" src=\"http:\/\/www.billard-club-sottevillais.com\/wp-content\/uploads\/2011\/07\/Res-Sport1.jpg\" alt=\"\" width=\"231\" height=\"116\" \/><\/p>\n<h4><a href=\"http:\/\/www.billard-club-sottevillais.com\/?page_id=14755\">Libre R1 FL \u2013 12 Mai 2024<\/a><\/h4>\n<p>La Finale de Ligue de Libre R1 \u00e0 Sotteville-l\u00e8s-Rouen<\/p>\n<h4><a href=\"https:\/\/www.billard-club-sottevillais.com\/?page_id=15063\">4 Billes R2 FL &#8211; 04 Mai 2024<\/a><\/h4>\n<p>Finale de Ligue 4 Billes R2 \u00e0 Oissel.<\/p>\n<h4>3 Bandes R2 FD &#8211; 05 Mai 2024<\/h4>\n<p>Finale D\u00e9partementale de 3 Bandes R2 \u00e0 Rouen<\/p>\n<h4><a href=\"http:\/\/www.billard-club-sottevillais.com\/?page_id=14753\">3 Bandes N3 FL &#8211; 05 Mai 2024<\/a><\/h4>\n<p>Finale de Ligue de 3 Bandes N3 au Havre<\/p>\n<h4><a href=\"http:\/\/www.billard-club-sottevillais.com\/?page_id=14729\">Libre N3 T4 \u2013 21 Avril 2024<\/a><\/h4>\n<p>Le 4\u00e8me Tour de Libre N3 \u00e0 Oissel<\/p>\n<h4><a href=\"http:\/\/www.billard-club-sottevillais.com\/?page_id=14737\">Libre R3 FD \u2013 21 Avril 2024<\/a><\/h4>\n<p>La Finale d\u00e9partementale de Libre R3 \u00e0 Sotteville-l\u00e8s-Rouen<\/p>\n<h4><a href=\"http:\/\/www.billard-club-sottevillais.com\/?page_id=14742\">Libre R4 FD \u2013 21 Avril 2024<\/a><\/h4>\n<p>La Finale d\u00e9partementale de Libre R4 \u00e0 Rouen<\/p>\n<h4><a href=\"http:\/\/www.billard-club-sottevillais.com\/?page_id=14723\">3 Bandes R1 T3 &#8211; 14 Avril 2024<\/a><\/h4>\n<p>Le 3\u00e8me Tour de 3 Bandes R1 \u00e0 St Nicolas d&rsquo;Aliermont<\/p>\n<h4><a href=\"http:\/\/www.billard-club-sottevillais.com\/?page_id=14715\">3 Bandes N3 T3 &#8211; 13 Avril 2024<\/a><\/h4>\n<p>Le 3\u00e8me Tour de 3 Bandes N3 \u00e0 Louviers<\/p>\n<h4><a href=\"http:\/\/www.billard-club-sottevillais.com\/?page_id=14698\">5 Quilles \u2013 07 Avril 2024<\/a><\/h4>\n<p>Sotteville &#8211; St Nicolas<\/p>\n<h4><a href=\"http:\/\/www.billard-club-sottevillais.com\/?page_id=14706\">4 Billes R2 T3 \u2013 06 Avril 2024<\/a><\/h4>\n<p>Le 2\u00e8me Tour de 4 Billes R2 \u00e0 Bernay et Oissel<\/p>\n<h4><a href=\"http:\/\/www.billard-club-sottevillais.com\/?page_id=14680\">Equipe D2 \u2013 26 Mars 2024<\/a><\/h4>\n<p>l\u2019\u00e9quipe D2 Sotteville A &#8211; St Marcel<\/p>\n<h4><a href=\"http:\/\/www.billard-club-sottevillais.com\/?page_id=14684\">Equipe D6 \u2013 26 Mars 2024<\/a><\/h4>\n<p>l\u2019\u00e9quipe D6 Bernay &#8211; Sotteville B<\/p>\n<h4><a href=\"http:\/\/www.billard-club-sottevillais.com\/?page_id=14662\">Cadre R FL \u2013 24 Mars 2024<\/a><\/h4>\n<p>La Finale de Ligue de Cadre R \u00e0 Pacy-sur-Eure<\/p>\n<h4><a href=\"http:\/\/www.billard-club-sottevillais.com\/?page_id=14641\">Bande R2 FD \u2013 10 Mars 2024<\/a><\/h4>\n<p>La Finale d\u00e9partementale de Bande R2 au Havre<\/p>\n<h4><a href=\"http:\/\/www.billard-club-sottevillais.com\/?page_id=14633\">Cadre N3 FL \u2013 03 Mars 2024<\/a><\/h4>\n<p>La Finale de Ligue de Cadre N3 \u00e0 La Saussaye<\/p>\n<h4><a href=\"http:\/\/www.billard-club-sottevillais.com\/?page_id=14627\">Equipe D6 \u2013 27 Fevrier 2024<\/a><\/h4>\n<p>l\u2019\u00e9quipe D6 Sotteville B &#8211; Cany<\/p>\n<h4><a href=\"http:\/\/www.billard-club-sottevillais.com\/?page_id=14618\">Libre N3 T3 \u2013 25 F\u00e9vrier 2024<\/a><\/h4>\n<p>Le 3\u00e8me Tour de Libre N3 \u00e0 St Marcel<\/p>\n<h4><a href=\"http:\/\/www.billard-club-sottevillais.com\/?page_id=14609\">Libre R4 T3 \u2013 25 F\u00e9vrier 2024<\/a><\/h4>\n<p>Le 3\u00e8me Tour de Libre R4 \u00e0 Cany-Barville et \u00e0 Rouen<\/p>\n<h4><a href=\"http:\/\/www.billard-club-sottevillais.com\/?page_id=14578\">Bande R2 T3 \u2013 18 F\u00e9vrier 2024<\/a><\/h4>\n<p>Le 3\u00e8me Tour de Bande R2 \u00e0 Sotteville et au Havre<\/p>\n<h4><a href=\"http:\/\/www.billard-club-sottevillais.com\/?page_id=14589\">Equipe D2 \u2013 13 F\u00e9vrier 2024<\/a><\/h4>\n<p>l\u2019\u00e9quipe D2 La Saussaye B &#8211; Sotteville A<\/p>\n<h4><a href=\"http:\/\/www.billard-club-sottevillais.com\/?page_id=14570\">Libre R3 T3 \u2013 11 F\u00e9vrier 2024<\/a><\/h4>\n<p>Le 3\u00e8me Tour de Libre R3 \u00e0 Cany-Barville et \u00e0 Oissel<\/p>\n<h4><a href=\"http:\/\/www.billard-club-sottevillais.com\/?page_id=14560\">Libre R1 T3 \u2013 11 F\u00e9vrier 2024<\/a><\/h4>\n<p>Le 3\u00e8me Tour de Libre R1 \u00e0 Sotteville<\/p>\n<h4><a href=\"http:\/\/www.billard-club-sottevillais.com\/?page_id=14564\">4 Billes R2 T2 \u2013 10 F\u00e9vrier 2024<\/a><\/h4>\n<p>Le 2\u00e8me Tour de 4 Billes R2 \u00e0 Sotteville<\/p>\n<h4><a href=\"http:\/\/www.billard-club-sottevillais.com\/?page_id=14527\">Cadre N3 T3 &#8211; 04 F\u00e9vrier 2024<\/a><\/h4>\n<p>Le 3\u00e8me Tour de Cadre N3 \u00e0 Cormelles_le-Royal<\/p>\n<h4><a href=\"http:\/\/www.billard-club-sottevillais.com\/?page_id=14525\">Cadre R\u00e9g T3 \u2013 04 F\u00e9vrier 2024<\/a><\/h4>\n<p>Le 3\u00e8me Tour de Cadre Reg \u00e0 Sotteville<\/p>\n<h4><a href=\"http:\/\/www.billard-club-sottevillais.com\/?page_id=14520\">Equipe D6 \u2013 30 Janvier 2024<\/a><\/h4>\n<p>l\u2019\u00e9quipe D6 Sotteville B &#8211; Lisieux<\/p>\n<h4>3 Bandes R1 T2 &#8211; 28 Janvier 2024<\/h4>\n<p>Le 2\u00e8me Tour de 3 Bandes R1 au Havre<\/p>\n<h4><a href=\"http:\/\/www.billard-club-sottevillais.com\/?page_id=14512\">3 Bandes N3 T2 &#8211; 28 Janvier 2024<\/a><\/h4>\n<p>Le 2\u00e8me Tour de 3 Bandes N3 \u00e0 La Saussaye<\/p>\n<h4><a href=\"http:\/\/www.billard-club-sottevillais.com\/?page_id=14502\">Bande R2 T2 &#8211; 21 Janvier 2024<\/a><\/h4>\n<p>Le 2\u00e8me Tour de Bande R2 \u00e0 Sotteville<\/p>\n<h4><a href=\"http:\/\/www.billard-club-sottevillais.com\/?page_id=14495\">Equipe D6 \u2013 21 Janvier 2024<\/a><\/h4>\n<p>l\u2019\u00e9quipe D6 Le Havre &#8211; Sotteville B<\/p>\n<h4><a href=\"http:\/\/www.billard-club-sottevillais.com\/?page_id=14485\">Equipe D2 \u2013 9 Janvier 2024<\/a><\/h4>\n<p>l\u2019\u00e9quipe D2 Sotteville A &#8211; St Nicolas d&rsquo;Aliermont A<\/p>\n<h4><a href=\"http:\/\/www.billard-club-sottevillais.com\/?page_id=14472\">Libre R4 T2 &#8211; 17 D\u00e9cembre 2023<\/a><\/h4>\n<p>Le 2\u00e8me Tour de Libre R4 \u00e0 Rouen et \u00e0 Sotteville-l\u00e8s-Rouen<\/p>\n<h4><a href=\"http:\/\/www.billard-club-sottevillais.com\/?page_id=14466\">Libre N3 T2 &#8211; 17 D\u00e9cembre 2023<\/a><\/h4>\n<p>Le 2\u00e8me Tour de Libre N3 \u00e0 Sotteville-l\u00e8s-Rouen<\/p>\n<h4><a href=\"http:\/\/www.billard-club-sottevillais.com\/?page_id=14446\">Equipe D2 \u2013 5 D\u00e9cembre 2023<\/a><\/h4>\n<p>l\u2019\u00e9quipe D2 Sotteville A &#8211; Cany A &#8211;<\/p>\n<h4><a href=\"http:\/\/www.billard-club-sottevillais.com\/?page_id=14436\">Libre R3 T2 &#8211; 3 D\u00e9cembre 2023<\/a><\/h4>\n<p>Le 2\u00e8me Tour de Libre R3 \u00e0 St Nicolas, \u00e0 Oissel et au Havre<\/p>\n<h4><a href=\"http:\/\/www.billard-club-sottevillais.com\/?page_id=14430\">Libre R1 T2 &#8211; 3 D\u00e9cembre 2023<\/a><\/h4>\n<p>Le 2\u00e8me Tour de Libre R1 \u00e0 Rouen<\/p>\n<h4><a href=\"http:\/\/www.billard-club-sottevillais.com\/?page_id=14421\">Equipe D6 \u2013 28 Novembre 2023<\/a><\/h4>\n<p>l\u2019\u00e9quipe D6 Cany D &#8211; Sotteville B<\/p>\n<h4><a href=\"http:\/\/www.billard-club-sottevillais.com\/?page_id=14388\">Bande R2 T1 &#8211; 19 Novembre 2023<\/a><\/h4>\n<p>Le 1er Tour de Bande R2 \u00e0 Oissel et au Havre<\/p>\n<h4><a href=\"http:\/\/www.billard-club-sottevillais.com\/?page_id=14381\">5 Quilles Prologue &#8211; 12 Novembre 2023<\/a><\/h4>\n<p>Le prologue 5 Quilles \u00e0 Sotteville<\/p>\n<h4><a href=\"http:\/\/www.billard-club-sottevillais.com\/?page_id=14368\">Equipe D6 \u2013 07 Novembre 2023<\/a><\/h4>\n<p>l\u2019\u00e9quipe D6 Sotteville B &#8211; F\u00e9camp<\/p>\n<h4><a href=\"http:\/\/www.billard-club-sottevillais.com\/?page_id=14329\">Cadre N3 T1 &#8211; 05 Novembre 2023<\/a><\/h4>\n<p>Le 1er Tour de Cadre N3 \u00e0 La Saussaye<\/p>\n<h4><a href=\"http:\/\/www.billard-club-sottevillais.com\/?page_id=14331\">Cadre R\u00e9g T1 \u2013 05 Novembre 2023<\/a><\/h4>\n<p>Le 1er Tour de Cadre Reg \u00e0 Lisieux<\/p>\n<h4><a href=\"http:\/\/www.billard-club-sottevillais.com\/?page_id=14323\">Equipe D2 \u2013 31 Octobre 2023<\/a><\/h4>\n<p>l\u2019\u00e9quipe D2 Sotteville A &#8211; La Saussaye<\/p>\n<h4><a href=\"http:\/\/www.billard-club-sottevillais.com\/?page_id=14301\">3 Bandes R1 T1 &#8211; 29 Octobre 2023<\/a><\/h4>\n<p>Le 1er Tour de 3 Bandes R1 \u00e0 Sotteville-l\u00e8s-Rouen<\/p>\n<h4><a href=\"http:\/\/www.billard-club-sottevillais.com\/?page_id=14307\">3 Bandes N3 T1 &#8211; 28 Octobre 2023<\/a><\/h4>\n<p>Le 1er Tour de 3 Bandes N3 \u00e0 St Nicolas d&rsquo;Aliermont<\/p>\n<h4><a href=\"http:\/\/www.billard-club-sottevillais.com\/?page_id=14280\">Libre R1 T1 &#8211; 22 Octobre 2023<\/a><\/h4>\n<p>Le 1er Tour de Libre R1 \u00e0 Oissel<\/p>\n<h4><a href=\"http:\/\/www.billard-club-sottevillais.com\/?page_id=14271\">Equipe D2 \u2013 17 Octobre 2023<\/a><\/h4>\n<p>l\u2019\u00e9quipe D2 St Nicolas B \u2013 Sotteville A<\/p>\n<h4><a href=\"http:\/\/www.billard-club-sottevillais.com\/?page_id=14251\">Libre R4 T1 &#8211; 15 Octobre 2023<\/a><\/h4>\n<p>Le 1er Tour de Libre R4 \u00e0 Cany, Rouen et Sotteville-l\u00e8s-Rouen<\/p>\n<h4><a href=\"http:\/\/www.billard-club-sottevillais.com\/?page_id=14244\">Libre N3 T1 &#8211; 15 Octobre 2023<\/a><\/h4>\n<p>Le 1er Tour de Libre N3 \u00e0 La Saussaye<\/p>\n","protected":false},"excerpt":{"rendered":"<p>R\u00e9sultats des Comp\u00e9titions, vous trouverez ici toutes les informations concernant\u00a0les rencontres sportives auxquelles participe le Billard Club Sottevillais.<\/p>\n","protected":false},"author":7,"featured_media":0,"parent":0,"menu_order":0,"comment_status":"closed","ping_status":"closed","template":"","meta":{"footnotes":""},"class_list":["post-14875","page","type-page","status-publish","hentry"],"_links":{"self":[{"href":"https:\/\/www.billard-club-sottevillais.com\/index.php?rest_route=\/wp\/v2\/pages\/14875","targetHints":{"allow":["GET"]}}],"collection":[{"href":"https:\/\/www.billard-club-sottevillais.com\/index.php?rest_route=\/wp\/v2\/pages"}],"about":[{"href":"https:\/\/www.billard-club-sottevillais.com\/index.php?rest_route=\/wp\/v2\/types\/page"}],"author":[{"embeddable":true,"href":"https:\/\/www.billard-club-sottevillais.com\/index.php?rest_route=\/wp\/v2\/users\/7"}],"replies":[{"embeddable":true,"href":"https:\/\/www.billard-club-sottevillais.com\/index.php?rest_route=%2Fwp%2Fv2%2Fcomments&post=14875"}],"version-history":[{"count":4,"href":"https:\/\/www.billard-club-sottevillais.com\/index.php?rest_route=\/wp\/v2\/pages\/14875\/revisions"}],"predecessor-version":[{"id":15071,"href":"https:\/\/www.billard-club-sottevillais.com\/index.php?rest_route=\/wp\/v2\/pages\/14875\/revisions\/15071"}],"wp:attachment":[{"href":"https:\/\/www.billard-club-sottevillais.com\/index.php?rest_route=%2Fwp%2Fv2%2Fmedia&parent=14875"}],"curies":[{"name":"wp","href":"https:\/\/api.w.org\/{rel}","templated":true}]}}