{"id":969,"date":"2012-01-08T15:10:12","date_gmt":"2012-01-08T15:10:12","guid":{"rendered":"http:\/\/www.billard-club-sottevillais.com\/?page_id=969"},"modified":"2012-01-08T15:10:12","modified_gmt":"2012-01-08T15:10:12","slug":"galette-des-rois","status":"publish","type":"page","link":"http:\/\/www.billard-club-sottevillais.com\/?page_id=969","title":{"rendered":"Galette des rois"},"content":{"rendered":"<p style=\"text-align: justify;\">Comme chaque ann\u00e9e, le Billard Club Sottevillais a f\u00eat\u00e9 les rois. Ne cherchez pas de symbole, il s&rsquo;agit pour nous de r\u00e9unir les adh\u00e9rents dans un contexte amical et festif.<\/p>\n<p style=\"text-align: justify;\">Une vingtaine de personnes se sont pr\u00e9sent\u00e9es en d\u00e9but d&rsquo;apr\u00e8s-midi pour participer au tournoi amical par \u00e9quipe. Trois disciplines vous \u00e9taient propos\u00e9es : du 5 quilles, de la p\u00e9tanque et de la \u00ab\u00a0bande pr\u00e9sident\u00a0\u00bb (Vous effectuez un carambolage direct ou avec une bande, vous marquez un point. Vous carambolez en deux bandes vous marquez 2 points etc.). Pour favoriser le brassage, toutes les 20 minutes le mode de jeu changeait et une nouvelle \u00e9quipe \u00e9tait recompos\u00e9e par tirage au sort.<\/p>\n<p style=\"text-align: justify;\">Vers 17h30, nous avons cl\u00f4tur\u00e9 le tournoi pour laisser la place aux discours et \u00e0 la galette. Nous avons accueilli M. Pierre Bourguignon D\u00e9put\u00e9 Maire de Sotteville, Mme Luce Pane Conseill\u00e8re G\u00e9n\u00e9rale, Mme Borja, M. Jean-Claude Bauer et M. Christian Arnaudet \u00e9galement \u00e9lus de la commune.<\/p>\n<p style=\"text-align: justify;\">Apr\u00e8s un \u00e9change de v\u0153ux chaleureux, nous avons abord\u00e9 le moment festif que tous attendaient &#8230; Place \u00e0 la galette ! C&rsquo;est ce moment que nous avons choisi pour annoncer les r\u00e9sultats du tournoi de l&rsquo;apr\u00e8s-midi, Bruno Pierrel, Jean Duthil et Jean-Pierre Cardon ont pris les premi\u00e8res places. Ils ont gagn\u00e9 deux \u00ab\u00a0mars\u00a0\u00bb remis solennellement par les organisateurs. En consolation, tous les participants ont quand m\u00eame re\u00e7u leur Mars.<\/p>\n<p>&nbsp;<\/p>\n<p style=\"text-align: justify;\">Vous remarquerez que certaines images sont particuli\u00e8rement expressives !<\/p>\n<p>&nbsp;<br \/>\n<center><div class=\"flgallery-11 flgallery-box flgallery-embed\" style=\"width: 550px; height: 400px; overflow: hidden;\"><object classid=\"clsid:D27CDB6E-AE6D-11cf-96B8-444553540000\" id=\"flgallery-11\" width=\"550\" height=\"400\" style=\"width:550px; height:400px; margin:0; padding:0;\"><param name=\"movie\" value=\"http:\/\/www.billard-club-sottevillais.com\/wp-content\/plugins\/global-flash-galleries\/swf\/Box.swf\" \/><param name=\"flashVars\" value=\"XMLFile=http%3A%2F%2Fwww.billard-club-sottevillais.com%2Fwp-content%2Fflgallery%2Fxml%2F1%2F11.xml\" \/><param name=\"allowFullScreen\" value=\"true\" \/><param name=\"allowScriptAccess\" value=\"always\" \/><param name=\"quality\" value=\"high\" \/><param name=\"wmode\" value=\"transparent\" \/><param name=\"swfversion\" value=\"9.0.45.0\" \/><param name=\"expressinstall\" value=\"http:\/\/www.billard-club-sottevillais.com\/wp-content\/plugins\/global-flash-galleries\/js\/swfobject\/expressInstall.swf\" \/><object type=\"application\/x-shockwave-flash\" data=\"http:\/\/www.billard-club-sottevillais.com\/wp-content\/plugins\/global-flash-galleries\/swf\/Box.swf\" width=\"550\" height=\"400\" style=\"width:550px; height:400px; margin:0; padding:0; outline:none;\"><param name=\"flashVars\" value=\"XMLFile=http%3A%2F%2Fwww.billard-club-sottevillais.com%2Fwp-content%2Fflgallery%2Fxml%2F1%2F11.xml\" \/><param name=\"allowFullScreen\" value=\"true\" \/><param name=\"allowScriptAccess\" value=\"always\" \/><param name=\"quality\" value=\"high\" \/><param name=\"wmode\" value=\"transparent\" \/><param name=\"swfversion\" value=\"9.0.45.0\" \/><param name=\"expressinstall\" value=\"http:\/\/www.billard-club-sottevillais.com\/wp-content\/plugins\/global-flash-galleries\/js\/swfobject\/expressInstall.swf\" \/><div class=\"flgallery-altcontent\"><ol style=\"list-style:none;\"><li style=\"display:inline;\"><a href=\"http:\/\/www.billard-club-sottevillais.com\/wp-content\/flgallery\/images\/806ideve.jpg\"><img decoding=\"async\" src=\"http:\/\/www.billard-club-sottevillais.com\/wp-content\/flgallery\/tmp\/img-806ideve.180x120.jpg\" alt=\"\" \/><\/a><\/li><li style=\"display:inline;\"><a href=\"http:\/\/www.billard-club-sottevillais.com\/wp-content\/flgallery\/images\/y5nbzjc8.jpg\"><img decoding=\"async\" src=\"http:\/\/www.billard-club-sottevillais.com\/wp-content\/flgallery\/tmp\/img-y5nbzjc8.77x120.jpg\" alt=\"\" \/><\/a><\/li><li style=\"display:inline;\"><a href=\"http:\/\/www.billard-club-sottevillais.com\/wp-content\/flgallery\/images\/955bxoig.jpg\"><img decoding=\"async\" src=\"http:\/\/www.billard-club-sottevillais.com\/wp-content\/flgallery\/tmp\/img-955bxoig.180x120.jpg\" alt=\"\" \/><\/a><\/li><li style=\"display:inline;\"><a href=\"http:\/\/www.billard-club-sottevillais.com\/wp-content\/flgallery\/images\/m6ek4a5n.jpg\"><img decoding=\"async\" src=\"http:\/\/www.billard-club-sottevillais.com\/wp-content\/flgallery\/tmp\/img-m6ek4a5n.180x120.jpg\" alt=\"\" \/><\/a><\/li><li style=\"display:inline;\"><a href=\"http:\/\/www.billard-club-sottevillais.com\/wp-content\/flgallery\/images\/535b5uaf.jpg\"><img decoding=\"async\" src=\"http:\/\/www.billard-club-sottevillais.com\/wp-content\/flgallery\/tmp\/img-535b5uaf.180x120.jpg\" alt=\"\" \/><\/a><\/li><li style=\"display:inline;\"><a href=\"http:\/\/www.billard-club-sottevillais.com\/wp-content\/flgallery\/images\/fjiepksr.jpg\"><img decoding=\"async\" src=\"http:\/\/www.billard-club-sottevillais.com\/wp-content\/flgallery\/tmp\/img-fjiepksr.180x120.jpg\" alt=\"\" \/><\/a><\/li><li style=\"display:inline;\"><a href=\"http:\/\/www.billard-club-sottevillais.com\/wp-content\/flgallery\/images\/o8aylza9.jpg\"><img decoding=\"async\" src=\"http:\/\/www.billard-club-sottevillais.com\/wp-content\/flgallery\/tmp\/img-o8aylza9.180x120.jpg\" alt=\"\" \/><\/a><\/li><li style=\"display:inline;\"><a href=\"http:\/\/www.billard-club-sottevillais.com\/wp-content\/flgallery\/images\/evywwy32.jpg\"><img decoding=\"async\" src=\"http:\/\/www.billard-club-sottevillais.com\/wp-content\/flgallery\/tmp\/img-evywwy32.180x120.jpg\" alt=\"\" \/><\/a><\/li><li style=\"display:inline;\"><a href=\"http:\/\/www.billard-club-sottevillais.com\/wp-content\/flgallery\/images\/pu37la8t.jpg\"><img decoding=\"async\" src=\"http:\/\/www.billard-club-sottevillais.com\/wp-content\/flgallery\/tmp\/img-pu37la8t.180x120.jpg\" alt=\"\" \/><\/a><\/li><li style=\"display:inline;\"><a href=\"http:\/\/www.billard-club-sottevillais.com\/wp-content\/flgallery\/images\/uwrxs1t7.jpg\"><img decoding=\"async\" src=\"http:\/\/www.billard-club-sottevillais.com\/wp-content\/flgallery\/tmp\/img-uwrxs1t7.180x120.jpg\" alt=\"\" \/><\/a><\/li><li style=\"display:inline;\"><a href=\"http:\/\/www.billard-club-sottevillais.com\/wp-content\/flgallery\/images\/i62s9v4m.jpg\"><img decoding=\"async\" src=\"http:\/\/www.billard-club-sottevillais.com\/wp-content\/flgallery\/tmp\/img-i62s9v4m.180x120.jpg\" alt=\"\" \/><\/a><\/li><li style=\"display:inline;\"><a href=\"http:\/\/www.billard-club-sottevillais.com\/wp-content\/flgallery\/images\/j7vp2kza.jpg\"><img decoding=\"async\" src=\"http:\/\/www.billard-club-sottevillais.com\/wp-content\/flgallery\/tmp\/img-j7vp2kza.176x120.jpg\" alt=\"\" \/><\/a><\/li><li style=\"display:inline;\"><a href=\"http:\/\/www.billard-club-sottevillais.com\/wp-content\/flgallery\/images\/l3su9g0p.jpg\"><img decoding=\"async\" src=\"http:\/\/www.billard-club-sottevillais.com\/wp-content\/flgallery\/tmp\/img-l3su9g0p.181x120.jpg\" alt=\"\" \/><\/a><\/li><li style=\"display:inline;\"><a href=\"http:\/\/www.billard-club-sottevillais.com\/wp-content\/flgallery\/images\/qwpujdp8.jpg\"><img decoding=\"async\" src=\"http:\/\/www.billard-club-sottevillais.com\/wp-content\/flgallery\/tmp\/img-qwpujdp8.180x120.jpg\" alt=\"\" \/><\/a><\/li><li style=\"display:inline;\"><a href=\"http:\/\/www.billard-club-sottevillais.com\/wp-content\/flgallery\/images\/xzsknfc6.jpg\"><img decoding=\"async\" src=\"http:\/\/www.billard-club-sottevillais.com\/wp-content\/flgallery\/tmp\/img-xzsknfc6.170x120.jpg\" alt=\"\" \/><\/a><\/li><\/ol><\/div><\/object><\/object><script type=\"text\/javascript\">jQuery(document).ready(function($) { if (!swfobject.hasFlashPlayerVersion('9.0.45.0')) { altgallery({ type: 'Box', width: '550', height: '400', images: { folder: 'http:\/\/www.billard-club-sottevillais.com\/wp-content\/plugins\/global-flash-galleries\/img\/' }, config: 'http:\/\/www.billard-club-sottevillais.com\/wp-content\/flgallery\/xml\/1\/11.xml', configType: 'xml', fullscreen: 'never', callback: function(gallery) { var container = gallery.canvas.element.parents('.flgallery-embed'); var parent = container.parent(); var initialWidth = container.width(); var prevWidth; container.css({ width: '', height: '' }); function scale() { var parentWidth = parent.width(); if (parentWidth != prevWidth) { gallery.canvas.scale(parentWidth \/ initialWidth); prevWidth = parentWidth; } } scale(); $(window).resize(scale); } }, '#flgallery-11 .flgallery-altcontent'); } });<\/script><\/div><\/center><br \/>\n&nbsp;<\/p>\n","protected":false},"excerpt":{"rendered":"<p>Comme chaque ann\u00e9e, le Billard Club Sottevillais a f\u00eat\u00e9 les rois. Ne cherchez pas de symbole, il s&rsquo;agit pour nous de r\u00e9unir les adh\u00e9rents dans un contexte amical et festif. Une vingtaine de personnes se sont pr\u00e9sent\u00e9es en d\u00e9but d&rsquo;apr\u00e8s-midi pour participer au tournoi amical par \u00e9quipe. Trois disciplines vous \u00e9taient propos\u00e9es : du 5 &hellip; <\/p>\n<p class=\"link-more\"><a href=\"http:\/\/www.billard-club-sottevillais.com\/?page_id=969\" class=\"more-link\">Continuer la lecture<span class=\"screen-reader-text\"> de &laquo;&nbsp;Galette des rois&nbsp;&raquo;<\/span><\/a><\/p>\n","protected":false},"author":2,"featured_media":0,"parent":35,"menu_order":0,"comment_status":"open","ping_status":"open","template":"page-full.php","meta":{"footnotes":""},"class_list":["post-969","page","type-page","status-publish","hentry"],"_links":{"self":[{"href":"http:\/\/www.billard-club-sottevillais.com\/index.php?rest_route=\/wp\/v2\/pages\/969","targetHints":{"allow":["GET"]}}],"collection":[{"href":"http:\/\/www.billard-club-sottevillais.com\/index.php?rest_route=\/wp\/v2\/pages"}],"about":[{"href":"http:\/\/www.billard-club-sottevillais.com\/index.php?rest_route=\/wp\/v2\/types\/page"}],"author":[{"embeddable":true,"href":"http:\/\/www.billard-club-sottevillais.com\/index.php?rest_route=\/wp\/v2\/users\/2"}],"replies":[{"embeddable":true,"href":"http:\/\/www.billard-club-sottevillais.com\/index.php?rest_route=%2Fwp%2Fv2%2Fcomments&post=969"}],"version-history":[{"count":28,"href":"http:\/\/www.billard-club-sottevillais.com\/index.php?rest_route=\/wp\/v2\/pages\/969\/revisions"}],"predecessor-version":[{"id":1003,"href":"http:\/\/www.billard-club-sottevillais.com\/index.php?rest_route=\/wp\/v2\/pages\/969\/revisions\/1003"}],"up":[{"embeddable":true,"href":"http:\/\/www.billard-club-sottevillais.com\/index.php?rest_route=\/wp\/v2\/pages\/35"}],"wp:attachment":[{"href":"http:\/\/www.billard-club-sottevillais.com\/index.php?rest_route=%2Fwp%2Fv2%2Fmedia&parent=969"}],"curies":[{"name":"wp","href":"https:\/\/api.w.org\/{rel}","templated":true}]}}