{"id":8296,"date":"2017-07-10T12:24:13","date_gmt":"2017-07-10T12:24:13","guid":{"rendered":"http:\/\/www.billard-club-sottevillais.com\/?page_id=8296"},"modified":"2017-07-10T12:27:27","modified_gmt":"2017-07-10T12:27:27","slug":"resultats-sportifs-saison-2016-2017","status":"publish","type":"page","link":"http:\/\/www.billard-club-sottevillais.com\/?page_id=8296","title":{"rendered":"R\u00e9sultats sportifs &#8211; Saison 2016 \/ 2017"},"content":{"rendered":"<p style=\"text-align: justify;\">R\u00e9sultats des Comp\u00e9titions, vous trouverez ici toutes les informations concernant les rencontres sportives auxquelles participe le Billard Club Sottevillais.<\/p>\n<p style=\"text-align: center;\"><!--more--><img loading=\"lazy\" decoding=\"async\" class=\"aligncenter size-full wp-image-59\" title=\"sport\" src=\"http:\/\/billardcf.cluster010.ovh.net\/wp-content\/uploads\/2011\/07\/sport.jpg\" alt=\"\" width=\"231\" height=\"116\" \/><\/p>\n<h4><a href=\"http:\/\/billardcf.cluster010.ovh.net\/?page_id=8121\">\u00c9quipe D6 &#8211; 04 Avril 2017<\/a><\/h4>\n<p>l&rsquo;\u00e9quipe D6 Sotteville B &#8211; Pacy B<\/p>\n<h4><a href=\"http:\/\/billardcf.cluster010.ovh.net\/?page_id=8111\">Bande R1 Finale de District &#8211; 02 Avril 2017<\/a><\/h4>\n<p>La Finale de District de Bande R1 \u00e0 Cany-Barville<\/p>\n<h4><a href=\"http:\/\/billardcf.cluster010.ovh.net\/?page_id=8105\">\u00c9quipe D7 &#8211; 28 Mars 2017<\/a><\/h4>\n<p>l&rsquo;\u00e9quipe D7 Sotteville C &#8211; Lisieux C<\/p>\n<h4><a href=\"http:\/\/billardcf.cluster010.ovh.net\/?page_id=8096\">3 Bandes R1 Finale de District &#8211; 26 Mars 2017<\/a><\/h4>\n<p>La Finale de District de 3 Bandes R1 au Havre<\/p>\n<h4><a href=\"http:\/\/billardcf.cluster010.ovh.net\/?page_id=8080\">\u00c9quipe D2 &#8211; 21 Mars 2017<\/a><\/h4>\n<p>l&rsquo;\u00e9quipe D2 Sotteville A &#8211; La Saussaye A<\/p>\n<h4><a href=\"http:\/\/billardcf.cluster010.ovh.net\/?page_id=8072\">\u00c9quipe D7 &#8211; 14 Mars 2017<\/a><\/h4>\n<p>l&rsquo;\u00e9quipe D7 Bernay A &#8211; Sotteville C<\/p>\n<h4><a href=\"http:\/\/billardcf.cluster010.ovh.net\/?page_id=8058\">Bande R2 T3 &#8211; 12 Mars 2017<\/a><\/h4>\n<p>Le 3\u00e8me tour de Bande R2 \u00e0 Sotteville<\/p>\n<h4><a href=\"http:\/\/billardcf.cluster010.ovh.net\/?page_id=8053\">Bande R1 T3 &#8211; 12 Mars 2017<\/a><\/h4>\n<p>Le 3\u00e8me tour de Bande R1 \u00e0 Oissel<\/p>\n<h4><a href=\"http:\/\/billardcf.cluster010.ovh.net\/?page_id=8065\">\u00c9quipe D2 &#8211; 07 Mars 2017<\/a><\/h4>\n<p>l&rsquo;\u00e9quipe D2 Argences A &#8211; Sotteville A<\/p>\n<h4><a href=\"http:\/\/billardcf.cluster010.ovh.net\/?page_id=8039\">Libre R4 Finale de District &#8211; 05 Mars 2017<\/a><\/h4>\n<p>Finale de District Libre R4 \u00e0 Cany-Barville<\/p>\n<h4><a href=\"http:\/\/billardcf.cluster010.ovh.net\/?page_id=8037\">Libre R2 Finale de District &#8211; 05 Mars 2017<\/a><\/h4>\n<p>Finale de District Libre R2 \u00e0 Sotteville-l\u00e8s-Rouen<\/p>\n<h4><a href=\"http:\/\/billardcf.cluster010.ovh.net\/?page_id=8023\">\u00c9quipe D2 &#8211; 28 F\u00e9vrier 2017<\/a><\/h4>\n<p>l&rsquo;\u00e9quipe D2 Sotteville A &#8211; Cormeilles A<\/p>\n<h4><a href=\"http:\/\/billardcf.cluster010.ovh.net\/?page_id=8014\">Cadre N3 Finale de Ligue &#8211; 26 F\u00e9vrier 2017<\/a><\/h4>\n<p>Finale de Ligue Cadre N3 \u00e0 Louviers<\/p>\n<h4><a href=\"http:\/\/billardcf.cluster010.ovh.net\/?page_id=8021\">\u00c9quipe D6 &#8211; 21 F\u00e9vrier 2017<\/a><\/h4>\n<p>l&rsquo;\u00e9quipe D6 Lisieux B &#8211; Sotteville B<\/p>\n<h4><a href=\"http:\/\/billardcf.cluster010.ovh.net\/?page_id=7980\">\u00c9quipe D7 &#8211; 21 F\u00e9vrier 2017<\/a><\/h4>\n<p>l&rsquo;\u00e9quipe D7 Sotteville C &#8211; Cany-Barville C<\/p>\n<h4><a href=\"http:\/\/billardcf.cluster010.ovh.net\/?page_id=7967\">4 Billes Finale de Ligue &#8211; 19 F\u00e9vrier 2017<\/a><\/h4>\n<p>Finale de Ligue 4 Billes \u00e0 Sotteville l\u00e8s Rouen<\/p>\n<h4><a href=\"http:\/\/billardcf.cluster010.ovh.net\/?page_id=7955\">3 Bandes R1 T3 &#8211; 12 F\u00e9vrier 2017<\/a><\/h4>\n<p>Le 3\u00e8me tour de 3 Bandes R1 \u00e0 Sotteville<\/p>\n<h4><a href=\"http:\/\/billardcf.cluster010.ovh.net\/?page_id=7948\">\u00c9quipe D7 &#8211; 07 F\u00e9vrier 2017<\/a><\/h4>\n<p>l&rsquo;\u00e9quipe D7 Evreux C &#8211; Sotteville C<\/p>\n<h4><a href=\"http:\/\/billardcf.cluster010.ovh.net\/?page_id=7943\">\u00c9quipe D2 &#8211; 07 F\u00e9vrier 2017<\/a><\/h4>\n<p>l&rsquo;\u00e9quipe D2 Gaillon A &#8211; Sotteville A<\/p>\n<h4><a href=\"http:\/\/billardcf.cluster010.ovh.net\/?page_id=7893\">Libre R3 T3 &#8211; 05 F\u00e9vrier 2017<\/a><\/h4>\n<p>Le 3\u00e8me tour de Libre R3 \u00e0 Cany-Barville et Oissel<\/p>\n<h4><a href=\"http:\/\/billardcf.cluster010.ovh.net\/?page_id=7891\">Libre N3 Finale de Ligue &#8211; 05 F\u00e9vrier 2017<\/a><\/h4>\n<p>Finale de Ligue Libre N3 \u00e0 Sotteville l\u00e8s Rouen<\/p>\n<h4><a href=\"http:\/\/billardcf.cluster010.ovh.net\/?page_id=7849\">5 Quilles &#8211; J2 &#8211; 29 Janvier 2017<\/a><\/h4>\n<p>J2 &#8211; Sotteville &#8211; La Saussaye<\/p>\n<h4><a href=\"http:\/\/billardcf.cluster010.ovh.net\/?page_id=7842\">\u00c9quipe D7 &#8211; 24 Janvier 2017<\/a><\/h4>\n<p>l&rsquo;\u00e9quipe D7 Sotteville C &#8211; Oissel B<\/p>\n<h4><a href=\"http:\/\/billardcf.cluster010.ovh.net\/?page_id=7822\">Libre N3 T3 &#8211; 22 Janvier 2017<\/a><\/h4>\n<p>Le 3\u00e8me tour de Libre N3 \u00e0 Sotteville l\u00e8s Rouen<\/p>\n<h4><a href=\"http:\/\/billardcf.cluster010.ovh.net\/?page_id=7820\">Libre R2 T3 &#8211; 22 Janvier 2017<\/a><\/h4>\n<p>Le 3\u00e8me tour de Libre R2 \u00e0 Oissel<\/p>\n<h4><a href=\"http:\/\/billardcf.cluster010.ovh.net\/?page_id=7816\">4 Billes T3 &#8211; 22 Janvier 2017<\/a><\/h4>\n<p>Le 3\u00e8me tour de 4 Billes \u00e0 Pacy-sur-eure<\/p>\n<h4><a href=\"http:\/\/billardcf.cluster010.ovh.net\/?page_id=7810\">\u00c9quipe D2 &#8211; 17 Janvier 2017<\/a><\/h4>\n<p>l&rsquo;\u00e9quipe D2 Sotteville A &#8211; Lisieux A<\/p>\n<h4><a href=\"http:\/\/billardcf.cluster010.ovh.net\/?page_id=7798\">Cadre N3 T3 &#8211; 15 Janvier 2017<\/a><\/h4>\n<p>Le 3\u00e8me tour de Cadre N3 \u00e0 St marcel<\/p>\n<h4><a href=\"http:\/\/billardcf.cluster010.ovh.net\/?page_id=7785\">3 Bandes R1 T2 &#8211; 08 Janvier 2017<\/a><\/h4>\n<p>Le 2\u00e8me tour de 3 Bandes R1 \u00e0 Sotteville et St Nicolas<\/p>\n<h4><a href=\"http:\/\/billardcf.cluster010.ovh.net\/?page_id=7673\">Bande R1 T2 &#8211; 18 D\u00e9cembre 2016<\/a><\/h4>\n<p>Le 2\u00e8me tour de Bande R1 \u00e0 Cany-Barville<\/p>\n<h4><a href=\"http:\/\/billardcf.cluster010.ovh.net\/?page_id=7666\">\u00c9quipe D2 &#8211; 13 D\u00e9cembre 2016<\/a><\/h4>\n<p>l&rsquo;\u00e9quipe D2 La Saussaye A &#8211; Sotteville A<\/p>\n<h4><a href=\"http:\/\/billardcf.cluster010.ovh.net\/?page_id=7660\">\u00c9quipe D6 &#8211; 13 D\u00e9cembre 2016<\/a><\/h4>\n<p>l&rsquo;\u00e9quipe D6 Sotteville B &#8211; Cany B<\/p>\n<h4><a href=\"http:\/\/billardcf.cluster010.ovh.net\/?page_id=7652\">Libre R3 T2 &#8211; 11 D\u00e9cembre 2016<\/a><\/h4>\n<p>Le 2\u00e8me tour de Libre R3 \u00e0 Sotteville-l\u00e8s-Rouen<\/p>\n<h4><a href=\"http:\/\/billardcf.cluster010.ovh.net\/?page_id=7640\">\u00c9quipe D7 &#8211; 06 D\u00e9cembre 2016<\/a><\/h4>\n<p>l&rsquo;\u00e9quipe D7 Sotteville C &#8211; Bernay A<\/p>\n<h4><a href=\"http:\/\/billardcf.cluster010.ovh.net\/?page_id=7632\">Libre R2 T2 &#8211; 04 D\u00e9cembre 2016<\/a><\/h4>\n<p>Le 2\u00e8me tour de Libre R2 \u00e0 Rouen<\/p>\n<h4><a href=\"http:\/\/billardcf.cluster010.ovh.net\/?page_id=7616\">\u00c9quipe D2 &#8211; 28 Novembre 2016<\/a><\/h4>\n<p>l&rsquo;\u00e9quipe D2 Sotteville A &#8211; Argences A<\/p>\n<h4><a href=\"http:\/\/billardcf.cluster010.ovh.net\/?page_id=7607\">Libre N3 T2 &#8211; 27 Novembre 2016<\/a><\/h4>\n<p>Le 2\u00e8me tour de Libre N3 \u00e0 St Nicolas d&rsquo;Aliermont<\/p>\n<h4><a href=\"http:\/\/billardcf.cluster010.ovh.net\/?page_id=7569\">4 Billes T2 &#8211; 27 Novembre 2016<\/a><\/h4>\n<p>Le 2\u00e8me tour de 4 Billes \u00e0 Sotteville-l\u00e8s-Rouen et au Havre<\/p>\n<h4><a href=\"http:\/\/billardcf.cluster010.ovh.net\/?page_id=7571\">Libre R4 T2 &#8211; 27 Novembre 2016<\/a><\/h4>\n<p>Le 2\u00e8me tour de Libre R4 \u00e0 Oissel<\/p>\n<h4><a href=\"http:\/\/billardcf.cluster010.ovh.net\/?page_id=7583\">\u00c9quipe D6 &#8211; 22 Novembre 2016<\/a><\/h4>\n<p>l&rsquo;\u00e9quipe D6 F\u00e9camp B &#8211; Sotteville B<\/p>\n<h4><a href=\"http:\/\/billardcf.cluster010.ovh.net\/?page_id=7538\">\u00c9quipe D7 &#8211; 22 Novembre 2016<\/a><\/h4>\n<p>l&rsquo;\u00e9quipe D7 Cany-Barville C &#8211; Sotteville C<\/p>\n<h4><a href=\"http:\/\/billardcf.cluster010.ovh.net\/?page_id=7528\">Cadre N3 T2 &#8211; 20 Novembre 2016<\/a><\/h4>\n<p>Le 2\u00e8me tour de Cadre N3 \u00e0 St Nicolas d&rsquo;Aliermont<\/p>\n<h4><a href=\"http:\/\/billardcf.cluster010.ovh.net\/?page_id=7519\">5 Quilles &#8211; 20 Novembre 2016<\/a><\/h4>\n<p>J1 &#8211; Sotteville &#8211; St Nicolas<\/p>\n<h4><a href=\"http:\/\/billardcf.cluster010.ovh.net\/?page_id=7475\">\u00c9quipe D2 &#8211; 15 Novembre 2016<\/a><\/h4>\n<p>l&rsquo;\u00e9quipe D2 Cormelles A &#8211; Sotteville A<\/p>\n<h4><a href=\"http:\/\/billardcf.cluster010.ovh.net\/?page_id=7464\">3 Bandes R1 T1 &#8211; 13 Novembre 2016<\/a><\/h4>\n<p>Le 1er tour de 3 Bandes R1 \u00e0 Rouen<\/p>\n<h4><a href=\"http:\/\/billardcf.cluster010.ovh.net\/?page_id=7459\">3 Bandes R2 T1 &#8211; 13 Novembre 2016<\/a><\/h4>\n<p>Le 1er tour de 3 Bandes R2 au Havre<\/p>\n<h4><a href=\"http:\/\/billardcf.cluster010.ovh.net\/?page_id=7452\">\u00c9quipe D6 &#8211; 08 Novembre 2016<\/a><\/h4>\n<p>l&rsquo;\u00e9quipe D6 Sotteville B &#8211; Lisieux B<\/p>\n<h4><a href=\"http:\/\/billardcf.cluster010.ovh.net\/?page_id=7432\">Bande R2 T1 &#8211; 30 Octobre 2016<\/a><\/h4>\n<p>Le 1er tour de Bande R2 au Havre et \u00e0 Cany-Barville<\/p>\n<h4><a href=\"http:\/\/billardcf.cluster010.ovh.net\/?page_id=7426\">Bande R1 T1 &#8211; 30 Octobre 2016<\/a><\/h4>\n<p>Le 1er tour de Bande R1 \u00e0 Oissel<\/p>\n<h4><a href=\"http:\/\/billardcf.cluster010.ovh.net\/?page_id=7419\">5 Quilles &#8211; 29 Octobre 2016<\/a><\/h4>\n<p>Prologue<\/p>\n<h4><a href=\"http:\/\/billardcf.cluster010.ovh.net\/?page_id=7403\">\u00c9quipe D2 &#8211; 25 Octobre 2016<\/a><\/h4>\n<p>l&rsquo;\u00e9quipe D2 Sotteville A &#8211; Gaillon A<\/p>\n<h4><a href=\"http:\/\/billardcf.cluster010.ovh.net\/?page_id=7319\">\u00c9quipe D6 &#8211; 18 Octobre 2016<\/a><\/h4>\n<p>l&rsquo;\u00e9quipe D6 Rouen B &#8211; Sotteville B<\/p>\n<h4><a href=\"http:\/\/billardcf.cluster010.ovh.net\/?page_id=7313\">\u00c9quipe D7 &#8211; 18 Octobre 2016<\/a><\/h4>\n<p>l&rsquo;\u00e9quipe D7 Sotteville C &#8211; Evreux B<\/p>\n<h4><a href=\"http:\/\/billardcf.cluster010.ovh.net\/?page_id=7302\">Libre R3 T1 &#8211; 16 Octobre 2016<\/a><\/h4>\n<p>Le 1er tour de Libre R3 au Havre<\/p>\n<h4><a href=\"http:\/\/billardcf.cluster010.ovh.net\/?page_id=7294\">Libre R2 T1 &#8211; 16 Octobre 2016<\/a><\/h4>\n<p>Le 1er tour de Libre R2 \u00e0 Sotteville-l\u00e8s-Rouen<\/p>\n<h4><a href=\"http:\/\/billardcf.cluster010.ovh.net\/?page_id=7279\">\u00c9quipe D7 &#8211; 11 Octobre 2016<\/a><\/h4>\n<p>l&rsquo;\u00e9quipe D7 Oissel A &#8211; Sotteville C<\/p>\n<h4><a href=\"http:\/\/billardcf.cluster010.ovh.net\/?page_id=7277\">\u00c9quipe D2 &#8211; 11 Octobre 2016<\/a><\/h4>\n<p>l&rsquo;\u00e9quipe D2 Lisieux A &#8211; Sotteville A<\/p>\n<h4><a href=\"http:\/\/billardcf.cluster010.ovh.net\/?page_id=7259\">Libre N3 T1 &#8211; 09 Octobre 2016<\/a><\/h4>\n<p>Le 1er tour de Libre N3 \u00e0 Cormelles le royal<\/p>\n<h4><a href=\"http:\/\/billardcf.cluster010.ovh.net\/?page_id=7255\">Libre R4 T1 &#8211; 09 Octobre 2016<\/a><\/h4>\n<p>Le 1er tour de Libre R4 \u00e0 F\u00e9camp<\/p>\n<h4><a href=\"http:\/\/billardcf.cluster010.ovh.net\/?page_id=7257\">4 Billes T1 &#8211; 09 Octobre 2016<\/a><\/h4>\n<p>Le 1er tour de 4 Billes \u00e0 Rouen<\/p>\n<p>&nbsp;<\/p>\n<h4><a href=\"http:\/\/billardcf.cluster010.ovh.net\/?page_id=7193\">Archives comp\u00e9tition<\/a><\/h4>\n<p>&nbsp;<\/p>\n","protected":false},"excerpt":{"rendered":"<p>R\u00e9sultats des Comp\u00e9titions, vous trouverez ici toutes les informations concernant les rencontres sportives auxquelles participe le Billard Club Sottevillais.<\/p>\n","protected":false},"author":7,"featured_media":0,"parent":43,"menu_order":0,"comment_status":"open","ping_status":"open","template":"page-full.php","meta":{"footnotes":""},"class_list":["post-8296","page","type-page","status-publish","hentry"],"_links":{"self":[{"href":"http:\/\/www.billard-club-sottevillais.com\/index.php?rest_route=\/wp\/v2\/pages\/8296","targetHints":{"allow":["GET"]}}],"collection":[{"href":"http:\/\/www.billard-club-sottevillais.com\/index.php?rest_route=\/wp\/v2\/pages"}],"about":[{"href":"http:\/\/www.billard-club-sottevillais.com\/index.php?rest_route=\/wp\/v2\/types\/page"}],"author":[{"embeddable":true,"href":"http:\/\/www.billard-club-sottevillais.com\/index.php?rest_route=\/wp\/v2\/users\/7"}],"replies":[{"embeddable":true,"href":"http:\/\/www.billard-club-sottevillais.com\/index.php?rest_route=%2Fwp%2Fv2%2Fcomments&post=8296"}],"version-history":[{"count":2,"href":"http:\/\/www.billard-club-sottevillais.com\/index.php?rest_route=\/wp\/v2\/pages\/8296\/revisions"}],"predecessor-version":[{"id":8298,"href":"http:\/\/www.billard-club-sottevillais.com\/index.php?rest_route=\/wp\/v2\/pages\/8296\/revisions\/8298"}],"up":[{"embeddable":true,"href":"http:\/\/www.billard-club-sottevillais.com\/index.php?rest_route=\/wp\/v2\/pages\/43"}],"wp:attachment":[{"href":"http:\/\/www.billard-club-sottevillais.com\/index.php?rest_route=%2Fwp%2Fv2%2Fmedia&parent=8296"}],"curies":[{"name":"wp","href":"https:\/\/api.w.org\/{rel}","templated":true}]}}