{"id":8121,"date":"2017-04-04T14:02:51","date_gmt":"2017-04-04T14:02:51","guid":{"rendered":"http:\/\/www.billard-club-sottevillais.com\/?page_id=8121"},"modified":"2017-04-04T14:04:33","modified_gmt":"2017-04-04T14:04:33","slug":"equipe-d6-04-avril-2017","status":"publish","type":"page","link":"http:\/\/www.billard-club-sottevillais.com\/?page_id=8121","title":{"rendered":"Equipe D6 &#8211; 04 avril 2017"},"content":{"rendered":"<p style=\"text-align: justify;\">R\u00e9sultats des Tournois, vous trouverez ici toutes les informations concernant les rencontres sportives auxquelles participe le Billard Club Sottevillais.<\/p>\n<p style=\"text-align: center;\"><!--more--><img loading=\"lazy\" decoding=\"async\" class=\"aligncenter size-full wp-image-59\" title=\"sport\" src=\"http:\/\/billardcf.cluster010.ovh.net\/wp-content\/uploads\/2011\/07\/sport.jpg\" alt=\"\" width=\"231\" height=\"116\" \/><\/p>\n<p>&nbsp;<\/p>\n<p style=\"text-align: justify;\">Le 4 avril 2017, notre \u00e9quipe D6 compos\u00e9e d&rsquo;Alain Rachet, Paolo Gnocchi et Emile Gauthier recevait Pacy-sur-eure.<\/p>\n<p style=\"text-align: justify;\">L&rsquo;\u00e9quipe de Sotteville ne laisse aucune chance \u00e0 leur adversaire du jour en l&#8217;emportant 18 \u00e0 0.<\/p>\n<p>&nbsp;<\/p>\n<p style=\"text-align: center;\"><img loading=\"lazy\" decoding=\"async\" class=\"aligncenter size-large wp-image-8122\" title=\"Pierre Lescaut D6 Sotteville B - Pacy B 04.04.17\" src=\"http:\/\/www.billard-club-sottevillais.com\/wp-content\/uploads\/2017\/04\/Pierre-Lescaut-D6-Sotteville-B-Pacy-B-04.04.17-723x1024.jpg\" alt=\"\" width=\"578\" height=\"819\" srcset=\"http:\/\/www.billard-club-sottevillais.com\/wp-content\/uploads\/2017\/04\/Pierre-Lescaut-D6-Sotteville-B-Pacy-B-04.04.17-723x1024.jpg 723w, http:\/\/www.billard-club-sottevillais.com\/wp-content\/uploads\/2017\/04\/Pierre-Lescaut-D6-Sotteville-B-Pacy-B-04.04.17-212x300.jpg 212w, http:\/\/www.billard-club-sottevillais.com\/wp-content\/uploads\/2017\/04\/Pierre-Lescaut-D6-Sotteville-B-Pacy-B-04.04.17.jpg 1240w\" sizes=\"auto, (max-width: 578px) 100vw, 578px\" \/><\/p>\n<h4 style=\"padding-left: 30px;\">Le pdf ici :<a href=\"http:\/\/www.billard-club-sottevillais.com\/wp-content\/uploads\/2017\/04\/Pierre-Lescaut-D6-Sotteville-B-Pacy-B-04.04.17.pdf\" target=\"_blank\">Pierre Lescaut D6 Sotteville B &#8211; Pacy B 04.04.17<\/a><\/h4>\n","protected":false},"excerpt":{"rendered":"<p>R\u00e9sultats des Tournois, vous trouverez ici toutes les informations concernant les rencontres sportives auxquelles participe le Billard Club Sottevillais.<\/p>\n","protected":false},"author":7,"featured_media":0,"parent":43,"menu_order":0,"comment_status":"open","ping_status":"open","template":"page-full.php","meta":{"footnotes":""},"class_list":["post-8121","page","type-page","status-publish","hentry"],"_links":{"self":[{"href":"http:\/\/www.billard-club-sottevillais.com\/index.php?rest_route=\/wp\/v2\/pages\/8121","targetHints":{"allow":["GET"]}}],"collection":[{"href":"http:\/\/www.billard-club-sottevillais.com\/index.php?rest_route=\/wp\/v2\/pages"}],"about":[{"href":"http:\/\/www.billard-club-sottevillais.com\/index.php?rest_route=\/wp\/v2\/types\/page"}],"author":[{"embeddable":true,"href":"http:\/\/www.billard-club-sottevillais.com\/index.php?rest_route=\/wp\/v2\/users\/7"}],"replies":[{"embeddable":true,"href":"http:\/\/www.billard-club-sottevillais.com\/index.php?rest_route=%2Fwp%2Fv2%2Fcomments&post=8121"}],"version-history":[{"count":3,"href":"http:\/\/www.billard-club-sottevillais.com\/index.php?rest_route=\/wp\/v2\/pages\/8121\/revisions"}],"predecessor-version":[{"id":8127,"href":"http:\/\/www.billard-club-sottevillais.com\/index.php?rest_route=\/wp\/v2\/pages\/8121\/revisions\/8127"}],"up":[{"embeddable":true,"href":"http:\/\/www.billard-club-sottevillais.com\/index.php?rest_route=\/wp\/v2\/pages\/43"}],"wp:attachment":[{"href":"http:\/\/www.billard-club-sottevillais.com\/index.php?rest_route=%2Fwp%2Fv2%2Fmedia&parent=8121"}],"curies":[{"name":"wp","href":"https:\/\/api.w.org\/{rel}","templated":true}]}}