{"id":8111,"date":"2017-04-02T14:58:07","date_gmt":"2017-04-02T14:58:07","guid":{"rendered":"http:\/\/www.billard-club-sottevillais.com\/?page_id=8111"},"modified":"2017-04-02T19:22:32","modified_gmt":"2017-04-02T19:22:32","slug":"bande-r1-finale-de-district-02-avril-2017","status":"publish","type":"page","link":"http:\/\/www.billard-club-sottevillais.com\/?page_id=8111","title":{"rendered":"Bande R1 &#8211; Finale de District 02 Avril 2017"},"content":{"rendered":"<p style=\"text-align: justify;\">R\u00e9sultats des Tournois, vous trouverez ici toutes les informations concernant les rencontres sportives auxquelles participe le Billard Club Sottevillais.<\/p>\n<p style=\"text-align: center;\"><!--more--><\/p>\n<p><img loading=\"lazy\" decoding=\"async\" class=\"aligncenter size-full wp-image-59\" title=\"sport\" src=\"http:\/\/billardcf.cluster010.ovh.net\/wp-content\/uploads\/2011\/07\/sport.jpg\" alt=\"\" width=\"231\" height=\"116\" \/><\/p>\n<h2><\/h2>\n<p style=\"text-align: justify;\">La finale de dictrict de Bande R1 s&rsquo;est d\u00e9roul\u00e9e le 02 Avril 2017 \u00e0 Cany-Barville. Jacques Robin et Gerard Gueret participaient \u00e0 cette finale \u00e0 4 joueurs.<\/p>\n<p style=\"text-align: justify;\">Jacques avec 3 matchs perdu finit 4\u00e8me. Gerard avec 2 matchs perdu et 1 gagn\u00e9 finit 3\u00e8me.<\/p>\n<p style=\"text-align: justify;\">Jacques Boulnois de Cany-Barville avec 3 victoires termine 1er.<\/p>\n<p style=\"text-align: center;\"><img loading=\"lazy\" decoding=\"async\" class=\"aligncenter size-large wp-image-8117\" title=\"Bande R1 Finale de District 02.04.2017 Cany-Barville\" src=\"http:\/\/www.billard-club-sottevillais.com\/wp-content\/uploads\/2017\/04\/Bande-R1-Finale-de-District-02.04.2017-Cany-Barville-e1491160856745-1024x723.jpg\" alt=\"\" width=\"819\" height=\"578\" srcset=\"http:\/\/www.billard-club-sottevillais.com\/wp-content\/uploads\/2017\/04\/Bande-R1-Finale-de-District-02.04.2017-Cany-Barville-e1491160856745-1024x723.jpg 1024w, http:\/\/www.billard-club-sottevillais.com\/wp-content\/uploads\/2017\/04\/Bande-R1-Finale-de-District-02.04.2017-Cany-Barville-e1491160856745-300x212.jpg 300w, http:\/\/www.billard-club-sottevillais.com\/wp-content\/uploads\/2017\/04\/Bande-R1-Finale-de-District-02.04.2017-Cany-Barville-e1491160856745.jpg 1754w\" sizes=\"auto, (max-width: 706px) 89vw, (max-width: 767px) 82vw, 740px\" \/><\/p>\n<h4 style=\"padding-left: 30px;\"><\/h4>\n<h4 style=\"padding-left: 30px;\">Le Pdf ici :<a href=\"http:\/\/www.billard-club-sottevillais.com\/wp-content\/uploads\/2017\/04\/Bande-R1-Finale-de-District-02.04.2017-Cany-Barville.pdf\" target=\"_blank\">Bande R1 Finale de District 02.04.2017 Cany-Barville<\/a><\/h4>\n","protected":false},"excerpt":{"rendered":"<p>R\u00e9sultats des Tournois, vous trouverez ici toutes les informations concernant les rencontres sportives auxquelles participe le Billard Club Sottevillais.<\/p>\n","protected":false},"author":7,"featured_media":0,"parent":43,"menu_order":0,"comment_status":"open","ping_status":"open","template":"page-full.php","meta":{"footnotes":""},"class_list":["post-8111","page","type-page","status-publish","hentry"],"_links":{"self":[{"href":"http:\/\/www.billard-club-sottevillais.com\/index.php?rest_route=\/wp\/v2\/pages\/8111","targetHints":{"allow":["GET"]}}],"collection":[{"href":"http:\/\/www.billard-club-sottevillais.com\/index.php?rest_route=\/wp\/v2\/pages"}],"about":[{"href":"http:\/\/www.billard-club-sottevillais.com\/index.php?rest_route=\/wp\/v2\/types\/page"}],"author":[{"embeddable":true,"href":"http:\/\/www.billard-club-sottevillais.com\/index.php?rest_route=\/wp\/v2\/users\/7"}],"replies":[{"embeddable":true,"href":"http:\/\/www.billard-club-sottevillais.com\/index.php?rest_route=%2Fwp%2Fv2%2Fcomments&post=8111"}],"version-history":[{"count":5,"href":"http:\/\/www.billard-club-sottevillais.com\/index.php?rest_route=\/wp\/v2\/pages\/8111\/revisions"}],"predecessor-version":[{"id":8119,"href":"http:\/\/www.billard-club-sottevillais.com\/index.php?rest_route=\/wp\/v2\/pages\/8111\/revisions\/8119"}],"up":[{"embeddable":true,"href":"http:\/\/www.billard-club-sottevillais.com\/index.php?rest_route=\/wp\/v2\/pages\/43"}],"wp:attachment":[{"href":"http:\/\/www.billard-club-sottevillais.com\/index.php?rest_route=%2Fwp%2Fv2%2Fmedia&parent=8111"}],"curies":[{"name":"wp","href":"https:\/\/api.w.org\/{rel}","templated":true}]}}