{"id":8096,"date":"2017-03-27T12:48:32","date_gmt":"2017-03-27T12:48:32","guid":{"rendered":"http:\/\/www.billard-club-sottevillais.com\/?page_id=8096"},"modified":"2017-03-27T12:48:32","modified_gmt":"2017-03-27T12:48:32","slug":"finale-de-district-3-bandes-r1-26-mars-2017","status":"publish","type":"page","link":"http:\/\/www.billard-club-sottevillais.com\/?page_id=8096","title":{"rendered":"Finale de District &#8211; 3 Bandes R1 &#8211; 26 mars 2017"},"content":{"rendered":"<p style=\"text-align: justify;\">R\u00e9sultats des Tournois, vous trouverez ici toutes les informations concernant les rencontres sportives auxquelles participe le Billard Club Sottevillais.<\/p>\n<p style=\"text-align: center;\"><!--more--><\/p>\n<p><img loading=\"lazy\" decoding=\"async\" class=\"aligncenter size-full wp-image-59\" title=\"sport\" src=\"http:\/\/billardcf.cluster010.ovh.net\/wp-content\/uploads\/2011\/07\/sport.jpg\" alt=\"\" width=\"231\" height=\"116\" \/><\/p>\n<h2><\/h2>\n<p style=\"text-align: justify;\">La finale de district de 3 Bandes R1 s&rsquo;est d\u00e9roul\u00e9e le 26 Mars 2017 au Havre. Christophe Maupin et Jean-Pierre Marlin pr\u00e9sentaient le BCS pour cette finale \u00e0 6 joueurs.<br \/>\nJean-Pierre prend la 5\u00e8me place devant Christophe Maupin.<\/p>\n<p style=\"text-align: justify;\">Pascal Leboucher du Havre gagne cette finale.<\/p>\n<p style=\"text-align: center;\"><img loading=\"lazy\" decoding=\"async\" class=\"aligncenter size-large wp-image-8097\" title=\"3 Bandes R1 Finale De District 26.03.17 Le Havre\" src=\"http:\/\/www.billard-club-sottevillais.com\/wp-content\/uploads\/2017\/03\/3-Bandes-R1-Finale-De-District-26.03.17-Le-Havre-e1490618375926-1024x723.jpg\" alt=\"\" width=\"819\" height=\"578\" srcset=\"http:\/\/www.billard-club-sottevillais.com\/wp-content\/uploads\/2017\/03\/3-Bandes-R1-Finale-De-District-26.03.17-Le-Havre-e1490618375926-1024x723.jpg 1024w, http:\/\/www.billard-club-sottevillais.com\/wp-content\/uploads\/2017\/03\/3-Bandes-R1-Finale-De-District-26.03.17-Le-Havre-e1490618375926-300x212.jpg 300w, http:\/\/www.billard-club-sottevillais.com\/wp-content\/uploads\/2017\/03\/3-Bandes-R1-Finale-De-District-26.03.17-Le-Havre-e1490618375926.jpg 1754w\" sizes=\"auto, (max-width: 706px) 89vw, (max-width: 767px) 82vw, 740px\" \/><img loading=\"lazy\" decoding=\"async\" class=\"aligncenter size-large wp-image-8098\" title=\"IMG_8760\" src=\"http:\/\/www.billard-club-sottevillais.com\/wp-content\/uploads\/2017\/03\/IMG_8760-1024x681.jpg\" alt=\"\" width=\"717\" height=\"477\" srcset=\"http:\/\/www.billard-club-sottevillais.com\/wp-content\/uploads\/2017\/03\/IMG_8760-1024x681.jpg 1024w, http:\/\/www.billard-club-sottevillais.com\/wp-content\/uploads\/2017\/03\/IMG_8760-300x199.jpg 300w, http:\/\/www.billard-club-sottevillais.com\/wp-content\/uploads\/2017\/03\/IMG_8760-462x306.jpg 462w, http:\/\/www.billard-club-sottevillais.com\/wp-content\/uploads\/2017\/03\/IMG_8760-140x94.jpg 140w\" sizes=\"auto, (max-width: 717px) 100vw, 717px\" \/><\/p>\n<h4 style=\"padding-left: 30px;\">Le Pdf ici :<a href=\"http:\/\/www.billard-club-sottevillais.com\/wp-content\/uploads\/2017\/03\/3-Bandes-R1-Finale-De-District-26.03.17-Le-Havre.pdf\" target=\"_blank\">3 Bandes R1 Finale De District 26.03.17 Le Havre<\/a><\/h4>\n","protected":false},"excerpt":{"rendered":"<p>R\u00e9sultats des Tournois, vous trouverez ici toutes les informations concernant les rencontres sportives auxquelles participe le Billard Club Sottevillais.<\/p>\n","protected":false},"author":7,"featured_media":0,"parent":43,"menu_order":0,"comment_status":"open","ping_status":"open","template":"page-full.php","meta":{"footnotes":""},"class_list":["post-8096","page","type-page","status-publish","hentry"],"_links":{"self":[{"href":"http:\/\/www.billard-club-sottevillais.com\/index.php?rest_route=\/wp\/v2\/pages\/8096","targetHints":{"allow":["GET"]}}],"collection":[{"href":"http:\/\/www.billard-club-sottevillais.com\/index.php?rest_route=\/wp\/v2\/pages"}],"about":[{"href":"http:\/\/www.billard-club-sottevillais.com\/index.php?rest_route=\/wp\/v2\/types\/page"}],"author":[{"embeddable":true,"href":"http:\/\/www.billard-club-sottevillais.com\/index.php?rest_route=\/wp\/v2\/users\/7"}],"replies":[{"embeddable":true,"href":"http:\/\/www.billard-club-sottevillais.com\/index.php?rest_route=%2Fwp%2Fv2%2Fcomments&post=8096"}],"version-history":[{"count":3,"href":"http:\/\/www.billard-club-sottevillais.com\/index.php?rest_route=\/wp\/v2\/pages\/8096\/revisions"}],"predecessor-version":[{"id":8102,"href":"http:\/\/www.billard-club-sottevillais.com\/index.php?rest_route=\/wp\/v2\/pages\/8096\/revisions\/8102"}],"up":[{"embeddable":true,"href":"http:\/\/www.billard-club-sottevillais.com\/index.php?rest_route=\/wp\/v2\/pages\/43"}],"wp:attachment":[{"href":"http:\/\/www.billard-club-sottevillais.com\/index.php?rest_route=%2Fwp%2Fv2%2Fmedia&parent=8096"}],"curies":[{"name":"wp","href":"https:\/\/api.w.org\/{rel}","templated":true}]}}