{"id":8058,"date":"2017-03-12T16:14:54","date_gmt":"2017-03-12T16:14:54","guid":{"rendered":"http:\/\/www.billard-club-sottevillais.com\/?page_id=8058"},"modified":"2017-03-12T16:14:54","modified_gmt":"2017-03-12T16:14:54","slug":"bande-r2-t3-12-mars-2017","status":"publish","type":"page","link":"http:\/\/www.billard-club-sottevillais.com\/?page_id=8058","title":{"rendered":"Bande R2 T3 &#8211; 12 mars 2017"},"content":{"rendered":"<p style=\"text-align: justify;\">R\u00e9sultats des Tournois, vous trouverez ici toutes les informations concernant les rencontres sportives auxquelles participe le Billard Club Sottevillais.<\/p>\n<p style=\"text-align: center;\"><!--more--><img loading=\"lazy\" decoding=\"async\" class=\"aligncenter size-full wp-image-59\" title=\"sport\" src=\"http:\/\/billardcf.cluster010.ovh.net\/wp-content\/uploads\/2011\/07\/sport.jpg\" alt=\"\" width=\"231\" height=\"116\" \/><\/p>\n<p style=\"text-align: justify;\">Le 3\u00e8me tour de Bande R2 s&rsquo;est d\u00e9roul\u00e9 le 12 mars 2017 \u00e0 Sotteville-l\u00e8s-Rouen.<\/p>\n<p style=\"text-align: justify;\">Pascal Ippolito et Patrick Poignye repr\u00e9sentaient le BCS.<\/p>\n<p style=\"text-align: justify;\">Pascal prend la 9\u00e8me place et Patrick la 8\u00e8me.<\/p>\n<p style=\"text-align: justify;\">Jean-Pierre Maze du Havre termine 1er<\/p>\n<p style=\"text-align: center;\"><img loading=\"lazy\" decoding=\"async\" class=\"aligncenter size-large wp-image-8059\" title=\"BANDE R2 T3 12.03.17 Sotteville (1)\" src=\"http:\/\/www.billard-club-sottevillais.com\/wp-content\/uploads\/2017\/03\/BANDE-R2-T3-12.03.17-Sotteville-1-723x1024.jpg\" alt=\"\" width=\"578\" height=\"819\" srcset=\"http:\/\/www.billard-club-sottevillais.com\/wp-content\/uploads\/2017\/03\/BANDE-R2-T3-12.03.17-Sotteville-1-723x1024.jpg 723w, http:\/\/www.billard-club-sottevillais.com\/wp-content\/uploads\/2017\/03\/BANDE-R2-T3-12.03.17-Sotteville-1-212x300.jpg 212w, http:\/\/www.billard-club-sottevillais.com\/wp-content\/uploads\/2017\/03\/BANDE-R2-T3-12.03.17-Sotteville-1.jpg 1240w\" sizes=\"auto, (max-width: 578px) 100vw, 578px\" \/><img loading=\"lazy\" decoding=\"async\" class=\"aligncenter size-large wp-image-8060\" title=\"BANDE R2 T3 12.03.17 Sotteville (2)\" src=\"http:\/\/www.billard-club-sottevillais.com\/wp-content\/uploads\/2017\/03\/BANDE-R2-T3-12.03.17-Sotteville-2-723x1024.jpg\" alt=\"\" width=\"578\" height=\"819\" srcset=\"http:\/\/www.billard-club-sottevillais.com\/wp-content\/uploads\/2017\/03\/BANDE-R2-T3-12.03.17-Sotteville-2-723x1024.jpg 723w, http:\/\/www.billard-club-sottevillais.com\/wp-content\/uploads\/2017\/03\/BANDE-R2-T3-12.03.17-Sotteville-2-212x300.jpg 212w, http:\/\/www.billard-club-sottevillais.com\/wp-content\/uploads\/2017\/03\/BANDE-R2-T3-12.03.17-Sotteville-2.jpg 1240w\" sizes=\"auto, (max-width: 578px) 100vw, 578px\" \/><\/p>\n<p style=\"text-align: center;\">\n<h4 style=\"padding-left: 30px;\">Le pdf ici : <a href=\"http:\/\/www.billard-club-sottevillais.com\/wp-content\/uploads\/2017\/03\/BANDE-R2-T3-12.03.17-Sotteville.pdf\" target=\"_blank\">BANDE R2 T3 12.03.17 Sotteville<\/a><\/h4>\n","protected":false},"excerpt":{"rendered":"<p>R\u00e9sultats des Tournois, vous trouverez ici toutes les informations concernant les rencontres sportives auxquelles participe le Billard Club Sottevillais.<\/p>\n","protected":false},"author":7,"featured_media":0,"parent":43,"menu_order":0,"comment_status":"open","ping_status":"open","template":"page-full.php","meta":{"footnotes":""},"class_list":["post-8058","page","type-page","status-publish","hentry"],"_links":{"self":[{"href":"http:\/\/www.billard-club-sottevillais.com\/index.php?rest_route=\/wp\/v2\/pages\/8058","targetHints":{"allow":["GET"]}}],"collection":[{"href":"http:\/\/www.billard-club-sottevillais.com\/index.php?rest_route=\/wp\/v2\/pages"}],"about":[{"href":"http:\/\/www.billard-club-sottevillais.com\/index.php?rest_route=\/wp\/v2\/types\/page"}],"author":[{"embeddable":true,"href":"http:\/\/www.billard-club-sottevillais.com\/index.php?rest_route=\/wp\/v2\/users\/7"}],"replies":[{"embeddable":true,"href":"http:\/\/www.billard-club-sottevillais.com\/index.php?rest_route=%2Fwp%2Fv2%2Fcomments&post=8058"}],"version-history":[{"count":2,"href":"http:\/\/www.billard-club-sottevillais.com\/index.php?rest_route=\/wp\/v2\/pages\/8058\/revisions"}],"predecessor-version":[{"id":8063,"href":"http:\/\/www.billard-club-sottevillais.com\/index.php?rest_route=\/wp\/v2\/pages\/8058\/revisions\/8063"}],"up":[{"embeddable":true,"href":"http:\/\/www.billard-club-sottevillais.com\/index.php?rest_route=\/wp\/v2\/pages\/43"}],"wp:attachment":[{"href":"http:\/\/www.billard-club-sottevillais.com\/index.php?rest_route=%2Fwp%2Fv2%2Fmedia&parent=8058"}],"curies":[{"name":"wp","href":"https:\/\/api.w.org\/{rel}","templated":true}]}}