{"id":8053,"date":"2017-03-12T16:07:05","date_gmt":"2017-03-12T16:07:05","guid":{"rendered":"http:\/\/www.billard-club-sottevillais.com\/?page_id=8053"},"modified":"2017-03-12T16:07:05","modified_gmt":"2017-03-12T16:07:05","slug":"bande-r1-t3-12-mars-2017","status":"publish","type":"page","link":"http:\/\/www.billard-club-sottevillais.com\/?page_id=8053","title":{"rendered":"Bande R1 T3 &#8211; 12 Mars 2017"},"content":{"rendered":"<p style=\"text-align: justify;\">R\u00e9sultats des Tournois, vous trouverez ici toutes les informations concernant les rencontres sportives auxquelles participe le Billard Club Sottevillais.<\/p>\n<p style=\"text-align: center;\"><!--more--><img loading=\"lazy\" decoding=\"async\" class=\"aligncenter size-full wp-image-59\" title=\"sport\" src=\"http:\/\/billardcf.cluster010.ovh.net\/wp-content\/uploads\/2011\/07\/sport.jpg\" alt=\"\" width=\"231\" height=\"116\" \/><\/p>\n<p style=\"text-align: justify;\">Le 3\u00e8me tour de Bande R1 s&rsquo;est d\u00e9roul\u00e9 le 12 Mars 2017 \u00e0 Oissel. Gerard Gueret et Jacques Robin repr\u00e9sentaient le BCS dans ce tour \u00e0 5 joueurs.<\/p>\n<p style=\"text-align: justify;\">Gerard prend la 4\u00e8me place et Jacques prend la 2\u00e8me.<\/p>\n<p style=\"text-align: justify;\">Cedric Legendre de Rouen termine 1\u00e8me.<\/p>\n<p style=\"text-align: center;\"><img loading=\"lazy\" decoding=\"async\" class=\"aligncenter size-large wp-image-8054\" title=\"BANDE R1 T3 12-03-2017 Oissel\" src=\"http:\/\/www.billard-club-sottevillais.com\/wp-content\/uploads\/2017\/03\/BANDE-R1-T3-12-03-2017-Oissel-e1489334640640-1024x723.jpg\" alt=\"\" width=\"819\" height=\"578\" srcset=\"http:\/\/www.billard-club-sottevillais.com\/wp-content\/uploads\/2017\/03\/BANDE-R1-T3-12-03-2017-Oissel-e1489334640640-1024x723.jpg 1024w, http:\/\/www.billard-club-sottevillais.com\/wp-content\/uploads\/2017\/03\/BANDE-R1-T3-12-03-2017-Oissel-e1489334640640-300x212.jpg 300w, http:\/\/www.billard-club-sottevillais.com\/wp-content\/uploads\/2017\/03\/BANDE-R1-T3-12-03-2017-Oissel-e1489334640640.jpg 1754w\" sizes=\"auto, (max-width: 706px) 89vw, (max-width: 767px) 82vw, 740px\" \/><\/p>\n<h4 style=\"padding-left: 30px;\">Le pdf ici : <a href=\"http:\/\/www.billard-club-sottevillais.com\/wp-content\/uploads\/2017\/03\/BANDE-R1-T3-12-03-2017-Oissel.pdf\" target=\"_blank\">BANDE R1 T3 12-03-2017 Oissel<\/a><\/h4>\n","protected":false},"excerpt":{"rendered":"<p>R\u00e9sultats des Tournois, vous trouverez ici toutes les informations concernant les rencontres sportives auxquelles participe le Billard Club Sottevillais.<\/p>\n","protected":false},"author":7,"featured_media":0,"parent":43,"menu_order":0,"comment_status":"open","ping_status":"open","template":"page-full.php","meta":{"footnotes":""},"class_list":["post-8053","page","type-page","status-publish","hentry"],"_links":{"self":[{"href":"http:\/\/www.billard-club-sottevillais.com\/index.php?rest_route=\/wp\/v2\/pages\/8053","targetHints":{"allow":["GET"]}}],"collection":[{"href":"http:\/\/www.billard-club-sottevillais.com\/index.php?rest_route=\/wp\/v2\/pages"}],"about":[{"href":"http:\/\/www.billard-club-sottevillais.com\/index.php?rest_route=\/wp\/v2\/types\/page"}],"author":[{"embeddable":true,"href":"http:\/\/www.billard-club-sottevillais.com\/index.php?rest_route=\/wp\/v2\/users\/7"}],"replies":[{"embeddable":true,"href":"http:\/\/www.billard-club-sottevillais.com\/index.php?rest_route=%2Fwp%2Fv2%2Fcomments&post=8053"}],"version-history":[{"count":2,"href":"http:\/\/www.billard-club-sottevillais.com\/index.php?rest_route=\/wp\/v2\/pages\/8053\/revisions"}],"predecessor-version":[{"id":8057,"href":"http:\/\/www.billard-club-sottevillais.com\/index.php?rest_route=\/wp\/v2\/pages\/8053\/revisions\/8057"}],"up":[{"embeddable":true,"href":"http:\/\/www.billard-club-sottevillais.com\/index.php?rest_route=\/wp\/v2\/pages\/43"}],"wp:attachment":[{"href":"http:\/\/www.billard-club-sottevillais.com\/index.php?rest_route=%2Fwp%2Fv2%2Fmedia&parent=8053"}],"curies":[{"name":"wp","href":"https:\/\/api.w.org\/{rel}","templated":true}]}}