{"id":8039,"date":"2017-03-05T18:59:01","date_gmt":"2017-03-05T18:59:01","guid":{"rendered":"http:\/\/www.billard-club-sottevillais.com\/?page_id=8039"},"modified":"2017-03-05T18:59:01","modified_gmt":"2017-03-05T18:59:01","slug":"finale-de-district-libre-r4-05-mars-2017","status":"publish","type":"page","link":"http:\/\/www.billard-club-sottevillais.com\/?page_id=8039","title":{"rendered":"Finale de District Libre R4 &#8211; 05 mars 2017"},"content":{"rendered":"<p style=\"text-align: justify;\">R\u00e9sultats des Tournois, vous trouverez ici toutes les informations concernant les rencontres sportives auxquelles participe le Billard Club Sottevillais.<\/p>\n<p style=\"text-align: center;\"><!--more--><\/p>\n<p><img loading=\"lazy\" decoding=\"async\" class=\"aligncenter size-full wp-image-59\" title=\"sport\" src=\"http:\/\/billardcf.cluster010.ovh.net\/wp-content\/uploads\/2011\/07\/sport.jpg\" alt=\"\" width=\"231\" height=\"116\" \/><\/p>\n<h2><\/h2>\n<p style=\"text-align: justify;\">La finale de dictrict de Libre R4 s&rsquo;est d\u00e9roul\u00e9e le 05 Mars 2017 \u00e0 Cany-Barville. Bruno Choupaut faisait parti des six s\u00e9lectionn\u00e9s pour disputer cette finale \u00e0 6 joueurs.<br \/>\nBruno avec 2 victoire et 3 d\u00e9faites finit 4\u00e8me. Adrien Fagot de Cany-Barville gagne cette finale avec 4 victoires et 1 d\u00e9faite.<\/p>\n<p style=\"text-align: center;\"><img loading=\"lazy\" decoding=\"async\" class=\"aligncenter size-large wp-image-8048\" title=\"Libre R4 Finale de district Cany 05.03.2017\" src=\"http:\/\/www.billard-club-sottevillais.com\/wp-content\/uploads\/2017\/03\/Libre-R4-Finale-de-district-Cany-05.03.2017-e1488740167657-1024x723.jpg\" alt=\"\" width=\"819\" height=\"578\" srcset=\"http:\/\/www.billard-club-sottevillais.com\/wp-content\/uploads\/2017\/03\/Libre-R4-Finale-de-district-Cany-05.03.2017-e1488740167657-1024x723.jpg 1024w, http:\/\/www.billard-club-sottevillais.com\/wp-content\/uploads\/2017\/03\/Libre-R4-Finale-de-district-Cany-05.03.2017-e1488740167657-300x212.jpg 300w, http:\/\/www.billard-club-sottevillais.com\/wp-content\/uploads\/2017\/03\/Libre-R4-Finale-de-district-Cany-05.03.2017-e1488740167657.jpg 1754w\" sizes=\"auto, (max-width: 706px) 89vw, (max-width: 767px) 82vw, 740px\" \/><\/p>\n<h4 style=\"padding-left: 30px;\">Le Pdf ici : <a href=\"http:\/\/www.billard-club-sottevillais.com\/wp-content\/uploads\/2017\/03\/Libre-R4-Finale-de-district-Cany-05.03.2017.pdf\" target=\"_blank\">Libre R4 Finale de district Cany 05.03.2017<\/a><\/h4>\n","protected":false},"excerpt":{"rendered":"<p>R\u00e9sultats des Tournois, vous trouverez ici toutes les informations concernant les rencontres sportives auxquelles participe le Billard Club Sottevillais.<\/p>\n","protected":false},"author":7,"featured_media":0,"parent":43,"menu_order":0,"comment_status":"open","ping_status":"open","template":"page-full.php","meta":{"footnotes":""},"class_list":["post-8039","page","type-page","status-publish","hentry"],"_links":{"self":[{"href":"http:\/\/www.billard-club-sottevillais.com\/index.php?rest_route=\/wp\/v2\/pages\/8039","targetHints":{"allow":["GET"]}}],"collection":[{"href":"http:\/\/www.billard-club-sottevillais.com\/index.php?rest_route=\/wp\/v2\/pages"}],"about":[{"href":"http:\/\/www.billard-club-sottevillais.com\/index.php?rest_route=\/wp\/v2\/types\/page"}],"author":[{"embeddable":true,"href":"http:\/\/www.billard-club-sottevillais.com\/index.php?rest_route=\/wp\/v2\/users\/7"}],"replies":[{"embeddable":true,"href":"http:\/\/www.billard-club-sottevillais.com\/index.php?rest_route=%2Fwp%2Fv2%2Fcomments&post=8039"}],"version-history":[{"count":3,"href":"http:\/\/www.billard-club-sottevillais.com\/index.php?rest_route=\/wp\/v2\/pages\/8039\/revisions"}],"predecessor-version":[{"id":8051,"href":"http:\/\/www.billard-club-sottevillais.com\/index.php?rest_route=\/wp\/v2\/pages\/8039\/revisions\/8051"}],"up":[{"embeddable":true,"href":"http:\/\/www.billard-club-sottevillais.com\/index.php?rest_route=\/wp\/v2\/pages\/43"}],"wp:attachment":[{"href":"http:\/\/www.billard-club-sottevillais.com\/index.php?rest_route=%2Fwp%2Fv2%2Fmedia&parent=8039"}],"curies":[{"name":"wp","href":"https:\/\/api.w.org\/{rel}","templated":true}]}}