{"id":8037,"date":"2017-03-05T18:49:20","date_gmt":"2017-03-05T18:49:20","guid":{"rendered":"http:\/\/www.billard-club-sottevillais.com\/?page_id=8037"},"modified":"2017-03-05T18:54:32","modified_gmt":"2017-03-05T18:54:32","slug":"finale-de-district-libre-r2-05-mars-2017","status":"publish","type":"page","link":"http:\/\/www.billard-club-sottevillais.com\/?page_id=8037","title":{"rendered":"Finale de District Libre R2 &#8211; 05 mars 2017"},"content":{"rendered":"<p style=\"text-align: justify;\">R\u00e9sultats des Tournois, vous trouverez ici toutes les informations concernant les rencontres sportives auxquelles participe le Billard Club Sottevillais.<\/p>\n<p style=\"text-align: center;\"><!--more--><\/p>\n<p><img loading=\"lazy\" decoding=\"async\" class=\"aligncenter size-full wp-image-59\" title=\"sport\" src=\"http:\/\/billardcf.cluster010.ovh.net\/wp-content\/uploads\/2011\/07\/sport.jpg\" alt=\"\" width=\"231\" height=\"116\" \/><\/p>\n<h2><\/h2>\n<p style=\"text-align: justify;\">La finale de district de Libre R2 s&rsquo;est d\u00e9roul\u00e9e le 05 Mars 2017 \u00e0 Sotteville-l\u00e8s-Rouen. Bruno Pierrel, G\u00e9rard Gueret et Jacques Robin repr\u00e9sentaient le BCS pour cette finale \u00e0 6 joueurs.<br \/>\nG\u00e9rard prend la 4\u00e8me place devant Jacques Robin et Bruno termine 6\u00e8me.<\/p>\n<p style=\"text-align: justify;\">Cedric Legendre de Rouen avec 5 victoires gagne cette finale.<\/p>\n<p style=\"text-align: center;\"><img loading=\"lazy\" decoding=\"async\" class=\"aligncenter size-large wp-image-8042\" title=\"LIBRE R2 FINALE DE DISTRICT 05.03.2017\" src=\"http:\/\/www.billard-club-sottevillais.com\/wp-content\/uploads\/2017\/03\/LIBRE-R2-FINALE-DE-DISTRICT-05.03.2017-e1488739513870-1024x723.jpg\" alt=\"\" width=\"819\" height=\"578\" srcset=\"http:\/\/www.billard-club-sottevillais.com\/wp-content\/uploads\/2017\/03\/LIBRE-R2-FINALE-DE-DISTRICT-05.03.2017-e1488739513870-1024x723.jpg 1024w, http:\/\/www.billard-club-sottevillais.com\/wp-content\/uploads\/2017\/03\/LIBRE-R2-FINALE-DE-DISTRICT-05.03.2017-e1488739513870-300x212.jpg 300w, http:\/\/www.billard-club-sottevillais.com\/wp-content\/uploads\/2017\/03\/LIBRE-R2-FINALE-DE-DISTRICT-05.03.2017-e1488739513870.jpg 1754w\" sizes=\"auto, (max-width: 706px) 89vw, (max-width: 767px) 82vw, 740px\" \/><img loading=\"lazy\" decoding=\"async\" class=\"aligncenter size-large wp-image-8046\" title=\"Libre R2 Finale District photo\" src=\"http:\/\/www.billard-club-sottevillais.com\/wp-content\/uploads\/2017\/03\/Libre-R2-Finale-District-photo-1024x768.jpg\" alt=\"\" width=\"717\" height=\"538\" srcset=\"http:\/\/www.billard-club-sottevillais.com\/wp-content\/uploads\/2017\/03\/Libre-R2-Finale-District-photo-1024x768.jpg 1024w, http:\/\/www.billard-club-sottevillais.com\/wp-content\/uploads\/2017\/03\/Libre-R2-Finale-District-photo-300x225.jpg 300w\" sizes=\"auto, (max-width: 717px) 100vw, 717px\" \/><\/p>\n<h4 style=\"padding-left: 30px;\">Le Pdf ici :<a href=\"http:\/\/www.billard-club-sottevillais.com\/wp-content\/uploads\/2017\/03\/LIBRE-R2-FINALE-DE-DISTRICT-05.03.2017.pdf\" target=\"_blank\">LIBRE R2 FINALE DE DISTRICT 05.03.2017<\/a><\/h4>\n","protected":false},"excerpt":{"rendered":"<p>R\u00e9sultats des Tournois, vous trouverez ici toutes les informations concernant les rencontres sportives auxquelles participe le Billard Club Sottevillais.<\/p>\n","protected":false},"author":7,"featured_media":0,"parent":43,"menu_order":0,"comment_status":"open","ping_status":"open","template":"page-full.php","meta":{"footnotes":""},"class_list":["post-8037","page","type-page","status-publish","hentry"],"_links":{"self":[{"href":"http:\/\/www.billard-club-sottevillais.com\/index.php?rest_route=\/wp\/v2\/pages\/8037","targetHints":{"allow":["GET"]}}],"collection":[{"href":"http:\/\/www.billard-club-sottevillais.com\/index.php?rest_route=\/wp\/v2\/pages"}],"about":[{"href":"http:\/\/www.billard-club-sottevillais.com\/index.php?rest_route=\/wp\/v2\/types\/page"}],"author":[{"embeddable":true,"href":"http:\/\/www.billard-club-sottevillais.com\/index.php?rest_route=\/wp\/v2\/users\/7"}],"replies":[{"embeddable":true,"href":"http:\/\/www.billard-club-sottevillais.com\/index.php?rest_route=%2Fwp%2Fv2%2Fcomments&post=8037"}],"version-history":[{"count":4,"href":"http:\/\/www.billard-club-sottevillais.com\/index.php?rest_route=\/wp\/v2\/pages\/8037\/revisions"}],"predecessor-version":[{"id":8045,"href":"http:\/\/www.billard-club-sottevillais.com\/index.php?rest_route=\/wp\/v2\/pages\/8037\/revisions\/8045"}],"up":[{"embeddable":true,"href":"http:\/\/www.billard-club-sottevillais.com\/index.php?rest_route=\/wp\/v2\/pages\/43"}],"wp:attachment":[{"href":"http:\/\/www.billard-club-sottevillais.com\/index.php?rest_route=%2Fwp%2Fv2%2Fmedia&parent=8037"}],"curies":[{"name":"wp","href":"https:\/\/api.w.org\/{rel}","templated":true}]}}