{"id":8014,"date":"2017-02-26T20:09:49","date_gmt":"2017-02-26T20:09:49","guid":{"rendered":"http:\/\/www.billard-club-sottevillais.com\/?page_id=8014"},"modified":"2017-02-26T20:09:49","modified_gmt":"2017-02-26T20:09:49","slug":"cadre-n3-finale-de-ligue-26-fevrier-2017","status":"publish","type":"page","link":"http:\/\/www.billard-club-sottevillais.com\/?page_id=8014","title":{"rendered":"Cadre N3 &#8211; Finale de Ligue 26 F\u00e9vrier 2017"},"content":{"rendered":"<p style=\"text-align: justify;\">R\u00e9sultats des Tournois, vous trouverez ici toutes les informations concernant les rencontres sportives auxquelles participe le Billard Club Sottevillais.<\/p>\n<p style=\"text-align: center;\"><!--more--><img loading=\"lazy\" decoding=\"async\" class=\"aligncenter size-full wp-image-59\" title=\"sport\" src=\"http:\/\/billardcf.cluster010.ovh.net\/wp-content\/uploads\/2011\/07\/sport.jpg\" alt=\"\" width=\"231\" height=\"116\" \/><\/p>\n<p>&nbsp;<\/p>\n<p>La Finale de Normandie au cadre N3 s&rsquo;est d\u00e9roul\u00e9e le 26 F\u00e9vrier 2017 \u00e0 Louviers. Anthony Branco repr\u00e9sentait le BCS. Avec 3 victoires et 2 d\u00e9faites, Anthony prend la 3\u00e8me place avec 6,453 de moyenne G\u00e9n\u00e9ral.<\/p>\n<p>Didier Tiriau de Bernay est champion de Normandie.<\/p>\n<p style=\"text-align: center;\"><img loading=\"lazy\" decoding=\"async\" class=\"aligncenter size-large wp-image-8015\" title=\"Cadre N3 FL 26 F\u00e9vrier 2017\" src=\"http:\/\/www.billard-club-sottevillais.com\/wp-content\/uploads\/2017\/02\/Cadre-N3-FL-26-F\u00e9vrier-2017-e1488139434425-1024x723.jpg\" alt=\"\" width=\"819\" height=\"578\" srcset=\"http:\/\/www.billard-club-sottevillais.com\/wp-content\/uploads\/2017\/02\/Cadre-N3-FL-26-F\u00e9vrier-2017-e1488139434425-1024x723.jpg 1024w, http:\/\/www.billard-club-sottevillais.com\/wp-content\/uploads\/2017\/02\/Cadre-N3-FL-26-F\u00e9vrier-2017-e1488139434425-300x212.jpg 300w, http:\/\/www.billard-club-sottevillais.com\/wp-content\/uploads\/2017\/02\/Cadre-N3-FL-26-F\u00e9vrier-2017-e1488139434425.jpg 1754w\" sizes=\"auto, (max-width: 706px) 89vw, (max-width: 767px) 82vw, 740px\" \/><\/p>\n<h4>Le pdf ici : <a href=\"http:\/\/www.billard-club-sottevillais.com\/wp-content\/uploads\/2017\/02\/Cadre-N3-FL-26-F%C3%A9vrier-2017.pdf\" target=\"_blank\">Cadre N3 FL 26 F\u00e9vrier 2017<\/a><\/h4>\n","protected":false},"excerpt":{"rendered":"<p>R\u00e9sultats des Tournois, vous trouverez ici toutes les informations concernant les rencontres sportives auxquelles participe le Billard Club Sottevillais.<\/p>\n","protected":false},"author":7,"featured_media":0,"parent":43,"menu_order":0,"comment_status":"open","ping_status":"open","template":"page-full.php","meta":{"footnotes":""},"class_list":["post-8014","page","type-page","status-publish","hentry"],"_links":{"self":[{"href":"http:\/\/www.billard-club-sottevillais.com\/index.php?rest_route=\/wp\/v2\/pages\/8014","targetHints":{"allow":["GET"]}}],"collection":[{"href":"http:\/\/www.billard-club-sottevillais.com\/index.php?rest_route=\/wp\/v2\/pages"}],"about":[{"href":"http:\/\/www.billard-club-sottevillais.com\/index.php?rest_route=\/wp\/v2\/types\/page"}],"author":[{"embeddable":true,"href":"http:\/\/www.billard-club-sottevillais.com\/index.php?rest_route=\/wp\/v2\/users\/7"}],"replies":[{"embeddable":true,"href":"http:\/\/www.billard-club-sottevillais.com\/index.php?rest_route=%2Fwp%2Fv2%2Fcomments&post=8014"}],"version-history":[{"count":3,"href":"http:\/\/www.billard-club-sottevillais.com\/index.php?rest_route=\/wp\/v2\/pages\/8014\/revisions"}],"predecessor-version":[{"id":8019,"href":"http:\/\/www.billard-club-sottevillais.com\/index.php?rest_route=\/wp\/v2\/pages\/8014\/revisions\/8019"}],"up":[{"embeddable":true,"href":"http:\/\/www.billard-club-sottevillais.com\/index.php?rest_route=\/wp\/v2\/pages\/43"}],"wp:attachment":[{"href":"http:\/\/www.billard-club-sottevillais.com\/index.php?rest_route=%2Fwp%2Fv2%2Fmedia&parent=8014"}],"curies":[{"name":"wp","href":"https:\/\/api.w.org\/{rel}","templated":true}]}}