{"id":7967,"date":"2017-02-19T18:58:03","date_gmt":"2017-02-19T18:58:03","guid":{"rendered":"http:\/\/www.billard-club-sottevillais.com\/?page_id=7967"},"modified":"2017-02-19T18:58:03","modified_gmt":"2017-02-19T18:58:03","slug":"4-billes-finale-de-ligue-19-fevrier-2017","status":"publish","type":"page","link":"http:\/\/www.billard-club-sottevillais.com\/?page_id=7967","title":{"rendered":"4 Billes &#8211; Finale de Ligue &#8211; 19 F\u00e9vrier 2017"},"content":{"rendered":"<p style=\"text-align: justify;\">R\u00e9sultats des Tournois, vous trouverez ici toutes les informations concernant les rencontres sportives auxquelles participe le Billard Club Sottevillais.<\/p>\n<p style=\"text-align: center;\"><!--more--><\/p>\n<p><img loading=\"lazy\" decoding=\"async\" class=\"aligncenter size-full wp-image-59\" title=\"sport\" src=\"http:\/\/billardcf.cluster010.ovh.net\/wp-content\/uploads\/2011\/07\/sport.jpg\" alt=\"\" width=\"231\" height=\"116\" \/><\/p>\n<h2 style=\"text-align: center;\">4 Billes &#8211; Finale de Ligue<\/h2>\n<p>&nbsp;<\/p>\n<p style=\"text-align: justify;\">La finale de Ligue de 4 billes s&rsquo;est d\u00e9roul\u00e9e le 19 F\u00e9vrier 2017 \u00e0 Sotteville l\u00e8s Rouen.<\/p>\n<p style=\"text-align: justify;\">Pour cette finale \u00e0 5, 2 sottevillais \u00e9taient selectionn\u00e9s, Dominique Gueroult et Jacques Notheaux.<\/p>\n<p style=\"text-align: justify;\">Dominique termine 4\u00e8me.<\/p>\n<p style=\"text-align: justify;\">Jacques avec 3 victoires et 1 d\u00e9faite termine 1er, il est champion de Normandie.<\/p>\n<p style=\"text-align: center;\"><img loading=\"lazy\" decoding=\"async\" class=\"aligncenter size-large wp-image-7969\" title=\"4 BILLES - FINALE DE LIGUE - 19 f\u00e9vrier 2017\" src=\"http:\/\/www.billard-club-sottevillais.com\/wp-content\/uploads\/2017\/02\/4-BILLES-FINALE-DE-LIGUE-19-f\u00e9vrier-20171-e1487530371284-1024x723.jpg\" alt=\"\" width=\"819\" height=\"578\" srcset=\"http:\/\/www.billard-club-sottevillais.com\/wp-content\/uploads\/2017\/02\/4-BILLES-FINALE-DE-LIGUE-19-f\u00e9vrier-20171-e1487530371284-1024x723.jpg 1024w, http:\/\/www.billard-club-sottevillais.com\/wp-content\/uploads\/2017\/02\/4-BILLES-FINALE-DE-LIGUE-19-f\u00e9vrier-20171-e1487530371284-300x212.jpg 300w, http:\/\/www.billard-club-sottevillais.com\/wp-content\/uploads\/2017\/02\/4-BILLES-FINALE-DE-LIGUE-19-f\u00e9vrier-20171-e1487530371284.jpg 1754w\" sizes=\"auto, (max-width: 706px) 89vw, (max-width: 767px) 82vw, 740px\" \/><img loading=\"lazy\" decoding=\"async\" class=\"aligncenter size-large wp-image-7971\" title=\"Les finalistes et arbitres\" src=\"http:\/\/www.billard-club-sottevillais.com\/wp-content\/uploads\/2017\/02\/Les-finalistes-et-arbitres-1024x768.jpg\" alt=\"\" width=\"717\" height=\"538\" srcset=\"http:\/\/www.billard-club-sottevillais.com\/wp-content\/uploads\/2017\/02\/Les-finalistes-et-arbitres-1024x768.jpg 1024w, http:\/\/www.billard-club-sottevillais.com\/wp-content\/uploads\/2017\/02\/Les-finalistes-et-arbitres-300x225.jpg 300w\" sizes=\"auto, (max-width: 717px) 100vw, 717px\" \/><\/p>\n<h4 style=\"padding-left: 30px;\">Le Pdf ici :<a href=\"http:\/\/www.billard-club-sottevillais.com\/wp-content\/uploads\/2017\/02\/4-BILLES-FINALE-DE-LIGUE-19-f%C3%A9vrier-2017.pdf\" target=\"_blank\">4 BILLES &#8211; FINALE DE LIGUE &#8211; 19 f\u00e9vrier 2017<\/a><\/h4>\n","protected":false},"excerpt":{"rendered":"<p>R\u00e9sultats des Tournois, vous trouverez ici toutes les informations concernant les rencontres sportives auxquelles participe le Billard Club Sottevillais.<\/p>\n","protected":false},"author":7,"featured_media":0,"parent":43,"menu_order":0,"comment_status":"open","ping_status":"open","template":"page-full.php","meta":{"footnotes":""},"class_list":["post-7967","page","type-page","status-publish","hentry"],"_links":{"self":[{"href":"http:\/\/www.billard-club-sottevillais.com\/index.php?rest_route=\/wp\/v2\/pages\/7967","targetHints":{"allow":["GET"]}}],"collection":[{"href":"http:\/\/www.billard-club-sottevillais.com\/index.php?rest_route=\/wp\/v2\/pages"}],"about":[{"href":"http:\/\/www.billard-club-sottevillais.com\/index.php?rest_route=\/wp\/v2\/types\/page"}],"author":[{"embeddable":true,"href":"http:\/\/www.billard-club-sottevillais.com\/index.php?rest_route=\/wp\/v2\/users\/7"}],"replies":[{"embeddable":true,"href":"http:\/\/www.billard-club-sottevillais.com\/index.php?rest_route=%2Fwp%2Fv2%2Fcomments&post=7967"}],"version-history":[{"count":2,"href":"http:\/\/www.billard-club-sottevillais.com\/index.php?rest_route=\/wp\/v2\/pages\/7967\/revisions"}],"predecessor-version":[{"id":7973,"href":"http:\/\/www.billard-club-sottevillais.com\/index.php?rest_route=\/wp\/v2\/pages\/7967\/revisions\/7973"}],"up":[{"embeddable":true,"href":"http:\/\/www.billard-club-sottevillais.com\/index.php?rest_route=\/wp\/v2\/pages\/43"}],"wp:attachment":[{"href":"http:\/\/www.billard-club-sottevillais.com\/index.php?rest_route=%2Fwp%2Fv2%2Fmedia&parent=7967"}],"curies":[{"name":"wp","href":"https:\/\/api.w.org\/{rel}","templated":true}]}}