{"id":7943,"date":"2017-02-07T21:09:50","date_gmt":"2017-02-07T21:09:50","guid":{"rendered":"http:\/\/www.billard-club-sottevillais.com\/?page_id=7943"},"modified":"2017-02-07T21:09:50","modified_gmt":"2017-02-07T21:09:50","slug":"equipe-d2-07-fevrier-2017","status":"publish","type":"page","link":"http:\/\/www.billard-club-sottevillais.com\/?page_id=7943","title":{"rendered":"Equipe D2 &#8211; 07 F\u00e9vrier 2017"},"content":{"rendered":"<p style=\"text-align: justify;\">R\u00e9sultats des Tournois, vous trouverez ici toutes les informations concernant les rencontres sportives auxquelles participe le Billard Club Sottevillais.<\/p>\n<p style=\"text-align: center;\"><!--more--><img loading=\"lazy\" decoding=\"async\" class=\"aligncenter size-full wp-image-59\" title=\"sport\" src=\"http:\/\/billardcf.cluster010.ovh.net\/wp-content\/uploads\/2011\/07\/sport.jpg\" alt=\"\" width=\"231\" height=\"116\" \/><\/p>\n<p>&nbsp;<\/p>\n<p style=\"text-align: justify;\">Le 07 F\u00e9vrier 2017, notre \u00e9quipe D2 compos\u00e9e de Jacques Alexandre, Giovanni Gauthier et Gerard Gueret s&rsquo;est d\u00e9plac\u00e9e \u00e0 Gaillon.<\/p>\n<p style=\"text-align: justify;\">L&rsquo;\u00e9quipe de Sotteville a domin\u00e9 Gaillon 10 \u00e0 8.<\/p>\n<p>&nbsp;<\/p>\n<p style=\"text-align: center;\"><img loading=\"lazy\" decoding=\"async\" class=\"aligncenter size-large wp-image-7944\" title=\"Pierre LESCAUT D2 Gaillon A - Sotteville A 07.02.17\" src=\"http:\/\/www.billard-club-sottevillais.com\/wp-content\/uploads\/2017\/02\/Pierre-LESCAUT-D2-Gaillon-A-Sotteville-A-07.02.17-723x1024.jpg\" alt=\"\" width=\"578\" height=\"819\" srcset=\"http:\/\/www.billard-club-sottevillais.com\/wp-content\/uploads\/2017\/02\/Pierre-LESCAUT-D2-Gaillon-A-Sotteville-A-07.02.17-723x1024.jpg 723w, http:\/\/www.billard-club-sottevillais.com\/wp-content\/uploads\/2017\/02\/Pierre-LESCAUT-D2-Gaillon-A-Sotteville-A-07.02.17-212x300.jpg 212w, http:\/\/www.billard-club-sottevillais.com\/wp-content\/uploads\/2017\/02\/Pierre-LESCAUT-D2-Gaillon-A-Sotteville-A-07.02.17.jpg 1240w\" sizes=\"auto, (max-width: 578px) 100vw, 578px\" \/><\/p>\n<h4 style=\"padding-left: 30px;\">Le pdf ici : <a href=\"http:\/\/www.billard-club-sottevillais.com\/wp-content\/uploads\/2017\/02\/Pierre-LESCAUT-D2-Gaillon-A-Sotteville-A-07.02.17.pdf\" target=\"_blank\">Pierre LESCAUT D2 Gaillon A &#8211; Sotteville A 07.02.17<\/a><\/h4>\n","protected":false},"excerpt":{"rendered":"<p>R\u00e9sultats des Tournois, vous trouverez ici toutes les informations concernant les rencontres sportives auxquelles participe le Billard Club Sottevillais.<\/p>\n","protected":false},"author":7,"featured_media":0,"parent":43,"menu_order":0,"comment_status":"open","ping_status":"open","template":"page-full.php","meta":{"footnotes":""},"class_list":["post-7943","page","type-page","status-publish","hentry"],"_links":{"self":[{"href":"http:\/\/www.billard-club-sottevillais.com\/index.php?rest_route=\/wp\/v2\/pages\/7943","targetHints":{"allow":["GET"]}}],"collection":[{"href":"http:\/\/www.billard-club-sottevillais.com\/index.php?rest_route=\/wp\/v2\/pages"}],"about":[{"href":"http:\/\/www.billard-club-sottevillais.com\/index.php?rest_route=\/wp\/v2\/types\/page"}],"author":[{"embeddable":true,"href":"http:\/\/www.billard-club-sottevillais.com\/index.php?rest_route=\/wp\/v2\/users\/7"}],"replies":[{"embeddable":true,"href":"http:\/\/www.billard-club-sottevillais.com\/index.php?rest_route=%2Fwp%2Fv2%2Fcomments&post=7943"}],"version-history":[{"count":2,"href":"http:\/\/www.billard-club-sottevillais.com\/index.php?rest_route=\/wp\/v2\/pages\/7943\/revisions"}],"predecessor-version":[{"id":7947,"href":"http:\/\/www.billard-club-sottevillais.com\/index.php?rest_route=\/wp\/v2\/pages\/7943\/revisions\/7947"}],"up":[{"embeddable":true,"href":"http:\/\/www.billard-club-sottevillais.com\/index.php?rest_route=\/wp\/v2\/pages\/43"}],"wp:attachment":[{"href":"http:\/\/www.billard-club-sottevillais.com\/index.php?rest_route=%2Fwp%2Fv2%2Fmedia&parent=7943"}],"curies":[{"name":"wp","href":"https:\/\/api.w.org\/{rel}","templated":true}]}}