{"id":7893,"date":"2017-02-06T11:28:26","date_gmt":"2017-02-06T11:28:26","guid":{"rendered":"http:\/\/www.billard-club-sottevillais.com\/?page_id=7893"},"modified":"2017-02-06T11:45:52","modified_gmt":"2017-02-06T11:45:52","slug":"libre-r3-t3-05-fevrier-2017","status":"publish","type":"page","link":"http:\/\/www.billard-club-sottevillais.com\/?page_id=7893","title":{"rendered":"Libre R3 T3 &#8211; 05 Fevrier 2017"},"content":{"rendered":"<p style=\"text-align: justify;\">R\u00e9sultats des Tournois, vous trouverez ici toutes les informations concernant les rencontres sportives auxquelles participe le Billard Club Sottevillais.<\/p>\n<p style=\"text-align: center;\"><!--more--><img loading=\"lazy\" decoding=\"async\" class=\"aligncenter size-full wp-image-59\" title=\"sport\" src=\"http:\/\/billardcf.cluster010.ovh.net\/wp-content\/uploads\/2011\/07\/sport.jpg\" alt=\"\" width=\"231\" height=\"116\" \/><\/p>\n<p>&nbsp;<\/p>\n<p style=\"text-align: justify;\">Le 3\u00e9me tour de libre R3 a eu lieu le 05 F\u00e9vrier 2017 \u00e0 Cany-Barville et \u00e0 Oissel.<\/p>\n<p style=\"text-align: justify;\">Emile Gauthier, Patrick Poignye repr\u00e9sentaient le BCS \u00e0 Oissel quand dans le m\u00eame temps Alain Lemonnier et Sylvain Baville \u00e9taient \u00e0 Cany-Barville.<\/p>\n<p style=\"text-align: justify;\">A Cany-Barville, Alain prend la 8\u00e8me et Sylvain la 7\u00e8me. Nathan Legendre de Rouen termine 1er.<\/p>\n<p style=\"text-align: justify;\">A Oissel :<em> En attente des r\u00e9sultats&#8230;<\/em><\/p>\n<p style=\"text-align: justify;\"><strong><em>A Cany-Barville:<\/em><\/strong><\/p>\n<p style=\"text-align: center;\"><img loading=\"lazy\" decoding=\"async\" class=\"aligncenter size-large wp-image-7931\" title=\"Libre R3 T3 Cany-Barville 05 02 17 (1)\" src=\"http:\/\/www.billard-club-sottevillais.com\/wp-content\/uploads\/2017\/02\/Libre-R3-T3-Cany-Barville-05-02-17-1-723x1024.jpg\" alt=\"\" width=\"578\" height=\"819\" srcset=\"http:\/\/www.billard-club-sottevillais.com\/wp-content\/uploads\/2017\/02\/Libre-R3-T3-Cany-Barville-05-02-17-1-723x1024.jpg 723w, http:\/\/www.billard-club-sottevillais.com\/wp-content\/uploads\/2017\/02\/Libre-R3-T3-Cany-Barville-05-02-17-1-212x300.jpg 212w, http:\/\/www.billard-club-sottevillais.com\/wp-content\/uploads\/2017\/02\/Libre-R3-T3-Cany-Barville-05-02-17-1.jpg 1240w\" sizes=\"auto, (max-width: 578px) 100vw, 578px\" \/><img loading=\"lazy\" decoding=\"async\" class=\"aligncenter size-large wp-image-7932\" title=\"Libre R3 T3 Cany-Barville 05 02 17 (2)\" src=\"http:\/\/www.billard-club-sottevillais.com\/wp-content\/uploads\/2017\/02\/Libre-R3-T3-Cany-Barville-05-02-17-2-723x1024.jpg\" alt=\"\" width=\"578\" height=\"819\" srcset=\"http:\/\/www.billard-club-sottevillais.com\/wp-content\/uploads\/2017\/02\/Libre-R3-T3-Cany-Barville-05-02-17-2-723x1024.jpg 723w, http:\/\/www.billard-club-sottevillais.com\/wp-content\/uploads\/2017\/02\/Libre-R3-T3-Cany-Barville-05-02-17-2-212x300.jpg 212w, http:\/\/www.billard-club-sottevillais.com\/wp-content\/uploads\/2017\/02\/Libre-R3-T3-Cany-Barville-05-02-17-2.jpg 1240w\" sizes=\"auto, (max-width: 578px) 100vw, 578px\" \/><\/p>\n<p style=\"text-align: left;\"><strong><em>A Oissel :<\/em><\/strong><\/p>\n<p style=\"text-align: left;\"><em>En attente des resultats&#8230;<\/em><\/p>\n<h4>Le pdf ici : <a href=\"http:\/\/www.billard-club-sottevillais.com\/wp-content\/uploads\/2017\/02\/Libre-R3-T3-Cany-Barville-05-02-17.pdf\" target=\"_blank\">Libre R3 T3 Cany-Barville 05 02 17<\/a><\/h4>\n<h4>Le pdf ici :<\/h4>\n","protected":false},"excerpt":{"rendered":"<p>R\u00e9sultats des Tournois, vous trouverez ici toutes les informations concernant les rencontres sportives auxquelles participe le Billard Club Sottevillais.<\/p>\n","protected":false},"author":7,"featured_media":0,"parent":43,"menu_order":0,"comment_status":"open","ping_status":"open","template":"page-full.php","meta":{"footnotes":""},"class_list":["post-7893","page","type-page","status-publish","hentry"],"_links":{"self":[{"href":"http:\/\/www.billard-club-sottevillais.com\/index.php?rest_route=\/wp\/v2\/pages\/7893","targetHints":{"allow":["GET"]}}],"collection":[{"href":"http:\/\/www.billard-club-sottevillais.com\/index.php?rest_route=\/wp\/v2\/pages"}],"about":[{"href":"http:\/\/www.billard-club-sottevillais.com\/index.php?rest_route=\/wp\/v2\/types\/page"}],"author":[{"embeddable":true,"href":"http:\/\/www.billard-club-sottevillais.com\/index.php?rest_route=\/wp\/v2\/users\/7"}],"replies":[{"embeddable":true,"href":"http:\/\/www.billard-club-sottevillais.com\/index.php?rest_route=%2Fwp%2Fv2%2Fcomments&post=7893"}],"version-history":[{"count":7,"href":"http:\/\/www.billard-club-sottevillais.com\/index.php?rest_route=\/wp\/v2\/pages\/7893\/revisions"}],"predecessor-version":[{"id":7937,"href":"http:\/\/www.billard-club-sottevillais.com\/index.php?rest_route=\/wp\/v2\/pages\/7893\/revisions\/7937"}],"up":[{"embeddable":true,"href":"http:\/\/www.billard-club-sottevillais.com\/index.php?rest_route=\/wp\/v2\/pages\/43"}],"wp:attachment":[{"href":"http:\/\/www.billard-club-sottevillais.com\/index.php?rest_route=%2Fwp%2Fv2%2Fmedia&parent=7893"}],"curies":[{"name":"wp","href":"https:\/\/api.w.org\/{rel}","templated":true}]}}