{"id":7891,"date":"2017-02-06T11:19:04","date_gmt":"2017-02-06T11:19:04","guid":{"rendered":"http:\/\/www.billard-club-sottevillais.com\/?page_id=7891"},"modified":"2017-02-07T15:14:33","modified_gmt":"2017-02-07T15:14:33","slug":"libre-n3-finale-de-normandie-05-fevrier-2017","status":"publish","type":"page","link":"http:\/\/www.billard-club-sottevillais.com\/?page_id=7891","title":{"rendered":"Libre N3 &#8211; Finale de Normandie &#8211; 05 F\u00e9vrier 2017"},"content":{"rendered":"<p style=\"text-align: justify;\">R\u00e9sultats des Tournois, vous trouverez ici toutes les informations concernant les rencontres sportives auxquelles participe le Billard Club Sottevillais.<\/p>\n<p style=\"text-align: center;\"><!--more--><img loading=\"lazy\" decoding=\"async\" class=\"aligncenter size-full wp-image-59\" title=\"sport\" src=\"http:\/\/billardcf.cluster010.ovh.net\/wp-content\/uploads\/2011\/07\/sport.jpg\" alt=\"\" width=\"231\" height=\"116\" \/><\/p>\n<p>&nbsp;<\/p>\n<p>La Finale de ligue de Normandie Libre nationale 3 s&rsquo;est d\u00e9roul\u00e9e le 05 F\u00e9vrier 2017 \u00e0 Sotteville-l\u00e8s-Rouen<\/p>\n<p>3 sottevillais repr\u00e9sentait le BCS pour cette finale \u00e0 6, Jacky Alexandre, Anthony Branco et Laurent Neveu.<\/p>\n<p>Pour cette finale, les\u00a0 joueurs qualifi\u00e9s se rencontraient en matches de 200 points sans limitation de reprise.<\/p>\n<p>Anthony Branco finit 5\u00e8me, Jacques 4\u00e8me et Laurent 3\u00e8me.<\/p>\n<p>Mickael Nowak de La Saussaye est champion de Normandie.<\/p>\n<p style=\"text-align: center;\"><img loading=\"lazy\" decoding=\"async\" class=\"aligncenter size-large wp-image-7926\" title=\"LIBRE N3 FINALE DE LIGUE - 05 f\u00e9vrier 2017\" src=\"http:\/\/www.billard-club-sottevillais.com\/wp-content\/uploads\/2017\/02\/LIBRE-N3-FINALE-DE-LIGUE-05-f\u00e9vrier-2017-e1486379690739-1024x723.jpg\" alt=\"\" width=\"819\" height=\"578\" srcset=\"http:\/\/www.billard-club-sottevillais.com\/wp-content\/uploads\/2017\/02\/LIBRE-N3-FINALE-DE-LIGUE-05-f\u00e9vrier-2017-e1486379690739-1024x723.jpg 1024w, http:\/\/www.billard-club-sottevillais.com\/wp-content\/uploads\/2017\/02\/LIBRE-N3-FINALE-DE-LIGUE-05-f\u00e9vrier-2017-e1486379690739-300x212.jpg 300w, http:\/\/www.billard-club-sottevillais.com\/wp-content\/uploads\/2017\/02\/LIBRE-N3-FINALE-DE-LIGUE-05-f\u00e9vrier-2017-e1486379690739.jpg 1754w\" sizes=\"auto, (max-width: 706px) 89vw, (max-width: 767px) 82vw, 740px\" \/><\/p>\n<h4><img loading=\"lazy\" decoding=\"async\" class=\"aligncenter size-large wp-image-7940\" title=\"2017-02-05 21.17.50\" src=\"http:\/\/www.billard-club-sottevillais.com\/wp-content\/uploads\/2017\/02\/2017-02-05-21.17.50-1024x768.jpg\" alt=\"\" width=\"614\" height=\"461\" srcset=\"http:\/\/www.billard-club-sottevillais.com\/wp-content\/uploads\/2017\/02\/2017-02-05-21.17.50-1024x768.jpg 1024w, http:\/\/www.billard-club-sottevillais.com\/wp-content\/uploads\/2017\/02\/2017-02-05-21.17.50-300x225.jpg 300w\" sizes=\"auto, (max-width: 614px) 100vw, 614px\" \/><\/h4>\n<h4>Le pdf ici : <a href=\"http:\/\/www.billard-club-sottevillais.com\/wp-content\/uploads\/2017\/02\/LIBRE-N3-FINALE-DE-LIGUE-05-f%C3%A9vrier-2017.pdf\" target=\"_blank\">LIBRE N3 FINALE DE LIGUE &#8211; 05 f\u00e9vrier 2017<\/a><\/h4>\n","protected":false},"excerpt":{"rendered":"<p>R\u00e9sultats des Tournois, vous trouverez ici toutes les informations concernant les rencontres sportives auxquelles participe le Billard Club Sottevillais.<\/p>\n","protected":false},"author":7,"featured_media":0,"parent":43,"menu_order":0,"comment_status":"open","ping_status":"open","template":"page-full.php","meta":{"footnotes":""},"class_list":["post-7891","page","type-page","status-publish","hentry"],"_links":{"self":[{"href":"http:\/\/www.billard-club-sottevillais.com\/index.php?rest_route=\/wp\/v2\/pages\/7891","targetHints":{"allow":["GET"]}}],"collection":[{"href":"http:\/\/www.billard-club-sottevillais.com\/index.php?rest_route=\/wp\/v2\/pages"}],"about":[{"href":"http:\/\/www.billard-club-sottevillais.com\/index.php?rest_route=\/wp\/v2\/types\/page"}],"author":[{"embeddable":true,"href":"http:\/\/www.billard-club-sottevillais.com\/index.php?rest_route=\/wp\/v2\/users\/7"}],"replies":[{"embeddable":true,"href":"http:\/\/www.billard-club-sottevillais.com\/index.php?rest_route=%2Fwp%2Fv2%2Fcomments&post=7891"}],"version-history":[{"count":5,"href":"http:\/\/www.billard-club-sottevillais.com\/index.php?rest_route=\/wp\/v2\/pages\/7891\/revisions"}],"predecessor-version":[{"id":7941,"href":"http:\/\/www.billard-club-sottevillais.com\/index.php?rest_route=\/wp\/v2\/pages\/7891\/revisions\/7941"}],"up":[{"embeddable":true,"href":"http:\/\/www.billard-club-sottevillais.com\/index.php?rest_route=\/wp\/v2\/pages\/43"}],"wp:attachment":[{"href":"http:\/\/www.billard-club-sottevillais.com\/index.php?rest_route=%2Fwp%2Fv2%2Fmedia&parent=7891"}],"curies":[{"name":"wp","href":"https:\/\/api.w.org\/{rel}","templated":true}]}}