{"id":7849,"date":"2017-01-29T21:14:37","date_gmt":"2017-01-29T21:14:37","guid":{"rendered":"http:\/\/www.billard-club-sottevillais.com\/?page_id=7849"},"modified":"2017-01-29T21:14:37","modified_gmt":"2017-01-29T21:14:37","slug":"5-quilles-j2-29-janvier-2017","status":"publish","type":"page","link":"http:\/\/www.billard-club-sottevillais.com\/?page_id=7849","title":{"rendered":"5 Quilles J2 &#8211; 29 Janvier 2017"},"content":{"rendered":"<p style=\"text-align: justify;\">R\u00e9sultats des Tournois, vous trouverez ici toutes les informations concernant les rencontres sportives auxquelles participe le Billard Club Sottevillais.<\/p>\n<p style=\"text-align: center;\"><!--more--><img loading=\"lazy\" decoding=\"async\" class=\"aligncenter size-full wp-image-59\" title=\"sport\" src=\"http:\/\/billardcf.cluster010.ovh.net\/wp-content\/uploads\/2011\/07\/sport.jpg\" alt=\"\" width=\"231\" height=\"116\" \/><\/p>\n<p>&nbsp;<\/p>\n<p style=\"text-align: justify;\">Pour cette 2\u00e8me journ\u00e9e le module de Sotteville recevait celui de La Sauusaye. Ce module est compos\u00e9 de : C.Bourel, Pascal Ippolitto, Didier Berment, Christian Ponthieux, Ren\u00e9 Fran\u00e7ois et Gerard Gueret.<\/p>\n<p style=\"text-align: center;\"><img loading=\"lazy\" decoding=\"async\" class=\"aligncenter size-large wp-image-7850\" title=\"Modules J_2 SOTTEVILLE-LA SAUSSAYE\" src=\"http:\/\/www.billard-club-sottevillais.com\/wp-content\/uploads\/2017\/01\/Modules-J_2-SOTTEVILLE-LA-SAUSSAYE-e1485724366258-1024x723.jpg\" alt=\"\" width=\"819\" height=\"578\" srcset=\"http:\/\/www.billard-club-sottevillais.com\/wp-content\/uploads\/2017\/01\/Modules-J_2-SOTTEVILLE-LA-SAUSSAYE-e1485724366258-1024x723.jpg 1024w, http:\/\/www.billard-club-sottevillais.com\/wp-content\/uploads\/2017\/01\/Modules-J_2-SOTTEVILLE-LA-SAUSSAYE-e1485724366258-300x212.jpg 300w, http:\/\/www.billard-club-sottevillais.com\/wp-content\/uploads\/2017\/01\/Modules-J_2-SOTTEVILLE-LA-SAUSSAYE-e1485724366258.jpg 1754w\" sizes=\"auto, (max-width: 706px) 89vw, (max-width: 767px) 82vw, 740px\" \/><\/p>\n<h4 style=\"padding-left: 30px;\">Le pdf ici :<a href=\"http:\/\/www.billard-club-sottevillais.com\/wp-content\/uploads\/2017\/01\/Modules-J_2-SOTTEVILLE-LA-SAUSSAYE.pdf\" target=\"_blank\">Modules J_2 SOTTEVILLE-LA SAUSSAYE<\/a><\/h4>\n","protected":false},"excerpt":{"rendered":"<p>R\u00e9sultats des Tournois, vous trouverez ici toutes les informations concernant les rencontres sportives auxquelles participe le Billard Club Sottevillais.<\/p>\n","protected":false},"author":7,"featured_media":0,"parent":43,"menu_order":0,"comment_status":"open","ping_status":"open","template":"page-full.php","meta":{"footnotes":""},"class_list":["post-7849","page","type-page","status-publish","hentry"],"_links":{"self":[{"href":"http:\/\/www.billard-club-sottevillais.com\/index.php?rest_route=\/wp\/v2\/pages\/7849","targetHints":{"allow":["GET"]}}],"collection":[{"href":"http:\/\/www.billard-club-sottevillais.com\/index.php?rest_route=\/wp\/v2\/pages"}],"about":[{"href":"http:\/\/www.billard-club-sottevillais.com\/index.php?rest_route=\/wp\/v2\/types\/page"}],"author":[{"embeddable":true,"href":"http:\/\/www.billard-club-sottevillais.com\/index.php?rest_route=\/wp\/v2\/users\/7"}],"replies":[{"embeddable":true,"href":"http:\/\/www.billard-club-sottevillais.com\/index.php?rest_route=%2Fwp%2Fv2%2Fcomments&post=7849"}],"version-history":[{"count":2,"href":"http:\/\/www.billard-club-sottevillais.com\/index.php?rest_route=\/wp\/v2\/pages\/7849\/revisions"}],"predecessor-version":[{"id":7853,"href":"http:\/\/www.billard-club-sottevillais.com\/index.php?rest_route=\/wp\/v2\/pages\/7849\/revisions\/7853"}],"up":[{"embeddable":true,"href":"http:\/\/www.billard-club-sottevillais.com\/index.php?rest_route=\/wp\/v2\/pages\/43"}],"wp:attachment":[{"href":"http:\/\/www.billard-club-sottevillais.com\/index.php?rest_route=%2Fwp%2Fv2%2Fmedia&parent=7849"}],"curies":[{"name":"wp","href":"https:\/\/api.w.org\/{rel}","templated":true}]}}