{"id":7822,"date":"2017-01-22T18:33:57","date_gmt":"2017-01-22T18:33:57","guid":{"rendered":"http:\/\/www.billard-club-sottevillais.com\/?page_id=7822"},"modified":"2017-01-22T18:33:57","modified_gmt":"2017-01-22T18:33:57","slug":"libre-n3-t3-22-janvier-2017","status":"publish","type":"page","link":"http:\/\/www.billard-club-sottevillais.com\/?page_id=7822","title":{"rendered":"Libre N3 T3 &#8211; 22 Janvier 2017"},"content":{"rendered":"<p style=\"text-align: justify;\">R\u00e9sultats des Tournois, vous trouverez ici toutes les informations concernant les rencontres sportives auxquelles participe le Billard Club Sottevillais.<\/p>\n<p style=\"text-align: center;\"><!--more--><img loading=\"lazy\" decoding=\"async\" class=\"aligncenter size-full wp-image-59\" title=\"sport\" src=\"http:\/\/billardcf.cluster010.ovh.net\/wp-content\/uploads\/2011\/07\/sport.jpg\" alt=\"\" width=\"231\" height=\"116\" \/><\/p>\n<p>&nbsp;<\/p>\n<p style=\"text-align: justify;\">Le 3\u00e8me tour de libre N3 a eu lieu le 22 janvier 2017 \u00e0 Sotteville-l\u00e8s-Rouen. Jacques Alexandre, Laurent Neveu et Anthony Branco participaient \u00e0 ce tour de jeu.<\/p>\n<p style=\"text-align: justify;\">Laurent prend la 6\u00e8me place. Anthony termine 3\u00e8me et Jacques 2\u00e8me.<\/p>\n<p style=\"text-align: justify;\">Jean-Yves Roussel de Pacy-sur-eure finit 1er.<\/p>\n<p style=\"text-align: justify;\">Les 3 sottevillais iront en finale.<\/p>\n<p style=\"text-align: center;\"><img loading=\"lazy\" decoding=\"async\" class=\"aligncenter size-large wp-image-7835\" title=\"LIBRE N3 T3 Sotteville 22 janvier 2017 (1)\" src=\"http:\/\/www.billard-club-sottevillais.com\/wp-content\/uploads\/2017\/01\/LIBRE-N3-T3-Sotteville-22-janvier-2017-1-723x1024.jpg\" alt=\"\" width=\"578\" height=\"819\" srcset=\"http:\/\/www.billard-club-sottevillais.com\/wp-content\/uploads\/2017\/01\/LIBRE-N3-T3-Sotteville-22-janvier-2017-1-723x1024.jpg 723w, http:\/\/www.billard-club-sottevillais.com\/wp-content\/uploads\/2017\/01\/LIBRE-N3-T3-Sotteville-22-janvier-2017-1-212x300.jpg 212w, http:\/\/www.billard-club-sottevillais.com\/wp-content\/uploads\/2017\/01\/LIBRE-N3-T3-Sotteville-22-janvier-2017-1.jpg 1240w\" sizes=\"auto, (max-width: 578px) 100vw, 578px\" \/><img loading=\"lazy\" decoding=\"async\" class=\"aligncenter size-large wp-image-7836\" title=\"LIBRE N3 T3 Sotteville 22 janvier 2017 (2)\" src=\"http:\/\/www.billard-club-sottevillais.com\/wp-content\/uploads\/2017\/01\/LIBRE-N3-T3-Sotteville-22-janvier-2017-2-723x1024.jpg\" alt=\"\" width=\"578\" height=\"819\" srcset=\"http:\/\/www.billard-club-sottevillais.com\/wp-content\/uploads\/2017\/01\/LIBRE-N3-T3-Sotteville-22-janvier-2017-2-723x1024.jpg 723w, http:\/\/www.billard-club-sottevillais.com\/wp-content\/uploads\/2017\/01\/LIBRE-N3-T3-Sotteville-22-janvier-2017-2-212x300.jpg 212w, http:\/\/www.billard-club-sottevillais.com\/wp-content\/uploads\/2017\/01\/LIBRE-N3-T3-Sotteville-22-janvier-2017-2.jpg 1240w\" sizes=\"auto, (max-width: 578px) 100vw, 578px\" \/><\/p>\n<h4 style=\"padding-left: 30px;\">Le pdf ici :<a href=\"http:\/\/www.billard-club-sottevillais.com\/wp-content\/uploads\/2017\/01\/LIBRE-N3-T3-Sotteville-22-janvier-2017.pdf\" target=\"_blank\">LIBRE N3 T3 Sotteville 22 janvier 2017<\/a><\/h4>\n","protected":false},"excerpt":{"rendered":"<p>R\u00e9sultats des Tournois, vous trouverez ici toutes les informations concernant les rencontres sportives auxquelles participe le Billard Club Sottevillais.<\/p>\n","protected":false},"author":7,"featured_media":0,"parent":43,"menu_order":0,"comment_status":"open","ping_status":"open","template":"page-full.php","meta":{"footnotes":""},"class_list":["post-7822","page","type-page","status-publish","hentry"],"_links":{"self":[{"href":"http:\/\/www.billard-club-sottevillais.com\/index.php?rest_route=\/wp\/v2\/pages\/7822","targetHints":{"allow":["GET"]}}],"collection":[{"href":"http:\/\/www.billard-club-sottevillais.com\/index.php?rest_route=\/wp\/v2\/pages"}],"about":[{"href":"http:\/\/www.billard-club-sottevillais.com\/index.php?rest_route=\/wp\/v2\/types\/page"}],"author":[{"embeddable":true,"href":"http:\/\/www.billard-club-sottevillais.com\/index.php?rest_route=\/wp\/v2\/users\/7"}],"replies":[{"embeddable":true,"href":"http:\/\/www.billard-club-sottevillais.com\/index.php?rest_route=%2Fwp%2Fv2%2Fcomments&post=7822"}],"version-history":[{"count":3,"href":"http:\/\/www.billard-club-sottevillais.com\/index.php?rest_route=\/wp\/v2\/pages\/7822\/revisions"}],"predecessor-version":[{"id":7839,"href":"http:\/\/www.billard-club-sottevillais.com\/index.php?rest_route=\/wp\/v2\/pages\/7822\/revisions\/7839"}],"up":[{"embeddable":true,"href":"http:\/\/www.billard-club-sottevillais.com\/index.php?rest_route=\/wp\/v2\/pages\/43"}],"wp:attachment":[{"href":"http:\/\/www.billard-club-sottevillais.com\/index.php?rest_route=%2Fwp%2Fv2%2Fmedia&parent=7822"}],"curies":[{"name":"wp","href":"https:\/\/api.w.org\/{rel}","templated":true}]}}