{"id":7820,"date":"2017-01-22T18:17:39","date_gmt":"2017-01-22T18:17:39","guid":{"rendered":"http:\/\/www.billard-club-sottevillais.com\/?page_id=7820"},"modified":"2017-01-22T18:17:39","modified_gmt":"2017-01-22T18:17:39","slug":"libre-r2-t3-22-janvier-2017","status":"publish","type":"page","link":"http:\/\/www.billard-club-sottevillais.com\/?page_id=7820","title":{"rendered":"Libre R2 T3 &#8211; 22 Janvier 2017"},"content":{"rendered":"<p style=\"text-align: justify;\">R\u00e9sultats des Tournois, vous trouverez ici toutes les informations concernant les rencontres sportives auxquelles participe le Billard Club Sottevillais.<\/p>\n<p style=\"text-align: center;\"><!--more--><img loading=\"lazy\" decoding=\"async\" class=\"aligncenter size-full wp-image-59\" title=\"sport\" src=\"http:\/\/billardcf.cluster010.ovh.net\/wp-content\/uploads\/2011\/07\/sport.jpg\" alt=\"\" width=\"231\" height=\"116\" \/><\/p>\n<p>&nbsp;<\/p>\n<p style=\"text-align: justify;\">Le 3\u00e8me tour de Libre R2 se jouait le 22 janvier 2017 \u00e0 Oissel.<\/p>\n<p style=\"text-align: justify;\">4 sottevillais \u00e9taient en lice, G\u00e9rard Gueret, Bruno Pierrel, Jacques Robin et Giovanni Gauthier.<\/p>\n<p style=\"text-align: justify;\">Giovanni termine 6\u00e8me, Bruno 5\u00e8me, Jacques 3\u00e8me, et G\u00e9rard 1er.<\/p>\n<p style=\"text-align: justify;\">Gerard et Jacques sont qualifi\u00e9s pour la finale.<\/p>\n<p style=\"text-align: center;\"><img loading=\"lazy\" decoding=\"async\" class=\"aligncenter size-large wp-image-7829\" title=\"Libre R2 T3 Oissel 22-01-2017 (1)\" src=\"http:\/\/www.billard-club-sottevillais.com\/wp-content\/uploads\/2017\/01\/Libre-R2-T3-Oissel-22-01-2017-1-723x1024.jpg\" alt=\"\" width=\"578\" height=\"819\" srcset=\"http:\/\/www.billard-club-sottevillais.com\/wp-content\/uploads\/2017\/01\/Libre-R2-T3-Oissel-22-01-2017-1-723x1024.jpg 723w, http:\/\/www.billard-club-sottevillais.com\/wp-content\/uploads\/2017\/01\/Libre-R2-T3-Oissel-22-01-2017-1-212x300.jpg 212w, http:\/\/www.billard-club-sottevillais.com\/wp-content\/uploads\/2017\/01\/Libre-R2-T3-Oissel-22-01-2017-1.jpg 1240w\" sizes=\"auto, (max-width: 578px) 100vw, 578px\" \/><img loading=\"lazy\" decoding=\"async\" class=\"aligncenter size-large wp-image-7830\" title=\"Libre R2 T3 Oissel 22-01-2017 (2)\" src=\"http:\/\/www.billard-club-sottevillais.com\/wp-content\/uploads\/2017\/01\/Libre-R2-T3-Oissel-22-01-2017-2-723x1024.jpg\" alt=\"\" width=\"578\" height=\"819\" srcset=\"http:\/\/www.billard-club-sottevillais.com\/wp-content\/uploads\/2017\/01\/Libre-R2-T3-Oissel-22-01-2017-2-723x1024.jpg 723w, http:\/\/www.billard-club-sottevillais.com\/wp-content\/uploads\/2017\/01\/Libre-R2-T3-Oissel-22-01-2017-2-212x300.jpg 212w, http:\/\/www.billard-club-sottevillais.com\/wp-content\/uploads\/2017\/01\/Libre-R2-T3-Oissel-22-01-2017-2.jpg 1240w\" sizes=\"auto, (max-width: 578px) 100vw, 578px\" \/><\/p>\n<h4 style=\"padding-left: 30px;\">Le pdf ici : <a href=\"http:\/\/www.billard-club-sottevillais.com\/wp-content\/uploads\/2017\/01\/Libre-R2-T3-Oissel-22-01-2017.pdf\" target=\"_blank\">Libre R2 T3 Oissel 22-01-2017<\/a><\/h4>\n","protected":false},"excerpt":{"rendered":"<p>R\u00e9sultats des Tournois, vous trouverez ici toutes les informations concernant les rencontres sportives auxquelles participe le Billard Club Sottevillais.<\/p>\n","protected":false},"author":7,"featured_media":0,"parent":43,"menu_order":0,"comment_status":"open","ping_status":"open","template":"page-full.php","meta":{"footnotes":""},"class_list":["post-7820","page","type-page","status-publish","hentry"],"_links":{"self":[{"href":"http:\/\/www.billard-club-sottevillais.com\/index.php?rest_route=\/wp\/v2\/pages\/7820","targetHints":{"allow":["GET"]}}],"collection":[{"href":"http:\/\/www.billard-club-sottevillais.com\/index.php?rest_route=\/wp\/v2\/pages"}],"about":[{"href":"http:\/\/www.billard-club-sottevillais.com\/index.php?rest_route=\/wp\/v2\/types\/page"}],"author":[{"embeddable":true,"href":"http:\/\/www.billard-club-sottevillais.com\/index.php?rest_route=\/wp\/v2\/users\/7"}],"replies":[{"embeddable":true,"href":"http:\/\/www.billard-club-sottevillais.com\/index.php?rest_route=%2Fwp%2Fv2%2Fcomments&post=7820"}],"version-history":[{"count":3,"href":"http:\/\/www.billard-club-sottevillais.com\/index.php?rest_route=\/wp\/v2\/pages\/7820\/revisions"}],"predecessor-version":[{"id":7833,"href":"http:\/\/www.billard-club-sottevillais.com\/index.php?rest_route=\/wp\/v2\/pages\/7820\/revisions\/7833"}],"up":[{"embeddable":true,"href":"http:\/\/www.billard-club-sottevillais.com\/index.php?rest_route=\/wp\/v2\/pages\/43"}],"wp:attachment":[{"href":"http:\/\/www.billard-club-sottevillais.com\/index.php?rest_route=%2Fwp%2Fv2%2Fmedia&parent=7820"}],"curies":[{"name":"wp","href":"https:\/\/api.w.org\/{rel}","templated":true}]}}