{"id":7673,"date":"2016-12-18T17:17:31","date_gmt":"2016-12-18T17:17:31","guid":{"rendered":"http:\/\/www.billard-club-sottevillais.com\/?page_id=7673"},"modified":"2016-12-18T17:17:31","modified_gmt":"2016-12-18T17:17:31","slug":"bande-r1-t2-18-decembre-2016","status":"publish","type":"page","link":"http:\/\/www.billard-club-sottevillais.com\/?page_id=7673","title":{"rendered":"Bande R1 T2 &#8211; 18 D\u00e9cembre 2016"},"content":{"rendered":"<p style=\"text-align: justify;\">R\u00e9sultats des Tournois, vous trouverez ici toutes les informations concernant les rencontres sportives auxquelles participe le Billard Club Sottevillais.<\/p>\n<p style=\"text-align: center;\"><!--more--><img loading=\"lazy\" decoding=\"async\" class=\"aligncenter size-full wp-image-59\" title=\"sport\" src=\"http:\/\/billardcf.cluster010.ovh.net\/wp-content\/uploads\/2011\/07\/sport.jpg\" alt=\"\" width=\"231\" height=\"116\" \/><\/p>\n<p style=\"text-align: justify;\">Le 2\u00e8me tour de Bande R1 s&rsquo;est d\u00e9roul\u00e9 le 18 D\u00e9cembre \u00e0 Cany-Barville. Gerard Gueret et Jacques Robin repr\u00e9sentaient le BCS dans ce tour \u00e0 5 joueurs.<\/p>\n<p style=\"text-align: justify;\">Jacques prend la 4\u00e8me place et Gerard la 3\u00e8me.<\/p>\n<p style=\"text-align: justify;\">Cedric Legendre de Rouen termine 1\u00e8me.<\/p>\n<p style=\"text-align: center;\"><img loading=\"lazy\" decoding=\"async\" class=\"aligncenter size-large wp-image-7674\" title=\"Bande R1 T2 Cany 18.12.16\" src=\"http:\/\/www.billard-club-sottevillais.com\/wp-content\/uploads\/2016\/12\/Bande-R1-T2-Cany-18.12.16-e1482081217517-1024x723.jpg\" alt=\"\" width=\"819\" height=\"578\" srcset=\"http:\/\/www.billard-club-sottevillais.com\/wp-content\/uploads\/2016\/12\/Bande-R1-T2-Cany-18.12.16-e1482081217517-1024x723.jpg 1024w, http:\/\/www.billard-club-sottevillais.com\/wp-content\/uploads\/2016\/12\/Bande-R1-T2-Cany-18.12.16-e1482081217517-300x212.jpg 300w, http:\/\/www.billard-club-sottevillais.com\/wp-content\/uploads\/2016\/12\/Bande-R1-T2-Cany-18.12.16-e1482081217517.jpg 1754w\" sizes=\"auto, (max-width: 706px) 89vw, (max-width: 767px) 82vw, 740px\" \/><\/p>\n<h4 style=\"padding-left: 30px;\">Le pdf ici : <a href=\"http:\/\/www.billard-club-sottevillais.com\/wp-content\/uploads\/2016\/12\/Bande-R1-T2-Cany-18.12.16.pdf\" target=\"_blank\">Bande R1 T2 Cany 18.12.16<\/a><\/h4>\n","protected":false},"excerpt":{"rendered":"<p>R\u00e9sultats des Tournois, vous trouverez ici toutes les informations concernant les rencontres sportives auxquelles participe le Billard Club Sottevillais.<\/p>\n","protected":false},"author":7,"featured_media":0,"parent":43,"menu_order":0,"comment_status":"open","ping_status":"open","template":"page-full.php","meta":{"footnotes":""},"class_list":["post-7673","page","type-page","status-publish","hentry"],"_links":{"self":[{"href":"http:\/\/www.billard-club-sottevillais.com\/index.php?rest_route=\/wp\/v2\/pages\/7673","targetHints":{"allow":["GET"]}}],"collection":[{"href":"http:\/\/www.billard-club-sottevillais.com\/index.php?rest_route=\/wp\/v2\/pages"}],"about":[{"href":"http:\/\/www.billard-club-sottevillais.com\/index.php?rest_route=\/wp\/v2\/types\/page"}],"author":[{"embeddable":true,"href":"http:\/\/www.billard-club-sottevillais.com\/index.php?rest_route=\/wp\/v2\/users\/7"}],"replies":[{"embeddable":true,"href":"http:\/\/www.billard-club-sottevillais.com\/index.php?rest_route=%2Fwp%2Fv2%2Fcomments&post=7673"}],"version-history":[{"count":2,"href":"http:\/\/www.billard-club-sottevillais.com\/index.php?rest_route=\/wp\/v2\/pages\/7673\/revisions"}],"predecessor-version":[{"id":7677,"href":"http:\/\/www.billard-club-sottevillais.com\/index.php?rest_route=\/wp\/v2\/pages\/7673\/revisions\/7677"}],"up":[{"embeddable":true,"href":"http:\/\/www.billard-club-sottevillais.com\/index.php?rest_route=\/wp\/v2\/pages\/43"}],"wp:attachment":[{"href":"http:\/\/www.billard-club-sottevillais.com\/index.php?rest_route=%2Fwp%2Fv2%2Fmedia&parent=7673"}],"curies":[{"name":"wp","href":"https:\/\/api.w.org\/{rel}","templated":true}]}}