{"id":7632,"date":"2016-12-04T18:33:38","date_gmt":"2016-12-04T18:33:38","guid":{"rendered":"http:\/\/www.billard-club-sottevillais.com\/?page_id=7632"},"modified":"2016-12-04T18:33:38","modified_gmt":"2016-12-04T18:33:38","slug":"libre-r2-t2-04-decembre-2016","status":"publish","type":"page","link":"http:\/\/www.billard-club-sottevillais.com\/?page_id=7632","title":{"rendered":"Libre R2 T2 &#8211; 04 D\u00e9cembre 2016"},"content":{"rendered":"<p style=\"text-align: justify;\">R\u00e9sultats des Tournois, vous trouverez ici toutes les informations concernant les rencontres sportives auxquelles participe le Billard Club Sottevillais.<\/p>\n<p style=\"text-align: center;\"><!--more--><img loading=\"lazy\" decoding=\"async\" class=\"aligncenter size-full wp-image-59\" title=\"sport\" src=\"http:\/\/billardcf.cluster010.ovh.net\/wp-content\/uploads\/2011\/07\/sport.jpg\" alt=\"\" width=\"231\" height=\"116\" \/><\/p>\n<p>&nbsp;<\/p>\n<p style=\"text-align: justify;\">Le 04 D\u00e9cembre 2016,\u00a0 le 2\u00e8me tour de Libre R2 se jouait \u00e0 Rouen.<\/p>\n<p style=\"text-align: justify;\">4 sottevillais \u00e9taient en lice, G\u00e9rard Gueret, Bruno Pierrel, Jacques Robin et Giovanni Gauthier.<\/p>\n<p style=\"text-align: justify;\">Giovanni termine 9\u00e8me, Jacques 6\u00e8me, Bruno 4\u00e8me et G\u00e9rard 1er.<\/p>\n<p style=\"text-align: center;\"><img loading=\"lazy\" decoding=\"async\" class=\"aligncenter size-large wp-image-7633\" title=\"Libre R2 T2 Rouen 04.12.16 (1)\" src=\"http:\/\/www.billard-club-sottevillais.com\/wp-content\/uploads\/2016\/12\/Libre-R2-T2-Rouen-04.12.16-1-723x1024.jpg\" alt=\"\" width=\"578\" height=\"819\" srcset=\"http:\/\/www.billard-club-sottevillais.com\/wp-content\/uploads\/2016\/12\/Libre-R2-T2-Rouen-04.12.16-1-723x1024.jpg 723w, http:\/\/www.billard-club-sottevillais.com\/wp-content\/uploads\/2016\/12\/Libre-R2-T2-Rouen-04.12.16-1-212x300.jpg 212w, http:\/\/www.billard-club-sottevillais.com\/wp-content\/uploads\/2016\/12\/Libre-R2-T2-Rouen-04.12.16-1.jpg 1240w\" sizes=\"auto, (max-width: 578px) 100vw, 578px\" \/><img loading=\"lazy\" decoding=\"async\" class=\"aligncenter size-large wp-image-7634\" title=\"Libre R2 T2 Rouen 04.12.16 (2)\" src=\"http:\/\/www.billard-club-sottevillais.com\/wp-content\/uploads\/2016\/12\/Libre-R2-T2-Rouen-04.12.16-2-723x1024.jpg\" alt=\"\" width=\"578\" height=\"819\" srcset=\"http:\/\/www.billard-club-sottevillais.com\/wp-content\/uploads\/2016\/12\/Libre-R2-T2-Rouen-04.12.16-2-723x1024.jpg 723w, http:\/\/www.billard-club-sottevillais.com\/wp-content\/uploads\/2016\/12\/Libre-R2-T2-Rouen-04.12.16-2-212x300.jpg 212w, http:\/\/www.billard-club-sottevillais.com\/wp-content\/uploads\/2016\/12\/Libre-R2-T2-Rouen-04.12.16-2.jpg 1240w\" sizes=\"auto, (max-width: 578px) 100vw, 578px\" \/><\/p>\n<h4 style=\"padding-left: 30px;\">Le pdf ici : <a href=\"http:\/\/www.billard-club-sottevillais.com\/wp-content\/uploads\/2016\/12\/Libre-R2-T2-Rouen-04.12.16.pdf\" target=\"_blank\">Libre R2 T2 Rouen 04.12.16<\/a><\/h4>\n","protected":false},"excerpt":{"rendered":"<p>R\u00e9sultats des Tournois, vous trouverez ici toutes les informations concernant les rencontres sportives auxquelles participe le Billard Club Sottevillais.<\/p>\n","protected":false},"author":7,"featured_media":0,"parent":43,"menu_order":0,"comment_status":"open","ping_status":"open","template":"page-full.php","meta":{"footnotes":""},"class_list":["post-7632","page","type-page","status-publish","hentry"],"_links":{"self":[{"href":"http:\/\/www.billard-club-sottevillais.com\/index.php?rest_route=\/wp\/v2\/pages\/7632","targetHints":{"allow":["GET"]}}],"collection":[{"href":"http:\/\/www.billard-club-sottevillais.com\/index.php?rest_route=\/wp\/v2\/pages"}],"about":[{"href":"http:\/\/www.billard-club-sottevillais.com\/index.php?rest_route=\/wp\/v2\/types\/page"}],"author":[{"embeddable":true,"href":"http:\/\/www.billard-club-sottevillais.com\/index.php?rest_route=\/wp\/v2\/users\/7"}],"replies":[{"embeddable":true,"href":"http:\/\/www.billard-club-sottevillais.com\/index.php?rest_route=%2Fwp%2Fv2%2Fcomments&post=7632"}],"version-history":[{"count":2,"href":"http:\/\/www.billard-club-sottevillais.com\/index.php?rest_route=\/wp\/v2\/pages\/7632\/revisions"}],"predecessor-version":[{"id":7637,"href":"http:\/\/www.billard-club-sottevillais.com\/index.php?rest_route=\/wp\/v2\/pages\/7632\/revisions\/7637"}],"up":[{"embeddable":true,"href":"http:\/\/www.billard-club-sottevillais.com\/index.php?rest_route=\/wp\/v2\/pages\/43"}],"wp:attachment":[{"href":"http:\/\/www.billard-club-sottevillais.com\/index.php?rest_route=%2Fwp%2Fv2%2Fmedia&parent=7632"}],"curies":[{"name":"wp","href":"https:\/\/api.w.org\/{rel}","templated":true}]}}