{"id":7583,"date":"2016-11-27T19:03:12","date_gmt":"2016-11-27T19:03:12","guid":{"rendered":"http:\/\/www.billard-club-sottevillais.com\/?page_id=7583"},"modified":"2016-11-27T19:03:12","modified_gmt":"2016-11-27T19:03:12","slug":"equipe-d6-22-novembre-2016","status":"publish","type":"page","link":"http:\/\/www.billard-club-sottevillais.com\/?page_id=7583","title":{"rendered":"Equipe D6 &#8211; 22 novembre 2016"},"content":{"rendered":"<p style=\"text-align: justify;\">R\u00e9sultats des Tournois, vous trouverez ici toutes les informations concernant les rencontres sportives auxquelles participe le Billard Club Sottevillais.<\/p>\n<p style=\"text-align: center;\"><!--more--><img loading=\"lazy\" decoding=\"async\" class=\"aligncenter size-full wp-image-59\" title=\"sport\" src=\"http:\/\/billardcf.cluster010.ovh.net\/wp-content\/uploads\/2011\/07\/sport.jpg\" alt=\"\" width=\"231\" height=\"116\" \/><\/p>\n<p>&nbsp;<\/p>\n<p style=\"text-align: justify;\">Le 22 Novembre 2016, notre \u00e9quipe D6 compos\u00e9e d&rsquo;Alain Rachet, Jacques Notheaux et Pascal Ippolito se rendait \u00e0 F\u00e9camp.<\/p>\n<p style=\"text-align: justify;\">L&rsquo;\u00e9quipe de Sotteville a domin\u00e9 F\u00e9camp 10 \u00e0 8.<\/p>\n<p>&nbsp;<\/p>\n<p style=\"text-align: center;\"><img loading=\"lazy\" decoding=\"async\" class=\"aligncenter size-large wp-image-7584\" title=\"Pierre Lescaut D6 F\u00e9camp - Sotteville B 22-11-16\" src=\"http:\/\/www.billard-club-sottevillais.com\/wp-content\/uploads\/2016\/11\/Pierre-Lescaut-D6-F\u00e9camp-Sotteville-B-22-11-161-e1480272863495-723x1024.jpg\" alt=\"\" width=\"578\" height=\"819\" srcset=\"http:\/\/www.billard-club-sottevillais.com\/wp-content\/uploads\/2016\/11\/Pierre-Lescaut-D6-F\u00e9camp-Sotteville-B-22-11-161-e1480272863495-723x1024.jpg 723w, http:\/\/www.billard-club-sottevillais.com\/wp-content\/uploads\/2016\/11\/Pierre-Lescaut-D6-F\u00e9camp-Sotteville-B-22-11-161-e1480272863495-212x300.jpg 212w, http:\/\/www.billard-club-sottevillais.com\/wp-content\/uploads\/2016\/11\/Pierre-Lescaut-D6-F\u00e9camp-Sotteville-B-22-11-161-e1480272863495.jpg 1240w\" sizes=\"auto, (max-width: 578px) 100vw, 578px\" \/><\/p>\n<h4 style=\"padding-left: 30px;\">Le pdf ici : <a href=\"http:\/\/www.billard-club-sottevillais.com\/wp-content\/uploads\/2016\/11\/Pierre-Lescaut-D6-F%C3%A9camp-Sotteville-B-22-11-20161.pdf\" target=\"_blank\">Pierre Lescaut D6 F\u00e9camp &#8211; Sotteville B 22-11-2016<\/a><\/h4>\n","protected":false},"excerpt":{"rendered":"<p>R\u00e9sultats des Tournois, vous trouverez ici toutes les informations concernant les rencontres sportives auxquelles participe le Billard Club Sottevillais.<\/p>\n","protected":false},"author":7,"featured_media":0,"parent":43,"menu_order":0,"comment_status":"open","ping_status":"open","template":"page-full.php","meta":{"footnotes":""},"class_list":["post-7583","page","type-page","status-publish","hentry"],"_links":{"self":[{"href":"http:\/\/www.billard-club-sottevillais.com\/index.php?rest_route=\/wp\/v2\/pages\/7583","targetHints":{"allow":["GET"]}}],"collection":[{"href":"http:\/\/www.billard-club-sottevillais.com\/index.php?rest_route=\/wp\/v2\/pages"}],"about":[{"href":"http:\/\/www.billard-club-sottevillais.com\/index.php?rest_route=\/wp\/v2\/types\/page"}],"author":[{"embeddable":true,"href":"http:\/\/www.billard-club-sottevillais.com\/index.php?rest_route=\/wp\/v2\/users\/7"}],"replies":[{"embeddable":true,"href":"http:\/\/www.billard-club-sottevillais.com\/index.php?rest_route=%2Fwp%2Fv2%2Fcomments&post=7583"}],"version-history":[{"count":5,"href":"http:\/\/www.billard-club-sottevillais.com\/index.php?rest_route=\/wp\/v2\/pages\/7583\/revisions"}],"predecessor-version":[{"id":7592,"href":"http:\/\/www.billard-club-sottevillais.com\/index.php?rest_route=\/wp\/v2\/pages\/7583\/revisions\/7592"}],"up":[{"embeddable":true,"href":"http:\/\/www.billard-club-sottevillais.com\/index.php?rest_route=\/wp\/v2\/pages\/43"}],"wp:attachment":[{"href":"http:\/\/www.billard-club-sottevillais.com\/index.php?rest_route=%2Fwp%2Fv2%2Fmedia&parent=7583"}],"curies":[{"name":"wp","href":"https:\/\/api.w.org\/{rel}","templated":true}]}}