{"id":7571,"date":"2016-11-27T18:36:10","date_gmt":"2016-11-27T18:36:10","guid":{"rendered":"http:\/\/www.billard-club-sottevillais.com\/?page_id=7571"},"modified":"2016-11-27T18:36:10","modified_gmt":"2016-11-27T18:36:10","slug":"libre-r4-t2-27-novembre-2016","status":"publish","type":"page","link":"http:\/\/www.billard-club-sottevillais.com\/?page_id=7571","title":{"rendered":"Libre R4 T2 &#8211; 27 novembre 2016"},"content":{"rendered":"<p style=\"text-align: justify;\">R\u00e9sultats des Tournois, vous trouverez ici toutes les informations concernant les rencontres sportives auxquelles participe le Billard Club Sottevillais.<\/p>\n<p style=\"text-align: center;\"><!--more--><img loading=\"lazy\" decoding=\"async\" class=\"aligncenter size-full wp-image-59\" title=\"sport\" src=\"http:\/\/billardcf.cluster010.ovh.net\/wp-content\/uploads\/2011\/07\/sport.jpg\" alt=\"\" width=\"231\" height=\"116\" \/><\/p>\n<p>&nbsp;<\/p>\n<p style=\"text-align: justify;\">Le 2\u00e8me tour de libre R4 s&rsquo;est d\u00e9roul\u00e9 le 27 novembre 2016 \u00e0 Oissel. Bruno Choupaut repr\u00e9sentait le BCS.<\/p>\n<p style=\"text-align: justify;\">Bruno prend la 2\u00e8me place. Patrce Prevost de F\u00e9camp termine 1er.<\/p>\n<p style=\"text-align: center;\"><img loading=\"lazy\" decoding=\"async\" class=\"aligncenter size-large wp-image-7572\" title=\"LIBRE R4 T2 27-11-2016 Oissel\" src=\"http:\/\/www.billard-club-sottevillais.com\/wp-content\/uploads\/2016\/11\/LIBRE-R4-T2-27-11-2016-Oissel-723x1024.jpg\" alt=\"\" width=\"578\" height=\"819\" srcset=\"http:\/\/www.billard-club-sottevillais.com\/wp-content\/uploads\/2016\/11\/LIBRE-R4-T2-27-11-2016-Oissel-723x1024.jpg 723w, http:\/\/www.billard-club-sottevillais.com\/wp-content\/uploads\/2016\/11\/LIBRE-R4-T2-27-11-2016-Oissel-212x300.jpg 212w, http:\/\/www.billard-club-sottevillais.com\/wp-content\/uploads\/2016\/11\/LIBRE-R4-T2-27-11-2016-Oissel.jpg 1240w\" sizes=\"auto, (max-width: 578px) 100vw, 578px\" \/><img loading=\"lazy\" decoding=\"async\" class=\"aligncenter size-large wp-image-7574\" title=\"LIBRE R4 T2 27-11-2016 Oissel (2)\" src=\"http:\/\/www.billard-club-sottevillais.com\/wp-content\/uploads\/2016\/11\/LIBRE-R4-T2-27-11-2016-Oissel-2-723x1024.jpg\" alt=\"\" width=\"578\" height=\"819\" srcset=\"http:\/\/www.billard-club-sottevillais.com\/wp-content\/uploads\/2016\/11\/LIBRE-R4-T2-27-11-2016-Oissel-2-723x1024.jpg 723w, http:\/\/www.billard-club-sottevillais.com\/wp-content\/uploads\/2016\/11\/LIBRE-R4-T2-27-11-2016-Oissel-2-212x300.jpg 212w, http:\/\/www.billard-club-sottevillais.com\/wp-content\/uploads\/2016\/11\/LIBRE-R4-T2-27-11-2016-Oissel-2.jpg 1240w\" sizes=\"auto, (max-width: 578px) 100vw, 578px\" \/><\/p>\n<h4 style=\"padding-left: 30px;\">Le pdf ici :<a href=\"http:\/\/www.billard-club-sottevillais.com\/wp-content\/uploads\/2016\/11\/LIBRE-R4-T2-27-11-2016-Oissel.pdf\" target=\"_blank\">LIBRE R4 T2 27-11-2016 Oissel<\/a><\/h4>\n","protected":false},"excerpt":{"rendered":"<p>R\u00e9sultats des Tournois, vous trouverez ici toutes les informations concernant les rencontres sportives auxquelles participe le Billard Club Sottevillais.<\/p>\n","protected":false},"author":7,"featured_media":0,"parent":43,"menu_order":0,"comment_status":"open","ping_status":"open","template":"page-full.php","meta":{"footnotes":""},"class_list":["post-7571","page","type-page","status-publish","hentry"],"_links":{"self":[{"href":"http:\/\/www.billard-club-sottevillais.com\/index.php?rest_route=\/wp\/v2\/pages\/7571","targetHints":{"allow":["GET"]}}],"collection":[{"href":"http:\/\/www.billard-club-sottevillais.com\/index.php?rest_route=\/wp\/v2\/pages"}],"about":[{"href":"http:\/\/www.billard-club-sottevillais.com\/index.php?rest_route=\/wp\/v2\/types\/page"}],"author":[{"embeddable":true,"href":"http:\/\/www.billard-club-sottevillais.com\/index.php?rest_route=\/wp\/v2\/users\/7"}],"replies":[{"embeddable":true,"href":"http:\/\/www.billard-club-sottevillais.com\/index.php?rest_route=%2Fwp%2Fv2%2Fcomments&post=7571"}],"version-history":[{"count":3,"href":"http:\/\/www.billard-club-sottevillais.com\/index.php?rest_route=\/wp\/v2\/pages\/7571\/revisions"}],"predecessor-version":[{"id":7578,"href":"http:\/\/www.billard-club-sottevillais.com\/index.php?rest_route=\/wp\/v2\/pages\/7571\/revisions\/7578"}],"up":[{"embeddable":true,"href":"http:\/\/www.billard-club-sottevillais.com\/index.php?rest_route=\/wp\/v2\/pages\/43"}],"wp:attachment":[{"href":"http:\/\/www.billard-club-sottevillais.com\/index.php?rest_route=%2Fwp%2Fv2%2Fmedia&parent=7571"}],"curies":[{"name":"wp","href":"https:\/\/api.w.org\/{rel}","templated":true}]}}