{"id":7569,"date":"2016-11-27T19:16:37","date_gmt":"2016-11-27T19:16:37","guid":{"rendered":"http:\/\/www.billard-club-sottevillais.com\/?page_id=7569"},"modified":"2016-11-27T19:16:37","modified_gmt":"2016-11-27T19:16:37","slug":"4-billes-t2-27-novembre-2016","status":"publish","type":"page","link":"http:\/\/www.billard-club-sottevillais.com\/?page_id=7569","title":{"rendered":"4 Billes &#8211; T2 &#8211; 27 Novembre 2016"},"content":{"rendered":"<p style=\"text-align: justify;\">R\u00e9sultats des Tournois, vous trouverez ici toutes les informations concernant les rencontres sportives auxquelles participe le Billard Club Sottevillais.<\/p>\n<p style=\"text-align: center;\"><!--more--><img loading=\"lazy\" decoding=\"async\" class=\"aligncenter size-full wp-image-59\" title=\"sport\" src=\"http:\/\/billardcf.cluster010.ovh.net\/wp-content\/uploads\/2011\/07\/sport.jpg\" alt=\"\" width=\"231\" height=\"116\" \/><\/p>\n<p>&nbsp;<\/p>\n<p style=\"text-align: justify;\">Le 2\u00e8me tour de 4 billes s&rsquo;est d\u00e9roul\u00e9 le 27 Novembre 2016 \u00e0 Sotteville-l\u00e8s-Rouen et au Havre.<\/p>\n<p style=\"text-align: justify;\">Jacques Notheaux et Guy Grenu jouaient \u00e0 Sotteville pendant que Dominique Gueroult repr\u00e9sentait le BCS au Havre.<\/p>\n<p style=\"text-align: justify;\">A sotteville, Jacques prend la 1\u00e9re place et Guy la 4\u00e8me.<\/p>\n<p style=\"text-align: justify;\">Au Havre, Dominique prend la 2\u00e8me place derriere Loic Hebert du Havre.<\/p>\n<p style=\"text-align: justify;\"><em>A sotteville:<\/em><\/p>\n<p style=\"text-align: center;\"><img loading=\"lazy\" decoding=\"async\" class=\"aligncenter size-large wp-image-7594\" title=\"4 BILLES T2 27-11-2016 Sotteville\" src=\"http:\/\/www.billard-club-sottevillais.com\/wp-content\/uploads\/2016\/11\/4-BILLES-T2-27-11-2016-Sotteville-723x1024.jpg\" alt=\"\" width=\"578\" height=\"819\" srcset=\"http:\/\/www.billard-club-sottevillais.com\/wp-content\/uploads\/2016\/11\/4-BILLES-T2-27-11-2016-Sotteville-723x1024.jpg 723w, http:\/\/www.billard-club-sottevillais.com\/wp-content\/uploads\/2016\/11\/4-BILLES-T2-27-11-2016-Sotteville-212x300.jpg 212w, http:\/\/www.billard-club-sottevillais.com\/wp-content\/uploads\/2016\/11\/4-BILLES-T2-27-11-2016-Sotteville.jpg 1240w\" sizes=\"auto, (max-width: 578px) 100vw, 578px\" \/><\/p>\n<p style=\"text-align: left;\"><em>Au Havre:<\/em><\/p>\n<p style=\"text-align: center;\"><img loading=\"lazy\" decoding=\"async\" class=\"aligncenter size-large wp-image-7596\" title=\"4 BILLES T2 27-11-2016 Le Havre (1)\" src=\"http:\/\/www.billard-club-sottevillais.com\/wp-content\/uploads\/2016\/11\/4-BILLES-T2-27-11-2016-Le-Havre-1-723x1024.jpg\" alt=\"\" width=\"578\" height=\"819\" srcset=\"http:\/\/www.billard-club-sottevillais.com\/wp-content\/uploads\/2016\/11\/4-BILLES-T2-27-11-2016-Le-Havre-1-723x1024.jpg 723w, http:\/\/www.billard-club-sottevillais.com\/wp-content\/uploads\/2016\/11\/4-BILLES-T2-27-11-2016-Le-Havre-1-212x300.jpg 212w, http:\/\/www.billard-club-sottevillais.com\/wp-content\/uploads\/2016\/11\/4-BILLES-T2-27-11-2016-Le-Havre-1.jpg 1240w\" sizes=\"auto, (max-width: 578px) 100vw, 578px\" \/><img loading=\"lazy\" decoding=\"async\" class=\"aligncenter size-large wp-image-7597\" title=\"4 BILLES T2 27-11-2016 Le Havre (2)\" src=\"http:\/\/www.billard-club-sottevillais.com\/wp-content\/uploads\/2016\/11\/4-BILLES-T2-27-11-2016-Le-Havre-2-723x1024.jpg\" alt=\"\" width=\"578\" height=\"819\" srcset=\"http:\/\/www.billard-club-sottevillais.com\/wp-content\/uploads\/2016\/11\/4-BILLES-T2-27-11-2016-Le-Havre-2-723x1024.jpg 723w, http:\/\/www.billard-club-sottevillais.com\/wp-content\/uploads\/2016\/11\/4-BILLES-T2-27-11-2016-Le-Havre-2-212x300.jpg 212w, http:\/\/www.billard-club-sottevillais.com\/wp-content\/uploads\/2016\/11\/4-BILLES-T2-27-11-2016-Le-Havre-2.jpg 1240w\" sizes=\"auto, (max-width: 578px) 100vw, 578px\" \/><em><\/em><\/p>\n<h4 style=\"padding-left: 30px;\">Le pdf ici :<a href=\"http:\/\/www.billard-club-sottevillais.com\/wp-content\/uploads\/2016\/11\/4-BILLES-T2-27-novembre-2016-Sotteville1.pdf\">4 BILLES T2 27 novembre 2016 Sotteville<\/a><\/h4>\n<h4 style=\"padding-left: 30px;\">Le pdf ici :<a href=\"http:\/\/www.billard-club-sottevillais.com\/wp-content\/uploads\/2016\/11\/4-BILLES-T2-27-11-2016-Le-Havre.pdf\" target=\"_blank\">4 BILLES T2 27-11-2016 Le Havre<\/a><\/h4>\n","protected":false},"excerpt":{"rendered":"<p>R\u00e9sultats des Tournois, vous trouverez ici toutes les informations concernant les rencontres sportives auxquelles participe le Billard Club Sottevillais.<\/p>\n","protected":false},"author":7,"featured_media":0,"parent":43,"menu_order":0,"comment_status":"open","ping_status":"open","template":"page-full.php","meta":{"footnotes":""},"class_list":["post-7569","page","type-page","status-publish","hentry"],"_links":{"self":[{"href":"http:\/\/www.billard-club-sottevillais.com\/index.php?rest_route=\/wp\/v2\/pages\/7569","targetHints":{"allow":["GET"]}}],"collection":[{"href":"http:\/\/www.billard-club-sottevillais.com\/index.php?rest_route=\/wp\/v2\/pages"}],"about":[{"href":"http:\/\/www.billard-club-sottevillais.com\/index.php?rest_route=\/wp\/v2\/types\/page"}],"author":[{"embeddable":true,"href":"http:\/\/www.billard-club-sottevillais.com\/index.php?rest_route=\/wp\/v2\/users\/7"}],"replies":[{"embeddable":true,"href":"http:\/\/www.billard-club-sottevillais.com\/index.php?rest_route=%2Fwp%2Fv2%2Fcomments&post=7569"}],"version-history":[{"count":4,"href":"http:\/\/www.billard-club-sottevillais.com\/index.php?rest_route=\/wp\/v2\/pages\/7569\/revisions"}],"predecessor-version":[{"id":7602,"href":"http:\/\/www.billard-club-sottevillais.com\/index.php?rest_route=\/wp\/v2\/pages\/7569\/revisions\/7602"}],"up":[{"embeddable":true,"href":"http:\/\/www.billard-club-sottevillais.com\/index.php?rest_route=\/wp\/v2\/pages\/43"}],"wp:attachment":[{"href":"http:\/\/www.billard-club-sottevillais.com\/index.php?rest_route=%2Fwp%2Fv2%2Fmedia&parent=7569"}],"curies":[{"name":"wp","href":"https:\/\/api.w.org\/{rel}","templated":true}]}}