{"id":7432,"date":"2016-10-30T22:09:44","date_gmt":"2016-10-30T22:09:44","guid":{"rendered":"http:\/\/www.billard-club-sottevillais.com\/?page_id=7432"},"modified":"2016-10-30T22:14:43","modified_gmt":"2016-10-30T22:14:43","slug":"bande-r2-t1-30-octobre-2016","status":"publish","type":"page","link":"http:\/\/www.billard-club-sottevillais.com\/?page_id=7432","title":{"rendered":"Bande R2 T1 &#8211; 30 octobre 2016"},"content":{"rendered":"<p style=\"text-align: justify;\">R\u00e9sultats des Tournois, vous trouverez ici toutes les informations concernant les rencontres sportives auxquelles participe le Billard Club Sottevillais.<\/p>\n<p style=\"text-align: center;\"><!--more--><img loading=\"lazy\" decoding=\"async\" class=\"aligncenter size-full wp-image-59\" title=\"sport\" src=\"http:\/\/billardcf.cluster010.ovh.net\/wp-content\/uploads\/2011\/07\/sport.jpg\" alt=\"\" width=\"231\" height=\"116\" \/><\/p>\n<p style=\"text-align: justify;\">Le 1er tour de Bande R2 s&rsquo;est d\u00e9roul\u00e9 le 30 octobre au Havre et \u00e0 Cany-Barville.<\/p>\n<p style=\"text-align: justify;\">Pascal Ippolito repr\u00e9sentait le BCS au Havre pendant que Patrick jouait \u00e0 Cany-Barville.<\/p>\n<p style=\"text-align: justify;\">Les deux sottevillais prennent la 4\u00e8me place dans leur poule r\u00e9spective.<\/p>\n<p style=\"text-align: justify;\">Au Havre :<\/p>\n<p style=\"text-align: center;\"><img loading=\"lazy\" decoding=\"async\" class=\"aligncenter size-large wp-image-7433\" title=\"BANDE R2 T1 30-10-16 Le Havre\" src=\"http:\/\/www.billard-club-sottevillais.com\/wp-content\/uploads\/2016\/10\/BANDE-R2-T1-30-10-16-Le-Havre-e1477864997239-1024x723.jpg\" alt=\"\" width=\"819\" height=\"578\" \/><\/p>\n<p style=\"text-align: left;\">A Cany-Barville :<\/p>\n<p style=\"text-align: center;\"><img loading=\"lazy\" decoding=\"async\" class=\"aligncenter size-large wp-image-7434\" title=\"BANDE R2 T1 30-10-16 CANY\" src=\"http:\/\/www.billard-club-sottevillais.com\/wp-content\/uploads\/2016\/10\/BANDE-R2-T1-30-10-16-CANY-e1477865047470-1024x723.jpg\" alt=\"\" width=\"819\" height=\"578\" \/><\/p>\n<h4 style=\"padding-left: 30px;\">Le pdf ici : <a href=\"http:\/\/www.billard-club-sottevillais.com\/wp-content\/uploads\/2016\/10\/BANDE-R2-T1-30-10-16-Le-Havre.pdf\" target=\"_blank\">BANDE R2 T1 30-10-16 Le Havre<\/a><\/h4>\n<h4 style=\"padding-left: 30px;\">Le pdf ici : <a href=\"http:\/\/www.billard-club-sottevillais.com\/wp-content\/uploads\/2016\/10\/BANDE-R2-T1-30-10-16-CANY.pdf\" target=\"_blank\">BANDE R2 T1 30-10-16 CANY<\/a><\/h4>\n","protected":false},"excerpt":{"rendered":"<p>R\u00e9sultats des Tournois, vous trouverez ici toutes les informations concernant les rencontres sportives auxquelles participe le Billard Club Sottevillais.<\/p>\n","protected":false},"author":7,"featured_media":0,"parent":43,"menu_order":0,"comment_status":"open","ping_status":"open","template":"page-full.php","meta":{"footnotes":""},"class_list":["post-7432","page","type-page","status-publish","hentry"],"_links":{"self":[{"href":"http:\/\/www.billard-club-sottevillais.com\/index.php?rest_route=\/wp\/v2\/pages\/7432","targetHints":{"allow":["GET"]}}],"collection":[{"href":"http:\/\/www.billard-club-sottevillais.com\/index.php?rest_route=\/wp\/v2\/pages"}],"about":[{"href":"http:\/\/www.billard-club-sottevillais.com\/index.php?rest_route=\/wp\/v2\/types\/page"}],"author":[{"embeddable":true,"href":"http:\/\/www.billard-club-sottevillais.com\/index.php?rest_route=\/wp\/v2\/users\/7"}],"replies":[{"embeddable":true,"href":"http:\/\/www.billard-club-sottevillais.com\/index.php?rest_route=%2Fwp%2Fv2%2Fcomments&post=7432"}],"version-history":[{"count":3,"href":"http:\/\/www.billard-club-sottevillais.com\/index.php?rest_route=\/wp\/v2\/pages\/7432\/revisions"}],"predecessor-version":[{"id":7440,"href":"http:\/\/www.billard-club-sottevillais.com\/index.php?rest_route=\/wp\/v2\/pages\/7432\/revisions\/7440"}],"up":[{"embeddable":true,"href":"http:\/\/www.billard-club-sottevillais.com\/index.php?rest_route=\/wp\/v2\/pages\/43"}],"wp:attachment":[{"href":"http:\/\/www.billard-club-sottevillais.com\/index.php?rest_route=%2Fwp%2Fv2%2Fmedia&parent=7432"}],"curies":[{"name":"wp","href":"https:\/\/api.w.org\/{rel}","templated":true}]}}