{"id":7419,"date":"2016-10-29T20:51:42","date_gmt":"2016-10-29T20:51:42","guid":{"rendered":"http:\/\/www.billard-club-sottevillais.com\/?page_id=7419"},"modified":"2016-10-29T20:51:42","modified_gmt":"2016-10-29T20:51:42","slug":"5-quilles-prologue-29-octobre-2016","status":"publish","type":"page","link":"http:\/\/www.billard-club-sottevillais.com\/?page_id=7419","title":{"rendered":"5 Quilles &#8211; Prologue &#8211; 29 Octobre 2016"},"content":{"rendered":"<p style=\"text-align: justify;\">R\u00e9sultats des Tournois, vous trouverez ici toutes les informations concernant les rencontres sportives auxquelles participe le Billard Club Sottevillais.<\/p>\n<p style=\"text-align: center;\"><!--more--><img loading=\"lazy\" decoding=\"async\" class=\"aligncenter size-full wp-image-59\" title=\"sport\" src=\"http:\/\/billardcf.cluster010.ovh.net\/wp-content\/uploads\/2011\/07\/sport.jpg\" alt=\"\" width=\"231\" height=\"116\" \/><\/p>\n<p>&nbsp;<\/p>\n<p style=\"text-align: justify;\">Samedi 29 octobre 2016, s&rsquo;est d\u00e9roul\u00e9 le prologue de 5 Quilles au sein du BCS.<\/p>\n<p style=\"text-align: justify;\">Cette ann\u00e9e, le module 2 est repr\u00e9sent\u00e9 par 6 Sottevillais, Claude Bourel, Christian Ponthieux, Didier Berment, Ren\u00e9 Francois, Pascal Ippolito et Gerard Gueret. Durant cette journ\u00e9e tous les joueurs se sont affront\u00e9s.<\/p>\n<p style=\"text-align: justify;\">Claude Bourel a termin\u00e9 1er avec 14 pts suivi de Christian 12pts, Pascal 10pts, Ren\u00e9 Francois 8pts et Didier Berment 6pts. Gerard Gueret \u00e9tait forfait pour ce tour.<\/p>\n<p>&nbsp;<\/p>\n<p style=\"text-align: center;\"><img loading=\"lazy\" decoding=\"async\" class=\"aligncenter size-large wp-image-7420\" title=\"Modules J_0 SOTTEVILLE-\" src=\"http:\/\/www.billard-club-sottevillais.com\/wp-content\/uploads\/2016\/10\/Modules-J_0-SOTTEVILLE--e1477773635447-1024x723.jpg\" alt=\"\" width=\"819\" height=\"578\" srcset=\"http:\/\/www.billard-club-sottevillais.com\/wp-content\/uploads\/2016\/10\/Modules-J_0-SOTTEVILLE--e1477773635447-1024x723.jpg 1024w, http:\/\/www.billard-club-sottevillais.com\/wp-content\/uploads\/2016\/10\/Modules-J_0-SOTTEVILLE--e1477773635447-300x212.jpg 300w, http:\/\/www.billard-club-sottevillais.com\/wp-content\/uploads\/2016\/10\/Modules-J_0-SOTTEVILLE--e1477773635447.jpg 1754w\" sizes=\"auto, (max-width: 706px) 89vw, (max-width: 767px) 82vw, 740px\" \/><\/p>\n<h4 style=\"padding-left: 30px;\">Le pdf ici : <a href=\"http:\/\/www.billard-club-sottevillais.com\/wp-content\/uploads\/2016\/10\/Modules-J_0-SOTTEVILLE-.pdf\" target=\"_blank\">Modules J_0 SOTTEVILLE-<\/a><\/h4>\n","protected":false},"excerpt":{"rendered":"<p>R\u00e9sultats des Tournois, vous trouverez ici toutes les informations concernant les rencontres sportives auxquelles participe le Billard Club Sottevillais.<\/p>\n","protected":false},"author":7,"featured_media":0,"parent":43,"menu_order":0,"comment_status":"open","ping_status":"open","template":"page-full.php","meta":{"footnotes":""},"class_list":["post-7419","page","type-page","status-publish","hentry"],"_links":{"self":[{"href":"http:\/\/www.billard-club-sottevillais.com\/index.php?rest_route=\/wp\/v2\/pages\/7419","targetHints":{"allow":["GET"]}}],"collection":[{"href":"http:\/\/www.billard-club-sottevillais.com\/index.php?rest_route=\/wp\/v2\/pages"}],"about":[{"href":"http:\/\/www.billard-club-sottevillais.com\/index.php?rest_route=\/wp\/v2\/types\/page"}],"author":[{"embeddable":true,"href":"http:\/\/www.billard-club-sottevillais.com\/index.php?rest_route=\/wp\/v2\/users\/7"}],"replies":[{"embeddable":true,"href":"http:\/\/www.billard-club-sottevillais.com\/index.php?rest_route=%2Fwp%2Fv2%2Fcomments&post=7419"}],"version-history":[{"count":2,"href":"http:\/\/www.billard-club-sottevillais.com\/index.php?rest_route=\/wp\/v2\/pages\/7419\/revisions"}],"predecessor-version":[{"id":7423,"href":"http:\/\/www.billard-club-sottevillais.com\/index.php?rest_route=\/wp\/v2\/pages\/7419\/revisions\/7423"}],"up":[{"embeddable":true,"href":"http:\/\/www.billard-club-sottevillais.com\/index.php?rest_route=\/wp\/v2\/pages\/43"}],"wp:attachment":[{"href":"http:\/\/www.billard-club-sottevillais.com\/index.php?rest_route=%2Fwp%2Fv2%2Fmedia&parent=7419"}],"curies":[{"name":"wp","href":"https:\/\/api.w.org\/{rel}","templated":true}]}}