{"id":7403,"date":"2016-10-25T19:22:17","date_gmt":"2016-10-25T19:22:17","guid":{"rendered":"http:\/\/www.billard-club-sottevillais.com\/?page_id=7403"},"modified":"2016-10-26T19:47:45","modified_gmt":"2016-10-26T19:47:45","slug":"pierre-lescaut-d2-25-octobre-2016","status":"publish","type":"page","link":"http:\/\/www.billard-club-sottevillais.com\/?page_id=7403","title":{"rendered":"Pierre Lescaut D2 &#8211; 25 Octobre 2016"},"content":{"rendered":"<p style=\"text-align: justify;\">R\u00e9sultats des Tournois, vous trouverez ici toutes les informations concernant les rencontres sportives auxquelles participe le Billard Club Sottevillais.<\/p>\n<p style=\"text-align: center;\"><!--more--><img loading=\"lazy\" decoding=\"async\" class=\"aligncenter size-full wp-image-59\" title=\"sport\" src=\"http:\/\/billardcf.cluster010.ovh.net\/wp-content\/uploads\/2011\/07\/sport.jpg\" alt=\"\" width=\"231\" height=\"116\" \/><\/p>\n<p>&nbsp;<\/p>\n<p style=\"text-align: justify;\">Le 25 octobre 2016, notre \u00e9quipe D2 compos\u00e9e de Jacques Alexandre, G\u00e9rard Gueret et Giovanni Gauthier a re\u00e7u l&rsquo;\u00e9quipe de Gaillon.<\/p>\n<p style=\"text-align: justify;\">L&rsquo;\u00e9quipe a domin\u00e9 Gaillon 12 \u00e0 6.<\/p>\n<p>&nbsp;<\/p>\n<p style=\"text-align: center;\"><img loading=\"lazy\" decoding=\"async\" class=\"aligncenter size-large wp-image-7414\" title=\"Pierre Lescaut D2 Sotteville A - Gaillon A 25-10-16\" src=\"http:\/\/www.billard-club-sottevillais.com\/wp-content\/uploads\/2016\/10\/Pierre-Lescaut-D2-Sotteville-A-Gaillon-A-25-10-162-723x1024.jpg\" alt=\"\" width=\"578\" height=\"819\" \/><img loading=\"lazy\" decoding=\"async\" class=\"aligncenter size-large wp-image-7416\" title=\"SAM_2229\" src=\"http:\/\/www.billard-club-sottevillais.com\/wp-content\/uploads\/2016\/10\/SAM_2229-1024x576.jpg\" alt=\"\" width=\"614\" height=\"346\" srcset=\"http:\/\/www.billard-club-sottevillais.com\/wp-content\/uploads\/2016\/10\/SAM_2229-1024x576.jpg 1024w, http:\/\/www.billard-club-sottevillais.com\/wp-content\/uploads\/2016\/10\/SAM_2229-300x168.jpg 300w, http:\/\/www.billard-club-sottevillais.com\/wp-content\/uploads\/2016\/10\/SAM_2229.jpg 1600w\" sizes=\"auto, (max-width: 614px) 100vw, 614px\" \/><\/p>\n<h4 style=\"padding-left: 30px;\">Le pdf ici : <a href=\"http:\/\/www.billard-club-sottevillais.com\/wp-content\/uploads\/2016\/10\/Pierre-Lescaut-D2-Sotteville-A-Gaillon-A-25-10-161.pdf\" target=\"_blank\">Pierre Lescaut D2 Sotteville A &#8211; Gaillon A 25-10-16<\/a><\/h4>\n","protected":false},"excerpt":{"rendered":"<p>R\u00e9sultats des Tournois, vous trouverez ici toutes les informations concernant les rencontres sportives auxquelles participe le Billard Club Sottevillais.<\/p>\n","protected":false},"author":7,"featured_media":0,"parent":43,"menu_order":0,"comment_status":"open","ping_status":"open","template":"page-full.php","meta":{"footnotes":""},"class_list":["post-7403","page","type-page","status-publish","hentry"],"_links":{"self":[{"href":"http:\/\/www.billard-club-sottevillais.com\/index.php?rest_route=\/wp\/v2\/pages\/7403","targetHints":{"allow":["GET"]}}],"collection":[{"href":"http:\/\/www.billard-club-sottevillais.com\/index.php?rest_route=\/wp\/v2\/pages"}],"about":[{"href":"http:\/\/www.billard-club-sottevillais.com\/index.php?rest_route=\/wp\/v2\/types\/page"}],"author":[{"embeddable":true,"href":"http:\/\/www.billard-club-sottevillais.com\/index.php?rest_route=\/wp\/v2\/users\/7"}],"replies":[{"embeddable":true,"href":"http:\/\/www.billard-club-sottevillais.com\/index.php?rest_route=%2Fwp%2Fv2%2Fcomments&post=7403"}],"version-history":[{"count":6,"href":"http:\/\/www.billard-club-sottevillais.com\/index.php?rest_route=\/wp\/v2\/pages\/7403\/revisions"}],"predecessor-version":[{"id":7417,"href":"http:\/\/www.billard-club-sottevillais.com\/index.php?rest_route=\/wp\/v2\/pages\/7403\/revisions\/7417"}],"up":[{"embeddable":true,"href":"http:\/\/www.billard-club-sottevillais.com\/index.php?rest_route=\/wp\/v2\/pages\/43"}],"wp:attachment":[{"href":"http:\/\/www.billard-club-sottevillais.com\/index.php?rest_route=%2Fwp%2Fv2%2Fmedia&parent=7403"}],"curies":[{"name":"wp","href":"https:\/\/api.w.org\/{rel}","templated":true}]}}