{"id":7333,"date":"2016-10-23T18:00:25","date_gmt":"2016-10-23T18:00:25","guid":{"rendered":"http:\/\/www.billard-club-sottevillais.com\/?page_id=7333"},"modified":"2016-10-23T21:08:03","modified_gmt":"2016-10-23T21:08:03","slug":"tac-tac-2016","status":"publish","type":"page","link":"http:\/\/www.billard-club-sottevillais.com\/?page_id=7333","title":{"rendered":"TAC-TAC 2016"},"content":{"rendered":"<p>&nbsp;<\/p>\n<p style=\"text-align: justify;\">Le tournoi interne de Tac-tac a eu lieu le samedi 22 octobre. Cette ann\u00e9e \u00e9tait un bon cru, il y avait quinze participants. Peu avant 9 heures, tout le monde \u00e9tait pr\u00e9sent. Une fois aval\u00e9s le caf\u00e9 et les petits biscuits, Bruno a pu proc\u00e9d\u00e9 au tirage au sort des poules et des billards.<br \/>\nLe tournoi de Tac-Tac est un tournoi avec handicap. Il se d\u00e9roule sur une journ\u00e9e enti\u00e8re. Le matin les joueurs se rencontrent dans des poules de trois joueurs. A l&rsquo;issue des poules, les huit premiers s&rsquo;affrontent dans le tournoi principal, les autres jouent la consolante.<\/p>\n<p>&nbsp;<br \/>\n<img loading=\"lazy\" decoding=\"async\" class=\"aligncenter size-full wp-image-7347\" title=\"Handicap\" src=\"http:\/\/www.billard-club-sottevillais.com\/wp-content\/uploads\/2016\/10\/Handicap.jpg\" alt=\"\" width=\"850\" height=\"252\" srcset=\"http:\/\/www.billard-club-sottevillais.com\/wp-content\/uploads\/2016\/10\/Handicap.jpg 850w, http:\/\/www.billard-club-sottevillais.com\/wp-content\/uploads\/2016\/10\/Handicap-300x88.jpg 300w\" sizes=\"auto, (max-width: 706px) 89vw, (max-width: 767px) 82vw, 740px\" \/><br \/>\n&nbsp;<\/p>\n<p style=\"text-align: justify;\">Globalement, les handicaps varient de 1 \u00e0 3, les moins exp\u00e9riment\u00e9s jouent en 150 points tandis que certains doivent atteindre une distance de 400 points.<\/p>\n<div align=\"center\">[flgallery id=131\/]<\/div>\n<h3>R\u00e9sultat du tirage au sort<\/h3>\n<p>&nbsp;<br \/>\n<img loading=\"lazy\" decoding=\"async\" class=\"aligncenter size-full wp-image-7338\" title=\"Tirage\" src=\"http:\/\/www.billard-club-sottevillais.com\/wp-content\/uploads\/2016\/10\/Tirage.jpg\" alt=\"\" width=\"798\" height=\"482\" srcset=\"http:\/\/www.billard-club-sottevillais.com\/wp-content\/uploads\/2016\/10\/Tirage.jpg 798w, http:\/\/www.billard-club-sottevillais.com\/wp-content\/uploads\/2016\/10\/Tirage-300x181.jpg 300w\" sizes=\"auto, (max-width: 706px) 89vw, (max-width: 767px) 82vw, 740px\" \/><br \/>\n&nbsp;<\/p>\n<h3>Les poules<\/h3>\n<div align=\"center\">[flgallery id=132\/]<\/div>\n<h3>Classement \u00e0 l&rsquo;issue des poules<\/h3>\n<p>&nbsp;<br \/>\n<img loading=\"lazy\" decoding=\"async\" class=\"aligncenter size-full wp-image-7399\" title=\"Fin-qualif\" src=\"http:\/\/www.billard-club-sottevillais.com\/wp-content\/uploads\/2016\/10\/Fin-qualif1.jpg\" alt=\"\" width=\"850\" height=\"485\" srcset=\"http:\/\/www.billard-club-sottevillais.com\/wp-content\/uploads\/2016\/10\/Fin-qualif1.jpg 850w, http:\/\/www.billard-club-sottevillais.com\/wp-content\/uploads\/2016\/10\/Fin-qualif1-300x171.jpg 300w\" sizes=\"auto, (max-width: 706px) 89vw, (max-width: 767px) 82vw, 740px\" \/><br \/>\n&nbsp;<\/p>\n<h3>La consolante<\/h3>\n<p>&nbsp;<br \/>\n<img loading=\"lazy\" decoding=\"async\" class=\"aligncenter size-full wp-image-7380\" title=\"Consol\" src=\"http:\/\/www.billard-club-sottevillais.com\/wp-content\/uploads\/2016\/10\/Consol.jpg\" alt=\"\" width=\"550\" height=\"366\" srcset=\"http:\/\/www.billard-club-sottevillais.com\/wp-content\/uploads\/2016\/10\/Consol.jpg 550w, http:\/\/www.billard-club-sottevillais.com\/wp-content\/uploads\/2016\/10\/Consol-300x199.jpg 300w, http:\/\/www.billard-club-sottevillais.com\/wp-content\/uploads\/2016\/10\/Consol-462x306.jpg 462w, http:\/\/www.billard-club-sottevillais.com\/wp-content\/uploads\/2016\/10\/Consol-140x94.jpg 140w\" sizes=\"auto, (max-width: 550px) 100vw, 550px\" \/><br \/>\n&nbsp;<\/p>\n<p style=\"text-align: justify;\">Mathis tire son \u00e9pingle du jeu et bat Christian 92 \u00e0 80. Il est donc le vainqueur de la consolante. Bravo Mathis !<\/p>\n<p>&nbsp;<br \/>\n&nbsp;<\/p>\n<h3>La finale<\/h3>\n<p>&nbsp;<br \/>\n<img loading=\"lazy\" decoding=\"async\" class=\"aligncenter size-full wp-image-7381\" title=\"Final\" src=\"http:\/\/www.billard-club-sottevillais.com\/wp-content\/uploads\/2016\/10\/Final.jpg\" alt=\"\" width=\"533\" height=\"400\" srcset=\"http:\/\/www.billard-club-sottevillais.com\/wp-content\/uploads\/2016\/10\/Final.jpg 533w, http:\/\/www.billard-club-sottevillais.com\/wp-content\/uploads\/2016\/10\/Final-300x225.jpg 300w\" sizes=\"auto, (max-width: 533px) 100vw, 533px\" \/><br \/>\n&nbsp;<\/p>\n<p style=\"text-align: justify;\">D\u00e8s le d\u00e9but, Paolo a pris son match en main en devan\u00e7ant Patrick de quelques points. Cette avance n&rsquo;a jamais \u00e9t\u00e9 reconquise. Paolo gagne la finale \u00e0 la r\u00e9guli\u00e8re. Bravo !<\/p>\n<p>&nbsp;<\/p>\n<h3>Le classement<\/h3>\n<p>&nbsp;<br \/>\n<img loading=\"lazy\" decoding=\"async\" class=\"aligncenter size-full wp-image-7383\" title=\"Clasment\" src=\"http:\/\/www.billard-club-sottevillais.com\/wp-content\/uploads\/2016\/10\/Clasment.jpg\" alt=\"\" width=\"850\" height=\"545\" srcset=\"http:\/\/www.billard-club-sottevillais.com\/wp-content\/uploads\/2016\/10\/Clasment.jpg 850w, http:\/\/www.billard-club-sottevillais.com\/wp-content\/uploads\/2016\/10\/Clasment-300x192.jpg 300w\" sizes=\"auto, (max-width: 706px) 89vw, (max-width: 767px) 82vw, 740px\" \/><br \/>\n&nbsp;<br \/>\n<img loading=\"lazy\" decoding=\"async\" class=\"aligncenter size-full wp-image-7392\" title=\"Mathis\" src=\"http:\/\/www.billard-club-sottevillais.com\/wp-content\/uploads\/2016\/10\/Mathis.jpg\" alt=\"\" width=\"533\" height=\"400\" srcset=\"http:\/\/www.billard-club-sottevillais.com\/wp-content\/uploads\/2016\/10\/Mathis.jpg 533w, http:\/\/www.billard-club-sottevillais.com\/wp-content\/uploads\/2016\/10\/Mathis-300x225.jpg 300w\" sizes=\"auto, (max-width: 533px) 100vw, 533px\" \/><br \/>\n&nbsp;<br \/>\n<img loading=\"lazy\" decoding=\"async\" class=\"aligncenter size-full wp-image-7393\" title=\"Paolo\" src=\"http:\/\/www.billard-club-sottevillais.com\/wp-content\/uploads\/2016\/10\/Paolo.jpg\" alt=\"\" width=\"533\" height=\"400\" srcset=\"http:\/\/www.billard-club-sottevillais.com\/wp-content\/uploads\/2016\/10\/Paolo.jpg 533w, http:\/\/www.billard-club-sottevillais.com\/wp-content\/uploads\/2016\/10\/Paolo-300x225.jpg 300w\" sizes=\"auto, (max-width: 533px) 100vw, 533px\" \/><\/p>\n","protected":false},"excerpt":{"rendered":"<p>&nbsp; Le tournoi interne de Tac-tac a eu lieu le samedi 22 octobre. Cette ann\u00e9e \u00e9tait un bon cru, il y avait quinze participants. Peu avant 9 heures, tout le monde \u00e9tait pr\u00e9sent. Une fois aval\u00e9s le caf\u00e9 et les petits biscuits, Bruno a pu proc\u00e9d\u00e9 au tirage au sort des poules et des billards. &hellip; <\/p>\n<p class=\"link-more\"><a href=\"http:\/\/www.billard-club-sottevillais.com\/?page_id=7333\" class=\"more-link\">Continuer la lecture<span class=\"screen-reader-text\"> de &laquo;&nbsp;TAC-TAC 2016&nbsp;&raquo;<\/span><\/a><\/p>\n","protected":false},"author":3,"featured_media":0,"parent":35,"menu_order":0,"comment_status":"open","ping_status":"open","template":"page-full.php","meta":{"footnotes":""},"class_list":["post-7333","page","type-page","status-publish","hentry"],"_links":{"self":[{"href":"http:\/\/www.billard-club-sottevillais.com\/index.php?rest_route=\/wp\/v2\/pages\/7333","targetHints":{"allow":["GET"]}}],"collection":[{"href":"http:\/\/www.billard-club-sottevillais.com\/index.php?rest_route=\/wp\/v2\/pages"}],"about":[{"href":"http:\/\/www.billard-club-sottevillais.com\/index.php?rest_route=\/wp\/v2\/types\/page"}],"author":[{"embeddable":true,"href":"http:\/\/www.billard-club-sottevillais.com\/index.php?rest_route=\/wp\/v2\/users\/3"}],"replies":[{"embeddable":true,"href":"http:\/\/www.billard-club-sottevillais.com\/index.php?rest_route=%2Fwp%2Fv2%2Fcomments&post=7333"}],"version-history":[{"count":51,"href":"http:\/\/www.billard-club-sottevillais.com\/index.php?rest_route=\/wp\/v2\/pages\/7333\/revisions"}],"predecessor-version":[{"id":7390,"href":"http:\/\/www.billard-club-sottevillais.com\/index.php?rest_route=\/wp\/v2\/pages\/7333\/revisions\/7390"}],"up":[{"embeddable":true,"href":"http:\/\/www.billard-club-sottevillais.com\/index.php?rest_route=\/wp\/v2\/pages\/35"}],"wp:attachment":[{"href":"http:\/\/www.billard-club-sottevillais.com\/index.php?rest_route=%2Fwp%2Fv2%2Fmedia&parent=7333"}],"curies":[{"name":"wp","href":"https:\/\/api.w.org\/{rel}","templated":true}]}}