{"id":7302,"date":"2016-10-22T18:24:48","date_gmt":"2016-10-22T18:24:48","guid":{"rendered":"http:\/\/www.billard-club-sottevillais.com\/?page_id=7302"},"modified":"2016-10-22T18:24:48","modified_gmt":"2016-10-22T18:24:48","slug":"libre-r3-t1-16-octobre-2016","status":"publish","type":"page","link":"http:\/\/www.billard-club-sottevillais.com\/?page_id=7302","title":{"rendered":"Libre R3 T1 &#8211; 16 octobre 2016"},"content":{"rendered":"<p style=\"text-align: justify;\">R\u00e9sultats des Tournois, vous trouverez ici toutes les informations concernant les rencontres sportives auxquelles participe le Billard Club Sottevillais.<\/p>\n<p style=\"text-align: center;\"><!--more--><img loading=\"lazy\" decoding=\"async\" class=\"aligncenter size-full wp-image-59\" title=\"sport\" src=\"http:\/\/billardcf.cluster010.ovh.net\/wp-content\/uploads\/2011\/07\/sport.jpg\" alt=\"\" width=\"231\" height=\"116\" \/><\/p>\n<p>&nbsp;<\/p>\n<p style=\"text-align: justify;\">Le 1er tour de libre R3 a eu lieu le 16 octobre 2016 au Havre.<\/p>\n<p style=\"text-align: justify;\">Emile Gauthier, Patrick Poignye et Sylvain Baville repr\u00e9sentaient le BCS.<\/p>\n<p style=\"text-align: justify;\">Emile termine 8\u00e8me, Patrick 7\u00e8me et Sylvain 2\u00e8me. Robin Fernandez de Cany-Barville termine 1er.<\/p>\n<p style=\"text-align: center;\"><img loading=\"lazy\" decoding=\"async\" class=\"aligncenter size-large wp-image-7327\" title=\"LIBRE R3 T1 Le Havre 16-10-2016 (01)\" src=\"http:\/\/www.billard-club-sottevillais.com\/wp-content\/uploads\/2016\/10\/LIBRE-R3-T1-Le-Havre-16-10-2016-01-723x1024.jpg\" alt=\"\" width=\"578\" height=\"819\" \/><img loading=\"lazy\" decoding=\"async\" class=\"aligncenter size-large wp-image-7328\" title=\"LIBRE R3 T1 Le Havre 16-10-2016 (02)\" src=\"http:\/\/www.billard-club-sottevillais.com\/wp-content\/uploads\/2016\/10\/LIBRE-R3-T1-Le-Havre-16-10-2016-02-723x1024.jpg\" alt=\"\" width=\"578\" height=\"819\" \/><\/p>\n<h4>Le pdf ici : <a href=\"http:\/\/www.billard-club-sottevillais.com\/wp-content\/uploads\/2016\/10\/LIBRE-R3-T1-Le-Havre-16-10-2016.pdf\" target=\"_blank\">LIBRE R3 T1 Le Havre 16-10-2016<\/a><\/h4>\n","protected":false},"excerpt":{"rendered":"<p>R\u00e9sultats des Tournois, vous trouverez ici toutes les informations concernant les rencontres sportives auxquelles participe le Billard Club Sottevillais.<\/p>\n","protected":false},"author":7,"featured_media":0,"parent":43,"menu_order":0,"comment_status":"open","ping_status":"open","template":"page-full.php","meta":{"footnotes":""},"class_list":["post-7302","page","type-page","status-publish","hentry"],"_links":{"self":[{"href":"http:\/\/www.billard-club-sottevillais.com\/index.php?rest_route=\/wp\/v2\/pages\/7302","targetHints":{"allow":["GET"]}}],"collection":[{"href":"http:\/\/www.billard-club-sottevillais.com\/index.php?rest_route=\/wp\/v2\/pages"}],"about":[{"href":"http:\/\/www.billard-club-sottevillais.com\/index.php?rest_route=\/wp\/v2\/types\/page"}],"author":[{"embeddable":true,"href":"http:\/\/www.billard-club-sottevillais.com\/index.php?rest_route=\/wp\/v2\/users\/7"}],"replies":[{"embeddable":true,"href":"http:\/\/www.billard-club-sottevillais.com\/index.php?rest_route=%2Fwp%2Fv2%2Fcomments&post=7302"}],"version-history":[{"count":3,"href":"http:\/\/www.billard-club-sottevillais.com\/index.php?rest_route=\/wp\/v2\/pages\/7302\/revisions"}],"predecessor-version":[{"id":7331,"href":"http:\/\/www.billard-club-sottevillais.com\/index.php?rest_route=\/wp\/v2\/pages\/7302\/revisions\/7331"}],"up":[{"embeddable":true,"href":"http:\/\/www.billard-club-sottevillais.com\/index.php?rest_route=\/wp\/v2\/pages\/43"}],"wp:attachment":[{"href":"http:\/\/www.billard-club-sottevillais.com\/index.php?rest_route=%2Fwp%2Fv2%2Fmedia&parent=7302"}],"curies":[{"name":"wp","href":"https:\/\/api.w.org\/{rel}","templated":true}]}}