{"id":7294,"date":"2016-10-16T17:51:19","date_gmt":"2016-10-16T17:51:19","guid":{"rendered":"http:\/\/www.billard-club-sottevillais.com\/?page_id=7294"},"modified":"2016-10-16T17:51:19","modified_gmt":"2016-10-16T17:51:19","slug":"libre-r2-t1-16-octobre-2016","status":"publish","type":"page","link":"http:\/\/www.billard-club-sottevillais.com\/?page_id=7294","title":{"rendered":"Libre R2 T1 &#8211; 16 octobre 2016"},"content":{"rendered":"<p style=\"text-align: justify;\">R\u00e9sultats des Tournois, vous trouverez ici toutes les informations concernant les rencontres sportives auxquelles participe le Billard Club Sottevillais.<\/p>\n<p style=\"text-align: center;\"><!--more--><img loading=\"lazy\" decoding=\"async\" class=\"aligncenter size-full wp-image-59\" title=\"sport\" src=\"http:\/\/billardcf.cluster010.ovh.net\/wp-content\/uploads\/2011\/07\/sport.jpg\" alt=\"\" width=\"231\" height=\"116\" \/><\/p>\n<p>&nbsp;<\/p>\n<p style=\"text-align: justify;\">Le 16 octobre 2016, Sotteville recevait le 1er tour de libre R2 o\u00f9 4 sottevillais \u00e9taient en lice.<\/p>\n<p style=\"text-align: justify;\">G\u00e9rard Gueret, Bruno Pierrel, Jacques Robin et Giovanni Gauthier participaient \u00e0 ce tour de jeu.<\/p>\n<p style=\"text-align: justify;\">Bruno termine 8\u00e8me, Giovanni 6\u00e8me, Jacques 4\u00e8me et G\u00e9rard 3\u00e8me.<\/p>\n<p style=\"text-align: justify;\">Cedric Legendre de Rouen termine 1er.<\/p>\n<p style=\"text-align: center;\"><img loading=\"lazy\" decoding=\"async\" class=\"aligncenter size-large wp-image-7295\" title=\"LIBRE R2 T1 Sotteville 16.10.16 (01)\" src=\"http:\/\/www.billard-club-sottevillais.com\/wp-content\/uploads\/2016\/10\/LIBRE-R2-T1-Sotteville-16.10.16-01-723x1024.jpg\" alt=\"\" width=\"578\" height=\"819\" \/><img loading=\"lazy\" decoding=\"async\" class=\"aligncenter size-large wp-image-7296\" title=\"LIBRE R2 T1 Sotteville 16.10.16 (02)\" src=\"http:\/\/www.billard-club-sottevillais.com\/wp-content\/uploads\/2016\/10\/LIBRE-R2-T1-Sotteville-16.10.16-02-723x1024.jpg\" alt=\"\" width=\"578\" height=\"819\" \/><\/p>\n<h4 style=\"padding-left: 30px;\">Le pdf ici : <a href=\"http:\/\/www.billard-club-sottevillais.com\/wp-content\/uploads\/2016\/10\/LIBRE-R2-T1-Sotteville-16.10.16.pdf\" target=\"_blank\">LIBRE R2 T1 Sotteville 16.10.16<\/a><\/h4>\n","protected":false},"excerpt":{"rendered":"<p>R\u00e9sultats des Tournois, vous trouverez ici toutes les informations concernant les rencontres sportives auxquelles participe le Billard Club Sottevillais.<\/p>\n","protected":false},"author":7,"featured_media":0,"parent":43,"menu_order":0,"comment_status":"open","ping_status":"open","template":"page-full.php","meta":{"footnotes":""},"class_list":["post-7294","page","type-page","status-publish","hentry"],"_links":{"self":[{"href":"http:\/\/www.billard-club-sottevillais.com\/index.php?rest_route=\/wp\/v2\/pages\/7294","targetHints":{"allow":["GET"]}}],"collection":[{"href":"http:\/\/www.billard-club-sottevillais.com\/index.php?rest_route=\/wp\/v2\/pages"}],"about":[{"href":"http:\/\/www.billard-club-sottevillais.com\/index.php?rest_route=\/wp\/v2\/types\/page"}],"author":[{"embeddable":true,"href":"http:\/\/www.billard-club-sottevillais.com\/index.php?rest_route=\/wp\/v2\/users\/7"}],"replies":[{"embeddable":true,"href":"http:\/\/www.billard-club-sottevillais.com\/index.php?rest_route=%2Fwp%2Fv2%2Fcomments&post=7294"}],"version-history":[{"count":2,"href":"http:\/\/www.billard-club-sottevillais.com\/index.php?rest_route=\/wp\/v2\/pages\/7294\/revisions"}],"predecessor-version":[{"id":7299,"href":"http:\/\/www.billard-club-sottevillais.com\/index.php?rest_route=\/wp\/v2\/pages\/7294\/revisions\/7299"}],"up":[{"embeddable":true,"href":"http:\/\/www.billard-club-sottevillais.com\/index.php?rest_route=\/wp\/v2\/pages\/43"}],"wp:attachment":[{"href":"http:\/\/www.billard-club-sottevillais.com\/index.php?rest_route=%2Fwp%2Fv2%2Fmedia&parent=7294"}],"curies":[{"name":"wp","href":"https:\/\/api.w.org\/{rel}","templated":true}]}}