{"id":7259,"date":"2016-10-09T18:59:52","date_gmt":"2016-10-09T18:59:52","guid":{"rendered":"http:\/\/www.billard-club-sottevillais.com\/?page_id=7259"},"modified":"2016-10-09T18:59:52","modified_gmt":"2016-10-09T18:59:52","slug":"libre-n3-t1-09-octobre-2016","status":"publish","type":"page","link":"http:\/\/www.billard-club-sottevillais.com\/?page_id=7259","title":{"rendered":"Libre N3 &#8211; T1 &#8211; 09 Octobre 2016"},"content":{"rendered":"<p style=\"text-align: justify;\">R\u00e9sultats des Tournois, vous trouverez ici toutes les informations concernant les rencontres sportives auxquelles participe le Billard Club Sottevillais.<\/p>\n<p style=\"text-align: center;\"><!--more--><img loading=\"lazy\" decoding=\"async\" class=\"aligncenter size-full wp-image-59\" title=\"sport\" src=\"http:\/\/billardcf.cluster010.ovh.net\/wp-content\/uploads\/2011\/07\/sport.jpg\" alt=\"\" width=\"231\" height=\"116\" \/><\/p>\n<p>&nbsp;<\/p>\n<p style=\"text-align: justify;\">Le 1er tour de libre N3 a eu lieu le 09 octobre 2016 \u00e0 Cormelles-le-royal. Jacques Alexandre, Laurent Neveu et Anthony Branco participaient \u00e0 ce tour de jeu.<\/p>\n<p style=\"text-align: justify;\">Laurent termine 2\u00e8me, Jacques 3\u00e8me et Anthony 5\u00e8me.<\/p>\n<p style=\"text-align: justify;\">Jean-Yves Roussel d&rsquo;Evreux gagne ce 1er tour.<\/p>\n<p style=\"text-align: center;\"><img loading=\"lazy\" decoding=\"async\" class=\"aligncenter size-large wp-image-7271\" title=\"Libre N3 T1 Cormelles 09.10.16 (01)\" src=\"http:\/\/www.billard-club-sottevillais.com\/wp-content\/uploads\/2016\/10\/Libre-N3-T1-Cormelles-09.10.16-01-723x1024.jpg\" alt=\"\" width=\"578\" height=\"819\" \/><img loading=\"lazy\" decoding=\"async\" class=\"aligncenter size-large wp-image-7272\" title=\"Libre N3 T1 Cormelles 09.10.16 (02)\" src=\"http:\/\/www.billard-club-sottevillais.com\/wp-content\/uploads\/2016\/10\/Libre-N3-T1-Cormelles-09.10.16-02-723x1024.jpg\" alt=\"\" width=\"578\" height=\"819\" \/><\/p>\n<h4 style=\"padding-left: 30px;\">Le pdf ici : <a href=\"http:\/\/www.billard-club-sottevillais.com\/wp-content\/uploads\/2016\/10\/Libre-N3-T1-Cormelles-09.10.16.pdf\" target=\"_blank\">Libre N3 T1 Cormelles 09.10.16<\/a><\/h4>\n","protected":false},"excerpt":{"rendered":"<p>R\u00e9sultats des Tournois, vous trouverez ici toutes les informations concernant les rencontres sportives auxquelles participe le Billard Club Sottevillais.<\/p>\n","protected":false},"author":7,"featured_media":0,"parent":43,"menu_order":0,"comment_status":"open","ping_status":"open","template":"page-full.php","meta":{"footnotes":""},"class_list":["post-7259","page","type-page","status-publish","hentry"],"_links":{"self":[{"href":"http:\/\/www.billard-club-sottevillais.com\/index.php?rest_route=\/wp\/v2\/pages\/7259","targetHints":{"allow":["GET"]}}],"collection":[{"href":"http:\/\/www.billard-club-sottevillais.com\/index.php?rest_route=\/wp\/v2\/pages"}],"about":[{"href":"http:\/\/www.billard-club-sottevillais.com\/index.php?rest_route=\/wp\/v2\/types\/page"}],"author":[{"embeddable":true,"href":"http:\/\/www.billard-club-sottevillais.com\/index.php?rest_route=\/wp\/v2\/users\/7"}],"replies":[{"embeddable":true,"href":"http:\/\/www.billard-club-sottevillais.com\/index.php?rest_route=%2Fwp%2Fv2%2Fcomments&post=7259"}],"version-history":[{"count":3,"href":"http:\/\/www.billard-club-sottevillais.com\/index.php?rest_route=\/wp\/v2\/pages\/7259\/revisions"}],"predecessor-version":[{"id":10538,"href":"http:\/\/www.billard-club-sottevillais.com\/index.php?rest_route=\/wp\/v2\/pages\/7259\/revisions\/10538"}],"up":[{"embeddable":true,"href":"http:\/\/www.billard-club-sottevillais.com\/index.php?rest_route=\/wp\/v2\/pages\/43"}],"wp:attachment":[{"href":"http:\/\/www.billard-club-sottevillais.com\/index.php?rest_route=%2Fwp%2Fv2%2Fmedia&parent=7259"}],"curies":[{"name":"wp","href":"https:\/\/api.w.org\/{rel}","templated":true}]}}