{"id":7121,"date":"2016-07-03T14:46:55","date_gmt":"2016-07-03T14:46:55","guid":{"rendered":"http:\/\/www.billard-club-sottevillais.com\/?page_id=7121"},"modified":"2016-07-03T14:48:53","modified_gmt":"2016-07-03T14:48:53","slug":"archives-saison-2015","status":"publish","type":"page","link":"http:\/\/www.billard-club-sottevillais.com\/?page_id=7121","title":{"rendered":"Archives saison 2015"},"content":{"rendered":"<h4><a href=\"http:\/\/billardcf.cluster010.ovh.net\/?page_id=6682\">Tournoi interne de 5 quilles<\/a><\/h4>\n<p style=\"text-align: justify;\">Le 30 janvier, ils \u00e9taient 18 \u00e0 participer au tournoi interne de 5 quilles.<\/p>\n<h4><a href=\"http:\/\/billardcf.cluster010.ovh.net\/?page_id=6547\">La galette des rois<\/a><\/h4>\n<p style=\"text-align: justify;\">Le 9 janvier, nos adh\u00e9rents ont savour\u00e9 la galette.<\/p>\n<h4><a href=\"http:\/\/billardcf.cluster010.ovh.net\/?page_id=6428\">Tournoi de casin<\/a><\/h4>\n<p style=\"text-align: justify;\">Le 12 d\u00e9cembre, le BCS a r\u00e9uni ses adh\u00e9rents autour d&rsquo;un tournoi de casin.<\/p>\n<h4><a href=\"http:\/\/billardcf.cluster010.ovh.net\/?page_id=6267\">Soir\u00e9e Beaujolais 2015<\/a><\/h4>\n<p style=\"text-align: justify;\">Le 20 novembre, le BCS a f\u00eat\u00e9 l&rsquo;arriv\u00e9e du Beaujolais nouveau.<\/p>\n<h4><a href=\"http:\/\/billardcf.cluster010.ovh.net\/?page_id=6204\">Soir\u00e9e des sportifs sottevillais 2015<\/a><\/h4>\n<p style=\"text-align: justify;\">Le 13 novembre, la mairie a r\u00e9compens\u00e9 les sportifs sottevillais.<\/p>\n<h4><a href=\"http:\/\/billardcf.cluster010.ovh.net\/?page_id=6032\">Tournoi de Tac-tac 2015<\/a><\/h4>\n<p style=\"text-align: justify;\">Le 17 octobre, 12 joueurs s&rsquo;affrontent dans un tournoi de tac-tac.<\/p>\n<h4><a href=\"http:\/\/billardcf.cluster010.ovh.net\/?page_id=5848\">Assembl\u00e9e G\u00e9n\u00e9rale 2015<\/a><\/h4>\n<p style=\"text-align: justify;\">Le 13 juin, les adh\u00e9rents ont r\u00e9pondu pr\u00e9sent pour assister \u00e0 leur AG.<\/p>\n<p>&nbsp;<\/p>\n","protected":false},"excerpt":{"rendered":"<p>Tournoi interne de 5 quilles Le 30 janvier, ils \u00e9taient 18 \u00e0 participer au tournoi interne de 5 quilles. La galette des rois Le 9 janvier, nos adh\u00e9rents ont savour\u00e9 la galette. Tournoi de casin Le 12 d\u00e9cembre, le BCS a r\u00e9uni ses adh\u00e9rents autour d&rsquo;un tournoi de casin. Soir\u00e9e Beaujolais 2015 Le 20 novembre, &hellip; <\/p>\n<p class=\"link-more\"><a href=\"http:\/\/www.billard-club-sottevillais.com\/?page_id=7121\" class=\"more-link\">Continuer la lecture<span class=\"screen-reader-text\"> de &laquo;&nbsp;Archives saison 2015&nbsp;&raquo;<\/span><\/a><\/p>\n","protected":false},"author":3,"featured_media":0,"parent":35,"menu_order":0,"comment_status":"open","ping_status":"open","template":"page-full.php","meta":{"footnotes":""},"class_list":["post-7121","page","type-page","status-publish","hentry"],"_links":{"self":[{"href":"http:\/\/www.billard-club-sottevillais.com\/index.php?rest_route=\/wp\/v2\/pages\/7121","targetHints":{"allow":["GET"]}}],"collection":[{"href":"http:\/\/www.billard-club-sottevillais.com\/index.php?rest_route=\/wp\/v2\/pages"}],"about":[{"href":"http:\/\/www.billard-club-sottevillais.com\/index.php?rest_route=\/wp\/v2\/types\/page"}],"author":[{"embeddable":true,"href":"http:\/\/www.billard-club-sottevillais.com\/index.php?rest_route=\/wp\/v2\/users\/3"}],"replies":[{"embeddable":true,"href":"http:\/\/www.billard-club-sottevillais.com\/index.php?rest_route=%2Fwp%2Fv2%2Fcomments&post=7121"}],"version-history":[{"count":3,"href":"http:\/\/www.billard-club-sottevillais.com\/index.php?rest_route=\/wp\/v2\/pages\/7121\/revisions"}],"predecessor-version":[{"id":7125,"href":"http:\/\/www.billard-club-sottevillais.com\/index.php?rest_route=\/wp\/v2\/pages\/7121\/revisions\/7125"}],"up":[{"embeddable":true,"href":"http:\/\/www.billard-club-sottevillais.com\/index.php?rest_route=\/wp\/v2\/pages\/35"}],"wp:attachment":[{"href":"http:\/\/www.billard-club-sottevillais.com\/index.php?rest_route=%2Fwp%2Fv2%2Fmedia&parent=7121"}],"curies":[{"name":"wp","href":"https:\/\/api.w.org\/{rel}","templated":true}]}}