{"id":7072,"date":"2016-06-12T16:27:05","date_gmt":"2016-06-12T16:27:05","guid":{"rendered":"http:\/\/www.billard-club-sottevillais.com\/?page_id=7072"},"modified":"2016-06-13T14:55:39","modified_gmt":"2016-06-13T14:55:39","slug":"assemblee-generale-2016","status":"publish","type":"page","link":"http:\/\/www.billard-club-sottevillais.com\/?page_id=7072","title":{"rendered":"Assembl\u00e9e G\u00e9n\u00e9rale 2016"},"content":{"rendered":"<p style=\"text-align: justify;\">Le Billard Club Sottevillais a tenu son Assembl\u00e9e G\u00e9n\u00e9rale le 11 juin 2016. Le programme de cette journ\u00e9e faisait encore une large place \u00e0 la convivialit\u00e9 :<\/p>\n<ul>\n<li> Accueil caf\u00e9 viennoiserie d\u00e8s 9h30,<\/li>\n<li> AG de 9h30 \u00e0 12h,<\/li>\n<li> Pot de cl\u00f4ture \u00e0 midi,<\/li>\n<li> Ensuite repas festif au restaurant \u00ab\u00a0le Rendez-vous de chasse\u00a0\u00bb \u00e0 La Londe.<\/li>\n<\/ul>\n<p style=\"text-align: justify;\">Les adh\u00e9rents du BCS sont attach\u00e9s \u00e0 leur club et ils l&rsquo;ont encore prouv\u00e9 ce samedi car ils \u00e9taient nombreux \u00e0 assister \u00e0 leur AG. D\u00e8s leur arriv\u00e9e, Bruno Choupaut pr\u00e9sentait la liste d&rsquo;\u00e9margement et remettait \u00e0 chacun le dossier comprenant tous les rapports concoct\u00e9s pour l&rsquo;occasion. C&rsquo;est seulement apr\u00e8s que le caf\u00e9 et les croissants \u00e9taient accessibles !<br \/>\n&nbsp;<br \/>\nPeu apr\u00e8s 9h30, le Pr\u00e9sident Bruno Pierrel ouvrait la s\u00e9ance devant une assembl\u00e9e studieuse.<\/p>\n<p>&nbsp;<br \/>\n<img loading=\"lazy\" decoding=\"async\" class=\"aligncenter size-full wp-image-7079\" title=\"Public\" src=\"http:\/\/www.billard-club-sottevillais.com\/wp-content\/uploads\/2016\/06\/Public.jpg\" alt=\"\" width=\"820\" height=\"272\" srcset=\"http:\/\/www.billard-club-sottevillais.com\/wp-content\/uploads\/2016\/06\/Public.jpg 820w, http:\/\/www.billard-club-sottevillais.com\/wp-content\/uploads\/2016\/06\/Public-300x99.jpg 300w\" sizes=\"auto, (max-width: 706px) 89vw, (max-width: 767px) 82vw, 740px\" \/><br \/>\n&nbsp;<\/p>\n<p style=\"text-align: justify;\">Une nouvelle fois, M JC Bauer adjoint au Maire en charge de la jeunesse et des sports a assist\u00e9 \u00e0 nos travaux.<\/p>\n<p>&nbsp;<br \/>\n<img loading=\"lazy\" decoding=\"async\" class=\"aligncenter size-full wp-image-7082\" title=\"Bureau\" src=\"http:\/\/www.billard-club-sottevillais.com\/wp-content\/uploads\/2016\/06\/Bureau.jpg\" alt=\"\" width=\"820\" height=\"273\" srcset=\"http:\/\/www.billard-club-sottevillais.com\/wp-content\/uploads\/2016\/06\/Bureau.jpg 820w, http:\/\/www.billard-club-sottevillais.com\/wp-content\/uploads\/2016\/06\/Bureau-300x99.jpg 300w\" sizes=\"auto, (max-width: 706px) 89vw, (max-width: 767px) 82vw, 740px\" \/><br \/>\n&nbsp;<\/p>\n<p style=\"text-align: justify;\">Tous les documents soumis au vote des adh\u00e9rents ont \u00e9t\u00e9 adopt\u00e9s \u00e0 l&rsquo;unanimit\u00e9. L&rsquo;AG a donc reconduit la politique mise en place par le BCS. L&rsquo;accent est mis sur le maintien de notre salari\u00e9e, l&rsquo;entretien des billards, la propret\u00e9 de la salle mais aussi la formation.<\/p>\n<p>Le nouveau bureau directeur compte maintenant 12 membres. Une personne a souhait\u00e9 se retirer et nous avons deux nouvelles arriv\u00e9es.\n<\/p>\n<p>&nbsp;<br \/>\n<center><div class=\"flgallery-126 flgallery-art flgallery-embed\" style=\"width: 550px; height: 400px; overflow: hidden;\"><object classid=\"clsid:D27CDB6E-AE6D-11cf-96B8-444553540000\" id=\"flgallery-126\" width=\"550\" height=\"400\" style=\"width:550px; height:400px; margin:0; padding:0;\"><param name=\"movie\" value=\"http:\/\/www.billard-club-sottevillais.com\/wp-content\/plugins\/global-flash-galleries\/swf\/Art.swf\" \/><param name=\"flashVars\" value=\"XMLFile=http%3A%2F%2Fwww.billard-club-sottevillais.com%2Fwp-content%2Fflgallery%2Fxml%2F1%2F126.xml\" \/><param name=\"allowFullScreen\" value=\"true\" \/><param name=\"allowScriptAccess\" value=\"always\" \/><param name=\"quality\" value=\"high\" \/><param name=\"wmode\" value=\"transparent\" \/><param name=\"swfversion\" value=\"9.0.45.0\" \/><param name=\"expressinstall\" value=\"http:\/\/www.billard-club-sottevillais.com\/wp-content\/plugins\/global-flash-galleries\/js\/swfobject\/expressInstall.swf\" \/><object type=\"application\/x-shockwave-flash\" data=\"http:\/\/www.billard-club-sottevillais.com\/wp-content\/plugins\/global-flash-galleries\/swf\/Art.swf\" width=\"550\" height=\"400\" style=\"width:550px; height:400px; margin:0; padding:0; outline:none;\"><param name=\"flashVars\" value=\"XMLFile=http%3A%2F%2Fwww.billard-club-sottevillais.com%2Fwp-content%2Fflgallery%2Fxml%2F1%2F126.xml\" \/><param name=\"allowFullScreen\" value=\"true\" \/><param name=\"allowScriptAccess\" value=\"always\" \/><param name=\"quality\" value=\"high\" \/><param name=\"wmode\" value=\"transparent\" \/><param name=\"swfversion\" value=\"9.0.45.0\" \/><param name=\"expressinstall\" value=\"http:\/\/www.billard-club-sottevillais.com\/wp-content\/plugins\/global-flash-galleries\/js\/swfobject\/expressInstall.swf\" \/><div class=\"flgallery-altcontent\"><ol style=\"list-style:none;\"><li style=\"display:inline;\"><a href=\"http:\/\/www.billard-club-sottevillais.com\/wp-content\/flgallery\/images\/8c4ly8o1.jpg\"><img decoding=\"async\" src=\"http:\/\/www.billard-club-sottevillais.com\/wp-content\/flgallery\/tmp\/img-8c4ly8o1.181x120.jpg\" alt=\"\" \/><\/a><\/li><li style=\"display:inline;\"><a href=\"http:\/\/www.billard-club-sottevillais.com\/wp-content\/flgallery\/images\/usyk7gmg.jpg\"><img decoding=\"async\" src=\"http:\/\/www.billard-club-sottevillais.com\/wp-content\/flgallery\/tmp\/img-usyk7gmg.181x120.jpg\" alt=\"\" \/><\/a><\/li><li style=\"display:inline;\"><a href=\"http:\/\/www.billard-club-sottevillais.com\/wp-content\/flgallery\/images\/3c5yhkmt.jpg\"><img decoding=\"async\" src=\"http:\/\/www.billard-club-sottevillais.com\/wp-content\/flgallery\/tmp\/img-3c5yhkmt.181x120.jpg\" alt=\"\" \/><\/a><\/li><li style=\"display:inline;\"><a href=\"http:\/\/www.billard-club-sottevillais.com\/wp-content\/flgallery\/images\/o0mc9lm2.jpg\"><img decoding=\"async\" src=\"http:\/\/www.billard-club-sottevillais.com\/wp-content\/flgallery\/tmp\/img-o0mc9lm2.181x120.jpg\" alt=\"\" \/><\/a><\/li><li style=\"display:inline;\"><a href=\"http:\/\/www.billard-club-sottevillais.com\/wp-content\/flgallery\/images\/7usax5ev.jpg\"><img decoding=\"async\" src=\"http:\/\/www.billard-club-sottevillais.com\/wp-content\/flgallery\/tmp\/img-7usax5ev.181x120.jpg\" alt=\"\" \/><\/a><\/li><li style=\"display:inline;\"><a href=\"http:\/\/www.billard-club-sottevillais.com\/wp-content\/flgallery\/images\/vdfiualw.jpg\"><img decoding=\"async\" src=\"http:\/\/www.billard-club-sottevillais.com\/wp-content\/flgallery\/tmp\/img-vdfiualw.181x120.jpg\" alt=\"\" \/><\/a><\/li><li style=\"display:inline;\"><a href=\"http:\/\/www.billard-club-sottevillais.com\/wp-content\/flgallery\/images\/g6gwudkr.jpg\"><img decoding=\"async\" src=\"http:\/\/www.billard-club-sottevillais.com\/wp-content\/flgallery\/tmp\/img-g6gwudkr.181x120.jpg\" alt=\"\" \/><\/a><\/li><li style=\"display:inline;\"><a href=\"http:\/\/www.billard-club-sottevillais.com\/wp-content\/flgallery\/images\/2hlvcy5x.jpg\"><img decoding=\"async\" src=\"http:\/\/www.billard-club-sottevillais.com\/wp-content\/flgallery\/tmp\/img-2hlvcy5x.181x120.jpg\" alt=\"\" \/><\/a><\/li><li style=\"display:inline;\"><a href=\"http:\/\/www.billard-club-sottevillais.com\/wp-content\/flgallery\/images\/ft0n4rx9.jpg\"><img decoding=\"async\" src=\"http:\/\/www.billard-club-sottevillais.com\/wp-content\/flgallery\/tmp\/img-ft0n4rx9.181x120.jpg\" alt=\"\" \/><\/a><\/li><li style=\"display:inline;\"><a href=\"http:\/\/www.billard-club-sottevillais.com\/wp-content\/flgallery\/images\/x4vin49g.jpg\"><img decoding=\"async\" src=\"http:\/\/www.billard-club-sottevillais.com\/wp-content\/flgallery\/tmp\/img-x4vin49g.181x120.jpg\" alt=\"\" \/><\/a><\/li><li style=\"display:inline;\"><a href=\"http:\/\/www.billard-club-sottevillais.com\/wp-content\/flgallery\/images\/3hvvnkjv.jpg\"><img decoding=\"async\" src=\"http:\/\/www.billard-club-sottevillais.com\/wp-content\/flgallery\/tmp\/img-3hvvnkjv.181x120.jpg\" alt=\"\" \/><\/a><\/li><li style=\"display:inline;\"><a href=\"http:\/\/www.billard-club-sottevillais.com\/wp-content\/flgallery\/images\/35lpgdsq.jpg\"><img decoding=\"async\" src=\"http:\/\/www.billard-club-sottevillais.com\/wp-content\/flgallery\/tmp\/img-35lpgdsq.181x120.jpg\" alt=\"\" \/><\/a><\/li><li style=\"display:inline;\"><a href=\"http:\/\/www.billard-club-sottevillais.com\/wp-content\/flgallery\/images\/qddqq0h1.jpg\"><img decoding=\"async\" src=\"http:\/\/www.billard-club-sottevillais.com\/wp-content\/flgallery\/tmp\/img-qddqq0h1.181x120.jpg\" alt=\"\" \/><\/a><\/li><li style=\"display:inline;\"><a href=\"http:\/\/www.billard-club-sottevillais.com\/wp-content\/flgallery\/images\/ka0h6dmh.jpg\"><img decoding=\"async\" src=\"http:\/\/www.billard-club-sottevillais.com\/wp-content\/flgallery\/tmp\/img-ka0h6dmh.181x120.jpg\" alt=\"\" \/><\/a><\/li><li style=\"display:inline;\"><a href=\"http:\/\/www.billard-club-sottevillais.com\/wp-content\/flgallery\/images\/mvjv4qic.jpg\"><img decoding=\"async\" src=\"http:\/\/www.billard-club-sottevillais.com\/wp-content\/flgallery\/tmp\/img-mvjv4qic.181x120.jpg\" alt=\"\" \/><\/a><\/li><\/ol><\/div><\/object><\/object><script type=\"text\/javascript\">jQuery(document).ready(function($) { if (!swfobject.hasFlashPlayerVersion('9.0.45.0')) { altgallery({ type: 'Art', width: '550', height: '400', images: { folder: 'http:\/\/www.billard-club-sottevillais.com\/wp-content\/plugins\/global-flash-galleries\/img\/' }, config: 'http:\/\/www.billard-club-sottevillais.com\/wp-content\/flgallery\/xml\/1\/126.xml', configType: 'xml', fullscreen: 'never', callback: function(gallery) { var container = gallery.canvas.element.parents('.flgallery-embed'); var parent = container.parent(); var initialWidth = container.width(); var prevWidth; container.css({ width: '', height: '' }); function scale() { var parentWidth = parent.width(); if (parentWidth != prevWidth) { gallery.canvas.scale(parentWidth \/ initialWidth); prevWidth = parentWidth; } } scale(); $(window).resize(scale); } }, '#flgallery-126 .flgallery-altcontent'); } });<\/script><\/div><\/center><br \/>\n&nbsp;<\/p>\n<p style=\"text-align: justify;\">Peu avant midi, Bruno Pierrel a proc\u00e9d\u00e9 \u00e0 la cl\u00f4ture de l&rsquo;assembl\u00e9e puis a convi\u00e9 les pr\u00e9sents au pot de cl\u00f4ture.<\/p>\n<p>&nbsp;<br \/>\n<center><div class=\"flgallery-127 flgallery-art flgallery-embed\" style=\"width: 550px; height: 400px; overflow: hidden;\"><object classid=\"clsid:D27CDB6E-AE6D-11cf-96B8-444553540000\" id=\"flgallery-127\" width=\"550\" height=\"400\" style=\"width:550px; height:400px; margin:0; padding:0;\"><param name=\"movie\" value=\"http:\/\/www.billard-club-sottevillais.com\/wp-content\/plugins\/global-flash-galleries\/swf\/Art.swf\" \/><param name=\"flashVars\" value=\"XMLFile=http%3A%2F%2Fwww.billard-club-sottevillais.com%2Fwp-content%2Fflgallery%2Fxml%2F1%2F127.xml\" \/><param name=\"allowFullScreen\" value=\"true\" \/><param name=\"allowScriptAccess\" value=\"always\" \/><param name=\"quality\" value=\"high\" \/><param name=\"wmode\" value=\"transparent\" \/><param name=\"swfversion\" value=\"9.0.45.0\" \/><param name=\"expressinstall\" value=\"http:\/\/www.billard-club-sottevillais.com\/wp-content\/plugins\/global-flash-galleries\/js\/swfobject\/expressInstall.swf\" \/><object type=\"application\/x-shockwave-flash\" data=\"http:\/\/www.billard-club-sottevillais.com\/wp-content\/plugins\/global-flash-galleries\/swf\/Art.swf\" width=\"550\" height=\"400\" style=\"width:550px; height:400px; margin:0; padding:0; outline:none;\"><param name=\"flashVars\" value=\"XMLFile=http%3A%2F%2Fwww.billard-club-sottevillais.com%2Fwp-content%2Fflgallery%2Fxml%2F1%2F127.xml\" \/><param name=\"allowFullScreen\" value=\"true\" \/><param name=\"allowScriptAccess\" value=\"always\" \/><param name=\"quality\" value=\"high\" \/><param name=\"wmode\" value=\"transparent\" \/><param name=\"swfversion\" value=\"9.0.45.0\" \/><param name=\"expressinstall\" value=\"http:\/\/www.billard-club-sottevillais.com\/wp-content\/plugins\/global-flash-galleries\/js\/swfobject\/expressInstall.swf\" \/><div class=\"flgallery-altcontent\"><ol style=\"list-style:none;\"><li style=\"display:inline;\"><a href=\"http:\/\/www.billard-club-sottevillais.com\/wp-content\/flgallery\/images\/vxe60hei.jpg\"><img decoding=\"async\" src=\"http:\/\/www.billard-club-sottevillais.com\/wp-content\/flgallery\/tmp\/img-vxe60hei.181x120.jpg\" alt=\"\" \/><\/a><\/li><li style=\"display:inline;\"><a href=\"http:\/\/www.billard-club-sottevillais.com\/wp-content\/flgallery\/images\/z51gvtvw.jpg\"><img decoding=\"async\" src=\"http:\/\/www.billard-club-sottevillais.com\/wp-content\/flgallery\/tmp\/img-z51gvtvw.181x120.jpg\" alt=\"\" \/><\/a><\/li><li style=\"display:inline;\"><a href=\"http:\/\/www.billard-club-sottevillais.com\/wp-content\/flgallery\/images\/f1aljzh3.jpg\"><img decoding=\"async\" src=\"http:\/\/www.billard-club-sottevillais.com\/wp-content\/flgallery\/tmp\/img-f1aljzh3.181x120.jpg\" alt=\"\" \/><\/a><\/li><li style=\"display:inline;\"><a href=\"http:\/\/www.billard-club-sottevillais.com\/wp-content\/flgallery\/images\/ozo0xfvh.jpg\"><img decoding=\"async\" src=\"http:\/\/www.billard-club-sottevillais.com\/wp-content\/flgallery\/tmp\/img-ozo0xfvh.181x120.jpg\" alt=\"\" \/><\/a><\/li><li style=\"display:inline;\"><a href=\"http:\/\/www.billard-club-sottevillais.com\/wp-content\/flgallery\/images\/cteqhi7u.jpg\"><img decoding=\"async\" src=\"http:\/\/www.billard-club-sottevillais.com\/wp-content\/flgallery\/tmp\/img-cteqhi7u.181x120.jpg\" alt=\"\" \/><\/a><\/li><\/ol><\/div><\/object><\/object><script type=\"text\/javascript\">jQuery(document).ready(function($) { if (!swfobject.hasFlashPlayerVersion('9.0.45.0')) { altgallery({ type: 'Art', width: '550', height: '400', images: { folder: 'http:\/\/www.billard-club-sottevillais.com\/wp-content\/plugins\/global-flash-galleries\/img\/' }, config: 'http:\/\/www.billard-club-sottevillais.com\/wp-content\/flgallery\/xml\/1\/127.xml', configType: 'xml', fullscreen: 'never', callback: function(gallery) { var container = gallery.canvas.element.parents('.flgallery-embed'); var parent = container.parent(); var initialWidth = container.width(); var prevWidth; container.css({ width: '', height: '' }); function scale() { var parentWidth = parent.width(); if (parentWidth != prevWidth) { gallery.canvas.scale(parentWidth \/ initialWidth); prevWidth = parentWidth; } } scale(); $(window).resize(scale); } }, '#flgallery-127 .flgallery-altcontent'); } });<\/script><\/div><\/center><br \/>\n&nbsp;<\/p>\n<p style=\"text-align: justify;\">A l&rsquo;issue du pot de cl\u00f4ture, nous nous sommes retrouv\u00e9s \u00e0 une quarantaine au \u00ab\u00a0Rendez-vous de chasse\u00a0\u00bb pour d\u00e9guster un repas fin. La journ\u00e9e s&rsquo;est donc termin\u00e9e, comme elle avait commenc\u00e9, dans une ambiance festive.<\/p>\n<p>&nbsp;<br \/>\n<center><div class=\"flgallery-128 flgallery-art flgallery-embed\" style=\"width: 550px; height: 400px; overflow: hidden;\"><object classid=\"clsid:D27CDB6E-AE6D-11cf-96B8-444553540000\" id=\"flgallery-128\" width=\"550\" height=\"400\" style=\"width:550px; height:400px; margin:0; padding:0;\"><param name=\"movie\" value=\"http:\/\/www.billard-club-sottevillais.com\/wp-content\/plugins\/global-flash-galleries\/swf\/Art.swf\" \/><param name=\"flashVars\" value=\"XMLFile=http%3A%2F%2Fwww.billard-club-sottevillais.com%2Fwp-content%2Fflgallery%2Fxml%2F1%2F128.xml\" \/><param name=\"allowFullScreen\" value=\"true\" \/><param name=\"allowScriptAccess\" value=\"always\" \/><param name=\"quality\" value=\"high\" \/><param name=\"wmode\" value=\"transparent\" \/><param name=\"swfversion\" value=\"9.0.45.0\" \/><param name=\"expressinstall\" value=\"http:\/\/www.billard-club-sottevillais.com\/wp-content\/plugins\/global-flash-galleries\/js\/swfobject\/expressInstall.swf\" \/><object type=\"application\/x-shockwave-flash\" data=\"http:\/\/www.billard-club-sottevillais.com\/wp-content\/plugins\/global-flash-galleries\/swf\/Art.swf\" width=\"550\" height=\"400\" style=\"width:550px; height:400px; margin:0; padding:0; outline:none;\"><param name=\"flashVars\" value=\"XMLFile=http%3A%2F%2Fwww.billard-club-sottevillais.com%2Fwp-content%2Fflgallery%2Fxml%2F1%2F128.xml\" \/><param name=\"allowFullScreen\" value=\"true\" \/><param name=\"allowScriptAccess\" value=\"always\" \/><param name=\"quality\" value=\"high\" \/><param name=\"wmode\" value=\"transparent\" \/><param name=\"swfversion\" value=\"9.0.45.0\" \/><param name=\"expressinstall\" value=\"http:\/\/www.billard-club-sottevillais.com\/wp-content\/plugins\/global-flash-galleries\/js\/swfobject\/expressInstall.swf\" \/><div class=\"flgallery-altcontent\"><ol style=\"list-style:none;\"><li style=\"display:inline;\"><a href=\"http:\/\/www.billard-club-sottevillais.com\/wp-content\/flgallery\/images\/b74v69dq.jpg\"><img decoding=\"async\" src=\"http:\/\/www.billard-club-sottevillais.com\/wp-content\/flgallery\/tmp\/img-b74v69dq.181x120.jpg\" alt=\"\" \/><\/a><\/li><li style=\"display:inline;\"><a href=\"http:\/\/www.billard-club-sottevillais.com\/wp-content\/flgallery\/images\/99hdnxcu.jpg\"><img decoding=\"async\" src=\"http:\/\/www.billard-club-sottevillais.com\/wp-content\/flgallery\/tmp\/img-99hdnxcu.181x120.jpg\" alt=\"\" \/><\/a><\/li><li style=\"display:inline;\"><a href=\"http:\/\/www.billard-club-sottevillais.com\/wp-content\/flgallery\/images\/9p4eydw1.jpg\"><img decoding=\"async\" src=\"http:\/\/www.billard-club-sottevillais.com\/wp-content\/flgallery\/tmp\/img-9p4eydw1.181x120.jpg\" alt=\"\" \/><\/a><\/li><li style=\"display:inline;\"><a href=\"http:\/\/www.billard-club-sottevillais.com\/wp-content\/flgallery\/images\/rnjfcsjb.jpg\"><img decoding=\"async\" src=\"http:\/\/www.billard-club-sottevillais.com\/wp-content\/flgallery\/tmp\/img-rnjfcsjb.181x120.jpg\" alt=\"\" \/><\/a><\/li><li style=\"display:inline;\"><a href=\"http:\/\/www.billard-club-sottevillais.com\/wp-content\/flgallery\/images\/alxc2x92.jpg\"><img decoding=\"async\" src=\"http:\/\/www.billard-club-sottevillais.com\/wp-content\/flgallery\/tmp\/img-alxc2x92.181x120.jpg\" alt=\"\" \/><\/a><\/li><li style=\"display:inline;\"><a href=\"http:\/\/www.billard-club-sottevillais.com\/wp-content\/flgallery\/images\/zi1x628j.jpg\"><img decoding=\"async\" src=\"http:\/\/www.billard-club-sottevillais.com\/wp-content\/flgallery\/tmp\/img-zi1x628j.181x120.jpg\" alt=\"\" \/><\/a><\/li><li style=\"display:inline;\"><a href=\"http:\/\/www.billard-club-sottevillais.com\/wp-content\/flgallery\/images\/jyhexnyl.jpg\"><img decoding=\"async\" src=\"http:\/\/www.billard-club-sottevillais.com\/wp-content\/flgallery\/tmp\/img-jyhexnyl.181x120.jpg\" alt=\"\" \/><\/a><\/li><li style=\"display:inline;\"><a href=\"http:\/\/www.billard-club-sottevillais.com\/wp-content\/flgallery\/images\/jnrbi52a.jpg\"><img decoding=\"async\" src=\"http:\/\/www.billard-club-sottevillais.com\/wp-content\/flgallery\/tmp\/img-jnrbi52a.181x120.jpg\" alt=\"\" \/><\/a><\/li><li style=\"display:inline;\"><a href=\"http:\/\/www.billard-club-sottevillais.com\/wp-content\/flgallery\/images\/ccjaob1k.jpg\"><img decoding=\"async\" src=\"http:\/\/www.billard-club-sottevillais.com\/wp-content\/flgallery\/tmp\/img-ccjaob1k.181x120.jpg\" alt=\"\" \/><\/a><\/li><li style=\"display:inline;\"><a href=\"http:\/\/www.billard-club-sottevillais.com\/wp-content\/flgallery\/images\/eujrng7k.jpg\"><img decoding=\"async\" src=\"http:\/\/www.billard-club-sottevillais.com\/wp-content\/flgallery\/tmp\/img-eujrng7k.181x120.jpg\" alt=\"\" \/><\/a><\/li><li style=\"display:inline;\"><a href=\"http:\/\/www.billard-club-sottevillais.com\/wp-content\/flgallery\/images\/ohsh9zhz.jpg\"><img decoding=\"async\" src=\"http:\/\/www.billard-club-sottevillais.com\/wp-content\/flgallery\/tmp\/img-ohsh9zhz.181x120.jpg\" alt=\"\" \/><\/a><\/li><li style=\"display:inline;\"><a href=\"http:\/\/www.billard-club-sottevillais.com\/wp-content\/flgallery\/images\/m07j6c3u.jpg\"><img decoding=\"async\" src=\"http:\/\/www.billard-club-sottevillais.com\/wp-content\/flgallery\/tmp\/img-m07j6c3u.181x120.jpg\" alt=\"\" \/><\/a><\/li><li style=\"display:inline;\"><a href=\"http:\/\/www.billard-club-sottevillais.com\/wp-content\/flgallery\/images\/i1gwl3gr.jpg\"><img decoding=\"async\" src=\"http:\/\/www.billard-club-sottevillais.com\/wp-content\/flgallery\/tmp\/img-i1gwl3gr.181x120.jpg\" alt=\"\" \/><\/a><\/li><\/ol><\/div><\/object><\/object><script type=\"text\/javascript\">jQuery(document).ready(function($) { if (!swfobject.hasFlashPlayerVersion('9.0.45.0')) { altgallery({ type: 'Art', width: '550', height: '400', images: { folder: 'http:\/\/www.billard-club-sottevillais.com\/wp-content\/plugins\/global-flash-galleries\/img\/' }, config: 'http:\/\/www.billard-club-sottevillais.com\/wp-content\/flgallery\/xml\/1\/128.xml', configType: 'xml', fullscreen: 'never', callback: function(gallery) { var container = gallery.canvas.element.parents('.flgallery-embed'); var parent = container.parent(); var initialWidth = container.width(); var prevWidth; container.css({ width: '', height: '' }); function scale() { var parentWidth = parent.width(); if (parentWidth != prevWidth) { gallery.canvas.scale(parentWidth \/ initialWidth); prevWidth = parentWidth; } } scale(); $(window).resize(scale); } }, '#flgallery-128 .flgallery-altcontent'); } });<\/script><\/div><\/center><\/p>\n","protected":false},"excerpt":{"rendered":"<p>Le Billard Club Sottevillais a tenu son Assembl\u00e9e G\u00e9n\u00e9rale le 11 juin 2016. Le programme de cette journ\u00e9e faisait encore une large place \u00e0 la convivialit\u00e9 : Accueil caf\u00e9 viennoiserie d\u00e8s 9h30, AG de 9h30 \u00e0 12h, Pot de cl\u00f4ture \u00e0 midi, Ensuite repas festif au restaurant \u00ab\u00a0le Rendez-vous de chasse\u00a0\u00bb \u00e0 La Londe. Les &hellip; <\/p>\n<p class=\"link-more\"><a href=\"http:\/\/www.billard-club-sottevillais.com\/?page_id=7072\" class=\"more-link\">Continuer la lecture<span class=\"screen-reader-text\"> de &laquo;&nbsp;Assembl\u00e9e G\u00e9n\u00e9rale 2016&nbsp;&raquo;<\/span><\/a><\/p>\n","protected":false},"author":3,"featured_media":0,"parent":35,"menu_order":0,"comment_status":"open","ping_status":"open","template":"page-full.php","meta":{"footnotes":""},"class_list":["post-7072","page","type-page","status-publish","hentry"],"_links":{"self":[{"href":"http:\/\/www.billard-club-sottevillais.com\/index.php?rest_route=\/wp\/v2\/pages\/7072","targetHints":{"allow":["GET"]}}],"collection":[{"href":"http:\/\/www.billard-club-sottevillais.com\/index.php?rest_route=\/wp\/v2\/pages"}],"about":[{"href":"http:\/\/www.billard-club-sottevillais.com\/index.php?rest_route=\/wp\/v2\/types\/page"}],"author":[{"embeddable":true,"href":"http:\/\/www.billard-club-sottevillais.com\/index.php?rest_route=\/wp\/v2\/users\/3"}],"replies":[{"embeddable":true,"href":"http:\/\/www.billard-club-sottevillais.com\/index.php?rest_route=%2Fwp%2Fv2%2Fcomments&post=7072"}],"version-history":[{"count":21,"href":"http:\/\/www.billard-club-sottevillais.com\/index.php?rest_route=\/wp\/v2\/pages\/7072\/revisions"}],"predecessor-version":[{"id":7080,"href":"http:\/\/www.billard-club-sottevillais.com\/index.php?rest_route=\/wp\/v2\/pages\/7072\/revisions\/7080"}],"up":[{"embeddable":true,"href":"http:\/\/www.billard-club-sottevillais.com\/index.php?rest_route=\/wp\/v2\/pages\/35"}],"wp:attachment":[{"href":"http:\/\/www.billard-club-sottevillais.com\/index.php?rest_route=%2Fwp%2Fv2%2Fmedia&parent=7072"}],"curies":[{"name":"wp","href":"https:\/\/api.w.org\/{rel}","templated":true}]}}