{"id":6204,"date":"2015-11-15T16:28:05","date_gmt":"2015-11-15T16:28:05","guid":{"rendered":"http:\/\/www.billard-club-sottevillais.com\/?page_id=6204"},"modified":"2015-11-15T16:42:43","modified_gmt":"2015-11-15T16:42:43","slug":"soiree-des-sportifs-sottevillais","status":"publish","type":"page","link":"http:\/\/www.billard-club-sottevillais.com\/?page_id=6204","title":{"rendered":"Soir\u00e9e des sportifs sottevillais 2015"},"content":{"rendered":"<p><strong>Soir\u00e9e du sport sottevillais le vendredi 13 novembre 2015.<\/strong><\/p>\n<p>&nbsp;<\/p>\n<p>C\u2019est dans une ambiance chaleureuse que nous nous sommes retrouv\u00e9s dans la salle de la mairie pour r\u00e9compenser tous les nomin\u00e9s, dont ceux du BCS.<\/p>\n<p>&nbsp;<\/p>\n<p>&nbsp;<\/p>\n<p><img loading=\"lazy\" decoding=\"async\" class=\"alignright size-thumbnail wp-image-6213\" title=\"2015-11-13 20.45.18\" src=\"http:\/\/www.billard-club-sottevillais.com\/wp-content\/uploads\/2015\/11\/2015-11-13-20.45.18-150x150.jpg\" alt=\"\" width=\"150\" height=\"150\" srcset=\"http:\/\/www.billard-club-sottevillais.com\/wp-content\/uploads\/2015\/11\/2015-11-13-20.45.18-150x150.jpg 150w, http:\/\/www.billard-club-sottevillais.com\/wp-content\/uploads\/2015\/11\/2015-11-13-20.45.18-184x184.jpg 184w, http:\/\/www.billard-club-sottevillais.com\/wp-content\/uploads\/2015\/11\/2015-11-13-20.45.18-48x48.jpg 48w, http:\/\/www.billard-club-sottevillais.com\/wp-content\/uploads\/2015\/11\/2015-11-13-20.45.18-186x186.jpg 186w\" sizes=\"auto, (max-width: 150px) 100vw, 150px\" \/><\/p>\n<p><strong>M Claude BOUREL<\/strong> nomin\u00e9 pour son titre de \u00ab\u00a0Champion de Normandie de 5 quilles\u00a0 R\u00e9gionales\u00a0\u00bb.<\/p>\n<p>Il a plusieurs fois \u00e9t\u00e9 sur le podium par le pass\u00e9, mais cette ann\u00e9e il a d\u00e9croch\u00e9 le titre avec brio. Bravo Claude\u00a0!!!<\/p>\n<p>&nbsp;<\/p>\n<p>&nbsp;<\/p>\n<p>&nbsp;<\/p>\n<p>&nbsp;<\/p>\n<p>&nbsp;<\/p>\n<p><strong><a href=\"http:\/\/www.billard-club-sottevillais.com\/wp-content\/uploads\/2015\/11\/2015-11-13-20.44.131.jpg\"><img loading=\"lazy\" decoding=\"async\" class=\"alignleft size-thumbnail wp-image-6215\" title=\"2015-11-13 20.44.13\" src=\"http:\/\/www.billard-club-sottevillais.com\/wp-content\/uploads\/2015\/11\/2015-11-13-20.44.131-150x150.jpg\" alt=\"\" width=\"150\" height=\"150\" srcset=\"http:\/\/www.billard-club-sottevillais.com\/wp-content\/uploads\/2015\/11\/2015-11-13-20.44.131-150x150.jpg 150w, http:\/\/www.billard-club-sottevillais.com\/wp-content\/uploads\/2015\/11\/2015-11-13-20.44.131-184x184.jpg 184w, http:\/\/www.billard-club-sottevillais.com\/wp-content\/uploads\/2015\/11\/2015-11-13-20.44.131-48x48.jpg 48w, http:\/\/www.billard-club-sottevillais.com\/wp-content\/uploads\/2015\/11\/2015-11-13-20.44.131-186x186.jpg 186w\" sizes=\"auto, (max-width: 150px) 100vw, 150px\" \/><\/a><\/strong><\/p>\n<p>&nbsp;<\/p>\n<p><strong>M Jean Pierre MEGNAN<\/strong> nomin\u00e9 pour son implication au sein du club.<\/p>\n<p>Il r\u00e9pond tr\u00e8s souvent pr\u00e9sent pour l\u2019arbitrage dont il a brillamment pass\u00e9 le brevet de la Ligue,<\/p>\n<p>ainsi que pour les autres activit\u00e9s du club\u00a0: Ludosport, City Vacances par exemple. Merci Jean Pierre\u00a0!!!<\/p>\n<p>&nbsp;<\/p>\n<p>&nbsp;<\/p>\n<p>&nbsp;<\/p>\n<p>La mairie de Sotteville a d\u00e9cern\u00e9 le prix du \u00ab\u00a0meilleur acteur sportif de l\u2019ann\u00e9e\u00a0\u00bb \u00e0<\/p>\n<p><strong>Jean Claude<\/strong> <strong>CARDON<\/strong> notre ancien pr\u00e9sident.<\/p>\n<p>M BAUER adjoint au Maire a soulign\u00e9 les points forts de Jean Claude au sein du BCS, depuis la naissance du club dans un bar rue de Paris jusqu\u2019aux locaux actuels. Il a rappel\u00e9 l\u2019organisation de plusieurs manifestations sportives, le championnat junior de 5 quilles ainsi que la coupe du monde de 5 quilles. Il a\u00a0 retrac\u00e9 ses diverses responsabilit\u00e9s au sein du club, tr\u00e9sorier puis secr\u00e9taire enfin pr\u00e9sident pendant de nombreuses ann\u00e9es. M BAUER a soulign\u00e9 le soin qu\u2019avait Jean Claude \u00e0 renforcer la p\u00e9rennit\u00e9 du club et les bons rapports avec les divers services de la mairie. Enfin l\u2019adjoint au maire a pr\u00e9cis\u00e9 que Jean Claude assure toujours diff\u00e9rentes t\u00e2ches dans le bureau actuel dont il reste un pilier incontournable.<\/p>\n<p>Il incarne la m\u00e9moire vive du club.<\/p>\n<p>CHAPEAU L\u2019ARTISTE\u00a0!!!<\/p>\n<p>&nbsp;<\/p>\n<p style=\"text-align: center;\">\u00a0<img loading=\"lazy\" decoding=\"async\" class=\"aligncenter size-large wp-image-6224\" title=\"2015-11-13 21.31.16\" src=\"http:\/\/www.billard-club-sottevillais.com\/wp-content\/uploads\/2015\/11\/2015-11-13-21.31.16-1024x682.jpg\" alt=\"\" width=\"614\" height=\"409\" srcset=\"http:\/\/www.billard-club-sottevillais.com\/wp-content\/uploads\/2015\/11\/2015-11-13-21.31.16-1024x682.jpg 1024w, http:\/\/www.billard-club-sottevillais.com\/wp-content\/uploads\/2015\/11\/2015-11-13-21.31.16-300x200.jpg 300w, http:\/\/www.billard-club-sottevillais.com\/wp-content\/uploads\/2015\/11\/2015-11-13-21.31.16-140x94.jpg 140w\" sizes=\"auto, (max-width: 614px) 100vw, 614px\" \/><\/p>\n<p>&nbsp;<\/p>\n","protected":false},"excerpt":{"rendered":"<p>Soir\u00e9e du sport sottevillais le vendredi 13 novembre 2015. &nbsp; C\u2019est dans une ambiance chaleureuse que nous nous sommes retrouv\u00e9s dans la salle de la mairie pour r\u00e9compenser tous les nomin\u00e9s, dont ceux du BCS. &nbsp; &nbsp; M Claude BOUREL nomin\u00e9 pour son titre de \u00ab\u00a0Champion de Normandie de 5 quilles\u00a0 R\u00e9gionales\u00a0\u00bb. Il a plusieurs &hellip; <\/p>\n<p class=\"link-more\"><a href=\"http:\/\/www.billard-club-sottevillais.com\/?page_id=6204\" class=\"more-link\">Continuer la lecture<span class=\"screen-reader-text\"> de &laquo;&nbsp;Soir\u00e9e des sportifs sottevillais 2015&nbsp;&raquo;<\/span><\/a><\/p>\n","protected":false},"author":7,"featured_media":0,"parent":35,"menu_order":0,"comment_status":"open","ping_status":"open","template":"page-full.php","meta":{"footnotes":""},"class_list":["post-6204","page","type-page","status-publish","hentry"],"_links":{"self":[{"href":"http:\/\/www.billard-club-sottevillais.com\/index.php?rest_route=\/wp\/v2\/pages\/6204","targetHints":{"allow":["GET"]}}],"collection":[{"href":"http:\/\/www.billard-club-sottevillais.com\/index.php?rest_route=\/wp\/v2\/pages"}],"about":[{"href":"http:\/\/www.billard-club-sottevillais.com\/index.php?rest_route=\/wp\/v2\/types\/page"}],"author":[{"embeddable":true,"href":"http:\/\/www.billard-club-sottevillais.com\/index.php?rest_route=\/wp\/v2\/users\/7"}],"replies":[{"embeddable":true,"href":"http:\/\/www.billard-club-sottevillais.com\/index.php?rest_route=%2Fwp%2Fv2%2Fcomments&post=6204"}],"version-history":[{"count":10,"href":"http:\/\/www.billard-club-sottevillais.com\/index.php?rest_route=\/wp\/v2\/pages\/6204\/revisions"}],"predecessor-version":[{"id":6233,"href":"http:\/\/www.billard-club-sottevillais.com\/index.php?rest_route=\/wp\/v2\/pages\/6204\/revisions\/6233"}],"up":[{"embeddable":true,"href":"http:\/\/www.billard-club-sottevillais.com\/index.php?rest_route=\/wp\/v2\/pages\/35"}],"wp:attachment":[{"href":"http:\/\/www.billard-club-sottevillais.com\/index.php?rest_route=%2Fwp%2Fv2%2Fmedia&parent=6204"}],"curies":[{"name":"wp","href":"https:\/\/api.w.org\/{rel}","templated":true}]}}