{"id":5698,"date":"2015-04-03T09:30:55","date_gmt":"2015-04-03T09:30:55","guid":{"rendered":"http:\/\/www.billard-club-sottevillais.com\/?page_id=5698"},"modified":"2015-04-03T09:30:55","modified_gmt":"2015-04-03T09:30:55","slug":"soiree-bowling","status":"publish","type":"page","link":"http:\/\/www.billard-club-sottevillais.com\/?page_id=5698","title":{"rendered":"Soir\u00e9e bowling"},"content":{"rendered":"<p style=\"text-align: justify;\">Le Vendredi 27 Mars en soir\u00e9e, le BCS organisait une sortie conviviale au Bowling International de Rouen. 16 personnes (membres et conjoints) se sont donc donn\u00e9s rendez-vous pour tester la diff\u00e9rence entre les billes utilis\u00e9es habituellement au BCS et celles utilis\u00e9es au Bowling. Force est de constater que des diff\u00e9rences existent.<br \/>\nApr\u00e8s un repas dans la bonne humeur et dans une ambiance sympathique, les parties s&rsquo;engag\u00e8rent. La gente f\u00e9minine ayant sa propre comp\u00e9tition, les hommes furent r\u00e9partis sur deux pistes et d\u00e8s le d\u00e9part, la diff\u00e9rence sauta aux yeux !! Les\u00a0plus habiles\u00a0n&rsquo;\u00e9taient pas les m\u00eames. Dans une ambiance tr\u00e8s survolt\u00e9e, dynamique et musicale, les jeux s&rsquo;encha\u00een\u00e8rent, dans une agr\u00e9able bonne humeur et parfois de franche rigolade, aussi bien chez les hommes que chez ces dames. Bref une super soir\u00e9e qui en appelle d&rsquo;autres.<\/p>\n<p>&nbsp;<\/p>\n<h3>Quelques images<\/h3>\n<p>&nbsp;<\/p>\n<div align=\"center\"><div class=\"flgallery-98 flgallery-art flgallery-embed\" style=\"width: 400px; height: 550px; overflow: hidden;\"><object classid=\"clsid:D27CDB6E-AE6D-11cf-96B8-444553540000\" id=\"flgallery-98\" width=\"400\" height=\"550\" style=\"width:400px; height:550px; margin:0; padding:0;\"><param name=\"movie\" value=\"http:\/\/www.billard-club-sottevillais.com\/wp-content\/plugins\/global-flash-galleries\/swf\/Art.swf\" \/><param name=\"flashVars\" value=\"XMLFile=http%3A%2F%2Fwww.billard-club-sottevillais.com%2Fwp-content%2Fflgallery%2Fxml%2F1%2F98.xml\" \/><param name=\"allowFullScreen\" value=\"true\" \/><param name=\"allowScriptAccess\" value=\"always\" \/><param name=\"quality\" value=\"high\" \/><param name=\"wmode\" value=\"transparent\" \/><param name=\"swfversion\" value=\"9.0.45.0\" \/><param name=\"expressinstall\" value=\"http:\/\/www.billard-club-sottevillais.com\/wp-content\/plugins\/global-flash-galleries\/js\/swfobject\/expressInstall.swf\" \/><object type=\"application\/x-shockwave-flash\" data=\"http:\/\/www.billard-club-sottevillais.com\/wp-content\/plugins\/global-flash-galleries\/swf\/Art.swf\" width=\"400\" height=\"550\" style=\"width:400px; height:550px; margin:0; padding:0; outline:none;\"><param name=\"flashVars\" value=\"XMLFile=http%3A%2F%2Fwww.billard-club-sottevillais.com%2Fwp-content%2Fflgallery%2Fxml%2F1%2F98.xml\" \/><param name=\"allowFullScreen\" value=\"true\" \/><param name=\"allowScriptAccess\" value=\"always\" \/><param name=\"quality\" value=\"high\" \/><param name=\"wmode\" value=\"transparent\" \/><param name=\"swfversion\" value=\"9.0.45.0\" \/><param name=\"expressinstall\" value=\"http:\/\/www.billard-club-sottevillais.com\/wp-content\/plugins\/global-flash-galleries\/js\/swfobject\/expressInstall.swf\" \/><div class=\"flgallery-altcontent\"><ol style=\"list-style:none;\"><li style=\"display:inline;\"><a href=\"http:\/\/www.billard-club-sottevillais.com\/wp-content\/flgallery\/images\/tq6zyd0o.jpg\"><img decoding=\"async\" src=\"http:\/\/www.billard-club-sottevillais.com\/wp-content\/flgallery\/tmp\/img-tq6zyd0o.90x120.jpg\" alt=\"\" \/><\/a><\/li><li style=\"display:inline;\"><a href=\"http:\/\/www.billard-club-sottevillais.com\/wp-content\/flgallery\/images\/mc6jl50i.jpg\"><img decoding=\"async\" src=\"http:\/\/www.billard-club-sottevillais.com\/wp-content\/flgallery\/tmp\/img-mc6jl50i.90x120.jpg\" alt=\"\" \/><\/a><\/li><li style=\"display:inline;\"><a href=\"http:\/\/www.billard-club-sottevillais.com\/wp-content\/flgallery\/images\/eqk3rxjr.jpg\"><img decoding=\"async\" src=\"http:\/\/www.billard-club-sottevillais.com\/wp-content\/flgallery\/tmp\/img-eqk3rxjr.90x120.jpg\" alt=\"\" \/><\/a><\/li><li style=\"display:inline;\"><a href=\"http:\/\/www.billard-club-sottevillais.com\/wp-content\/flgallery\/images\/oor4qy2g.jpg\"><img decoding=\"async\" src=\"http:\/\/www.billard-club-sottevillais.com\/wp-content\/flgallery\/tmp\/img-oor4qy2g.90x120.jpg\" alt=\"\" \/><\/a><\/li><li style=\"display:inline;\"><a href=\"http:\/\/www.billard-club-sottevillais.com\/wp-content\/flgallery\/images\/1xi955h6.jpg\"><img decoding=\"async\" src=\"http:\/\/www.billard-club-sottevillais.com\/wp-content\/flgallery\/tmp\/img-1xi955h6.90x120.jpg\" alt=\"\" \/><\/a><\/li><li style=\"display:inline;\"><a href=\"http:\/\/www.billard-club-sottevillais.com\/wp-content\/flgallery\/images\/uwomcqnh.jpg\"><img decoding=\"async\" src=\"http:\/\/www.billard-club-sottevillais.com\/wp-content\/flgallery\/tmp\/img-uwomcqnh.90x120.jpg\" alt=\"\" \/><\/a><\/li><li style=\"display:inline;\"><a href=\"http:\/\/www.billard-club-sottevillais.com\/wp-content\/flgallery\/images\/52s03g5i.jpg\"><img decoding=\"async\" src=\"http:\/\/www.billard-club-sottevillais.com\/wp-content\/flgallery\/tmp\/img-52s03g5i.90x120.jpg\" alt=\"\" \/><\/a><\/li><li style=\"display:inline;\"><a href=\"http:\/\/www.billard-club-sottevillais.com\/wp-content\/flgallery\/images\/vvwsyijf.jpg\"><img decoding=\"async\" src=\"http:\/\/www.billard-club-sottevillais.com\/wp-content\/flgallery\/tmp\/img-vvwsyijf.90x120.jpg\" alt=\"\" \/><\/a><\/li><\/ol><\/div><\/object><\/object><script type=\"text\/javascript\">jQuery(document).ready(function($) { if (!swfobject.hasFlashPlayerVersion('9.0.45.0')) { altgallery({ type: 'Art', width: '400', height: '550', images: { folder: 'http:\/\/www.billard-club-sottevillais.com\/wp-content\/plugins\/global-flash-galleries\/img\/' }, config: 'http:\/\/www.billard-club-sottevillais.com\/wp-content\/flgallery\/xml\/1\/98.xml', configType: 'xml', fullscreen: 'never', callback: function(gallery) { var container = gallery.canvas.element.parents('.flgallery-embed'); var parent = container.parent(); var initialWidth = container.width(); var prevWidth; container.css({ width: '', height: '' }); function scale() { var parentWidth = parent.width(); if (parentWidth != prevWidth) { gallery.canvas.scale(parentWidth \/ initialWidth); prevWidth = parentWidth; } } scale(); $(window).resize(scale); } }, '#flgallery-98 .flgallery-altcontent'); } });<\/script><\/div><\/div>\n<p>&nbsp;<\/p>\n<h3>Les feuilles de score<\/h3>\n<p>&nbsp;<\/p>\n<p style=\"text-align: justify;\">Commen\u00e7ons par les dames !<\/p>\n<p>&nbsp;<br \/>\n<img loading=\"lazy\" decoding=\"async\" class=\"aligncenter size-large wp-image-5710\" title=\"Bowling-10\" src=\"http:\/\/www.billard-club-sottevillais.com\/wp-content\/uploads\/2015\/04\/Bowling-10-1024x989.jpg\" alt=\"\" width=\"870\" height=\"841\" srcset=\"http:\/\/www.billard-club-sottevillais.com\/wp-content\/uploads\/2015\/04\/Bowling-10-1024x989.jpg 1024w, http:\/\/www.billard-club-sottevillais.com\/wp-content\/uploads\/2015\/04\/Bowling-10-300x289.jpg 300w\" sizes=\"auto, (max-width: 706px) 89vw, (max-width: 767px) 82vw, 740px\" \/><\/p>\n<p style=\"text-align: justify;\">Puis les hommes !<\/p>\n<p>&nbsp;<br \/>\n<img loading=\"lazy\" decoding=\"async\" class=\"aligncenter size-large wp-image-5717\" title=\"Bowling-11\" src=\"http:\/\/www.billard-club-sottevillais.com\/wp-content\/uploads\/2015\/04\/Bowling-11-992x1024.jpg\" alt=\"\" width=\"870\" height=\"901\" \/><br \/>\n&nbsp;<br \/>\n<img loading=\"lazy\" decoding=\"async\" class=\"aligncenter size-large wp-image-5716\" title=\"Bowling-12\" src=\"http:\/\/www.billard-club-sottevillais.com\/wp-content\/uploads\/2015\/04\/Bowling-12-1024x916.jpg\" alt=\"\" width=\"870\" height=\"779\" srcset=\"http:\/\/www.billard-club-sottevillais.com\/wp-content\/uploads\/2015\/04\/Bowling-12-1024x916.jpg 1024w, http:\/\/www.billard-club-sottevillais.com\/wp-content\/uploads\/2015\/04\/Bowling-12-300x268.jpg 300w\" sizes=\"auto, (max-width: 706px) 89vw, (max-width: 767px) 82vw, 740px\" \/><br \/>\n&nbsp;<\/p>\n<p style=\"text-align: justify;\">Vous aurez bien s\u00fbr remarqu\u00e9 la belle performance de Georges.<\/p>\n","protected":false},"excerpt":{"rendered":"<p>Le Vendredi 27 Mars en soir\u00e9e, le BCS organisait une sortie conviviale au Bowling International de Rouen. 16 personnes (membres et conjoints) se sont donc donn\u00e9s rendez-vous pour tester la diff\u00e9rence entre les billes utilis\u00e9es habituellement au BCS et celles utilis\u00e9es au Bowling. Force est de constater que des diff\u00e9rences existent. Apr\u00e8s un repas dans &hellip; <\/p>\n<p class=\"link-more\"><a href=\"http:\/\/www.billard-club-sottevillais.com\/?page_id=5698\" class=\"more-link\">Continuer la lecture<span class=\"screen-reader-text\"> de &laquo;&nbsp;Soir\u00e9e bowling&nbsp;&raquo;<\/span><\/a><\/p>\n","protected":false},"author":3,"featured_media":0,"parent":35,"menu_order":0,"comment_status":"open","ping_status":"open","template":"page-full.php","meta":{"footnotes":""},"class_list":["post-5698","page","type-page","status-publish","hentry"],"_links":{"self":[{"href":"http:\/\/www.billard-club-sottevillais.com\/index.php?rest_route=\/wp\/v2\/pages\/5698","targetHints":{"allow":["GET"]}}],"collection":[{"href":"http:\/\/www.billard-club-sottevillais.com\/index.php?rest_route=\/wp\/v2\/pages"}],"about":[{"href":"http:\/\/www.billard-club-sottevillais.com\/index.php?rest_route=\/wp\/v2\/types\/page"}],"author":[{"embeddable":true,"href":"http:\/\/www.billard-club-sottevillais.com\/index.php?rest_route=\/wp\/v2\/users\/3"}],"replies":[{"embeddable":true,"href":"http:\/\/www.billard-club-sottevillais.com\/index.php?rest_route=%2Fwp%2Fv2%2Fcomments&post=5698"}],"version-history":[{"count":21,"href":"http:\/\/www.billard-club-sottevillais.com\/index.php?rest_route=\/wp\/v2\/pages\/5698\/revisions"}],"predecessor-version":[{"id":5725,"href":"http:\/\/www.billard-club-sottevillais.com\/index.php?rest_route=\/wp\/v2\/pages\/5698\/revisions\/5725"}],"up":[{"embeddable":true,"href":"http:\/\/www.billard-club-sottevillais.com\/index.php?rest_route=\/wp\/v2\/pages\/35"}],"wp:attachment":[{"href":"http:\/\/www.billard-club-sottevillais.com\/index.php?rest_route=%2Fwp%2Fv2%2Fmedia&parent=5698"}],"curies":[{"name":"wp","href":"https:\/\/api.w.org\/{rel}","templated":true}]}}