{"id":508,"date":"2011-10-18T18:23:27","date_gmt":"2011-10-18T18:23:27","guid":{"rendered":"http:\/\/billardcf.cluster010.ovh.net\/?page_id=508"},"modified":"2011-12-28T18:39:30","modified_gmt":"2011-12-28T18:39:30","slug":"randonnee-de-vattvil-16-octobre-2011","status":"publish","type":"page","link":"http:\/\/www.billard-club-sottevillais.com\/?page_id=508","title":{"rendered":"Randonn\u00e9e de Vatteville la Rue &#8211; 16 octobre 2011"},"content":{"rendered":"<p style=\"text-align: justify;\">\u00a0\u00a0\u00a0\u00a0\u00a0\u00a0\u00a0\u00a0Dimanche 16 octobre, une dizaine d&rsquo;adh\u00e9rents est venu faire une randonn\u00e9e \u00e0 Vatteville la Rue.<\/p>\n<p style=\"text-align: justify;\">\u00a0\u00a0\u00a0\u00a0\u00a0\u00a0\u00a0\u00a0Situ\u00e9e en Seine-Maritime, Vatteville la Rue est une commune du Parc Naturel R\u00e9gional des Boucles de la Seine. A vol d&rsquo;oiseau, elle est \u00e0 1000 m\u00e8tres de la Seine, \u00e7a n&rsquo;a pas toujours \u00e9t\u00e9 le cas ! Au moyen \u00e2ge, c&rsquo;\u00e9tait un port.<\/p>\n<p style=\"text-align: justify;\">\u00a0\u00a0\u00a0\u00a0\u00a0\u00a0\u00a0\u00a0Vatteville connut son apog\u00e9e au XVI\u00e8me si\u00e8cle, avec une intense activit\u00e9 de p\u00eache vers Terre-neuve, et le commerce vers l&rsquo;Afrique et l&rsquo;Am\u00e9rique. L&rsquo;ensablement de la Seine, le d\u00e9veloppement des navires de fort tonnage, la cr\u00e9ation du port du Havre ont entra\u00een\u00e9 son d\u00e9clin.<\/p>\n<p style=\"text-align: justify;\">\u00a0\u00a0\u00a0\u00a0\u00a0\u00a0\u00a0\u00a0Les murs de l&rsquo;\u00e9glise Saint Martin t\u00e9moignent de ce pass\u00e9 maritime: environ cent cinquante graffitis dat\u00e9s du XV au XIX\u00e8me si\u00e8cle, ont \u00e9t\u00e9 sculpt\u00e9s dans la pierre \u00e0 l&rsquo;int\u00e9rieur mais aussi \u00e0 l&rsquo;ext\u00e9rieur par les marins de Vatteville. Ils repr\u00e9sentent des esquisses de navires de haute mer ou de cabotage destin\u00e9s \u00e0 la p\u00eache, au commerce ou \u00e0 la course.<\/p>\n<p><a href=\"http:\/\/billardcf.cluster010.ovh.net\/wp-content\/uploads\/2011\/10\/Rando-Vatvil-1.jpg\"><img loading=\"lazy\" decoding=\"async\" src=\"http:\/\/billardcf.cluster010.ovh.net\/wp-content\/uploads\/2011\/10\/Rando-Vatvil-1.jpg\" alt=\"\" title=\"Rubrique\" width=\"236\" height=\"97\" class=\"aligncenter size-full wp-image-513\" \/><\/a><\/p>\n<p style=\"text-align: justify;\">\u00a0\u00a0\u00a0\u00a0\u00a0\u00a0\u00a0\u00a0Revenons en 2011. Ce 16 octobre, la m\u00e9t\u00e9o \u00e9tait un peu fra\u00eeche mais cl\u00e9mente. Cette randonn\u00e9e pr\u00e9sente peu de d\u00e9nivel\u00e9, ce qui nous a permis d&rsquo;avaler les 10 km sans difficult\u00e9. Le d\u00e9but du parcours se passe dans les marais puis la Seine se d\u00e9voile. C&rsquo;est l&rsquo;occasion de d\u00e9couvrir ou red\u00e9couvrir Villequier situ\u00e9e sur la rive oppos\u00e9e. Dans la deuxi\u00e8me moiti\u00e9, nous passons en lisi\u00e8re de la for\u00eat de Brotonne pour rejoindre l&rsquo;\u00e9glise, notre point de d\u00e9part &#8230;<\/p>\n<p>&nbsp;<\/p>\n<p><center><div class=\"flgallery-4 flgallery-art flgallery-embed\" style=\"width: 650px; height: 473px; overflow: hidden;\"><object classid=\"clsid:D27CDB6E-AE6D-11cf-96B8-444553540000\" id=\"flgallery-4\" width=\"650\" height=\"473\" style=\"width:650px; height:473px; margin:0; padding:0;\"><param name=\"movie\" value=\"http:\/\/www.billard-club-sottevillais.com\/wp-content\/plugins\/global-flash-galleries\/swf\/Art.swf\" \/><param name=\"flashVars\" value=\"XMLFile=http%3A%2F%2Fwww.billard-club-sottevillais.com%2Fwp-content%2Fflgallery%2Fxml%2F1%2F4.xml\" \/><param name=\"allowFullScreen\" value=\"true\" \/><param name=\"allowScriptAccess\" value=\"always\" \/><param name=\"quality\" value=\"high\" \/><param name=\"wmode\" value=\"transparent\" \/><param name=\"swfversion\" value=\"9.0.45.0\" \/><param name=\"expressinstall\" value=\"http:\/\/www.billard-club-sottevillais.com\/wp-content\/plugins\/global-flash-galleries\/js\/swfobject\/expressInstall.swf\" \/><object type=\"application\/x-shockwave-flash\" data=\"http:\/\/www.billard-club-sottevillais.com\/wp-content\/plugins\/global-flash-galleries\/swf\/Art.swf\" width=\"650\" height=\"473\" style=\"width:650px; height:473px; margin:0; padding:0; outline:none;\"><param name=\"flashVars\" value=\"XMLFile=http%3A%2F%2Fwww.billard-club-sottevillais.com%2Fwp-content%2Fflgallery%2Fxml%2F1%2F4.xml\" \/><param name=\"allowFullScreen\" value=\"true\" \/><param name=\"allowScriptAccess\" value=\"always\" \/><param name=\"quality\" value=\"high\" \/><param name=\"wmode\" value=\"transparent\" \/><param name=\"swfversion\" value=\"9.0.45.0\" \/><param name=\"expressinstall\" value=\"http:\/\/www.billard-club-sottevillais.com\/wp-content\/plugins\/global-flash-galleries\/js\/swfobject\/expressInstall.swf\" \/><div class=\"flgallery-altcontent\"><ol style=\"list-style:none;\"><li style=\"display:inline;\"><a href=\"http:\/\/www.billard-club-sottevillais.com\/wp-content\/flgallery\/images\/q4ub9sf8.jpg\"><img decoding=\"async\" src=\"http:\/\/www.billard-club-sottevillais.com\/wp-content\/flgallery\/tmp\/img-q4ub9sf8.160x120.jpg\" alt=\"Vattvil 8\" \/><\/a>En famille<\/li><li style=\"display:inline;\"><a href=\"http:\/\/www.billard-club-sottevillais.com\/wp-content\/flgallery\/images\/yhui70n1.jpg\"><img decoding=\"async\" src=\"http:\/\/www.billard-club-sottevillais.com\/wp-content\/flgallery\/tmp\/img-yhui70n1.160x120.jpg\" alt=\"Vattvil 1\" \/><\/a>L&#039;\u00e9glise de Vatteville la Rue<\/li><li style=\"display:inline;\"><a href=\"http:\/\/www.billard-club-sottevillais.com\/wp-content\/flgallery\/images\/vzgkmrkw.jpg\"><img decoding=\"async\" src=\"http:\/\/www.billard-club-sottevillais.com\/wp-content\/flgallery\/tmp\/img-vzgkmrkw.160x120.jpg\" alt=\"Vattvil 4\" \/><\/a><\/li><li style=\"display:inline;\"><a href=\"http:\/\/www.billard-club-sottevillais.com\/wp-content\/flgallery\/images\/17vokpm5.jpg\"><img decoding=\"async\" src=\"http:\/\/www.billard-club-sottevillais.com\/wp-content\/flgallery\/tmp\/img-17vokpm5.160x120.jpg\" alt=\"Vattvil 7\" \/><\/a><\/li><li style=\"display:inline;\"><a href=\"http:\/\/www.billard-club-sottevillais.com\/wp-content\/flgallery\/images\/v5f8ltkq.jpg\"><img decoding=\"async\" src=\"http:\/\/www.billard-club-sottevillais.com\/wp-content\/flgallery\/tmp\/img-v5f8ltkq.160x120.jpg\" alt=\"Vattvil 9\" \/><\/a>Pont de Brotonne<\/li><li style=\"display:inline;\"><a href=\"http:\/\/www.billard-club-sottevillais.com\/wp-content\/flgallery\/images\/wq7iru3d.jpg\"><img decoding=\"async\" src=\"http:\/\/www.billard-club-sottevillais.com\/wp-content\/flgallery\/tmp\/img-wq7iru3d.160x120.jpg\" alt=\"Vattvil 6\" \/><\/a>2\u00e8me halte<\/li><li style=\"display:inline;\"><a href=\"http:\/\/www.billard-club-sottevillais.com\/wp-content\/flgallery\/images\/6l145lla.jpg\"><img decoding=\"async\" src=\"http:\/\/www.billard-club-sottevillais.com\/wp-content\/flgallery\/tmp\/img-6l145lla.160x120.jpg\" alt=\"Vattvil 3\" \/><\/a>1\u00e8re halte<\/li><li style=\"display:inline;\"><a href=\"http:\/\/www.billard-club-sottevillais.com\/wp-content\/flgallery\/images\/2yhrjki9.jpg\"><img decoding=\"async\" src=\"http:\/\/www.billard-club-sottevillais.com\/wp-content\/flgallery\/tmp\/img-2yhrjki9.160x120.jpg\" alt=\"Vattvil 5\" \/><\/a>Le chemin du halage<\/li><li style=\"display:inline;\"><a href=\"http:\/\/www.billard-club-sottevillais.com\/wp-content\/flgallery\/images\/lbknshjv.jpg\"><img decoding=\"async\" src=\"http:\/\/www.billard-club-sottevillais.com\/wp-content\/flgallery\/tmp\/img-lbknshjv.160x120.jpg\" alt=\"Vattvil 2\" \/><\/a>Villequier<\/li><\/ol><\/div><\/object><\/object><script type=\"text\/javascript\">jQuery(document).ready(function($) { if (!swfobject.hasFlashPlayerVersion('9.0.45.0')) { altgallery({ type: 'Art', width: '650', height: '473', images: { folder: 'http:\/\/www.billard-club-sottevillais.com\/wp-content\/plugins\/global-flash-galleries\/img\/' }, config: 'http:\/\/www.billard-club-sottevillais.com\/wp-content\/flgallery\/xml\/1\/4.xml', configType: 'xml', fullscreen: 'never', callback: function(gallery) { var container = gallery.canvas.element.parents('.flgallery-embed'); var parent = container.parent(); var initialWidth = container.width(); var prevWidth; container.css({ width: '', height: '' }); function scale() { var parentWidth = parent.width(); if (parentWidth != prevWidth) { gallery.canvas.scale(parentWidth \/ initialWidth); prevWidth = parentWidth; } } scale(); $(window).resize(scale); } }, '#flgallery-4 .flgallery-altcontent'); } });<\/script><\/div><\/center><\/p>\n","protected":false},"excerpt":{"rendered":"<p>\u00a0\u00a0\u00a0\u00a0\u00a0\u00a0\u00a0\u00a0Dimanche 16 octobre, une dizaine d&rsquo;adh\u00e9rents est venu faire une randonn\u00e9e \u00e0 Vatteville la Rue. \u00a0\u00a0\u00a0\u00a0\u00a0\u00a0\u00a0\u00a0Situ\u00e9e en Seine-Maritime, Vatteville la Rue est une commune du Parc Naturel R\u00e9gional des Boucles de la Seine. A vol d&rsquo;oiseau, elle est \u00e0 1000 m\u00e8tres de la Seine, \u00e7a n&rsquo;a pas toujours \u00e9t\u00e9 le cas ! Au moyen \u00e2ge, &hellip; <\/p>\n<p class=\"link-more\"><a href=\"http:\/\/www.billard-club-sottevillais.com\/?page_id=508\" class=\"more-link\">Continuer la lecture<span class=\"screen-reader-text\"> de &laquo;&nbsp;Randonn\u00e9e de Vatteville la Rue &#8211; 16 octobre 2011&nbsp;&raquo;<\/span><\/a><\/p>\n","protected":false},"author":1,"featured_media":0,"parent":35,"menu_order":0,"comment_status":"open","ping_status":"open","template":"page-full.php","meta":{"footnotes":""},"class_list":["post-508","page","type-page","status-publish","hentry"],"_links":{"self":[{"href":"http:\/\/www.billard-club-sottevillais.com\/index.php?rest_route=\/wp\/v2\/pages\/508","targetHints":{"allow":["GET"]}}],"collection":[{"href":"http:\/\/www.billard-club-sottevillais.com\/index.php?rest_route=\/wp\/v2\/pages"}],"about":[{"href":"http:\/\/www.billard-club-sottevillais.com\/index.php?rest_route=\/wp\/v2\/types\/page"}],"author":[{"embeddable":true,"href":"http:\/\/www.billard-club-sottevillais.com\/index.php?rest_route=\/wp\/v2\/users\/1"}],"replies":[{"embeddable":true,"href":"http:\/\/www.billard-club-sottevillais.com\/index.php?rest_route=%2Fwp%2Fv2%2Fcomments&post=508"}],"version-history":[{"count":8,"href":"http:\/\/www.billard-club-sottevillais.com\/index.php?rest_route=\/wp\/v2\/pages\/508\/revisions"}],"predecessor-version":[{"id":935,"href":"http:\/\/www.billard-club-sottevillais.com\/index.php?rest_route=\/wp\/v2\/pages\/508\/revisions\/935"}],"up":[{"embeddable":true,"href":"http:\/\/www.billard-club-sottevillais.com\/index.php?rest_route=\/wp\/v2\/pages\/35"}],"wp:attachment":[{"href":"http:\/\/www.billard-club-sottevillais.com\/index.php?rest_route=%2Fwp%2Fv2%2Fmedia&parent=508"}],"curies":[{"name":"wp","href":"https:\/\/api.w.org\/{rel}","templated":true}]}}