{"id":4693,"date":"2014-09-09T12:02:28","date_gmt":"2014-09-09T12:02:28","guid":{"rendered":"http:\/\/www.billard-club-sottevillais.com\/?page_id=4693"},"modified":"2014-09-09T12:02:28","modified_gmt":"2014-09-09T12:02:28","slug":"archives-2013-2014","status":"publish","type":"page","link":"http:\/\/www.billard-club-sottevillais.com\/?page_id=4693","title":{"rendered":"Archives 2013-2014"},"content":{"rendered":"<h4><a href=\"http:\/\/billardcf.cluster010.ovh.net\/?page_id=4321\">Tournoi interne de 5 quilles<\/a><\/h4>\n<p style=\"text-align: justify;\">Le tournoi interne de 5 quilles &#8230; Une valeur sure.<\/p>\n<p\/>\n<h4><a href=\"http:\/\/billardcf.cluster010.ovh.net\/?page_id=4219\">Galette des rois : le cru 2014<\/a><\/h4>\n<p style=\"text-align: justify;\">Le BCS \u00e9tait en f\u00eate ce samedi 11 janvier 2014.<\/p>\n<p\/>\n<h4><a href=\"http:\/\/billardcf.cluster010.ovh.net\/?page_id=4172\"> Visite de la Pacific 231<\/a><\/h4>\n<p style=\"text-align: justify;\">Alain Rachet s&rsquo;est d\u00e9pass\u00e9 pour nous faire visiter la Pacific 231.<\/p>\n<p\/>\n<h4><a href=\"http:\/\/billardcf.cluster010.ovh.net\/?page_id=4002\"> Tournoi interne de Casin 2013<\/a><\/h4>\n<p style=\"text-align: justify;\">Ils \u00e9taient douze \u00e0 table pour gagner ce tournoi de casin.<\/p>\n<p\/>\n<h4><a href=\"http:\/\/billardcf.cluster010.ovh.net\/?page_id=3867\"> Soir\u00e9e Beaujolais 2013<\/a><\/h4>\n<p style=\"text-align: justify;\">Le Beaujolais nouveau a encore s\u00e9vi !<\/p>\n<p\/>\n<h4><a href=\"http:\/\/billardcf.cluster010.ovh.net\/?page_id=3663\"> Tournoi interne de Tac-Tac 2013<\/a><\/h4>\n<p style=\"text-align: justify;\">La Tac-Tac a encore passionn\u00e9 nos adh\u00e9rents. ILs \u00e9taient quinze autour du tapis vert .<\/p>\n<p\/>\n<h4><a href=\"http:\/\/billardcf.cluster010.ovh.net\/?page_id=3408\"> Journ\u00e9e \u00ab\u00a0Porte ouverte\u00a0\u00bb 28 septembre 2013<\/a><\/h4>\n<p style=\"text-align: justify;\">En ce 28 septembre, le BCS s&rsquo;est mobilis\u00e9 pour faire d\u00e9couvrir son activit\u00e9 au public.<\/p>\n<p\/>\n<h4><a href=\"http:\/\/billardcf.cluster010.ovh.net\/?page_id=3367\"> Initiation \u00e0 l&rsquo;arbitrage &#8211; 14 septembre 2013<\/a><\/h4>\n<p style=\"text-align: justify;\">Pour faire face aux nombreux tours de jeu qui vont se d\u00e9rouler au BCS, le club a organis\u00e9 une s\u00e9ance d&rsquo;initiation \u00e0 l&rsquo;arbitrage.<\/p>\n<p\/>\n<h4><a href=\"http:\/\/billardcf.cluster010.ovh.net\/?page_id=3396\"> Carrefour des Associations &#8211; 7 septembre 2013<\/a><\/h4>\n<p style=\"text-align: justify;\">Le BCS \u00e9tait pr\u00e9sent au carrefour des Associations o\u00f9 nous avons eu de nombreux contacts.<\/p>\n<p\/>\n<h4><a href=\"http:\/\/billardcf.cluster010.ovh.net\/?page_id=3184\"> Assembl\u00e9e G\u00e9n\u00e9rale &#8211; 8 juin 2013<\/a><\/h4>\n<p style=\"text-align: justify;\">Le BCS a tenu son Assembl\u00e9e G\u00e9n\u00e9rale le samedi 8 juin. Les adh\u00e9rents venus en nombre ont aliment\u00e9 le d\u00e9bat et fait des propositions.<\/p>\n<p\/>\n&nbsp;<\/p>\n","protected":false},"excerpt":{"rendered":"<p>Tournoi interne de 5 quilles Le tournoi interne de 5 quilles &#8230; Une valeur sure. Galette des rois : le cru 2014 Le BCS \u00e9tait en f\u00eate ce samedi 11 janvier 2014. Visite de la Pacific 231 Alain Rachet s&rsquo;est d\u00e9pass\u00e9 pour nous faire visiter la Pacific 231. Tournoi interne de Casin 2013 Ils \u00e9taient &hellip; <\/p>\n<p class=\"link-more\"><a href=\"http:\/\/www.billard-club-sottevillais.com\/?page_id=4693\" class=\"more-link\">Continuer la lecture<span class=\"screen-reader-text\"> de &laquo;&nbsp;Archives 2013-2014&nbsp;&raquo;<\/span><\/a><\/p>\n","protected":false},"author":3,"featured_media":0,"parent":35,"menu_order":0,"comment_status":"open","ping_status":"open","template":"page-full.php","meta":{"footnotes":""},"class_list":["post-4693","page","type-page","status-publish","hentry"],"_links":{"self":[{"href":"http:\/\/www.billard-club-sottevillais.com\/index.php?rest_route=\/wp\/v2\/pages\/4693","targetHints":{"allow":["GET"]}}],"collection":[{"href":"http:\/\/www.billard-club-sottevillais.com\/index.php?rest_route=\/wp\/v2\/pages"}],"about":[{"href":"http:\/\/www.billard-club-sottevillais.com\/index.php?rest_route=\/wp\/v2\/types\/page"}],"author":[{"embeddable":true,"href":"http:\/\/www.billard-club-sottevillais.com\/index.php?rest_route=\/wp\/v2\/users\/3"}],"replies":[{"embeddable":true,"href":"http:\/\/www.billard-club-sottevillais.com\/index.php?rest_route=%2Fwp%2Fv2%2Fcomments&post=4693"}],"version-history":[{"count":5,"href":"http:\/\/www.billard-club-sottevillais.com\/index.php?rest_route=\/wp\/v2\/pages\/4693\/revisions"}],"predecessor-version":[{"id":4698,"href":"http:\/\/www.billard-club-sottevillais.com\/index.php?rest_route=\/wp\/v2\/pages\/4693\/revisions\/4698"}],"up":[{"embeddable":true,"href":"http:\/\/www.billard-club-sottevillais.com\/index.php?rest_route=\/wp\/v2\/pages\/35"}],"wp:attachment":[{"href":"http:\/\/www.billard-club-sottevillais.com\/index.php?rest_route=%2Fwp%2Fv2%2Fmedia&parent=4693"}],"curies":[{"name":"wp","href":"https:\/\/api.w.org\/{rel}","templated":true}]}}