{"id":4172,"date":"2014-01-07T16:05:25","date_gmt":"2014-01-07T16:05:25","guid":{"rendered":"http:\/\/www.billard-club-sottevillais.com\/?page_id=4172"},"modified":"2014-01-07T16:12:03","modified_gmt":"2014-01-07T16:12:03","slug":"visite-de-la-pacific-231","status":"publish","type":"page","link":"http:\/\/www.billard-club-sottevillais.com\/?page_id=4172","title":{"rendered":"Visite de la Pacific 231"},"content":{"rendered":"<p>&nbsp;<\/p>\n<p style=\"text-align: justify;\">Tout a commenc\u00e9 lors de la Soir\u00e9e Beaujolais. Nous \u00e9tions attabl\u00e9s avec Alain Rachet membre de longue date du BCS mais aussi pilier du Pacific Vapeur Club. Un article r\u00e9cent dans la presse \u00e9voquait l&rsquo;\u00e9tat de la \u00ab\u00a0231 G 558\u00a0\u00bb, locomotive \u00e0 vapeur class\u00e9e Monument Historique et propri\u00e9t\u00e9 du PVC. C&rsquo;est alors que nous avons commenc\u00e9 \u00e0 pr\u00e9parer la visite de la vieille dame.<br \/>\nAlain nous a d&rsquo;abord expliquer qu&rsquo;il fallait faire vite car les essieux \u00e9taient d\u00e9mont\u00e9s et les entrailles de la machine \u00e9taient visibles, ce qui ne serait plus le cas dans quelques semaines.<br \/>\n&nbsp;<br \/>\nDonc, le 21 d\u00e9cembre, une douzaine de membres du BCS se sont rendus dans l&rsquo;atelier o\u00f9 la machine est en cours de remontage. Ils n&rsquo;ont pas \u00e9t\u00e9 d\u00e9\u00e7us. Alain a fait lui-m\u00eame le guide. Il \u00e9tait entour\u00e9 de ses amis du billard, alors, il s&rsquo;est d\u00e9pass\u00e9. Les visiteurs ont appr\u00e9ci\u00e9 &#8230;<\/p>\n<p>&nbsp;<\/p>\n<div align=\"center\"><div class=\"flgallery-63 flgallery-zen flgallery-embed\" style=\"width: 550px; height: 400px; overflow: hidden;\"><object classid=\"clsid:D27CDB6E-AE6D-11cf-96B8-444553540000\" id=\"flgallery-63\" width=\"550\" height=\"400\" style=\"width:550px; height:400px; margin:0; padding:0;\"><param name=\"movie\" value=\"http:\/\/www.billard-club-sottevillais.com\/wp-content\/plugins\/global-flash-galleries\/swf\/Zen.swf\" \/><param name=\"flashVars\" value=\"XMLFile=http%3A%2F%2Fwww.billard-club-sottevillais.com%2Fwp-content%2Fflgallery%2Fxml%2F1%2F63.xml\" \/><param name=\"allowFullScreen\" value=\"true\" \/><param name=\"allowScriptAccess\" value=\"always\" \/><param name=\"quality\" value=\"high\" \/><param name=\"wmode\" value=\"transparent\" \/><param name=\"swfversion\" value=\"9.0.45.0\" \/><param name=\"expressinstall\" value=\"http:\/\/www.billard-club-sottevillais.com\/wp-content\/plugins\/global-flash-galleries\/js\/swfobject\/expressInstall.swf\" \/><object type=\"application\/x-shockwave-flash\" data=\"http:\/\/www.billard-club-sottevillais.com\/wp-content\/plugins\/global-flash-galleries\/swf\/Zen.swf\" width=\"550\" height=\"400\" style=\"width:550px; height:400px; margin:0; padding:0; outline:none;\"><param name=\"flashVars\" value=\"XMLFile=http%3A%2F%2Fwww.billard-club-sottevillais.com%2Fwp-content%2Fflgallery%2Fxml%2F1%2F63.xml\" \/><param name=\"allowFullScreen\" value=\"true\" \/><param name=\"allowScriptAccess\" value=\"always\" \/><param name=\"quality\" value=\"high\" \/><param name=\"wmode\" value=\"transparent\" \/><param name=\"swfversion\" value=\"9.0.45.0\" \/><param name=\"expressinstall\" value=\"http:\/\/www.billard-club-sottevillais.com\/wp-content\/plugins\/global-flash-galleries\/js\/swfobject\/expressInstall.swf\" \/><div class=\"flgallery-altcontent\"><ol style=\"list-style:none;\"><li style=\"display:inline;\"><a href=\"http:\/\/www.billard-club-sottevillais.com\/wp-content\/flgallery\/images\/eio3wald.jpg\"><img decoding=\"async\" src=\"http:\/\/www.billard-club-sottevillais.com\/wp-content\/flgallery\/tmp\/img-eio3wald.160x120.jpg\" alt=\"\" \/><\/a><\/li><li style=\"display:inline;\"><a href=\"http:\/\/www.billard-club-sottevillais.com\/wp-content\/flgallery\/images\/vfe7wcs1.jpg\"><img decoding=\"async\" src=\"http:\/\/www.billard-club-sottevillais.com\/wp-content\/flgallery\/tmp\/img-vfe7wcs1.160x120.jpg\" alt=\"\" \/><\/a><\/li><li style=\"display:inline;\"><a href=\"http:\/\/www.billard-club-sottevillais.com\/wp-content\/flgallery\/images\/4hu9cglb.jpg\"><img decoding=\"async\" src=\"http:\/\/www.billard-club-sottevillais.com\/wp-content\/flgallery\/tmp\/img-4hu9cglb.160x120.jpg\" alt=\"\" \/><\/a><\/li><li style=\"display:inline;\"><a href=\"http:\/\/www.billard-club-sottevillais.com\/wp-content\/flgallery\/images\/4m71zpfl.jpg\"><img decoding=\"async\" src=\"http:\/\/www.billard-club-sottevillais.com\/wp-content\/flgallery\/tmp\/img-4m71zpfl.160x120.jpg\" alt=\"\" \/><\/a><\/li><li style=\"display:inline;\"><a href=\"http:\/\/www.billard-club-sottevillais.com\/wp-content\/flgallery\/images\/9ovy6p30.jpg\"><img decoding=\"async\" src=\"http:\/\/www.billard-club-sottevillais.com\/wp-content\/flgallery\/tmp\/img-9ovy6p30.160x120.jpg\" alt=\"\" \/><\/a><\/li><\/ol><\/div><\/object><\/object><script type=\"text\/javascript\">jQuery(document).ready(function($) { if (!swfobject.hasFlashPlayerVersion('9.0.45.0')) { altgallery({ type: 'Zen', width: '550', height: '400', images: { folder: 'http:\/\/www.billard-club-sottevillais.com\/wp-content\/plugins\/global-flash-galleries\/img\/' }, config: 'http:\/\/www.billard-club-sottevillais.com\/wp-content\/flgallery\/xml\/1\/63.xml', configType: 'xml', fullscreen: 'never', callback: function(gallery) { var container = gallery.canvas.element.parents('.flgallery-embed'); var parent = container.parent(); var initialWidth = container.width(); var prevWidth; container.css({ width: '', height: '' }); function scale() { var parentWidth = parent.width(); if (parentWidth != prevWidth) { gallery.canvas.scale(parentWidth \/ initialWidth); prevWidth = parentWidth; } } scale(); $(window).resize(scale); } }, '#flgallery-63 .flgallery-altcontent'); } });<\/script><\/div><\/div>\n<p>&nbsp;<\/p>\n<h3>Pour en savoir plus &#8230;<\/h3>\n<p>&nbsp;<\/p>\n<p style=\"text-align: justify;\">Le Pacific Vapeur Club est une association loi de 1901. Il fut cr\u00e9\u00e9 en janvier 1983 par des cheminots, anciens de la vapeur, avec pour but la remise en \u00e9tat de marche de la locomotive \u00e0 vapeur 231 G 558 conserv\u00e9e au d\u00e9p\u00f4t de Sotteville et la faire circuler en t\u00eate de trains sp\u00e9ciaux sur le r\u00e9seau national. Objectif atteint le 29\/06\/1986 lors du train inaugural Sotteville &#8211; Paris St Lazare qui f\u00fbt un immense succ\u00e8s. Depuis la Pacific et sa rame des ann\u00e9es trente, propri\u00e9t\u00e9 du PVC est entretenue par les soins du PVC. La rame a d\u00e9j\u00e0 parcouru 75500 km de Paimpol \u00e0 Mulhouse et de Calais \u00e0 Bressuire entre autres.<br \/>\nEn octobre 2009, une avarie s\u00e9rieuse sur une bo\u00eete d&rsquo;essieu, immobilisa la machine. Depuis cette date, la bonne trentaine de b\u00e9n\u00e9voles actifs s&#8217;emploie avec acharnement pour qu&rsquo;elle puisse rouler de nouveau. Ce devrait \u00eatre chose faite dans quelques mois pour le plus grand plaisir de tous.<\/p>\n","protected":false},"excerpt":{"rendered":"<p>&nbsp; Tout a commenc\u00e9 lors de la Soir\u00e9e Beaujolais. Nous \u00e9tions attabl\u00e9s avec Alain Rachet membre de longue date du BCS mais aussi pilier du Pacific Vapeur Club. Un article r\u00e9cent dans la presse \u00e9voquait l&rsquo;\u00e9tat de la \u00ab\u00a0231 G 558\u00a0\u00bb, locomotive \u00e0 vapeur class\u00e9e Monument Historique et propri\u00e9t\u00e9 du PVC. C&rsquo;est alors que nous &hellip; <\/p>\n<p class=\"link-more\"><a href=\"http:\/\/www.billard-club-sottevillais.com\/?page_id=4172\" class=\"more-link\">Continuer la lecture<span class=\"screen-reader-text\"> de &laquo;&nbsp;Visite de la Pacific 231&nbsp;&raquo;<\/span><\/a><\/p>\n","protected":false},"author":3,"featured_media":0,"parent":35,"menu_order":0,"comment_status":"open","ping_status":"open","template":"page-full.php","meta":{"footnotes":""},"class_list":["post-4172","page","type-page","status-publish","hentry"],"_links":{"self":[{"href":"http:\/\/www.billard-club-sottevillais.com\/index.php?rest_route=\/wp\/v2\/pages\/4172","targetHints":{"allow":["GET"]}}],"collection":[{"href":"http:\/\/www.billard-club-sottevillais.com\/index.php?rest_route=\/wp\/v2\/pages"}],"about":[{"href":"http:\/\/www.billard-club-sottevillais.com\/index.php?rest_route=\/wp\/v2\/types\/page"}],"author":[{"embeddable":true,"href":"http:\/\/www.billard-club-sottevillais.com\/index.php?rest_route=\/wp\/v2\/users\/3"}],"replies":[{"embeddable":true,"href":"http:\/\/www.billard-club-sottevillais.com\/index.php?rest_route=%2Fwp%2Fv2%2Fcomments&post=4172"}],"version-history":[{"count":14,"href":"http:\/\/www.billard-club-sottevillais.com\/index.php?rest_route=\/wp\/v2\/pages\/4172\/revisions"}],"predecessor-version":[{"id":4187,"href":"http:\/\/www.billard-club-sottevillais.com\/index.php?rest_route=\/wp\/v2\/pages\/4172\/revisions\/4187"}],"up":[{"embeddable":true,"href":"http:\/\/www.billard-club-sottevillais.com\/index.php?rest_route=\/wp\/v2\/pages\/35"}],"wp:attachment":[{"href":"http:\/\/www.billard-club-sottevillais.com\/index.php?rest_route=%2Fwp%2Fv2%2Fmedia&parent=4172"}],"curies":[{"name":"wp","href":"https:\/\/api.w.org\/{rel}","templated":true}]}}