{"id":39,"date":"2011-07-22T10:24:38","date_gmt":"2011-07-22T10:24:38","guid":{"rendered":"http:\/\/billardcf.cluster010.ovh.net\/?page_id=39"},"modified":"2026-04-22T10:07:03","modified_gmt":"2026-04-22T10:07:03","slug":"formations","status":"publish","type":"page","link":"http:\/\/www.billard-club-sottevillais.com\/?page_id=39","title":{"rendered":"PAGES TECHNIQUES"},"content":{"rendered":"<p style=\"text-align: justify;\">Le Billard vous passionne, vous avez envie de progresser&#8230; Consultez nos pages techniques.<\/p>\n<p style=\"text-align: justify;\"><a href=\"http:\/\/www.billard-club-sottevillais.com\/wp-content\/uploads\/2013\/11\/Exclu.jpg\"><img loading=\"lazy\" decoding=\"async\" class=\"size-full wp-image-3830 alignleft\" title=\"Exclu\" src=\"http:\/\/www.billard-club-sottevillais.com\/wp-content\/uploads\/2013\/11\/Exclu.jpg\" alt=\"\" width=\"87\" height=\"46\" srcset=\"http:\/\/www.billard-club-sottevillais.com\/wp-content\/uploads\/2013\/11\/Exclu.jpg 348w, http:\/\/www.billard-club-sottevillais.com\/wp-content\/uploads\/2013\/11\/Exclu-300x158.jpg 300w\" sizes=\"auto, (max-width: 87px) 100vw, 87px\" \/><\/a>Les pages techniques ont \u00e9t\u00e9 r\u00e9alis\u00e9es par Didier Mollet en exclusivit\u00e9 pour le Billard Club Sottevillais.<\/p>\n<p><!--more--><\/p>\n<table id=\"Tableau_01\" width=\"389\" border=\"0\" cellspacing=\"0\" cellpadding=\"0\">\n<tbody>\n<tr>\n<td><a href=\"\/?page_id=213\"><img loading=\"lazy\" decoding=\"async\" src=\"\/wp-content\/uploads\/2011\/10\/Pages-Tehniques_01.png\" alt=\"\" width=\"389\" height=\"64\" \/><\/a><\/td>\n<\/tr>\n<tr>\n<td><a href=\"\/?page_id=215\"><img loading=\"lazy\" decoding=\"async\" src=\"\/wp-content\/uploads\/2011\/10\/Pages-Tehniques_02.png\" alt=\"\" width=\"389\" height=\"63\" \/><\/a><\/td>\n<\/tr>\n<tr>\n<td><a href=\"\/?page_id=219\"><img loading=\"lazy\" decoding=\"async\" src=\"\/wp-content\/uploads\/2011\/10\/Pages-Tehniques_03.png\" alt=\"\" width=\"389\" height=\"59\" \/><\/a><\/td>\n<\/tr>\n<tr>\n<td><a href=\"\/?page_id=222\"><img loading=\"lazy\" decoding=\"async\" src=\"\/wp-content\/uploads\/2011\/10\/Pages-Tehniques_04.png\" alt=\"\" width=\"389\" height=\"61\" \/><\/a><\/td>\n<\/tr>\n<\/tbody>\n<\/table>\n<p style=\"text-align: center;\"><img loading=\"lazy\" decoding=\"async\" class=\"aligncenter size-full wp-image-61\" title=\"billard-petit\" src=\"\/wp-content\/uploads\/2011\/07\/billard-petit.jpg\" alt=\"\" width=\"195\" height=\"109\" \/><\/p>\n","protected":false},"excerpt":{"rendered":"<p>Le Billard vous passionne, vous avez envie de progresser&#8230; Consultez nos pages techniques. Les pages techniques ont \u00e9t\u00e9 r\u00e9alis\u00e9es par Didier Mollet en exclusivit\u00e9 pour le Billard Club Sottevillais.<\/p>\n","protected":false},"author":1,"featured_media":61,"parent":0,"menu_order":0,"comment_status":"open","ping_status":"open","template":"page-full.php","meta":{"footnotes":""},"class_list":["post-39","page","type-page","status-publish","has-post-thumbnail","hentry"],"_links":{"self":[{"href":"http:\/\/www.billard-club-sottevillais.com\/index.php?rest_route=\/wp\/v2\/pages\/39","targetHints":{"allow":["GET"]}}],"collection":[{"href":"http:\/\/www.billard-club-sottevillais.com\/index.php?rest_route=\/wp\/v2\/pages"}],"about":[{"href":"http:\/\/www.billard-club-sottevillais.com\/index.php?rest_route=\/wp\/v2\/types\/page"}],"author":[{"embeddable":true,"href":"http:\/\/www.billard-club-sottevillais.com\/index.php?rest_route=\/wp\/v2\/users\/1"}],"replies":[{"embeddable":true,"href":"http:\/\/www.billard-club-sottevillais.com\/index.php?rest_route=%2Fwp%2Fv2%2Fcomments&post=39"}],"version-history":[{"count":40,"href":"http:\/\/www.billard-club-sottevillais.com\/index.php?rest_route=\/wp\/v2\/pages\/39\/revisions"}],"predecessor-version":[{"id":16648,"href":"http:\/\/www.billard-club-sottevillais.com\/index.php?rest_route=\/wp\/v2\/pages\/39\/revisions\/16648"}],"wp:featuredmedia":[{"embeddable":true,"href":"http:\/\/www.billard-club-sottevillais.com\/index.php?rest_route=\/wp\/v2\/media\/61"}],"wp:attachment":[{"href":"http:\/\/www.billard-club-sottevillais.com\/index.php?rest_route=%2Fwp%2Fv2%2Fmedia&parent=39"}],"curies":[{"name":"wp","href":"https:\/\/api.w.org\/{rel}","templated":true}]}}