{"id":3867,"date":"2013-11-25T11:40:41","date_gmt":"2013-11-25T11:40:41","guid":{"rendered":"http:\/\/www.billard-club-sottevillais.com\/?page_id=3867"},"modified":"2013-11-25T11:40:41","modified_gmt":"2013-11-25T11:40:41","slug":"soiree-beaujolais-2013","status":"publish","type":"page","link":"http:\/\/www.billard-club-sottevillais.com\/?page_id=3867","title":{"rendered":"Soir\u00e9e Beaujolais &#8211; 2013"},"content":{"rendered":"<p style=\"text-align: justify;\">En ce vendredi de novembre, 35 personnes se sont retrouv\u00e9es 123 rue B\u00e9ranger pour partager &#8230; Partager quoi me direz-vous ? Eh bien d&rsquo;abord partager un bon moment d&rsquo;amiti\u00e9 mais pas seulement. Nous avons aussi go\u00fbt\u00e9 le Beaujolais nouveau qui \u00e9tait autoris\u00e9 \u00e0 la vente depuis la veille. Cette fois encore, plusieurs \u00e9pouses nous ont fait le plaisir d&rsquo;assister \u00e0 cette soir\u00e9e. Nous avions comme d&rsquo;habitude un copieux buffet campagnard excellemment pr\u00e9sent\u00e9.<br \/>\nEncore un agr\u00e9able moment festif qui fait du bien !<\/p>\n<p>&nbsp;<\/p>\n<h3>Le repas<\/h3>\n<p>&nbsp;<br \/>\n<center>[flgallery id=55 \/]<\/center><br \/>\n&nbsp;<\/p>\n<h3>Galerie de portraits<\/h3>\n<p>&nbsp;<br \/>\n<center>[flgallery id=56 \/]<\/center><br \/>\n&nbsp;<\/p>\n","protected":false},"excerpt":{"rendered":"<p>En ce vendredi de novembre, 35 personnes se sont retrouv\u00e9es 123 rue B\u00e9ranger pour partager &#8230; Partager quoi me direz-vous ? Eh bien d&rsquo;abord partager un bon moment d&rsquo;amiti\u00e9 mais pas seulement. Nous avons aussi go\u00fbt\u00e9 le Beaujolais nouveau qui \u00e9tait autoris\u00e9 \u00e0 la vente depuis la veille. Cette fois encore, plusieurs \u00e9pouses nous ont &hellip; <\/p>\n<p class=\"link-more\"><a href=\"http:\/\/www.billard-club-sottevillais.com\/?page_id=3867\" class=\"more-link\">Continuer la lecture<span class=\"screen-reader-text\"> de &laquo;&nbsp;Soir\u00e9e Beaujolais &#8211; 2013&nbsp;&raquo;<\/span><\/a><\/p>\n","protected":false},"author":3,"featured_media":0,"parent":35,"menu_order":0,"comment_status":"open","ping_status":"open","template":"page-full.php","meta":{"footnotes":""},"class_list":["post-3867","page","type-page","status-publish","hentry"],"_links":{"self":[{"href":"http:\/\/www.billard-club-sottevillais.com\/index.php?rest_route=\/wp\/v2\/pages\/3867","targetHints":{"allow":["GET"]}}],"collection":[{"href":"http:\/\/www.billard-club-sottevillais.com\/index.php?rest_route=\/wp\/v2\/pages"}],"about":[{"href":"http:\/\/www.billard-club-sottevillais.com\/index.php?rest_route=\/wp\/v2\/types\/page"}],"author":[{"embeddable":true,"href":"http:\/\/www.billard-club-sottevillais.com\/index.php?rest_route=\/wp\/v2\/users\/3"}],"replies":[{"embeddable":true,"href":"http:\/\/www.billard-club-sottevillais.com\/index.php?rest_route=%2Fwp%2Fv2%2Fcomments&post=3867"}],"version-history":[{"count":9,"href":"http:\/\/www.billard-club-sottevillais.com\/index.php?rest_route=\/wp\/v2\/pages\/3867\/revisions"}],"predecessor-version":[{"id":3898,"href":"http:\/\/www.billard-club-sottevillais.com\/index.php?rest_route=\/wp\/v2\/pages\/3867\/revisions\/3898"}],"up":[{"embeddable":true,"href":"http:\/\/www.billard-club-sottevillais.com\/index.php?rest_route=\/wp\/v2\/pages\/35"}],"wp:attachment":[{"href":"http:\/\/www.billard-club-sottevillais.com\/index.php?rest_route=%2Fwp%2Fv2%2Fmedia&parent=3867"}],"curies":[{"name":"wp","href":"https:\/\/api.w.org\/{rel}","templated":true}]}}