{"id":3510,"date":"2013-10-18T16:09:52","date_gmt":"2013-10-18T16:09:52","guid":{"rendered":"http:\/\/www.billard-club-sottevillais.com\/?page_id=3510"},"modified":"2025-08-29T13:20:43","modified_gmt":"2025-08-29T13:20:43","slug":"les-tarifs","status":"publish","type":"page","link":"http:\/\/www.billard-club-sottevillais.com\/?page_id=3510","title":{"rendered":"Les tarifs"},"content":{"rendered":"<p><img loading=\"lazy\" decoding=\"async\" class=\"aligncenter size-full wp-image-3511\" title=\"caisse-enregistreuse\" src=\"http:\/\/www.billard-club-sottevillais.com\/wp-content\/uploads\/2013\/10\/caisse-enregistreuse.gif\" alt=\"\" width=\"150\" height=\"150\" srcset=\"http:\/\/www.billard-club-sottevillais.com\/wp-content\/uploads\/2013\/10\/caisse-enregistreuse.gif 150w, http:\/\/www.billard-club-sottevillais.com\/wp-content\/uploads\/2013\/10\/caisse-enregistreuse-48x48.gif 48w\" sizes=\"auto, (max-width: 150px) 100vw, 150px\" \/><\/p>\n<p style=\"text-align: justify;\">Le billard Club Sottevillais vous offre un haut niveau de service : la salle est entretenue en permanence, chaque jour, les tapis des billards sont pass\u00e9s \u00e0 l&rsquo;aspirateur et vos billes sont nettoy\u00e9es dans une machine d\u00e9di\u00e9e \u00e0 cet usage. Chaque ann\u00e9e avant le d\u00e9but de la saison, les tapis et les billes sont remplac\u00e9s. Ainsi, vous jouez dans une salle propre, sur des billards irr\u00e9prochables.<\/p>\n<p>Le Billard Club Sottevillais est affili\u00e9 \u00e0 la F\u00e9d\u00e9ration Fran\u00e7aise de Billard, tous les adh\u00e9rents sont licenci\u00e9s.<\/p>\n<p>Nous vous proposons deux formules tarifaires :<\/p>\n<p style=\"padding-left: 50px;\">&#8211; Une formule \u00e9conomique pour les joueurs qui sont peu pr\u00e9sents,<br \/>\n&#8211; Un forfait annuel pour les passionn\u00e9s qui s&rsquo;entra\u00eenent r\u00e9guli\u00e8rement.<\/p>\n<div align=\"center\">\n<table border=\"0\" cellspacing=\"0\" cellpadding=\"0\">\n<tbody>\n<tr>\n<td width=\"142\"><\/td>\n<td width=\"106\">\n<p align=\"center\">Adultes<\/p>\n<\/td>\n<td width=\"106\">\n<p align=\"center\">15 \/ 21 ans<\/p>\n<\/td>\n<td width=\"106\">\n<p align=\"center\">Moins de 15 ans<\/p>\n<\/td>\n<\/tr>\n<tr>\n<td width=\"142\">\n<p align=\"left\">Adh\u00e9sion Club<\/p>\n<\/td>\n<td width=\"106\">\n<p align=\"center\">26 \u20ac<\/p>\n<\/td>\n<td width=\"106\">\n<p align=\"center\">26 \u20ac<\/p>\n<\/td>\n<td width=\"106\">\n<p align=\"center\">26 \u20ac<\/p>\n<\/td>\n<\/tr>\n<tr>\n<td width=\"142\">\n<p align=\"left\">Licence FFB<\/p>\n<\/td>\n<td width=\"106\">\n<p align=\"center\">69 \u20ac<\/p>\n<\/td>\n<td width=\"106\">\n<p align=\"center\">15\u00a0 \u20ac<\/p>\n<\/td>\n<td width=\"106\">\n<p align=\"center\">15 \u20ac<\/p>\n<\/td>\n<\/tr>\n<tr>\n<td width=\"142\">\n<p align=\"left\">Licence D\u00e9couverte <sup>(*)<\/sup><\/p>\n<\/td>\n<td width=\"106\">\n<p align=\"center\">44 \u20ac<\/p>\n<\/td>\n<td width=\"106\"><\/td>\n<td width=\"106\"><\/td>\n<\/tr>\n<tr>\n<td width=\"142\">\n<p align=\"left\">10 heures de billard <sup>(**)<\/sup><\/p>\n<\/td>\n<td width=\"106\">\n<p align=\"center\">28 \u20ac<\/p>\n<\/td>\n<td width=\"106\">\n<p align=\"center\">12 \u20ac<\/p>\n<\/td>\n<td width=\"106\">\n<p align=\"center\">7 \u20ac<\/p>\n<\/td>\n<\/tr>\n<tr>\n<td width=\"142\">\n<p align=\"left\">Forfait annuel <sup>(***)<\/sup><\/p>\n<\/td>\n<td width=\"106\">\n<p align=\"center\">252 \u20ac<\/p>\n<\/td>\n<td width=\"106\">\n<p align=\"center\">120 \u20ac<\/p>\n<\/td>\n<td width=\"106\">\n<p align=\"center\">60 \u20ac<\/p>\n<\/td>\n<\/tr>\n<\/tbody>\n<\/table>\n<\/div>\n<p style=\"text-align: justify;\">(*) Pour les plus de 21 ans, la F\u00e9d\u00e9ration Fran\u00e7aise de Billard propose une offre d\u00e9couverte destin\u00e9e aux personnes qui n&rsquo;ont jamais eu une licence \u00e0 la FFB.<\/p>\n<p style=\"text-align: justify;\">(**) C&rsquo;est la formule \u00e9conomique. Vous achetez \u00ab\u00a010 heures de billard\u00a0\u00bb et vous utilisez votre cr\u00e9dit sans limite dans le temps. Si vous jouez \u00e0 deux, c&rsquo;est seulement la moiti\u00e9 du temps pass\u00e9 qui sera d\u00e9compt\u00e9 de votre cr\u00e9dit.<\/p>\n<p style=\"text-align: justify;\">(***) Ceci est un forfait illimit\u00e9. Si le forfait est acquitt\u00e9 en trois fois maximum, l&rsquo;adh\u00e9rent b\u00e9n\u00e9ficie d&rsquo;une remise de 5%. La remise est d\u00e9duite sur le dernier versement. Vous avez la possibilit\u00e9 d&rsquo;un paiement mensuel mais il n&rsquo;ouvre pas droit \u00e0 la remise.<\/p>\n","protected":false},"excerpt":{"rendered":"<p>Le billard Club Sottevillais vous offre un haut niveau de service : la salle est entretenue en permanence, chaque jour, les tapis des billards sont pass\u00e9s \u00e0 l&rsquo;aspirateur et vos billes sont nettoy\u00e9es dans une machine d\u00e9di\u00e9e \u00e0 cet usage. Chaque ann\u00e9e avant le d\u00e9but de la saison, les tapis et les billes sont remplac\u00e9s. &hellip; <\/p>\n<p class=\"link-more\"><a href=\"http:\/\/www.billard-club-sottevillais.com\/?page_id=3510\" class=\"more-link\">Continuer la lecture<span class=\"screen-reader-text\"> de &laquo;&nbsp;Les tarifs&nbsp;&raquo;<\/span><\/a><\/p>\n","protected":false},"author":3,"featured_media":0,"parent":75,"menu_order":0,"comment_status":"open","ping_status":"open","template":"page-full.php","meta":{"footnotes":""},"class_list":["post-3510","page","type-page","status-publish","hentry"],"_links":{"self":[{"href":"http:\/\/www.billard-club-sottevillais.com\/index.php?rest_route=\/wp\/v2\/pages\/3510","targetHints":{"allow":["GET"]}}],"collection":[{"href":"http:\/\/www.billard-club-sottevillais.com\/index.php?rest_route=\/wp\/v2\/pages"}],"about":[{"href":"http:\/\/www.billard-club-sottevillais.com\/index.php?rest_route=\/wp\/v2\/types\/page"}],"author":[{"embeddable":true,"href":"http:\/\/www.billard-club-sottevillais.com\/index.php?rest_route=\/wp\/v2\/users\/3"}],"replies":[{"embeddable":true,"href":"http:\/\/www.billard-club-sottevillais.com\/index.php?rest_route=%2Fwp%2Fv2%2Fcomments&post=3510"}],"version-history":[{"count":45,"href":"http:\/\/www.billard-club-sottevillais.com\/index.php?rest_route=\/wp\/v2\/pages\/3510\/revisions"}],"predecessor-version":[{"id":15803,"href":"http:\/\/www.billard-club-sottevillais.com\/index.php?rest_route=\/wp\/v2\/pages\/3510\/revisions\/15803"}],"up":[{"embeddable":true,"href":"http:\/\/www.billard-club-sottevillais.com\/index.php?rest_route=\/wp\/v2\/pages\/75"}],"wp:attachment":[{"href":"http:\/\/www.billard-club-sottevillais.com\/index.php?rest_route=%2Fwp%2Fv2%2Fmedia&parent=3510"}],"curies":[{"name":"wp","href":"https:\/\/api.w.org\/{rel}","templated":true}]}}