{"id":35,"date":"2011-07-22T10:22:20","date_gmt":"2011-07-22T10:22:20","guid":{"rendered":"http:\/\/billardcf.cluster010.ovh.net\/?page_id=35"},"modified":"2026-03-01T17:15:13","modified_gmt":"2026-03-01T17:15:13","slug":"informations","status":"publish","type":"page","link":"http:\/\/www.billard-club-sottevillais.com\/?page_id=35","title":{"rendered":"VIE DU CLUB"},"content":{"rendered":"<p style=\"text-align: justify;\">Soyez au courant de toutes les animations organis\u00e9es par le Billard Club :<\/p>\n<p style=\"text-align: justify;\">Tournois internes, Grand Prix, Randonn\u00e9es, Soir\u00e9es \u00e0 th\u00e8mes, Galette des Rois &#8230;<\/p>\n<p><!--more--> <img decoding=\"async\" class=\"size-full wp-image-708 alignleft\" src=\"http:\/\/billardcf.cluster010.ovh.net\/wp-content\/uploads\/2011\/12\/Vie-du-club.png\" alt=\"\"><\/p>\n<p>&nbsp;<\/p>\n<h4><a href=\"http:\/\/billardcf.cluster010.ovh.net\/?page_id=16453\">Soir\u00e9e 5 Quilles<\/a><\/h4>\n<p style=\"text-align: justify;\">Une soir\u00e9e 5 Quilles sous le signe de la bonne humeur<\/p>\n<p>&nbsp;<\/p>\n<h4><a href=\"http:\/\/billardcf.cluster010.ovh.net\/?page_id=16234\">Galette des rois 2026<\/a><\/h4>\n<p style=\"text-align: justify;\">La galette des rois fait toujours recette<\/p>\n<p>&nbsp;<\/p>\n<h4><a href=\"http:\/\/billardcf.cluster010.ovh.net\/?page_id=16005\">Soir\u00e9e Beaujolais 2025<\/a><\/h4>\n<p style=\"text-align: justify;\">La soir\u00e9e Beaujolais 2025 est encore bon cru<\/p>\n<p>&nbsp;<\/p>\n<h4><a href=\"http:\/\/billardcf.cluster010.ovh.net\/?page_id=15818\">Une rentr\u00e9e vitamin\u00e9e<\/a><\/h4>\n<p style=\"text-align: justify;\">D\u00e9but septembre 2025, le BCS a mis les bouch\u00e9es doubles pour se faire conna\u00eetre<\/p>\n<p>&nbsp;<\/p>\n<h4><a href=\"http:\/\/billardcf.cluster010.ovh.net\/?page_id=15761\">Assembl\u00e9e G\u00e9n\u00e9rale du BCS<\/a><\/h4>\n<p style=\"text-align: justify;\">Le BCS a tenu son Assembl\u00e9e G\u00e9n\u00e9rale le samedi 21 juin 2025<\/p>\n<p>&nbsp;<\/p>\n<p>&nbsp;<\/p>\n<h4><a href=\"http:\/\/billardcf.cluster010.ovh.net\/?page_id=7188\">Archives animation<\/a><\/h4>\n","protected":false},"excerpt":{"rendered":"<p>Soyez au courant de toutes les animations organis\u00e9es par le Billard Club : Tournois internes, Grand Prix, Randonn\u00e9es, Soir\u00e9es \u00e0 th\u00e8mes, Galette des Rois &#8230;<\/p>\n","protected":false},"author":1,"featured_media":3840,"parent":0,"menu_order":2,"comment_status":"open","ping_status":"open","template":"page-full.php","meta":{"footnotes":""},"class_list":["post-35","page","type-page","status-publish","has-post-thumbnail","hentry"],"_links":{"self":[{"href":"http:\/\/www.billard-club-sottevillais.com\/index.php?rest_route=\/wp\/v2\/pages\/35","targetHints":{"allow":["GET"]}}],"collection":[{"href":"http:\/\/www.billard-club-sottevillais.com\/index.php?rest_route=\/wp\/v2\/pages"}],"about":[{"href":"http:\/\/www.billard-club-sottevillais.com\/index.php?rest_route=\/wp\/v2\/types\/page"}],"author":[{"embeddable":true,"href":"http:\/\/www.billard-club-sottevillais.com\/index.php?rest_route=\/wp\/v2\/users\/1"}],"replies":[{"embeddable":true,"href":"http:\/\/www.billard-club-sottevillais.com\/index.php?rest_route=%2Fwp%2Fv2%2Fcomments&post=35"}],"version-history":[{"count":234,"href":"http:\/\/www.billard-club-sottevillais.com\/index.php?rest_route=\/wp\/v2\/pages\/35\/revisions"}],"predecessor-version":[{"id":16543,"href":"http:\/\/www.billard-club-sottevillais.com\/index.php?rest_route=\/wp\/v2\/pages\/35\/revisions\/16543"}],"wp:featuredmedia":[{"embeddable":true,"href":"http:\/\/www.billard-club-sottevillais.com\/index.php?rest_route=\/wp\/v2\/media\/3840"}],"wp:attachment":[{"href":"http:\/\/www.billard-club-sottevillais.com\/index.php?rest_route=%2Fwp%2Fv2%2Fmedia&parent=35"}],"curies":[{"name":"wp","href":"https:\/\/api.w.org\/{rel}","templated":true}]}}