{"id":3455,"date":"2013-10-18T16:10:51","date_gmt":"2013-10-18T16:10:51","guid":{"rendered":"http:\/\/www.billard-club-sottevillais.com\/?page_id=3455"},"modified":"2025-10-22T16:45:12","modified_gmt":"2025-10-22T16:45:12","slug":"la-formation-au-bcs","status":"publish","type":"page","link":"http:\/\/www.billard-club-sottevillais.com\/?page_id=3455","title":{"rendered":"La formation au BCS"},"content":{"rendered":"<p><a href=\"http:\/\/www.billard-club-sottevillais.com\/wp-content\/uploads\/2013\/10\/Label-017-2018.jpg\"><img loading=\"lazy\" decoding=\"async\" class=\"aligncenter size-full wp-image-9319\" title=\"Label- 017-2018\" src=\"http:\/\/www.billard-club-sottevillais.com\/wp-content\/uploads\/2013\/10\/Label-017-2018.jpg\" alt=\"\" width=\"512\" height=\"372\" srcset=\"http:\/\/www.billard-club-sottevillais.com\/wp-content\/uploads\/2013\/10\/Label-017-2018.jpg 512w, http:\/\/www.billard-club-sottevillais.com\/wp-content\/uploads\/2013\/10\/Label-017-2018-300x217.jpg 300w\" sizes=\"auto, (max-width: 512px) 100vw, 512px\" \/><\/a><\/p>\n<p style=\"text-align: justify;\">Pour la saison 2025\/2026, le Billard Club Sottevillais poursuit son offre de formation. Comme d\u2019habitude, il fait intervenir un formateur r\u00e9mun\u00e9r\u00e9. Nathan Legendre, double  champion d\u2019Europe assure la formation cette ann\u00e9e encore. <\/p>\n<p style=\"text-align: left;\"><span style=\"text-decoration: underline;\">Horaires et p\u00e9riodicit\u00e9<\/span><\/p>\n<p style=\"text-align: justify;\">Nathan interviendra les jeudis de 17h30 \u00e0 18h30 puis de 18h30 \u00e0 19h30, pendant une douzaine de semaines, ce qui nous m\u00e8nera jusqu\u2019\u00e0 la fin de l\u2019ann\u00e9e 2025.<br \/>\nLes cours sont collectifs (3 personnes par billard) et commencent au d\u00e9but du mois d\u2019octobre.<\/p>\n<p style=\"text-align: left;\"><span style=\"text-decoration: underline;\">Co\u00fbt de la formation<\/span><\/p>\n<p style=\"text-align: justify;\">Le co\u00fbt de chaque formation s\u2019\u00e9l\u00e8ve \u00e0 36\u20ac pour 12 s\u00e9ances.<br \/>\nLa participation demand\u00e9e aux adh\u00e9rents repr\u00e9sente environ 35% du co\u00fbt r\u00e9el, le reste est pris en charge par le club.<br \/>\nLa formation est gratuite pour les moins de 18 ans.<\/p>\n<p style=\"text-align: left;\"><span style=\"text-decoration: underline;\">Besoins ponctuels<\/span><\/p>\n<p style=\"text-align: justify;\">En dehors des formations \u00ab\u00a0libre\u00a0\u00bb, nous sommes r\u00e9guli\u00e8rement sollicit\u00e9s par nos adh\u00e9rents pour mettre en place des formations pour le \u00ab\u00a05 quilles\u00a0\u00bb mais aussi pour le \u00ab\u00a03 bandes\u00a0\u00bb.<br \/>\nPour la saison 2025\/2026, nous allons faire appel \u00e0 des formateurs sp\u00e9cialis\u00e9s dans ces disciplines<\/p>\n<p style=\"text-align: justify;\">Par ailleurs, le BCS propose un accompagnement ou du conseil r\u00e9alis\u00e9 par des initiateurs titulaires d&rsquo;un certificat f\u00e9d\u00e9ral d&rsquo;animateur (CFA).<br \/>\nUn accompagnement particulier est assur\u00e9 pour les jeunes le mercredi apr\u00e8s-midi.<\/p>\n<p style=\"text-align: left;\"><span style=\"text-decoration: underline;\">Initiation des scolaires<\/span><\/p>\n<p style=\"text-align: justify;\">Dans le cadre de l\u2019op\u00e9ration Ludosport organis\u00e9e par la ville de Sotteville, le BCS re\u00e7oit des enfants de primaire qui sont initi\u00e9s au billard fran\u00e7ais.<\/p>\n","protected":false},"excerpt":{"rendered":"<p>Pour la saison 2025\/2026, le Billard Club Sottevillais poursuit son offre de formation. Comme d\u2019habitude, il fait intervenir un formateur r\u00e9mun\u00e9r\u00e9. Nathan Legendre, double champion d\u2019Europe assure la formation cette ann\u00e9e encore. Horaires et p\u00e9riodicit\u00e9 Nathan interviendra les jeudis de 17h30 \u00e0 18h30 puis de 18h30 \u00e0 19h30, pendant une douzaine de semaines, ce qui &hellip; <\/p>\n<p class=\"link-more\"><a href=\"http:\/\/www.billard-club-sottevillais.com\/?page_id=3455\" class=\"more-link\">Continuer la lecture<span class=\"screen-reader-text\"> de &laquo;&nbsp;La formation au BCS&nbsp;&raquo;<\/span><\/a><\/p>\n","protected":false},"author":3,"featured_media":0,"parent":75,"menu_order":0,"comment_status":"closed","ping_status":"open","template":"page-full.php","meta":{"footnotes":""},"class_list":["post-3455","page","type-page","status-publish","hentry"],"_links":{"self":[{"href":"http:\/\/www.billard-club-sottevillais.com\/index.php?rest_route=\/wp\/v2\/pages\/3455","targetHints":{"allow":["GET"]}}],"collection":[{"href":"http:\/\/www.billard-club-sottevillais.com\/index.php?rest_route=\/wp\/v2\/pages"}],"about":[{"href":"http:\/\/www.billard-club-sottevillais.com\/index.php?rest_route=\/wp\/v2\/types\/page"}],"author":[{"embeddable":true,"href":"http:\/\/www.billard-club-sottevillais.com\/index.php?rest_route=\/wp\/v2\/users\/3"}],"replies":[{"embeddable":true,"href":"http:\/\/www.billard-club-sottevillais.com\/index.php?rest_route=%2Fwp%2Fv2%2Fcomments&post=3455"}],"version-history":[{"count":58,"href":"http:\/\/www.billard-club-sottevillais.com\/index.php?rest_route=\/wp\/v2\/pages\/3455\/revisions"}],"predecessor-version":[{"id":16158,"href":"http:\/\/www.billard-club-sottevillais.com\/index.php?rest_route=\/wp\/v2\/pages\/3455\/revisions\/16158"}],"up":[{"embeddable":true,"href":"http:\/\/www.billard-club-sottevillais.com\/index.php?rest_route=\/wp\/v2\/pages\/75"}],"wp:attachment":[{"href":"http:\/\/www.billard-club-sottevillais.com\/index.php?rest_route=%2Fwp%2Fv2%2Fmedia&parent=3455"}],"curies":[{"name":"wp","href":"https:\/\/api.w.org\/{rel}","templated":true}]}}