{"id":3184,"date":"2013-06-10T09:23:59","date_gmt":"2013-06-10T09:23:59","guid":{"rendered":"http:\/\/www.billard-club-sottevillais.com\/?page_id=3184"},"modified":"2013-06-10T09:36:38","modified_gmt":"2013-06-10T09:36:38","slug":"assemblee-generale-du-8-juin-2013","status":"publish","type":"page","link":"http:\/\/www.billard-club-sottevillais.com\/?page_id=3184","title":{"rendered":"Assembl\u00e9e G\u00e9n\u00e9rale du 8 juin 2013"},"content":{"rendered":"<p style=\"text-align: justify;\">L\u2019assembl\u00e9e G\u00e9n\u00e9rale du BCS s&rsquo;est tenue le 08 juin 2013 dans notre salle rue B\u00e9ranger. M. BOURGUIGNON maire de Sotteville a assist\u00e9 \u00e0 l&rsquo;ouverture de l&rsquo;Assembl\u00e9e, M. BOURRU conseiller municipal a assist\u00e9 \u00e0 l&rsquo;ensemble de nos travaux. Au cours de la matin\u00e9e, nous avons re\u00e7u la visite de Mme Luce Pane, d\u00e9put\u00e9e de la 3\u00e8me circonscription de la Seine Maritime, M. Jean-Claude Bauer, adjoint au maire et M. Pierre Carel conseiller g\u00e9n\u00e9ral.<br \/>\nD\u00e8s 9h, nos adh\u00e9rents \u00e9taient accueillis avec un caf\u00e9 et des viennoiseries. Dans la foul\u00e9e, Bruno leur faisait signer la liste d&rsquo;\u00e9margement en leur remettant un dossier comprenant tous les rapports \u00e9dit\u00e9s pour l&rsquo;AG.<\/p>\n<p>Au cours de cette AG, les adh\u00e9rents ont une nouvelle fois vot\u00e9 unanimement la politique g\u00e9n\u00e9rale du BCS (maintien d\u2019un emploi, entretien de la salle et des billards. Poursuite de la formation, indemnisation des arbitres, indemnisation des comp\u00e9titeurs, animations etc.).<\/p>\n<p>Des d\u00e9bats int\u00e9ressants ont eu lieu en particulier sur le choix des animations \u00e0 proposer pour la saison \u00e0 venir. Nous avons de la demande pour organiser un tournoi de p\u00e9tanque sur billard. Ce tournoi se d\u00e9roulerait sur une journ\u00e9e enti\u00e8re. Histoire de jouer avec des boules plus grosses, une soir\u00e9e bowling nous est demand\u00e9e.<br \/>\nD&rsquo;autres sujets tels le besoin en arbitre et le d\u00e9fraiement des comp\u00e9titeurs ont aussi anim\u00e9 nos d\u00e9bats.<br \/>\nDe nombreux pr\u00e9sents se sont port\u00e9s volontaires pour encadrer les jeunes sottevillais qui participent au Ludosport.<\/p>\n<p>Avant de passer aux questions diverses, nous avons proc\u00e9d\u00e9 \u00e0 l\u2019\u00e9lection du tiers sortant, les trois candidats ont \u00e9t\u00e9 r\u00e9\u00e9lus \u00e0 l&rsquo;unanimit\u00e9. Deux nouveaux membres viennent renforcer le bureau directeur, il s&rsquo;agit de Michel Bertrand et Patrick Lombard, eux aussi \u00e9lus \u00e0 l&rsquo;unanimit\u00e9 des voix.<\/p>\n<p>A midi, nous avons prononc\u00e9 la cl\u00f4ture de l&rsquo;Assembl\u00e9e et nous avons partag\u00e9 le pot de l&rsquo;amiti\u00e9.<\/p>\n<p>Ensuite, plus de quarante participants ont rejoint le \u00ab\u00a0Rendez-vous de chasse\u00a0\u00bb \u00e0 la Londe pour y prendre un repas tr\u00e8s appr\u00e9ci\u00e9.<\/p>\n<p>&nbsp;<\/p>\n<p><center><br \/>\n<div class=\"flgallery-48 flgallery-art flgallery-embed\" style=\"width: 550px; height: 400px; overflow: hidden;\"><object classid=\"clsid:D27CDB6E-AE6D-11cf-96B8-444553540000\" id=\"flgallery-48\" width=\"550\" height=\"400\" style=\"width:550px; height:400px; margin:0; padding:0;\"><param name=\"movie\" value=\"http:\/\/www.billard-club-sottevillais.com\/wp-content\/plugins\/global-flash-galleries\/swf\/Art.swf\" \/><param name=\"flashVars\" value=\"XMLFile=http%3A%2F%2Fwww.billard-club-sottevillais.com%2Fwp-content%2Fflgallery%2Fxml%2F1%2F48.xml\" \/><param name=\"allowFullScreen\" value=\"true\" \/><param name=\"allowScriptAccess\" value=\"always\" \/><param name=\"quality\" value=\"high\" \/><param name=\"wmode\" value=\"transparent\" \/><param name=\"swfversion\" value=\"9.0.45.0\" \/><param name=\"expressinstall\" value=\"http:\/\/www.billard-club-sottevillais.com\/wp-content\/plugins\/global-flash-galleries\/js\/swfobject\/expressInstall.swf\" \/><object type=\"application\/x-shockwave-flash\" data=\"http:\/\/www.billard-club-sottevillais.com\/wp-content\/plugins\/global-flash-galleries\/swf\/Art.swf\" width=\"550\" height=\"400\" style=\"width:550px; height:400px; margin:0; padding:0; outline:none;\"><param name=\"flashVars\" value=\"XMLFile=http%3A%2F%2Fwww.billard-club-sottevillais.com%2Fwp-content%2Fflgallery%2Fxml%2F1%2F48.xml\" \/><param name=\"allowFullScreen\" value=\"true\" \/><param name=\"allowScriptAccess\" value=\"always\" \/><param name=\"quality\" value=\"high\" \/><param name=\"wmode\" value=\"transparent\" \/><param name=\"swfversion\" value=\"9.0.45.0\" \/><param name=\"expressinstall\" value=\"http:\/\/www.billard-club-sottevillais.com\/wp-content\/plugins\/global-flash-galleries\/js\/swfobject\/expressInstall.swf\" \/><div class=\"flgallery-altcontent\"><ol style=\"list-style:none;\"><li style=\"display:inline;\"><a href=\"http:\/\/www.billard-club-sottevillais.com\/wp-content\/flgallery\/images\/wudnd5m9.jpg\"><img decoding=\"async\" src=\"http:\/\/www.billard-club-sottevillais.com\/wp-content\/flgallery\/tmp\/img-wudnd5m9.181x120.jpg\" alt=\"\" \/><\/a><\/li><li style=\"display:inline;\"><a href=\"http:\/\/www.billard-club-sottevillais.com\/wp-content\/flgallery\/images\/kvtmwtb9.jpg\"><img decoding=\"async\" src=\"http:\/\/www.billard-club-sottevillais.com\/wp-content\/flgallery\/tmp\/img-kvtmwtb9.181x120.jpg\" alt=\"\" \/><\/a><\/li><li style=\"display:inline;\"><a href=\"http:\/\/www.billard-club-sottevillais.com\/wp-content\/flgallery\/images\/gmnevd7k.jpg\"><img decoding=\"async\" src=\"http:\/\/www.billard-club-sottevillais.com\/wp-content\/flgallery\/tmp\/img-gmnevd7k.181x120.jpg\" alt=\"\" \/><\/a><\/li><li style=\"display:inline;\"><a href=\"http:\/\/www.billard-club-sottevillais.com\/wp-content\/flgallery\/images\/60y5jy41.jpg\"><img decoding=\"async\" src=\"http:\/\/www.billard-club-sottevillais.com\/wp-content\/flgallery\/tmp\/img-60y5jy41.181x120.jpg\" alt=\"\" \/><\/a><\/li><li style=\"display:inline;\"><a href=\"http:\/\/www.billard-club-sottevillais.com\/wp-content\/flgallery\/images\/2ta0n0he.jpg\"><img decoding=\"async\" src=\"http:\/\/www.billard-club-sottevillais.com\/wp-content\/flgallery\/tmp\/img-2ta0n0he.181x120.jpg\" alt=\"\" \/><\/a><\/li><li style=\"display:inline;\"><a href=\"http:\/\/www.billard-club-sottevillais.com\/wp-content\/flgallery\/images\/gk7c3y60.jpg\"><img decoding=\"async\" src=\"http:\/\/www.billard-club-sottevillais.com\/wp-content\/flgallery\/tmp\/img-gk7c3y60.181x120.jpg\" alt=\"\" \/><\/a><\/li><li style=\"display:inline;\"><a href=\"http:\/\/www.billard-club-sottevillais.com\/wp-content\/flgallery\/images\/k5q7z85f.jpg\"><img decoding=\"async\" src=\"http:\/\/www.billard-club-sottevillais.com\/wp-content\/flgallery\/tmp\/img-k5q7z85f.181x120.jpg\" alt=\"\" \/><\/a><\/li><li style=\"display:inline;\"><a href=\"http:\/\/www.billard-club-sottevillais.com\/wp-content\/flgallery\/images\/ias9oq6h.jpg\"><img decoding=\"async\" src=\"http:\/\/www.billard-club-sottevillais.com\/wp-content\/flgallery\/tmp\/img-ias9oq6h.181x120.jpg\" alt=\"\" \/><\/a><\/li><li style=\"display:inline;\"><a href=\"http:\/\/www.billard-club-sottevillais.com\/wp-content\/flgallery\/images\/gj6ov5hu.jpg\"><img decoding=\"async\" src=\"http:\/\/www.billard-club-sottevillais.com\/wp-content\/flgallery\/tmp\/img-gj6ov5hu.181x120.jpg\" alt=\"\" \/><\/a><\/li><li style=\"display:inline;\"><a href=\"http:\/\/www.billard-club-sottevillais.com\/wp-content\/flgallery\/images\/vkpgz54v.jpg\"><img decoding=\"async\" src=\"http:\/\/www.billard-club-sottevillais.com\/wp-content\/flgallery\/tmp\/img-vkpgz54v.180x120.jpg\" alt=\"\" \/><\/a><\/li><li style=\"display:inline;\"><a href=\"http:\/\/www.billard-club-sottevillais.com\/wp-content\/flgallery\/images\/qg2uu7lr.jpg\"><img decoding=\"async\" src=\"http:\/\/www.billard-club-sottevillais.com\/wp-content\/flgallery\/tmp\/img-qg2uu7lr.180x120.jpg\" alt=\"\" \/><\/a><\/li><li style=\"display:inline;\"><a href=\"http:\/\/www.billard-club-sottevillais.com\/wp-content\/flgallery\/images\/fk7cou3h.jpg\"><img decoding=\"async\" src=\"http:\/\/www.billard-club-sottevillais.com\/wp-content\/flgallery\/tmp\/img-fk7cou3h.180x120.jpg\" alt=\"\" \/><\/a><\/li><li style=\"display:inline;\"><a href=\"http:\/\/www.billard-club-sottevillais.com\/wp-content\/flgallery\/images\/jw6bcrl0.jpg\"><img decoding=\"async\" src=\"http:\/\/www.billard-club-sottevillais.com\/wp-content\/flgallery\/tmp\/img-jw6bcrl0.180x120.jpg\" alt=\"\" \/><\/a><\/li><li style=\"display:inline;\"><a href=\"http:\/\/www.billard-club-sottevillais.com\/wp-content\/flgallery\/images\/j8p134h7.jpg\"><img decoding=\"async\" src=\"http:\/\/www.billard-club-sottevillais.com\/wp-content\/flgallery\/tmp\/img-j8p134h7.180x120.jpg\" alt=\"\" \/><\/a><\/li><li style=\"display:inline;\"><a href=\"http:\/\/www.billard-club-sottevillais.com\/wp-content\/flgallery\/images\/fb84fip5.jpg\"><img decoding=\"async\" src=\"http:\/\/www.billard-club-sottevillais.com\/wp-content\/flgallery\/tmp\/img-fb84fip5.180x120.jpg\" alt=\"\" \/><\/a><\/li><\/ol><\/div><\/object><\/object><script type=\"text\/javascript\">jQuery(document).ready(function($) { if (!swfobject.hasFlashPlayerVersion('9.0.45.0')) { altgallery({ type: 'Art', width: '550', height: '400', images: { folder: 'http:\/\/www.billard-club-sottevillais.com\/wp-content\/plugins\/global-flash-galleries\/img\/' }, config: 'http:\/\/www.billard-club-sottevillais.com\/wp-content\/flgallery\/xml\/1\/48.xml', configType: 'xml', fullscreen: 'never', callback: function(gallery) { var container = gallery.canvas.element.parents('.flgallery-embed'); var parent = container.parent(); var initialWidth = container.width(); var prevWidth; container.css({ width: '', height: '' }); function scale() { var parentWidth = parent.width(); if (parentWidth != prevWidth) { gallery.canvas.scale(parentWidth \/ initialWidth); prevWidth = parentWidth; } } scale(); $(window).resize(scale); } }, '#flgallery-48 .flgallery-altcontent'); } });<\/script><\/div><\/center><\/p>\n","protected":false},"excerpt":{"rendered":"<p>L\u2019assembl\u00e9e G\u00e9n\u00e9rale du BCS s&rsquo;est tenue le 08 juin 2013 dans notre salle rue B\u00e9ranger. M. BOURGUIGNON maire de Sotteville a assist\u00e9 \u00e0 l&rsquo;ouverture de l&rsquo;Assembl\u00e9e, M. BOURRU conseiller municipal a assist\u00e9 \u00e0 l&rsquo;ensemble de nos travaux. Au cours de la matin\u00e9e, nous avons re\u00e7u la visite de Mme Luce Pane, d\u00e9put\u00e9e de la 3\u00e8me &hellip; <\/p>\n<p class=\"link-more\"><a href=\"http:\/\/www.billard-club-sottevillais.com\/?page_id=3184\" class=\"more-link\">Continuer la lecture<span class=\"screen-reader-text\"> de &laquo;&nbsp;Assembl\u00e9e G\u00e9n\u00e9rale du 8 juin 2013&nbsp;&raquo;<\/span><\/a><\/p>\n","protected":false},"author":3,"featured_media":0,"parent":35,"menu_order":0,"comment_status":"open","ping_status":"open","template":"page-full.php","meta":{"footnotes":""},"class_list":["post-3184","page","type-page","status-publish","hentry"],"_links":{"self":[{"href":"http:\/\/www.billard-club-sottevillais.com\/index.php?rest_route=\/wp\/v2\/pages\/3184","targetHints":{"allow":["GET"]}}],"collection":[{"href":"http:\/\/www.billard-club-sottevillais.com\/index.php?rest_route=\/wp\/v2\/pages"}],"about":[{"href":"http:\/\/www.billard-club-sottevillais.com\/index.php?rest_route=\/wp\/v2\/types\/page"}],"author":[{"embeddable":true,"href":"http:\/\/www.billard-club-sottevillais.com\/index.php?rest_route=\/wp\/v2\/users\/3"}],"replies":[{"embeddable":true,"href":"http:\/\/www.billard-club-sottevillais.com\/index.php?rest_route=%2Fwp%2Fv2%2Fcomments&post=3184"}],"version-history":[{"count":15,"href":"http:\/\/www.billard-club-sottevillais.com\/index.php?rest_route=\/wp\/v2\/pages\/3184\/revisions"}],"predecessor-version":[{"id":3200,"href":"http:\/\/www.billard-club-sottevillais.com\/index.php?rest_route=\/wp\/v2\/pages\/3184\/revisions\/3200"}],"up":[{"embeddable":true,"href":"http:\/\/www.billard-club-sottevillais.com\/index.php?rest_route=\/wp\/v2\/pages\/35"}],"wp:attachment":[{"href":"http:\/\/www.billard-club-sottevillais.com\/index.php?rest_route=%2Fwp%2Fv2%2Fmedia&parent=3184"}],"curies":[{"name":"wp","href":"https:\/\/api.w.org\/{rel}","templated":true}]}}