{"id":219,"date":"2011-10-09T17:01:02","date_gmt":"2011-10-09T17:01:02","guid":{"rendered":"http:\/\/billardcf.cluster010.ovh.net\/?page_id=219"},"modified":"2014-11-24T17:20:01","modified_gmt":"2014-11-24T17:20:01","slug":"la-page-de-jeau-noel","status":"publish","type":"page","link":"http:\/\/www.billard-club-sottevillais.com\/?page_id=219","title":{"rendered":"La page de Jean Noel"},"content":{"rendered":"<p style=\"text-align: justify;\">Les explications donn\u00e9es dans ces pages nous ont \u00e9t\u00e9 confi\u00e9es par Jean-No\u00ebl MARY, moniteur dipl\u00f4me d&rsquo;\u00e9tat, grand ami du BCS depuis des ann\u00e9es.\n<\/p>\n<div>\n<table class=\"aligncenter\" width=\"100%\" border=\"0\" cellspacing=\"0\" cellpadding=\"0\">\n<tbody>\n<tr>\n<td width=\"100%\"><\/td>\n<td align=\"center\" valign=\"baseline\" width=\"108\"><\/td>\n<\/tr>\n<\/tbody>\n<\/table>\n<table class=\"aligncenter\" width=\"95%\" border=\"5\" cellpadding=\"3\">\n<tbody>\n<tr>\n<td align=\"center\" bgcolor=\"#FFFFFF\" width=\"22%\"><a href=\"http:\/\/billardcf.cluster010.ovh.net\/wp-content\/uploads\/2011\/10\/Point-de-rappel-n%C2%B07.pdf\"><img loading=\"lazy\" decoding=\"async\" src=\"http:\/\/www.billard-club-sottevillais.com\/wp-content\/uploads\/2014\/11\/th_jan08.gif\" alt=\"\" width=\"150\" height=\"90\" border=\"0\" \/><\/a><\/td>\n<td align=\"center\" valign=\"middle\" bgcolor=\"#FFFFFF\" width=\"53%\">\n<p align=\"center\">Rejet Naturel en 1 ou 2 bandes<\/p>\n<\/td>\n<td align=\"center\" valign=\"middle\" bgcolor=\"#FFFFFF\" width=\"25%\">Date de parution: 22 F\u00e9vrier 2003<\/td>\n<\/tr>\n<tr>\n<td align=\"center\" bgcolor=\"#FFFFFF\" width=\"22%\"><a href=\"http:\/\/billardcf.cluster010.ovh.net\/wp-content\/uploads\/2011\/10\/Point-de-rappel-n%C2%B06.pdf\"><img loading=\"lazy\" decoding=\"async\" src=\"http:\/\/www.billard-club-sottevillais.com\/wp-content\/uploads\/2014\/11\/th_jan07.gif\" alt=\"\" width=\"150\" height=\"90\" border=\"0\" \/><\/a><\/td>\n<td align=\"center\" valign=\"middle\" bgcolor=\"#FFFFFF\" width=\"53%\">\n<p align=\"center\">Rejet Naturel en 1 ou 2 bandes<\/p>\n<\/td>\n<td align=\"center\" valign=\"middle\" bgcolor=\"#FFFFFF\" width=\"25%\">Date de parution: 22 F\u00e9vrier 2003<\/td>\n<\/tr>\n<tr>\n<td align=\"center\" bgcolor=\"#FFFFFF\" width=\"22%\"><a href=\"http:\/\/billardcf.cluster010.ovh.net\/wp-content\/uploads\/2011\/10\/Point-de-rappel-n%C2%B05.pdf\"><img loading=\"lazy\" decoding=\"async\" src=\"http:\/\/www.billard-club-sottevillais.com\/wp-content\/uploads\/2014\/11\/th_jan06.gif\" alt=\"\" width=\"150\" height=\"90\" border=\"0\" \/><\/a><\/td>\n<td align=\"center\" valign=\"middle\" bgcolor=\"#FFFFFF\" width=\"53%\">\n<p align=\"center\">Point de rappel 3 ou 4 bandes avant<\/p>\n<p align=\"center\">difficult\u00e9 (**)<\/p>\n<\/td>\n<td align=\"center\" valign=\"middle\" bgcolor=\"#FFFFFF\" width=\"25%\">Date de parution: 10 Octobre 2002<\/td>\n<\/tr>\n<tr>\n<td align=\"center\" bgcolor=\"#FFFFFF\" width=\"22%\"><a href=\"http:\/\/billardcf.cluster010.ovh.net\/wp-content\/uploads\/2011\/10\/Point-de-rappel-n%C2%B04.pdf\"><img loading=\"lazy\" decoding=\"async\" src=\"http:\/\/www.billard-club-sottevillais.com\/wp-content\/uploads\/2014\/11\/th_jan05.gif\" alt=\"\" width=\"150\" height=\"90\" border=\"0\" \/><\/a><\/td>\n<td align=\"center\" valign=\"middle\" bgcolor=\"#FFFFFF\" width=\"53%\">Le point de d\u00e9part (libre et 3 bandes)<\/td>\n<td align=\"center\" valign=\"middle\" bgcolor=\"#FFFFFF\" width=\"25%\">Date de parution: 10 Octobre 2002<\/td>\n<\/tr>\n<tr>\n<td align=\"center\" bgcolor=\"#FFFFFF\" width=\"22%\"><a href=\"http:\/\/billardcf.cluster010.ovh.net\/wp-content\/uploads\/2011\/10\/Point-de-rappel-n%C2%B04.pdf\"><img loading=\"lazy\" decoding=\"async\" src=\"http:\/\/www.billard-club-sottevillais.com\/wp-content\/uploads\/2014\/11\/th_jan04.gif\" alt=\"\" width=\"150\" height=\"90\" border=\"0\" \/><\/a><\/td>\n<td align=\"center\" valign=\"middle\" bgcolor=\"#FFFFFF\" width=\"53%\">\n<p align=\"center\">Point de rappel une bande avant<\/p>\n<p align=\"center\">difficult\u00e9 (***)<\/p>\n<\/td>\n<td align=\"center\" valign=\"middle\" bgcolor=\"#FFFFFF\" width=\"25%\">Date de parution: 1er Mars 2002<\/td>\n<\/tr>\n<tr>\n<td align=\"center\" bgcolor=\"#FFFFFF\" width=\"22%\"><a href=\"http:\/\/billardcf.cluster010.ovh.net\/wp-content\/uploads\/2011\/10\/Point-de-rappel-n%C2%B01.pdf\"><img loading=\"lazy\" decoding=\"async\" src=\"http:\/\/www.billard-club-sottevillais.com\/wp-content\/uploads\/2014\/11\/th_jan03.gif\" alt=\"\" width=\"150\" height=\"90\" border=\"0\" \/><\/a><\/td>\n<td align=\"center\" valign=\"middle\" bgcolor=\"#FFFFFF\" width=\"53%\">Point de rappel direct ou par bandedifficult\u00e9 (*)<\/td>\n<td align=\"center\" valign=\"middle\" bgcolor=\"#FFFFFF\" width=\"25%\">Date de parution: 1er Mars 2002<\/td>\n<\/tr>\n<tr>\n<td bgcolor=\"#FFFFFF\" width=\"22%\">\n<p align=\"center\"><a href=\"http:\/\/billardcf.cluster010.ovh.net\/wp-content\/uploads\/2011\/10\/Point-de-rappel-n\u00b02.pdf\"><img loading=\"lazy\" decoding=\"async\" src=\"http:\/\/www.billard-club-sottevillais.com\/wp-content\/uploads\/2014\/11\/th_jano02.gif\" alt=\"\" width=\"150\" height=\"90\" border=\"0\" \/><\/a><\/p>\n<\/td>\n<td bgcolor=\"#FFFFFF\" width=\"53%\">\n<p align=\"center\">Point de rappel par bandes<\/p>\n<p align=\"center\">difficult\u00e9 (***)<\/p>\n<\/td>\n<td align=\"center\" valign=\"middle\" bgcolor=\"#FFFFFF\" width=\"25%\">\n<p align=\"center\">Date de parution: 1er F\u00e9vrier 2002<\/p>\n<\/td>\n<\/tr>\n<tr>\n<td bgcolor=\"#FFFFFF\" width=\"22%\">\n<p align=\"center\"><a href=\"http:\/\/billardcf.cluster010.ovh.net\/wp-content\/uploads\/2011\/10\/Point-de-d%C3%A9part.pdf\"><img loading=\"lazy\" decoding=\"async\" src=\"http:\/\/www.billard-club-sottevillais.com\/wp-content\/uploads\/2014\/11\/th_jano01.gif\" alt=\"\" width=\"150\" height=\"90\" border=\"0\" \/><\/a><\/p>\n<\/td>\n<td align=\"center\" valign=\"middle\" bgcolor=\"#FFFFFF\" width=\"53%\">Point de rappel direct ou par bandedifficult\u00e9 (*)<\/td>\n<td align=\"center\" valign=\"middle\" bgcolor=\"#FFFFFF\" width=\"25%\">\n<p align=\"center\">Date de parution: 1er F\u00e9vrier 2002<\/p>\n<\/td>\n<\/tr>\n<\/tbody>\n<\/table>\n<\/div>\n","protected":false},"excerpt":{"rendered":"<p>Les explications donn\u00e9es dans ces pages nous ont \u00e9t\u00e9 confi\u00e9es par Jean-No\u00ebl MARY, moniteur dipl\u00f4me d&rsquo;\u00e9tat, grand ami du BCS depuis des ann\u00e9es. Rejet Naturel en 1 ou 2 bandes Date de parution: 22 F\u00e9vrier 2003 Rejet Naturel en 1 ou 2 bandes Date de parution: 22 F\u00e9vrier 2003 Point de rappel 3 ou 4 &hellip; <\/p>\n<p class=\"link-more\"><a href=\"http:\/\/www.billard-club-sottevillais.com\/?page_id=219\" class=\"more-link\">Continuer la lecture<span class=\"screen-reader-text\"> de &laquo;&nbsp;La page de Jean Noel&nbsp;&raquo;<\/span><\/a><\/p>\n","protected":false},"author":1,"featured_media":0,"parent":39,"menu_order":0,"comment_status":"open","ping_status":"open","template":"page-full.php","meta":{"footnotes":""},"class_list":["post-219","page","type-page","status-publish","hentry"],"_links":{"self":[{"href":"http:\/\/www.billard-club-sottevillais.com\/index.php?rest_route=\/wp\/v2\/pages\/219","targetHints":{"allow":["GET"]}}],"collection":[{"href":"http:\/\/www.billard-club-sottevillais.com\/index.php?rest_route=\/wp\/v2\/pages"}],"about":[{"href":"http:\/\/www.billard-club-sottevillais.com\/index.php?rest_route=\/wp\/v2\/types\/page"}],"author":[{"embeddable":true,"href":"http:\/\/www.billard-club-sottevillais.com\/index.php?rest_route=\/wp\/v2\/users\/1"}],"replies":[{"embeddable":true,"href":"http:\/\/www.billard-club-sottevillais.com\/index.php?rest_route=%2Fwp%2Fv2%2Fcomments&post=219"}],"version-history":[{"count":12,"href":"http:\/\/www.billard-club-sottevillais.com\/index.php?rest_route=\/wp\/v2\/pages\/219\/revisions"}],"predecessor-version":[{"id":261,"href":"http:\/\/www.billard-club-sottevillais.com\/index.php?rest_route=\/wp\/v2\/pages\/219\/revisions\/261"}],"up":[{"embeddable":true,"href":"http:\/\/www.billard-club-sottevillais.com\/index.php?rest_route=\/wp\/v2\/pages\/39"}],"wp:attachment":[{"href":"http:\/\/www.billard-club-sottevillais.com\/index.php?rest_route=%2Fwp%2Fv2%2Fmedia&parent=219"}],"curies":[{"name":"wp","href":"https:\/\/api.w.org\/{rel}","templated":true}]}}